{"id":6231,"date":"2022-11-09T17:45:40","date_gmt":"2022-11-09T15:45:40","guid":{"rendered":"https:\/\/www.dioxvitae.es\/?post_type=product&#038;p=6231"},"modified":"2025-07-22T11:39:22","modified_gmt":"2025-07-22T09:39:22","slug":"dmso","status":"publish","type":"product","link":"https:\/\/dioxvitae.es\/it\/dmso\/","title":{"rendered":"DMSO Dimetilsolfossido"},"content":{"rendered":"<div data-elementor-type=\"wp-post\" data-elementor-id=\"6231\" class=\"elementor elementor-6231\" data-elementor-post-type=\"product\">\n\t\t\t\t\t\t<section class=\"elementor-section elementor-top-section elementor-element elementor-element-9c5eb14 elementor-section-boxed elementor-section-height-default elementor-section-height-default\" data-id=\"9c5eb14\" data-element_type=\"section\" data-e-type=\"section\">\n\t\t\t\t\t\t<div class=\"elementor-container elementor-column-gap-default\">\n\t\t\t\t\t<div class=\"elementor-column elementor-col-100 elementor-top-column elementor-element elementor-element-c03df3c\" data-id=\"c03df3c\" data-element_type=\"column\" data-e-type=\"column\">\n\t\t\t<div class=\"elementor-widget-wrap elementor-element-populated\">\n\t\t\t\t\t\t<div class=\"elementor-element elementor-element-0e1f1e0 elementor-widget elementor-widget-text-editor\" data-id=\"0e1f1e0\" data-element_type=\"widget\" data-e-type=\"widget\" data-widget_type=\"text-editor.default\">\n\t\t\t\t<div class=\"elementor-widget-container\">\n\t\t\t\t\t\t\t\t\t<h2>Che cos'\u00e8 il DMSO?<\/h2><p>Il <strong>dimetilsolfossido<\/strong>, pi\u00f9 comunemente conosciuto come <strong>DMSO<\/strong>, \u00e8 un liquido organico incolore derivato dalla pasta di legno.<\/p><p>Si tratta di un <strong>solvente universale<\/strong> che pu\u00f2 essere utilizzato con un'ampia gamma di sostanze e in molte situazioni diverse.<\/p><h2>Come si usa il DMSO?<\/h2><p>Il DMSO viene miscelato con altre sostanze chimiche, come ad es. <a href=\"https:\/\/dioxvitae.es\/it\/cd\/\"><strong>biossido di cloro<\/strong><\/a>, per aumentare l'efficienza della depurazione dell'acqua potabile dove la qualit\u00e0 dell'acqua \u00e8 molto bassa, poich\u00e9 <strong>facilita la penetrazione del biossido di cloro<\/strong>\u00a0nel biofilm di serbatoi e tubature, consentendogli di degradarsi e di ottenere risultati ottimali.<\/p><p>In combinazione con il kit del dissalatore, miscelare 2 unit\u00e0 di DMSO per ogni unit\u00e0 di clorito di sodio. In combinazione con il CDS, mescolare 1 unit\u00e0 di DMSO per ogni 5 unit\u00e0 di CDS.<\/p><p>Il <b>Il punto di congelamento del DMSO puro \u00e8 a +18\u00b0C.<\/b>. In tal caso, lasciare il contenitore a una temperatura superiore a +18\u00b0C e, se urgente, immergere il contenitore chiuso in acqua tiepida per 20 minuti per riportarlo allo stato liquido. Conservare quindi il prodotto al chiuso, dove la temperatura \u00e8 generalmente sempre superiore a +18\u00b0C. Il congelamento e lo scongelamento non alterano in alcun modo le propriet\u00e0 del prodotto.<\/p><p>Si raccomanda di conservare il prodotto nella sua confezione originale.<\/p><h2><span style=\"color: var( --e-global-color-primary ); font-size: 2rem; font-style: inherit; letter-spacing: 0px;\">Controindicazioni del DMSO<\/span><\/h2><p>Essendo un solvente forte e per il suo potere di penetrazione, \u00e8 necessario <strong>utilizzare il DMSO con cautela.<\/strong>\u00a0<\/p><p>Leggi il <strong>scheda di sicurezza<\/strong> del prodotto e dell'etichetta che si trova sulla confezione prima dell'uso.<\/p>\t\t\t\t\t\t\t\t<\/div>\n\t\t\t\t<\/div>\n\t\t\t\t<div class=\"elementor-element elementor-element-3806d3a elementor-align-left elementor-widget elementor-widget-button\" data-id=\"3806d3a\" data-element_type=\"widget\" data-e-type=\"widget\" data-widget_type=\"button.default\">\n\t\t\t\t<div class=\"elementor-widget-container\">\n\t\t\t\t\t\t\t\t\t<div class=\"elementor-button-wrapper\">\n\t\t\t\t\t<a class=\"elementor-button elementor-button-link elementor-size-sm\" href=\"https:\/\/dioxvitae.es\/wp-content\/uploads\/dmso-ficha-seguridad.pdf\" target=\"_blank\" rel=\"nofollow\">\n\t\t\t\t\t\t<span class=\"elementor-button-content-wrapper\">\n\t\t\t\t\t\t\t\t\t<span class=\"elementor-button-text\">Scheda di sicurezza DMSO<\/span>\n\t\t\t\t\t<\/span>\n\t\t\t\t\t<\/a>\n\t\t\t\t<\/div>\n\t\t\t\t\t\t\t\t<\/div>\n\t\t\t\t<\/div>\n\t\t\t\t\t<\/div>\n\t\t<\/div>\n\t\t\t\t\t<\/div>\n\t\t<\/section>\n\t\t\t\t<\/div>","protected":false},"excerpt":{"rendered":"<p><strong>99,9% PUREZZA\u00a0<\/strong><\/p>\n<p>Il <strong>dimetilsolfossido (DMSO)<\/strong> \u00e8 un solvente organico che, in combinazione con il biossido di cloro, \u00e8 ideale per <strong>la depurazione di acque fortemente inquinate<\/strong> dove \u00e8 richiesto il massimo effetto a causa di un eccesso di materia organica. La sua azione solvente lo rende in grado di eliminare la <strong>sporco difficile o pesante<\/strong>, che spesso \u00e8 un terreno di coltura per gli agenti patogeni.<\/p>\n<p>Punto di congelamento +18\u00baC. <strong>Se si riceve il prodotto congelato, immergerlo per mezz'ora in acqua tiepida.<\/strong>. Il congelamento e lo scongelamento non alterano le propriet\u00e0 del prodotto.<\/p>","protected":false},"featured_media":7750,"comment_status":"open","ping_status":"closed","template":"","meta":{"site-sidebar-layout":"default","site-content-layout":"default","ast-site-content-layout":"default","site-content-style":"default","site-sidebar-style":"default","ast-global-header-display":"","ast-banner-title-visibility":"","ast-main-header-display":"","ast-hfb-above-header-display":"","ast-hfb-below-header-display":"","ast-hfb-mobile-header-display":"","site-post-title":"","ast-breadcrumbs-content":"","ast-featured-img":"","footer-sml-layout":"","ast-disable-related-posts":"","theme-transparent-header-meta":"default","adv-header-id-meta":"","stick-header-meta":"default","header-above-stick-meta":"","header-main-stick-meta":"","header-below-stick-meta":"","astra-migrate-meta-layouts":"set","ast-page-background-enabled":"default","ast-page-background-meta":{"desktop":{"background-color":"","background-image":"","background-repeat":"repeat","background-position":"center center","background-size":"auto","background-attachment":"scroll","background-type":"","background-media":"","overlay-type":"","overlay-color":"","overlay-opacity":"","overlay-gradient":""},"tablet":{"background-color":"","background-image":"","background-repeat":"repeat","background-position":"center center","background-size":"auto","background-attachment":"scroll","background-type":"","background-media":"","overlay-type":"","overlay-color":"","overlay-opacity":"","overlay-gradient":""},"mobile":{"background-color":"","background-image":"","background-repeat":"repeat","background-position":"center center","background-size":"auto","background-attachment":"scroll","background-type":"","background-media":"","overlay-type":"","overlay-color":"","overlay-opacity":"","overlay-gradient":""}},"ast-content-background-meta":{"desktop":{"background-color":"var(--ast-global-color-5)","background-image":"","background-repeat":"repeat","background-position":"center center","background-size":"auto","background-attachment":"scroll","background-type":"","background-media":"","overlay-type":"","overlay-color":"","overlay-opacity":"","overlay-gradient":""},"tablet":{"background-color":"var(--ast-global-color-5)","background-image":"","background-repeat":"repeat","background-position":"center center","background-size":"auto","background-attachment":"scroll","background-type":"","background-media":"","overlay-type":"","overlay-color":"","overlay-opacity":"","overlay-gradient":""},"mobile":{"background-color":"var(--ast-global-color-5)","background-image":"","background-repeat":"repeat","background-position":"center center","background-size":"auto","background-attachment":"scroll","background-type":"","background-media":"","overlay-type":"","overlay-color":"","overlay-opacity":"","overlay-gradient":""}},"_glsr_average":0,"_glsr_ranking":0,"_glsr_reviews":0},"product_brand":[],"product_cat":[121],"product_tag":[],"class_list":{"0":"post-6231","1":"product","2":"type-product","3":"status-publish","4":"has-post-thumbnail","6":"product_cat-otros-productos","7":"desktop-align-center","8":"tablet-align-center","9":"mobile-align-center","10":"ast-product-gallery-layout-horizontal","11":"ast-product-gallery-with-no-image","12":"ast-product-single-variable","13":"ast-product-tabs-layout-horizontal","15":"first","16":"instock","17":"featured","18":"taxable","19":"shipping-taxable","20":"purchasable","21":"product-type-variable"},"_links":{"self":[{"href":"https:\/\/dioxvitae.es\/it\/wp-json\/wp\/v2\/product\/6231","targetHints":{"allow":["GET"]}}],"collection":[{"href":"https:\/\/dioxvitae.es\/it\/wp-json\/wp\/v2\/product"}],"about":[{"href":"https:\/\/dioxvitae.es\/it\/wp-json\/wp\/v2\/types\/product"}],"replies":[{"embeddable":true,"href":"https:\/\/dioxvitae.es\/it\/wp-json\/wp\/v2\/comments?post=6231"}],"version-history":[{"count":26,"href":"https:\/\/dioxvitae.es\/it\/wp-json\/wp\/v2\/product\/6231\/revisions"}],"predecessor-version":[{"id":15400,"href":"https:\/\/dioxvitae.es\/it\/wp-json\/wp\/v2\/product\/6231\/revisions\/15400"}],"wp:featuredmedia":[{"embeddable":true,"href":"https:\/\/dioxvitae.es\/it\/wp-json\/wp\/v2\/media\/7750"}],"wp:attachment":[{"href":"https:\/\/dioxvitae.es\/it\/wp-json\/wp\/v2\/media?parent=6231"}],"wp:term":[{"taxonomy":"product_brand","embeddable":true,"href":"https:\/\/dioxvitae.es\/it\/wp-json\/wp\/v2\/product_brand?post=6231"},{"taxonomy":"product_cat","embeddable":true,"href":"https:\/\/dioxvitae.es\/it\/wp-json\/wp\/v2\/product_cat?post=6231"},{"taxonomy":"product_tag","embeddable":true,"href":"https:\/\/dioxvitae.es\/it\/wp-json\/wp\/v2\/product_tag?post=6231"}],"curies":[{"name":"wp","href":"https:\/\/api.w.org\/{rel}","templated":true}]}}