{"id":20129,"date":"2026-03-18T11:52:07","date_gmt":"2026-03-18T09:52:07","guid":{"rendered":"https:\/\/dioxvitae.es\/?post_type=product&#038;p=20129"},"modified":"2026-03-18T11:52:30","modified_gmt":"2026-03-18T09:52:30","slug":"alga-iodata-300comp-natures-plus","status":"publish","type":"product","link":"https:\/\/dioxvitae.es\/it\/kelp-yodo-300comp-natures-plus\/","title":{"rendered":"Kelp Iodio 300comp NatureS Plus"},"content":{"rendered":"<div class=\"main-column\" role=\"tablist\">\n<div class=\"active\" role=\"tab\" data-role=\"collapsible\" data-collapsible=\"true\" aria-selected=\"false\" aria-expanded=\"true\">\n<div tabindex=\"0\" data-role=\"trigger\">\n<h2 class=\"attribute-title que-es\">\u00bfQu\u00e9 es Kelp Yodo?<\/h2>\n<\/div>\n<\/div>\n<div class=\"value que-es expanded\" role=\"tabpanel\" data-role=\"content\" aria-hidden=\"false\">\n<article class=\"text-token-text-primary w-full\" dir=\"auto\" data-testid=\"conversation-turn-214\" data-scroll-anchor=\"true\">\n<div class=\"text-base my-auto mx-auto py-5 [--thread-content-margin:--spacing(4)] @[37rem]:[--thread-content-margin:--spacing(6)] @[70rem]:[--thread-content-margin:--spacing(12)] px-(--thread-content-margin)\">\n<div class=\"[--thread-content-max-width:32rem] @[34rem]:[--thread-content-max-width:40rem] @[64rem]:[--thread-content-max-width:48rem] mx-auto flex max-w-(--thread-content-max-width) flex-1 text-base gap-4 md:gap-5 lg:gap-6 group\/turn-messages focus-visible:outline-hidden\" tabindex=\"-1\">\n<div class=\"group\/conversation-turn relative flex w-full min-w-0 flex-col agent-turn\">\n<div class=\"relative flex-col gap-1 md:gap-3\">\n<div class=\"flex max-w-full flex-col grow\">\n<div class=\"min-h-8 text-message relative flex w-full flex-col items-end gap-2 text-start break-words whitespace-normal [.text-message+&amp;]:mt-5\" dir=\"auto\" data-message-author-role=\"assistant\" data-message-id=\"f5f6b834-cc5a-4753-a3cd-2f8f11deb83d\" data-message-model-slug=\"gpt-4o-mini\">\n<div class=\"flex w-full flex-col gap-1 empty:hidden first:pt-[3px]\">\n<div class=\"markdown prose dark:prose-invert w-full break-words light\">\n<p class=\"\" data-start=\"0\" data-end=\"461\"><strong data-start=\"0\" data-end=\"38\">Kelp Yodo 300comp de Nature&#8217;s Plus<\/strong> es un complemento alimenticio basado en un concentrado de algas Kelp. Estas algas son una fuente natural de\u00a0<strong data-start=\"211\" data-end=\"219\">yodo<\/strong>, un mineral esencial para el buen funcionamiento de la gl\u00e1ndula tiroides y el metabolismo. El yodo es crucial para la producci\u00f3n de hormonas tiroideas, que influyen en la regulaci\u00f3n del crecimiento, el desarrollo y la energ\u00eda del organismo.<\/p>\n<p class=\"\" data-start=\"463\" data-end=\"967\">Este suplemento es ideal para aquellos que buscan mejorar su bienestar general, ya que el yodo contribuye a un metabolismo energ\u00e9tico normal, el funcionamiento adecuado del sistema nervioso y la salud cognitiva. Adem\u00e1s, las algas Kelp son un conjunto de algas pardas del g\u00e9nero Laminaria que aportan alginatos, polisac\u00e1ridos, clorofila y minerales. Cada comprimido proporciona el 100% de los valores de referencia de nutrientes de yodo adem\u00e1s de otros minerales traza presentes en las algas Kelp. Indicado como complemento en casos de estados carenciales de yodo o hipotiroidismo, es una excelente opci\u00f3n para aquellos interesados en fuentes naturales de nutrientes.<\/p>\n<p class=\"\" data-start=\"969\" data-end=\"1285\"><strong data-start=\"969\" data-end=\"982\">Kelp Yodo<\/strong>\u00a0de\u00a0<strong data-start=\"986\" data-end=\"1003\">Nature&#8217;s Plus<\/strong>\u00a0es un complemento altamente recomendable para quienes desean incorporar el yodo de manera natural en su dieta. Con su presentaci\u00f3n de 300 c\u00e1psulas, proporciona una fuente confiable y conveniente de este mineral esencial, promoviendo una salud \u00f3ptima de manera efectiva y accesible.<\/p>\n<\/div>\n<\/div>\n<\/div>\n<\/div>\n<\/div>\n<\/div>\n<\/div>\n<\/div>\n<\/article>\n<\/div>\n<div class=\"active\" role=\"tab\" data-role=\"collapsible\" data-collapsible=\"true\" aria-selected=\"false\" aria-expanded=\"true\">\n<div tabindex=\"0\" data-role=\"trigger\">\n<h2 class=\"attribute-title composicion\">\u00bfQu\u00e9 composici\u00f3n tiene?<\/h2>\n<\/div>\n<\/div>\n<div class=\"value composicion expanded\" role=\"tabpanel\" data-role=\"content\" aria-hidden=\"false\">\n<p>Algas kelp (laminaria spp.) de Islandia 150 mg Yodo (de algas kelp) 150 mcg 100%* *VRN: Valores de Referencia Nutricionales Ingrediente: Algas en polvo (Laminaria spp.), agente de carga (celulosa microcristalina), endurecedores (estearato de magnesio, \u00e1cido este\u00e1rico) antiaglomerante (fosfato dic\u00e1lcico), agente de carga (celulosa vegetal), alfalfa, antiaglomerante (di\u00f3xido de silicio), yodo (de extracto de algas Kelp).<\/p>\n<div class=\"active\" role=\"tab\" data-role=\"collapsible\" data-collapsible=\"true\" aria-selected=\"false\" aria-expanded=\"true\">\n<div tabindex=\"0\" data-role=\"trigger\">\n<h2 class=\"attribute-title composicion\">\u00bfC\u00f3mo se toma?<\/h2>\n<\/div>\n<\/div>\n<div class=\"value composicion expanded\" role=\"tabpanel\" data-role=\"content\" aria-hidden=\"false\">\n<p>Un comprimido al d\u00eda.<\/p>\n<div class=\"active\" role=\"tab\" data-role=\"collapsible\" data-collapsible=\"true\" aria-selected=\"false\" aria-expanded=\"true\">\n<div tabindex=\"0\" data-role=\"trigger\">\n<h2 class=\"attribute-title composicion\">Al\u00e9rgenos:<\/h2>\n<\/div>\n<\/div>\n<div class=\"value composicion expanded\" role=\"tabpanel\" data-role=\"content\" aria-hidden=\"false\">\n<p>Pescado y crust\u00e1ceos. Sin gluten.<\/p>\n<div class=\"active\" role=\"tab\" data-role=\"collapsible\" data-collapsible=\"true\" aria-selected=\"false\" aria-expanded=\"true\">\n<div tabindex=\"0\" data-role=\"trigger\">\n<h2 class=\"attribute-title composicion\">Consejos:<\/h2>\n<\/div>\n<\/div>\n<div class=\"value composicion expanded\" role=\"tabpanel\" data-role=\"content\" aria-hidden=\"false\">\n<p><span style=\"font-size: 16px;\">No recomendado en personas con problemas renales o enfermedades de la gl\u00e1ndula tiroides sin supervisi\u00f3n profesional<\/span>.<\/p>\n<div class=\"active\" role=\"tab\" data-role=\"collapsible\" data-collapsible=\"true\" aria-selected=\"false\" aria-expanded=\"true\">\n<div tabindex=\"0\" data-role=\"trigger\"><\/div>\n<\/div>\n<\/div>\n<\/div>\n<\/div>\n<\/div>\n<\/div>\n<div role=\"tabpanel\" data-role=\"content\" aria-hidden=\"false\">\n<p>&nbsp;<\/p>\n<\/div>\n","protected":false},"excerpt":{"rendered":"<p>Iodio naturale dalle alghe Kelp. Adatto ai vegetariani<\/p>","protected":false},"featured_media":20130,"comment_status":"closed","ping_status":"closed","template":"","meta":{"site-sidebar-layout":"default","site-content-layout":"","ast-site-content-layout":"default","site-content-style":"default","site-sidebar-style":"default","ast-global-header-display":"","ast-banner-title-visibility":"","ast-main-header-display":"","ast-hfb-above-header-display":"","ast-hfb-below-header-display":"","ast-hfb-mobile-header-display":"","site-post-title":"","ast-breadcrumbs-content":"","ast-featured-img":"","footer-sml-layout":"","ast-disable-related-posts":"","theme-transparent-header-meta":"default","adv-header-id-meta":"","stick-header-meta":"default","header-above-stick-meta":"","header-main-stick-meta":"","header-below-stick-meta":"","astra-migrate-meta-layouts":"set","ast-page-background-enabled":"default","ast-page-background-meta":{"desktop":{"background-color":"","background-image":"","background-repeat":"repeat","background-position":"center center","background-size":"auto","background-attachment":"scroll","background-type":"","background-media":"","overlay-type":"","overlay-color":"","overlay-opacity":"","overlay-gradient":""},"tablet":{"background-color":"","background-image":"","background-repeat":"repeat","background-position":"center center","background-size":"auto","background-attachment":"scroll","background-type":"","background-media":"","overlay-type":"","overlay-color":"","overlay-opacity":"","overlay-gradient":""},"mobile":{"background-color":"","background-image":"","background-repeat":"repeat","background-position":"center center","background-size":"auto","background-attachment":"scroll","background-type":"","background-media":"","overlay-type":"","overlay-color":"","overlay-opacity":"","overlay-gradient":""}},"ast-content-background-meta":{"desktop":{"background-color":"var(--ast-global-color-5)","background-image":"","background-repeat":"repeat","background-position":"center center","background-size":"auto","background-attachment":"scroll","background-type":"","background-media":"","overlay-type":"","overlay-color":"","overlay-opacity":"","overlay-gradient":""},"tablet":{"background-color":"var(--ast-global-color-5)","background-image":"","background-repeat":"repeat","background-position":"center center","background-size":"auto","background-attachment":"scroll","background-type":"","background-media":"","overlay-type":"","overlay-color":"","overlay-opacity":"","overlay-gradient":""},"mobile":{"background-color":"var(--ast-global-color-5)","background-image":"","background-repeat":"repeat","background-position":"center center","background-size":"auto","background-attachment":"scroll","background-type":"","background-media":"","overlay-type":"","overlay-color":"","overlay-opacity":"","overlay-gradient":""}},"_glsr_average":0,"_glsr_ranking":0,"_glsr_reviews":0},"product_brand":[],"product_cat":[331,332,349,356,351],"product_tag":[],"class_list":{"0":"post-20129","1":"product","2":"type-product","3":"status-publish","4":"has-post-thumbnail","6":"product_cat-herboristeria","7":"product_cat-detox","8":"product_cat-salud-hormonal","9":"product_cat-sistema-metabolico","10":"product_cat-vitaminas-y-minerales","11":"desktop-align-center","12":"tablet-align-center","13":"mobile-align-center","14":"ast-product-gallery-layout-horizontal","15":"ast-product-gallery-with-no-image","16":"ast-product-tabs-layout-horizontal","18":"first","19":"instock","20":"taxable","21":"shipping-taxable","22":"purchasable","23":"product-type-simple"},"_links":{"self":[{"href":"https:\/\/dioxvitae.es\/it\/wp-json\/wp\/v2\/product\/20129","targetHints":{"allow":["GET"]}}],"collection":[{"href":"https:\/\/dioxvitae.es\/it\/wp-json\/wp\/v2\/product"}],"about":[{"href":"https:\/\/dioxvitae.es\/it\/wp-json\/wp\/v2\/types\/product"}],"replies":[{"embeddable":true,"href":"https:\/\/dioxvitae.es\/it\/wp-json\/wp\/v2\/comments?post=20129"}],"version-history":[{"count":7,"href":"https:\/\/dioxvitae.es\/it\/wp-json\/wp\/v2\/product\/20129\/revisions"}],"predecessor-version":[{"id":20144,"href":"https:\/\/dioxvitae.es\/it\/wp-json\/wp\/v2\/product\/20129\/revisions\/20144"}],"wp:featuredmedia":[{"embeddable":true,"href":"https:\/\/dioxvitae.es\/it\/wp-json\/wp\/v2\/media\/20130"}],"wp:attachment":[{"href":"https:\/\/dioxvitae.es\/it\/wp-json\/wp\/v2\/media?parent=20129"}],"wp:term":[{"taxonomy":"product_brand","embeddable":true,"href":"https:\/\/dioxvitae.es\/it\/wp-json\/wp\/v2\/product_brand?post=20129"},{"taxonomy":"product_cat","embeddable":true,"href":"https:\/\/dioxvitae.es\/it\/wp-json\/wp\/v2\/product_cat?post=20129"},{"taxonomy":"product_tag","embeddable":true,"href":"https:\/\/dioxvitae.es\/it\/wp-json\/wp\/v2\/product_tag?post=20129"}],"curies":[{"name":"wp","href":"https:\/\/api.w.org\/{rel}","templated":true}]}}