{"id":20025,"date":"2026-03-11T12:17:56","date_gmt":"2026-03-11T10:17:56","guid":{"rendered":"https:\/\/dioxvitae.es\/?post_type=product&#038;p=20025"},"modified":"2026-03-18T12:32:29","modified_gmt":"2026-03-18T10:32:29","slug":"olio-essenziale-di-trementina-biologico-12ml-dioxvitae","status":"publish","type":"product","link":"https:\/\/dioxvitae.es\/it\/aceite-esencial-de-trementina-bio-12ml-dioxvitae\/","title":{"rendered":"Olio essenziale di trementina (pino) Bio 12ml"},"content":{"rendered":"<p data-path-to-node=\"5\">Questo olio essenziale 100%, puro e biologico, \u00e8 ottenuto dalla distillazione a vapore della resina di pino. Il suo aroma \u00e8 una perfetta combinazione di freschezza balsamica e note leggermente legnose, ideale per creare un'atmosfera di benessere ed energia.<\/p>\n<hr data-path-to-node=\"7\" \/>\n<h3 data-path-to-node=\"8\">Perch\u00e9 scegliere l'olio di trementina Giura Cosm\u00e8tics?<\/h3>\n<p data-path-to-node=\"9\">Non \u00e8 solo un profumo, ma un alleato per la salute e la casa. Si distingue per le sue potenti propriet\u00e0:<\/p>\n<ul data-path-to-node=\"10\">\n<li>\n<p data-path-to-node=\"10,0,0\"><b data-path-to-node=\"10,0,0\" data-index-in-node=\"0\">Sistema respiratorio:<\/b> Agisce come espettorante naturale, ideale per alleviare tosse e raffreddore.<\/p>\n<\/li>\n<li>\n<p data-path-to-node=\"10,1,0\"><b data-path-to-node=\"10,1,0\" data-index-in-node=\"0\">Energia e circolazione:<\/b> Stimola la circolazione sanguigna e rafforza il sistema immunitario.<\/p>\n<\/li>\n<li>\n<p data-path-to-node=\"10,2,0\"><b data-path-to-node=\"10,2,0\" data-index-in-node=\"0\">Sollievo per il corpo:<\/b> Ha propriet\u00e0 analgesiche che aiutano a rilassare i muscoli e le articolazioni.<\/p>\n<\/li>\n<li>\n<p data-path-to-node=\"10,3,0\"><b data-path-to-node=\"10,3,0\" data-index-in-node=\"0\">Casa sana:<\/b> Il suo potere antisettico e disinfettante contribuisce a mantenere un ambiente privo di batteri.<\/p>\n<\/li>\n<\/ul>\n<hr data-path-to-node=\"11\" \/>\n<h3 data-path-to-node=\"12\">Specifiche tecniche e composizione<\/h3>\n<ul data-path-to-node=\"13\">\n<li>\n<p data-path-to-node=\"13,0,0\"><b data-path-to-node=\"13,0,0\" data-index-in-node=\"0\">Ingredienti:<\/b> Trementina (*).<\/p>\n<ul data-path-to-node=\"13,0,1\">\n<li>\n<p data-path-to-node=\"13,0,1,0,0\">(*) Da agricoltura biologica.<\/p>\n<\/li>\n<li>\n<p data-path-to-node=\"13,0,1,1,0\">(**) Costituenti naturali presenti negli oli essenziali.<\/p>\n<\/li>\n<\/ul>\n<\/li>\n<li>\n<p data-path-to-node=\"13,1,0\"><b data-path-to-node=\"13,1,0\" data-index-in-node=\"0\">Certificazioni:<\/b> Garanzia di qualit\u00e0 con i sigilli <b data-path-to-node=\"13,1,0\" data-index-in-node=\"52\">Bio.inspecta<\/b>, <b data-path-to-node=\"13,1,0\" data-index-in-node=\"66\">BioVidaSana<\/b> y <b data-path-to-node=\"13,1,0\" data-index-in-node=\"80\">CCPAE<\/b>.<\/p>\n<\/li>\n<li>\n<p data-path-to-node=\"13,2,0\"><b data-path-to-node=\"13,2,0\" data-index-in-node=\"0\">Formato:<\/b> Flacone in vetro da 12 ml.<\/p>\n<\/li>\n<\/ul>\n<hr data-path-to-node=\"14\" \/>\n<h3 data-path-to-node=\"15\">Come si usa (Versatilit\u00e0 4 in 1)<\/h3>\n<ol start=\"1\" data-path-to-node=\"16\">\n<li>\n<p data-path-to-node=\"16,0,0\"><b data-path-to-node=\"16,0,0\" data-index-in-node=\"0\">Aromaterapia:<\/b> Aggiungi <b data-path-to-node=\"16,0,0\" data-index-in-node=\"20\">4-6 gocce<\/b> nel vostro diffusore per purificare l'aria e sollevare il vostro spirito.<\/p>\n<\/li>\n<li>\n<p data-path-to-node=\"16,1,0\"><b data-path-to-node=\"16,1,0\" data-index-in-node=\"0\">Massaggi:<\/b> Miscela <b data-path-to-node=\"16,1,0\" data-index-in-node=\"16\">5-10 gocce<\/b> in 30 ml di olio vettore (mandorla, cocco, ecc.) per trattare i dolori muscolari.<\/p>\n<\/li>\n<li>\n<p data-path-to-node=\"16,2,0\"><b data-path-to-node=\"16,2,0\" data-index-in-node=\"0\">Cosmetici fai da te:<\/b> Arricchite le vostre creme, lozioni o shampoo con qualche goccia per un effetto rivitalizzante.<\/p>\n<\/li>\n<li>\n<p data-path-to-node=\"16,3,0\"><b data-path-to-node=\"16,3,0\" data-index-in-node=\"0\">Pulizia ecologica:<\/b> Combinate con acqua o aceto per disinfettare le superfici in modo naturale.<\/p>\n<\/li>\n<\/ol>\n<hr data-path-to-node=\"17\" \/>\n<h3 data-path-to-node=\"18\">Precauzioni per l'uso<\/h3>\n<p data-path-to-node=\"19\">Per godere dei benefici in modo sicuro:<\/p>\n<ul data-path-to-node=\"20\">\n<li>\n<p data-path-to-node=\"20,0,0\"><b data-path-to-node=\"20,0,0\" data-index-in-node=\"0\">Solo per uso esterno.<\/b> Non ingerire.<\/p>\n<\/li>\n<li>\n<p data-path-to-node=\"20,1,0\"><b data-path-to-node=\"20,1,0\" data-index-in-node=\"0\">Diluizione obbligatoria:<\/b> Non applicare direttamente sulla pelle senza un olio vettore.<\/p>\n<\/li>\n<li>\n<p data-path-to-node=\"20,2,0\"><b data-path-to-node=\"20,2,0\" data-index-in-node=\"0\">Gruppi sensibili:<\/b> Non \u00e8 raccomandato per i bambini di et\u00e0 inferiore ai 3 anni, n\u00e9 durante la gravidanza e l'allattamento.<\/p>\n<\/li>\n<li>\n<p data-path-to-node=\"20,3,0\">Evitare il contatto con gli occhi e le mucose. Si consiglia di eseguire un test di sensibilit\u00e0 su una piccola area della pelle prima di un uso diffuso.<\/p>\n<\/li>\n<\/ul>","protected":false},"excerpt":{"rendered":"<p><b data-path-to-node=\"4\" data-index-in-node=\"0\">Rivitalizzate i vostri sensi e purificate la vostra casa con il potere della foresta.<\/b><\/p>","protected":false},"featured_media":20026,"comment_status":"closed","ping_status":"closed","template":"","meta":{"site-sidebar-layout":"default","site-content-layout":"","ast-site-content-layout":"default","site-content-style":"default","site-sidebar-style":"default","ast-global-header-display":"","ast-banner-title-visibility":"","ast-main-header-display":"","ast-hfb-above-header-display":"","ast-hfb-below-header-display":"","ast-hfb-mobile-header-display":"","site-post-title":"","ast-breadcrumbs-content":"","ast-featured-img":"","footer-sml-layout":"","ast-disable-related-posts":"","theme-transparent-header-meta":"default","adv-header-id-meta":"","stick-header-meta":"default","header-above-stick-meta":"","header-main-stick-meta":"","header-below-stick-meta":"","astra-migrate-meta-layouts":"set","ast-page-background-enabled":"default","ast-page-background-meta":{"desktop":{"background-color":"","background-image":"","background-repeat":"repeat","background-position":"center center","background-size":"auto","background-attachment":"scroll","background-type":"","background-media":"","overlay-type":"","overlay-color":"","overlay-opacity":"","overlay-gradient":""},"tablet":{"background-color":"","background-image":"","background-repeat":"repeat","background-position":"center center","background-size":"auto","background-attachment":"scroll","background-type":"","background-media":"","overlay-type":"","overlay-color":"","overlay-opacity":"","overlay-gradient":""},"mobile":{"background-color":"","background-image":"","background-repeat":"repeat","background-position":"center center","background-size":"auto","background-attachment":"scroll","background-type":"","background-media":"","overlay-type":"","overlay-color":"","overlay-opacity":"","overlay-gradient":""}},"ast-content-background-meta":{"desktop":{"background-color":"var(--ast-global-color-5)","background-image":"","background-repeat":"repeat","background-position":"center center","background-size":"auto","background-attachment":"scroll","background-type":"","background-media":"","overlay-type":"","overlay-color":"","overlay-opacity":"","overlay-gradient":""},"tablet":{"background-color":"var(--ast-global-color-5)","background-image":"","background-repeat":"repeat","background-position":"center center","background-size":"auto","background-attachment":"scroll","background-type":"","background-media":"","overlay-type":"","overlay-color":"","overlay-opacity":"","overlay-gradient":""},"mobile":{"background-color":"var(--ast-global-color-5)","background-image":"","background-repeat":"repeat","background-position":"center center","background-size":"auto","background-attachment":"scroll","background-type":"","background-media":"","overlay-type":"","overlay-color":"","overlay-opacity":"","overlay-gradient":""}},"_glsr_average":0,"_glsr_ranking":0,"_glsr_reviews":0},"product_brand":[],"product_cat":[331,343,363,334,121,375,340,338],"product_tag":[],"class_list":{"0":"post-20025","1":"product","2":"type-product","3":"status-publish","4":"has-post-thumbnail","6":"product_cat-herboristeria","7":"product_cat-huesos-y-articulaciones","8":"product_cat-bienestar-general","9":"product_cat-cuidado-personal","10":"product_cat-otros-productos","11":"product_cat-salud-capilar-y-cutanea-herboristeria","12":"product_cat-sistema-circulatorio","13":"product_cat-sistema-respiratorio","14":"desktop-align-center","15":"tablet-align-center","16":"mobile-align-center","17":"ast-product-gallery-layout-horizontal","18":"ast-product-gallery-with-no-image","19":"ast-product-tabs-layout-horizontal","21":"first","22":"instock","23":"taxable","24":"shipping-taxable","25":"purchasable","26":"product-type-simple"},"_links":{"self":[{"href":"https:\/\/dioxvitae.es\/it\/wp-json\/wp\/v2\/product\/20025","targetHints":{"allow":["GET"]}}],"collection":[{"href":"https:\/\/dioxvitae.es\/it\/wp-json\/wp\/v2\/product"}],"about":[{"href":"https:\/\/dioxvitae.es\/it\/wp-json\/wp\/v2\/types\/product"}],"replies":[{"embeddable":true,"href":"https:\/\/dioxvitae.es\/it\/wp-json\/wp\/v2\/comments?post=20025"}],"version-history":[{"count":5,"href":"https:\/\/dioxvitae.es\/it\/wp-json\/wp\/v2\/product\/20025\/revisions"}],"predecessor-version":[{"id":20031,"href":"https:\/\/dioxvitae.es\/it\/wp-json\/wp\/v2\/product\/20025\/revisions\/20031"}],"wp:featuredmedia":[{"embeddable":true,"href":"https:\/\/dioxvitae.es\/it\/wp-json\/wp\/v2\/media\/20026"}],"wp:attachment":[{"href":"https:\/\/dioxvitae.es\/it\/wp-json\/wp\/v2\/media?parent=20025"}],"wp:term":[{"taxonomy":"product_brand","embeddable":true,"href":"https:\/\/dioxvitae.es\/it\/wp-json\/wp\/v2\/product_brand?post=20025"},{"taxonomy":"product_cat","embeddable":true,"href":"https:\/\/dioxvitae.es\/it\/wp-json\/wp\/v2\/product_cat?post=20025"},{"taxonomy":"product_tag","embeddable":true,"href":"https:\/\/dioxvitae.es\/it\/wp-json\/wp\/v2\/product_tag?post=20025"}],"curies":[{"name":"wp","href":"https:\/\/api.w.org\/{rel}","templated":true}]}}