{"id":19854,"date":"2026-02-27T19:06:21","date_gmt":"2026-02-27T17:06:21","guid":{"rendered":"https:\/\/dioxvitae.es\/?post_type=product&#038;p=19854"},"modified":"2026-03-18T12:00:27","modified_gmt":"2026-03-18T10:00:27","slug":"spirulina-180comp-marcus-rohrer","status":"publish","type":"product","link":"https:\/\/dioxvitae.es\/it\/espirulina-180comp-marcus-rohrer\/","title":{"rendered":"Spirulina 180comp Marcus Rohrer"},"content":{"rendered":"<div class=\"main-column\" role=\"tablist\">\n<div class=\"active\" role=\"tab\" data-role=\"collapsible\" data-collapsible=\"true\" aria-selected=\"false\" aria-expanded=\"true\">\n<div tabindex=\"0\" data-role=\"trigger\">\n<h2 class=\"attribute-title que-es\">Che cos'\u00e8 la Spirulina?<\/h2>\n<\/div>\n<\/div>\n<div class=\"value que-es expanded\" role=\"tabpanel\" data-role=\"content\" aria-hidden=\"false\">\n<p><strong>Spirulina<\/strong>\u00a0da\u00a0<strong>Marcus Rohrer<\/strong> \u00e8\u00a0<strong>alta qualit\u00e0<\/strong>, Il rapporto si basa su\u00a0<strong>spirulina 100% naturale<\/strong>, una microalga con un'impressionante densit\u00e0 nutrizionale. \u00c8 nota per le sue <strong>propriet\u00e0 energetiche<\/strong>, perch\u00e9 \u00e8 ricco di\u00a0<strong>vitamine<\/strong>,\u00a0<strong>minerali<\/strong>\u00a0y\u00a0<strong>oligoelementi<\/strong>\u00a0essenziale. \u00c8 un'ottima fonte di\u00a0<strong>vitamine A, K, B12<\/strong>,\u00a0<strong>ferro<\/strong>,\u00a0<strong>manganese<\/strong>\u00a0y\u00a0<strong>cromo<\/strong>, Questo lo rende un integratore ideale per coloro che desiderano potenziare la loro\u00a0<strong>energia<\/strong>\u00a0e migliorare il loro\u00a0<strong>immunit\u00e0<\/strong>\u00a0in modo naturale.<\/p>\n<p>Inoltre, la spirulina \u00e8 particolarmente nota per il suo elevato contenuto di\u00a0<strong>clorofilla<\/strong>\u00a0y\u00a0<strong>enzimi<\/strong>, che gli conferisce propriet\u00e0 antiossidanti e disintossicanti che aiutano a mantenere una buona salute cellulare e metabolica. Ideale per le persone che seguono diete vegetariane o vegane, il\u00a0<strong>spirulina<\/strong>\u00a0\u00e8 anche un'importante fonte di\u00a0<strong>proteine vegetali<\/strong>\u00a0e un eccellente complemento per rafforzare la\u00a0<strong>salute generale<\/strong>.<\/p>\n<p>&nbsp;<\/p>\n<\/div>\n<div class=\"active\" role=\"tab\" data-role=\"collapsible\" data-collapsible=\"true\" aria-selected=\"false\" aria-expanded=\"true\">\n<div tabindex=\"0\" data-role=\"trigger\">\n<h2 class=\"attribute-title composicion\">Qual \u00e8 la sua composizione?<\/h2>\n<\/div>\n<\/div>\n<div class=\"value composicion expanded\" role=\"tabpanel\" data-role=\"content\" aria-hidden=\"false\">Per 6 compresse: Acido glutammico (143 mg), C-ficocianina (142 mg), Acido aspartico (100 mg), Spirulina in polvere (98.5 %), Acidi grassi totali (95 mg), Leucina (89 mg), Alanina (75 mg), Arginina (67 mg), Valina (59 mg), Isoleucina (55 mg), Glicina (53 mg), Serina (52 mg), Lisina (50 mg), Fenilalanina (48 mg), Treonina (47 mg), Acido palmitico (43 mg), Tirosina (42 mg), Prolina (40 mg), Metionina (24 mg), Acido linolenico (20 mg), Acido gamma-linolenico (18 mg), Istidina (17 mg), Triptofano (17 mg), Clorofilla (15 mg), Cistina (9 mg), Carotenoidi totali (8 mg), Acido palmitoleico (5 mg), Acido oleico (4 mg), Zeaxantina (4 mg), Beta-carotene (3 mg), Acido stearico (1 mg), Stearato di magnesio (0.1 %), Spirulina \/ Spirulina.<\/div>\n<\/div>\n<div class=\"second-column\" role=\"tablist\">\n<div class=\"active\" role=\"tab\" data-role=\"collapsible\" data-collapsible=\"true\" aria-selected=\"false\" aria-expanded=\"true\">\n<div tabindex=\"0\" data-role=\"trigger\">\n<h2><\/h2>\n<h2 class=\"attribute-title uso\">Come si prende?<\/h2>\n<\/div>\n<\/div>\n<div class=\"value uso\" role=\"tabpanel\" data-role=\"content\" aria-hidden=\"false\">Consigliato per gli adulti: 6 - 10 compresse al giorno. Bambini: 1 - 3 compresse al giorno<\/div>\n<\/div>","protected":false},"excerpt":{"rendered":"<p>L'alga che aumenta i livelli di energia e rafforza il sistema immunitario per una salute ottimale.<\/p>","protected":false},"featured_media":19855,"comment_status":"closed","ping_status":"closed","template":"","meta":{"site-sidebar-layout":"default","site-content-layout":"","ast-site-content-layout":"default","site-content-style":"default","site-sidebar-style":"default","ast-global-header-display":"","ast-banner-title-visibility":"","ast-main-header-display":"","ast-hfb-above-header-display":"","ast-hfb-below-header-display":"","ast-hfb-mobile-header-display":"","site-post-title":"","ast-breadcrumbs-content":"","ast-featured-img":"","footer-sml-layout":"","ast-disable-related-posts":"","theme-transparent-header-meta":"default","adv-header-id-meta":"","stick-header-meta":"default","header-above-stick-meta":"","header-main-stick-meta":"","header-below-stick-meta":"","astra-migrate-meta-layouts":"set","ast-page-background-enabled":"default","ast-page-background-meta":{"desktop":{"background-color":"","background-image":"","background-repeat":"repeat","background-position":"center center","background-size":"auto","background-attachment":"scroll","background-type":"","background-media":"","overlay-type":"","overlay-color":"","overlay-opacity":"","overlay-gradient":""},"tablet":{"background-color":"","background-image":"","background-repeat":"repeat","background-position":"center center","background-size":"auto","background-attachment":"scroll","background-type":"","background-media":"","overlay-type":"","overlay-color":"","overlay-opacity":"","overlay-gradient":""},"mobile":{"background-color":"","background-image":"","background-repeat":"repeat","background-position":"center center","background-size":"auto","background-attachment":"scroll","background-type":"","background-media":"","overlay-type":"","overlay-color":"","overlay-opacity":"","overlay-gradient":""}},"ast-content-background-meta":{"desktop":{"background-color":"var(--ast-global-color-5)","background-image":"","background-repeat":"repeat","background-position":"center center","background-size":"auto","background-attachment":"scroll","background-type":"","background-media":"","overlay-type":"","overlay-color":"","overlay-opacity":"","overlay-gradient":""},"tablet":{"background-color":"var(--ast-global-color-5)","background-image":"","background-repeat":"repeat","background-position":"center center","background-size":"auto","background-attachment":"scroll","background-type":"","background-media":"","overlay-type":"","overlay-color":"","overlay-opacity":"","overlay-gradient":""},"mobile":{"background-color":"var(--ast-global-color-5)","background-image":"","background-repeat":"repeat","background-position":"center center","background-size":"auto","background-attachment":"scroll","background-type":"","background-media":"","overlay-type":"","overlay-color":"","overlay-opacity":"","overlay-gradient":""}},"_glsr_average":0,"_glsr_ranking":0,"_glsr_reviews":0},"product_brand":[],"product_cat":[331,363,336,337],"product_tag":[],"class_list":{"0":"post-19854","1":"product","2":"type-product","3":"status-publish","4":"has-post-thumbnail","6":"product_cat-herboristeria","7":"product_cat-bienestar-general","8":"product_cat-sistema-digestivo","9":"product_cat-sistema-inmune","10":"desktop-align-center","11":"tablet-align-center","12":"mobile-align-center","13":"ast-product-gallery-layout-horizontal","14":"ast-product-gallery-with-no-image","15":"ast-product-tabs-layout-horizontal","17":"first","18":"instock","19":"taxable","20":"shipping-taxable","21":"purchasable","22":"product-type-simple"},"_links":{"self":[{"href":"https:\/\/dioxvitae.es\/it\/wp-json\/wp\/v2\/product\/19854","targetHints":{"allow":["GET"]}}],"collection":[{"href":"https:\/\/dioxvitae.es\/it\/wp-json\/wp\/v2\/product"}],"about":[{"href":"https:\/\/dioxvitae.es\/it\/wp-json\/wp\/v2\/types\/product"}],"replies":[{"embeddable":true,"href":"https:\/\/dioxvitae.es\/it\/wp-json\/wp\/v2\/comments?post=19854"}],"version-history":[{"count":3,"href":"https:\/\/dioxvitae.es\/it\/wp-json\/wp\/v2\/product\/19854\/revisions"}],"predecessor-version":[{"id":19858,"href":"https:\/\/dioxvitae.es\/it\/wp-json\/wp\/v2\/product\/19854\/revisions\/19858"}],"wp:featuredmedia":[{"embeddable":true,"href":"https:\/\/dioxvitae.es\/it\/wp-json\/wp\/v2\/media\/19855"}],"wp:attachment":[{"href":"https:\/\/dioxvitae.es\/it\/wp-json\/wp\/v2\/media?parent=19854"}],"wp:term":[{"taxonomy":"product_brand","embeddable":true,"href":"https:\/\/dioxvitae.es\/it\/wp-json\/wp\/v2\/product_brand?post=19854"},{"taxonomy":"product_cat","embeddable":true,"href":"https:\/\/dioxvitae.es\/it\/wp-json\/wp\/v2\/product_cat?post=19854"},{"taxonomy":"product_tag","embeddable":true,"href":"https:\/\/dioxvitae.es\/it\/wp-json\/wp\/v2\/product_tag?post=19854"}],"curies":[{"name":"wp","href":"https:\/\/api.w.org\/{rel}","templated":true}]}}