{"id":19816,"date":"2026-02-27T12:45:23","date_gmt":"2026-02-27T10:45:23","guid":{"rendered":"https:\/\/dioxvitae.es\/?post_type=product&#038;p=19816"},"modified":"2026-02-27T12:45:23","modified_gmt":"2026-02-27T10:45:23","slug":"papaya-enzima-masticabile-180comp","status":"publish","type":"product","link":"https:\/\/dioxvitae.es\/it\/papaya-enzime-masticables-180comp\/","title":{"rendered":"Papaya Enzime Masticabili 180comp"},"content":{"rendered":"<div class=\"main-column\" role=\"tablist\">\n<div class=\"active\" role=\"tab\" data-role=\"collapsible\" data-collapsible=\"true\" aria-selected=\"false\" aria-expanded=\"true\">\n<div tabindex=\"0\" data-role=\"trigger\">\n<h2 class=\"attribute-title que-es\">\u00bfQu\u00e9 es la Papaya Enzime Masticables 180comp de NatureS Plus?<\/h2>\n<\/div>\n<\/div>\n<div class=\"value que-es expanded\" role=\"tabpanel\" data-role=\"content\" aria-hidden=\"false\">\n<div class=\"flex max-w-full flex-col flex-grow\">\n<div class=\"min-h-8 text-message flex w-full flex-col items-end gap-2 whitespace-normal break-words [.text-message+&amp;]:mt-5\" dir=\"auto\" data-message-author-role=\"assistant\" data-message-id=\"3397e3f0-7ccd-4c4e-9d4b-2c1f87a2c8b7\">\n<div class=\"flex w-full flex-col gap-1 empty:hidden first:pt-[3px]\">\n<div class=\"markdown prose w-full break-words dark:prose-invert light\">\n<p data-start=\"82\" data-end=\"627\">Es un suplemento digestivo altamente eficaz, formulado con <strong data-start=\"188\" data-end=\"199\">papa\u00edna<\/strong>, una enzima natural proveniente del fruto maduro y las hojas de la papaya. Esta enzima se caracteriza por su capacidad para descomponer prote\u00ednas de manera eficiente, lo que facilita su absorci\u00f3n en el organismo. Ideal para quienes buscan\u00a0<strong data-start=\"443\" data-end=\"467\" data-is-only-node=\"\">mejorar la digesti\u00f3n<\/strong>, especialmente despu\u00e9s de comidas copiosas o ricas en prote\u00ednas, este producto promueve una\u00a0<strong data-start=\"560\" data-end=\"583\">digesti\u00f3n m\u00e1s suave<\/strong>\u00a0y alivia la sensaci\u00f3n de pesadez estomacal.<\/p>\n<p data-start=\"629\" data-end=\"1024\">Adem\u00e1s de sus notables propiedades digestivas, los\u00a0<strong data-start=\"680\" data-end=\"707\">comprimidos masticables<\/strong>\u00a0de Papaya Enzime est\u00e1n dise\u00f1ados para ofrecer una opci\u00f3n conveniente y f\u00e1cil de consumir, con un sabor agradable que mejora la experiencia del usuario. Gracias a su formato masticable, son perfectos para tomar en cualquier momento del d\u00eda, proporcionando\u00a0<strong data-start=\"971\" data-end=\"998\">apoyo digestivo natural<\/strong>\u00a0de forma r\u00e1pida y eficaz.<\/p>\n<p data-start=\"1026\" data-end=\"1462\" data-is-last-node=\"\" data-is-only-node=\"\">Este producto es una excelente alternativa para aquellos que buscan mantener su <strong>bienestar digestivo\u00a0<\/strong>sin complicaciones, brindando una soluci\u00f3n sencilla para optimizar la digesti\u00f3n y mejorar la comodidad estomacal.<\/p>\n<p data-start=\"1026\" data-end=\"1462\" data-is-last-node=\"\" data-is-only-node=\"\">\n<\/div>\n<\/div>\n<\/div>\n<\/div>\n<\/div>\n<div class=\"active\" role=\"tab\" data-role=\"collapsible\" data-collapsible=\"true\" aria-selected=\"false\" aria-expanded=\"true\">\n<div tabindex=\"0\" data-role=\"trigger\">\n<h2 class=\"attribute-title composicion\">\u00bfQu\u00e9 composici\u00f3n tiene?<\/h2>\n<\/div>\n<\/div>\n<div class=\"value composicion expanded\" role=\"tabpanel\" data-role=\"content\" aria-hidden=\"false\">\n<p>Papa\u00edna (del fruto y hojas de la papaya) 60mg Amilasa (del fruto y hojas de la papaya) 1mg Prolasa (del fruto y hojas de la papaya) 100 \u00b5g<\/p>\n<p>fructosa, edulcorante (xilitol), emulsionantes (\u00e1cido este\u00e1rico, estearato de magnesio), aroma natural (mel\u00f3n en polvo), agente de carga (celulosa microcristalina), papa\u00edna (extracto de Carica papaya), amilasa (extracto de<br \/>\nCarica papaya), prolasa (extracto de Carica papaya).<\/p>\n<\/div>\n<\/div>\n<div class=\"second-column\" role=\"tablist\">\n<div class=\"active\" role=\"tab\" data-role=\"collapsible\" data-collapsible=\"true\" aria-selected=\"false\" aria-expanded=\"true\">\n<div tabindex=\"0\" data-role=\"trigger\">\n<h2 class=\"attribute-title uso\">\u00bfC\u00f3mo tomarlo?<\/h2>\n<\/div>\n<\/div>\n<div class=\"value uso\" role=\"tabpanel\" data-role=\"content\" aria-hidden=\"false\">\n<p>Tomar 1 comprimido al d\u00eda antes o durante la comida.<\/p>\n<\/div>\n<\/div>\n","protected":false},"excerpt":{"rendered":"<p>Aiuto enzimatico a base di papaina in forma di comode compresse masticabili. Adatto ai vegetariani e senza glutine.<\/p>","protected":false},"featured_media":19817,"comment_status":"closed","ping_status":"closed","template":"","meta":{"site-sidebar-layout":"default","site-content-layout":"","ast-site-content-layout":"default","site-content-style":"default","site-sidebar-style":"default","ast-global-header-display":"","ast-banner-title-visibility":"","ast-main-header-display":"","ast-hfb-above-header-display":"","ast-hfb-below-header-display":"","ast-hfb-mobile-header-display":"","site-post-title":"","ast-breadcrumbs-content":"","ast-featured-img":"","footer-sml-layout":"","ast-disable-related-posts":"","theme-transparent-header-meta":"default","adv-header-id-meta":"","stick-header-meta":"default","header-above-stick-meta":"","header-main-stick-meta":"","header-below-stick-meta":"","astra-migrate-meta-layouts":"set","ast-page-background-enabled":"default","ast-page-background-meta":{"desktop":{"background-color":"","background-image":"","background-repeat":"repeat","background-position":"center center","background-size":"auto","background-attachment":"scroll","background-type":"","background-media":"","overlay-type":"","overlay-color":"","overlay-opacity":"","overlay-gradient":""},"tablet":{"background-color":"","background-image":"","background-repeat":"repeat","background-position":"center center","background-size":"auto","background-attachment":"scroll","background-type":"","background-media":"","overlay-type":"","overlay-color":"","overlay-opacity":"","overlay-gradient":""},"mobile":{"background-color":"","background-image":"","background-repeat":"repeat","background-position":"center center","background-size":"auto","background-attachment":"scroll","background-type":"","background-media":"","overlay-type":"","overlay-color":"","overlay-opacity":"","overlay-gradient":""}},"ast-content-background-meta":{"desktop":{"background-color":"var(--ast-global-color-5)","background-image":"","background-repeat":"repeat","background-position":"center center","background-size":"auto","background-attachment":"scroll","background-type":"","background-media":"","overlay-type":"","overlay-color":"","overlay-opacity":"","overlay-gradient":""},"tablet":{"background-color":"var(--ast-global-color-5)","background-image":"","background-repeat":"repeat","background-position":"center center","background-size":"auto","background-attachment":"scroll","background-type":"","background-media":"","overlay-type":"","overlay-color":"","overlay-opacity":"","overlay-gradient":""},"mobile":{"background-color":"var(--ast-global-color-5)","background-image":"","background-repeat":"repeat","background-position":"center center","background-size":"auto","background-attachment":"scroll","background-type":"","background-media":"","overlay-type":"","overlay-color":"","overlay-opacity":"","overlay-gradient":""}},"_glsr_average":0,"_glsr_ranking":0,"_glsr_reviews":0},"product_brand":[],"product_cat":[331,336],"product_tag":[],"class_list":{"0":"post-19816","1":"product","2":"type-product","3":"status-publish","4":"has-post-thumbnail","6":"product_cat-herboristeria","7":"product_cat-sistema-digestivo","8":"desktop-align-center","9":"tablet-align-center","10":"mobile-align-center","11":"ast-product-gallery-layout-horizontal","12":"ast-product-gallery-with-no-image","13":"ast-product-tabs-layout-horizontal","15":"first","16":"instock","17":"taxable","18":"shipping-taxable","19":"purchasable","20":"product-type-simple"},"_links":{"self":[{"href":"https:\/\/dioxvitae.es\/it\/wp-json\/wp\/v2\/product\/19816","targetHints":{"allow":["GET"]}}],"collection":[{"href":"https:\/\/dioxvitae.es\/it\/wp-json\/wp\/v2\/product"}],"about":[{"href":"https:\/\/dioxvitae.es\/it\/wp-json\/wp\/v2\/types\/product"}],"replies":[{"embeddable":true,"href":"https:\/\/dioxvitae.es\/it\/wp-json\/wp\/v2\/comments?post=19816"}],"version-history":[{"count":1,"href":"https:\/\/dioxvitae.es\/it\/wp-json\/wp\/v2\/product\/19816\/revisions"}],"predecessor-version":[{"id":19818,"href":"https:\/\/dioxvitae.es\/it\/wp-json\/wp\/v2\/product\/19816\/revisions\/19818"}],"wp:featuredmedia":[{"embeddable":true,"href":"https:\/\/dioxvitae.es\/it\/wp-json\/wp\/v2\/media\/19817"}],"wp:attachment":[{"href":"https:\/\/dioxvitae.es\/it\/wp-json\/wp\/v2\/media?parent=19816"}],"wp:term":[{"taxonomy":"product_brand","embeddable":true,"href":"https:\/\/dioxvitae.es\/it\/wp-json\/wp\/v2\/product_brand?post=19816"},{"taxonomy":"product_cat","embeddable":true,"href":"https:\/\/dioxvitae.es\/it\/wp-json\/wp\/v2\/product_cat?post=19816"},{"taxonomy":"product_tag","embeddable":true,"href":"https:\/\/dioxvitae.es\/it\/wp-json\/wp\/v2\/product_tag?post=19816"}],"curies":[{"name":"wp","href":"https:\/\/api.w.org\/{rel}","templated":true}]}}