{"id":19769,"date":"2026-02-24T13:50:40","date_gmt":"2026-02-24T11:50:40","guid":{"rendered":"https:\/\/dioxvitae.es\/?post_type=product&#038;p=19769"},"modified":"2026-03-18T13:32:41","modified_gmt":"2026-03-18T11:32:41","slug":"fiori-di-tiglio-30g-2u","status":"publish","type":"product","link":"https:\/\/dioxvitae.es\/it\/tila-flor-30g-2u\/","title":{"rendered":"Fiore di tiglio 30g (2u)"},"content":{"rendered":"<div class=\"active\" role=\"tab\" data-role=\"collapsible\" data-collapsible=\"true\" aria-selected=\"false\" aria-expanded=\"true\">\n<div tabindex=\"0\" data-role=\"trigger\">\n<h2 class=\"attribute-title que-es\">Che cos'\u00e8 il fiore di tiglio?<\/h2>\n<\/div>\n<\/div>\n<div class=\"value que-es expanded\" role=\"tabpanel\" data-role=\"content\" aria-hidden=\"false\">\n<p class=\"\" data-start=\"0\" data-end=\"513\">Il\u00a0<strong data-start=\"0\" data-end=\"36\">La Flor Del Pirineu Fiore di tiglio<\/strong>\u00a0\u00e8 un infuso naturale molto apprezzato per le sue numerose propriet\u00e0 terapeutiche. Questa pianta \u00e8 stata tradizionalmente utilizzata per le sue\u00a0<strong>effetti<\/strong>\u00a0<strong data-start=\"177\" data-end=\"191\">rilassanti<\/strong>,\u00a0<strong data-start=\"193\" data-end=\"209\">ansiolitici<\/strong>\u00a0y\u00a0<strong data-start=\"212\" data-end=\"228\">antipertensivi<\/strong>, \u00c8 ideale per chi cerca di ridurre lo stress e l'ansia in modo naturale. Inoltre, il fiore di tiglio agisce come un\u00a0<strong data-start=\"344\" data-end=\"374\" data-is-only-node=\"\">ipoviscoso del sangue<\/strong>, che favorisce la circolazione e aiuta a prevenire l'emicrania, grazie alle sue propriet\u00e0\u00a0<strong data-start=\"471\" data-end=\"489\">antiemicrania<\/strong>\u00a0y\u00a0<strong data-start=\"492\" data-end=\"512\">antispasmodico<\/strong>.<\/p>\n<p class=\"\" data-start=\"515\" data-end=\"1023\">Grazie alla sua capacit\u00e0\u00a0<strong data-start=\"538\" data-end=\"556\">vasodilatatore<\/strong>\u00a0y\u00a0<strong data-start=\"559\" data-end=\"572\">diuretico<\/strong>, I fiori di tiglio favoriscono l'eliminazione dei liquidi e delle tossine dall'organismo, contribuendo al mantenimento di una sana funzionalit\u00e0 renale. Si dice che abbia anche le seguenti propriet\u00e0\u00a0<strong data-start=\"725\" data-end=\"740\">pulizia<\/strong>\u00a0y\u00a0<strong data-start=\"743\" data-end=\"758\">demulcente<\/strong>, proteggere le mucose e migliorare la salute dell'apparato digerente. La sua azione\u00a0<strong data-start=\"826\" data-end=\"842\">espettorante<\/strong>\u00a0\u00e8 utile per alleviare i problemi respiratori, mentre i suoi effetti\u00a0<strong data-start=\"921\" data-end=\"937\">diaforetici<\/strong>\u00a0contribuiscono ad aumentare la produzione di sudore, favorendo la disintossicazione dell'organismo.<\/p>\n<\/div>\n<p>&nbsp;<\/p>\n<div class=\"active\" role=\"tab\" data-role=\"collapsible\" data-collapsible=\"true\" aria-selected=\"false\" aria-expanded=\"true\">\n<div tabindex=\"0\" data-role=\"trigger\">\n<h2 class=\"attribute-title composicion\">Qual \u00e8 la composizione di Tila Flor 30g La Flor Del Pirineo?<\/h2>\n<\/div>\n<\/div>\n<div class=\"value composicion\" role=\"tabpanel\" data-role=\"content\" aria-hidden=\"false\">Tilia officinalis<\/div>\n<div role=\"tabpanel\" data-role=\"content\" aria-hidden=\"false\"><\/div>\n<div role=\"tabpanel\" data-role=\"content\" aria-hidden=\"false\"><\/div>\n<div role=\"tabpanel\" data-role=\"content\" aria-hidden=\"false\"><\/div>\n<div role=\"tabpanel\" data-role=\"content\" aria-hidden=\"false\">\n<div class=\"active\" role=\"tab\" data-role=\"collapsible\" data-collapsible=\"true\" aria-selected=\"false\" aria-expanded=\"true\">\n<div tabindex=\"0\" data-role=\"trigger\">\n<h2><\/h2>\n<h2 class=\"attribute-title uso\">Come viene utilizzato?<\/h2>\n<\/div>\n<\/div>\n<div class=\"value uso\" role=\"tabpanel\" data-role=\"content\" aria-hidden=\"false\">Si consiglia di versare il contenuto di 1 cucchiaio in acqua bollente e di lasciare in infusione per 8-10 minuti. Filtrare e dolcificare a piacere.<\/div>\n<\/div>","protected":false},"excerpt":{"rendered":"<p>Rilassante e salutare, questo infuso \u00e8 perfetto per mantenere il corpo in buona salute.<strong>\u00a0equilibrio fisico<\/strong>\u00a0y\u00a0<strong>emozionale.<\/strong><\/p>","protected":false},"featured_media":19770,"comment_status":"closed","ping_status":"closed","template":"","meta":{"site-sidebar-layout":"default","site-content-layout":"","ast-site-content-layout":"default","site-content-style":"default","site-sidebar-style":"default","ast-global-header-display":"","ast-banner-title-visibility":"","ast-main-header-display":"","ast-hfb-above-header-display":"","ast-hfb-below-header-display":"","ast-hfb-mobile-header-display":"","site-post-title":"","ast-breadcrumbs-content":"","ast-featured-img":"","footer-sml-layout":"","ast-disable-related-posts":"","theme-transparent-header-meta":"default","adv-header-id-meta":"","stick-header-meta":"default","header-above-stick-meta":"","header-main-stick-meta":"","header-below-stick-meta":"","astra-migrate-meta-layouts":"set","ast-page-background-enabled":"default","ast-page-background-meta":{"desktop":{"background-color":"","background-image":"","background-repeat":"repeat","background-position":"center center","background-size":"auto","background-attachment":"scroll","background-type":"","background-media":"","overlay-type":"","overlay-color":"","overlay-opacity":"","overlay-gradient":""},"tablet":{"background-color":"","background-image":"","background-repeat":"repeat","background-position":"center center","background-size":"auto","background-attachment":"scroll","background-type":"","background-media":"","overlay-type":"","overlay-color":"","overlay-opacity":"","overlay-gradient":""},"mobile":{"background-color":"","background-image":"","background-repeat":"repeat","background-position":"center center","background-size":"auto","background-attachment":"scroll","background-type":"","background-media":"","overlay-type":"","overlay-color":"","overlay-opacity":"","overlay-gradient":""}},"ast-content-background-meta":{"desktop":{"background-color":"var(--ast-global-color-5)","background-image":"","background-repeat":"repeat","background-position":"center center","background-size":"auto","background-attachment":"scroll","background-type":"","background-media":"","overlay-type":"","overlay-color":"","overlay-opacity":"","overlay-gradient":""},"tablet":{"background-color":"var(--ast-global-color-5)","background-image":"","background-repeat":"repeat","background-position":"center center","background-size":"auto","background-attachment":"scroll","background-type":"","background-media":"","overlay-type":"","overlay-color":"","overlay-opacity":"","overlay-gradient":""},"mobile":{"background-color":"var(--ast-global-color-5)","background-image":"","background-repeat":"repeat","background-position":"center center","background-size":"auto","background-attachment":"scroll","background-type":"","background-media":"","overlay-type":"","overlay-color":"","overlay-opacity":"","overlay-gradient":""}},"_glsr_average":0,"_glsr_ranking":0,"_glsr_reviews":0},"product_brand":[],"product_cat":[331,332,370,350,368,342,341],"product_tag":[],"class_list":{"0":"post-19769","1":"product","2":"type-product","3":"status-publish","4":"has-post-thumbnail","6":"product_cat-herboristeria","7":"product_cat-detox","8":"product_cat-infusiones-y-tes-bebidas-saludables","9":"product_cat-relajacion-y-descanso","10":"product_cat-salud-renal","11":"product_cat-sistema-emocional","12":"product_cat-sistema-nervioso","13":"desktop-align-center","14":"tablet-align-center","15":"mobile-align-center","16":"ast-product-gallery-layout-horizontal","17":"ast-product-gallery-with-no-image","18":"ast-product-tabs-layout-horizontal","20":"first","21":"instock","22":"taxable","23":"shipping-taxable","24":"purchasable","25":"product-type-simple"},"_links":{"self":[{"href":"https:\/\/dioxvitae.es\/it\/wp-json\/wp\/v2\/product\/19769","targetHints":{"allow":["GET"]}}],"collection":[{"href":"https:\/\/dioxvitae.es\/it\/wp-json\/wp\/v2\/product"}],"about":[{"href":"https:\/\/dioxvitae.es\/it\/wp-json\/wp\/v2\/types\/product"}],"replies":[{"embeddable":true,"href":"https:\/\/dioxvitae.es\/it\/wp-json\/wp\/v2\/comments?post=19769"}],"version-history":[{"count":3,"href":"https:\/\/dioxvitae.es\/it\/wp-json\/wp\/v2\/product\/19769\/revisions"}],"predecessor-version":[{"id":19774,"href":"https:\/\/dioxvitae.es\/it\/wp-json\/wp\/v2\/product\/19769\/revisions\/19774"}],"wp:featuredmedia":[{"embeddable":true,"href":"https:\/\/dioxvitae.es\/it\/wp-json\/wp\/v2\/media\/19770"}],"wp:attachment":[{"href":"https:\/\/dioxvitae.es\/it\/wp-json\/wp\/v2\/media?parent=19769"}],"wp:term":[{"taxonomy":"product_brand","embeddable":true,"href":"https:\/\/dioxvitae.es\/it\/wp-json\/wp\/v2\/product_brand?post=19769"},{"taxonomy":"product_cat","embeddable":true,"href":"https:\/\/dioxvitae.es\/it\/wp-json\/wp\/v2\/product_cat?post=19769"},{"taxonomy":"product_tag","embeddable":true,"href":"https:\/\/dioxvitae.es\/it\/wp-json\/wp\/v2\/product_tag?post=19769"}],"curies":[{"name":"wp","href":"https:\/\/api.w.org\/{rel}","templated":true}]}}