{"id":19325,"date":"2026-01-20T20:14:04","date_gmt":"2026-01-20T18:14:04","guid":{"rendered":"https:\/\/www.dioxvitae.es\/?post_type=product&#038;p=19325"},"modified":"2026-03-26T12:13:48","modified_gmt":"2026-03-26T10:13:48","slug":"olio-di-cocco-extra-vergine-biologico","status":"publish","type":"product","link":"https:\/\/dioxvitae.es\/it\/aceite-de-coco-virgen-extra-bio\/","title":{"rendered":"Olio di cocco extravergine biologico 580ml"},"content":{"rendered":"<div class=\"active\" role=\"tab\" data-role=\"collapsible\" data-collapsible=\"true\" aria-selected=\"false\" aria-expanded=\"true\">\n<div tabindex=\"0\" data-role=\"trigger\">\n<h2 class=\"attribute-title que-es\">Descrizione:<\/h2>\n<\/div>\n<\/div>\n<div class=\"value que-es expanded\" role=\"tabpanel\" data-role=\"content\" aria-hidden=\"false\">\n<p><strong>Olio di cocco extravergine Solnatural, prima spremitura a freddo<\/strong>, \u00e8 un\u00a0<strong>alternativa sana<\/strong>\u00a0e delizioso all'olio di oliva, ottenuto da noci di cocco fresche attraverso un processo di\u00a0<strong>prima spremitura a freddo<\/strong>\u00a0che conserva tutte le sue propriet\u00e0 naturali. Quest'olio \u00e8 caratterizzato da un sapore delicato e da una consistenza leggera, che lo rendono una scelta ideale sia per cucinare che per condire i piatti, oltre a essere eccellente per la cura della pelle e dei capelli.<\/p>\n<p>Grazie alla sua\u00a0<strong>elevato contenuto di acidi grassi a catena media<\/strong>\u00a0(MCT), il\u00a0<strong>Olio di cocco<\/strong>\u00a0favorisce il metabolismo e pu\u00f2 contribuire a migliorare la digestione e la salute cardiovascolare. \u00c8 noto anche per le sue propriet\u00e0 antiossidanti e per la sua capacit\u00e0 di mantenere la pelle idratata, il che lo rende un prodotto molto versatile per una dieta equilibrata e una routine di cura personale.<\/p>\n<p>&nbsp;<\/p>\n<\/div>\n<div class=\"active\" role=\"tab\" data-role=\"collapsible\" data-collapsible=\"true\" aria-selected=\"false\" aria-expanded=\"true\">\n<div tabindex=\"0\" data-role=\"trigger\">\n<h2 class=\"attribute-title composicion\">Composizione:<\/h2>\n<\/div>\n<\/div>\n<div class=\"value composicion\" role=\"tabpanel\" data-role=\"content\" aria-hidden=\"false\">\n<p>580 ml di olio di cocco extravergine* (prima pressione a freddo) (*) Da agricoltura biologica.<\/p>\n<\/div>\n<p>&nbsp;<\/p>\n<div class=\"active\" role=\"tab\" data-role=\"collapsible\" data-collapsible=\"true\" aria-selected=\"false\" aria-expanded=\"true\">\n<div tabindex=\"0\" data-role=\"trigger\">\n<h2 class=\"attribute-title text-4\">Valore energetico:<\/h2>\n<\/div>\n<\/div>\n<div class=\"value text-4\" role=\"tabpanel\" data-role=\"content\" aria-hidden=\"false\">Valore energetico 3760 kJ\/900 kcal Carboidrati 0 g Zuccheri: 0 g Grassi 100 g Saturi: 91 g Proteine 0 g Sale 0 g<\/div>\n<div role=\"tabpanel\" data-role=\"content\" aria-hidden=\"false\"><\/div>\n<div role=\"tabpanel\" data-role=\"content\" aria-hidden=\"false\"><\/div>\n<div role=\"tabpanel\" data-role=\"content\" aria-hidden=\"false\"><\/div>\n<div role=\"tabpanel\" data-role=\"content\" aria-hidden=\"false\"><\/div>\n<div role=\"tabpanel\" data-role=\"content\" aria-hidden=\"false\">Consumare a piacere<\/div>\n<div role=\"tabpanel\" data-role=\"content\" aria-hidden=\"false\">Vegano<\/div>\n<div role=\"tabpanel\" data-role=\"content\" aria-hidden=\"false\">Senza glutine<\/div>","protected":false},"excerpt":{"rendered":"<p>Descripci\u00f3n: El Aceite de Coco Virgen Extra, Primera Presi\u00f3n en Fr\u00edo de Solnatural, es una\u00a0alternativa saludable\u00a0y deliciosa al aceite de oliva, obtenido a partir de cocos frescos mediante un proceso de\u00a0primera presi\u00f3n en fr\u00edo\u00a0que conserva todas sus propiedades naturales. Este aceite se caracteriza por su sabor suave y su textura ligera, convirti\u00e9ndolo en una opci\u00f3n [&hellip;]<\/p>\n","protected":false},"featured_media":19326,"comment_status":"closed","ping_status":"closed","template":"","meta":{"site-sidebar-layout":"default","site-content-layout":"","ast-site-content-layout":"default","site-content-style":"default","site-sidebar-style":"default","ast-global-header-display":"","ast-banner-title-visibility":"","ast-main-header-display":"","ast-hfb-above-header-display":"","ast-hfb-below-header-display":"","ast-hfb-mobile-header-display":"","site-post-title":"","ast-breadcrumbs-content":"","ast-featured-img":"","footer-sml-layout":"","ast-disable-related-posts":"","theme-transparent-header-meta":"default","adv-header-id-meta":"","stick-header-meta":"default","header-above-stick-meta":"","header-main-stick-meta":"","header-below-stick-meta":"","astra-migrate-meta-layouts":"set","ast-page-background-enabled":"default","ast-page-background-meta":{"desktop":{"background-color":"","background-image":"","background-repeat":"repeat","background-position":"center center","background-size":"auto","background-attachment":"scroll","background-type":"","background-media":"","overlay-type":"","overlay-color":"","overlay-opacity":"","overlay-gradient":""},"tablet":{"background-color":"","background-image":"","background-repeat":"repeat","background-position":"center center","background-size":"auto","background-attachment":"scroll","background-type":"","background-media":"","overlay-type":"","overlay-color":"","overlay-opacity":"","overlay-gradient":""},"mobile":{"background-color":"","background-image":"","background-repeat":"repeat","background-position":"center center","background-size":"auto","background-attachment":"scroll","background-type":"","background-media":"","overlay-type":"","overlay-color":"","overlay-opacity":"","overlay-gradient":""}},"ast-content-background-meta":{"desktop":{"background-color":"var(--ast-global-color-5)","background-image":"","background-repeat":"repeat","background-position":"center center","background-size":"auto","background-attachment":"scroll","background-type":"","background-media":"","overlay-type":"","overlay-color":"","overlay-opacity":"","overlay-gradient":""},"tablet":{"background-color":"var(--ast-global-color-5)","background-image":"","background-repeat":"repeat","background-position":"center center","background-size":"auto","background-attachment":"scroll","background-type":"","background-media":"","overlay-type":"","overlay-color":"","overlay-opacity":"","overlay-gradient":""},"mobile":{"background-color":"var(--ast-global-color-5)","background-image":"","background-repeat":"repeat","background-position":"center center","background-size":"auto","background-attachment":"scroll","background-type":"","background-media":"","overlay-type":"","overlay-color":"","overlay-opacity":"","overlay-gradient":""}},"_glsr_average":0,"_glsr_ranking":0,"_glsr_reviews":0},"product_brand":[],"product_cat":[331,362,334,370,375,346,369,374,356],"product_tag":[],"class_list":{"0":"post-19325","1":"product","2":"type-product","3":"status-publish","4":"has-post-thumbnail","6":"product_cat-herboristeria","7":"product_cat-bebidas-saludables","8":"product_cat-cuidado-personal","9":"product_cat-infusiones-y-tes-bebidas-saludables","10":"product_cat-salud-capilar-y-cutanea-herboristeria","11":"product_cat-salud-capilar-y-cutanea","12":"product_cat-salud-dental","13":"product_cat-salud-intima-femenina","14":"product_cat-sistema-metabolico","15":"desktop-align-center","16":"tablet-align-center","17":"mobile-align-center","18":"ast-product-gallery-layout-horizontal","19":"ast-product-gallery-with-no-image","20":"ast-product-tabs-layout-horizontal","22":"first","23":"instock","24":"taxable","25":"shipping-taxable","26":"purchasable","27":"product-type-simple"},"_links":{"self":[{"href":"https:\/\/dioxvitae.es\/it\/wp-json\/wp\/v2\/product\/19325","targetHints":{"allow":["GET"]}}],"collection":[{"href":"https:\/\/dioxvitae.es\/it\/wp-json\/wp\/v2\/product"}],"about":[{"href":"https:\/\/dioxvitae.es\/it\/wp-json\/wp\/v2\/types\/product"}],"replies":[{"embeddable":true,"href":"https:\/\/dioxvitae.es\/it\/wp-json\/wp\/v2\/comments?post=19325"}],"version-history":[{"count":6,"href":"https:\/\/dioxvitae.es\/it\/wp-json\/wp\/v2\/product\/19325\/revisions"}],"predecessor-version":[{"id":19333,"href":"https:\/\/dioxvitae.es\/it\/wp-json\/wp\/v2\/product\/19325\/revisions\/19333"}],"wp:featuredmedia":[{"embeddable":true,"href":"https:\/\/dioxvitae.es\/it\/wp-json\/wp\/v2\/media\/19326"}],"wp:attachment":[{"href":"https:\/\/dioxvitae.es\/it\/wp-json\/wp\/v2\/media?parent=19325"}],"wp:term":[{"taxonomy":"product_brand","embeddable":true,"href":"https:\/\/dioxvitae.es\/it\/wp-json\/wp\/v2\/product_brand?post=19325"},{"taxonomy":"product_cat","embeddable":true,"href":"https:\/\/dioxvitae.es\/it\/wp-json\/wp\/v2\/product_cat?post=19325"},{"taxonomy":"product_tag","embeddable":true,"href":"https:\/\/dioxvitae.es\/it\/wp-json\/wp\/v2\/product_tag?post=19325"}],"curies":[{"name":"wp","href":"https:\/\/api.w.org\/{rel}","templated":true}]}}