{"id":19282,"date":"2026-01-16T13:51:54","date_gmt":"2026-01-16T11:51:54","guid":{"rendered":"https:\/\/www.dioxvitae.es\/?post_type=product&#038;p=19282"},"modified":"2026-03-26T18:24:58","modified_gmt":"2026-03-26T16:24:58","slug":"vitawoman-menopausa","status":"publish","type":"product","link":"https:\/\/dioxvitae.es\/it\/vitawoman-menopausia\/","title":{"rendered":"Vitawoman Menopausa"},"content":{"rendered":"<h2><span style=\"color: #3366ff;\">Descrizione:<\/span><\/h2>\n<p>Questo integratore alimentare \u00e8 disponibile in due compresse di colore diverso. La compressa gialla da giorno contiene l'agnocasto, che contribuisce all'equilibrio ormonale femminile durante il climaterio e aiuta ad alleviare i sintomi della menopausa. La compressa blu per la notte contiene biancospino, che aiuta le donne a dormire meglio, garantendo cos\u00ec un effetto di 24 ore per migliorare il loro benessere durante la menopausa.<\/p>\n<p>&nbsp;<\/p>\n<h2><span style=\"color: #3366ff;\">Istruzioni per l'uso:<\/span><\/h2>\n<p>Assumere 1 compressa gialla al mattino con la colazione e 1 compressa blu alla sera, mezz'ora prima di coricarsi.<\/p>\n<p>&nbsp;<\/p>\n<h2><span style=\"color: #3366ff;\">Ingredienti:<\/span><\/h2>\n<p>Luppolo estratto secco 2,5% flavonoidi prenilati (50 mg); Salvia estratto secco 2% acido rosmarinico (50 mg); Igname IT 20% diosgenina (50 mg); Eleuterococco estratto secco 0,8% eleuteroside (50 mg); Cohosh nero estratto secco 2,5% triterpeni (35 mg); Vitex agnus-castus (agnocasto) estratto secco 0,5% vitexina (30 mg); Passiflora estratto secco 3,5% vitexina (90 mg); Verbena estratto secco 1,5% verbascoside (50 mg); Luppolo estratto secco 0,1% rutina (50 mg); Biancospino estratto secco 1,8% vitexina (50 mg); L-teanina (10 mg).<\/p>\n<p>&nbsp;<\/p>\n<p>Senza glutine<\/p>\n<p>Senza lattosio<\/p>\n<p>Senza zuccheri aggiunti<\/p>\n<p>&nbsp;<\/p>\n<p>&nbsp;<\/p>","protected":false},"excerpt":{"rendered":"<p>Descripci\u00f3n: Este complemento alimenticio est\u00e1 compuesto por comprimidos de dos colores distintos. El comprimido amarillo, con efecto d\u00eda, est\u00e1 compuesto por sauzgatillo, que contribuye al equilibrio hormonal femenino durante el climaterio y contribuye a aliviar los s\u00edntomas de la menopausia. El comprimido azul, con efecto noche, est\u00e1 compuesto por espino blanco, que ayuda a encontrar [&hellip;]<\/p>\n","protected":false},"featured_media":19283,"comment_status":"closed","ping_status":"closed","template":"","meta":{"site-sidebar-layout":"default","site-content-layout":"","ast-site-content-layout":"default","site-content-style":"default","site-sidebar-style":"default","ast-global-header-display":"","ast-banner-title-visibility":"","ast-main-header-display":"","ast-hfb-above-header-display":"","ast-hfb-below-header-display":"","ast-hfb-mobile-header-display":"","site-post-title":"","ast-breadcrumbs-content":"","ast-featured-img":"","footer-sml-layout":"","ast-disable-related-posts":"","theme-transparent-header-meta":"default","adv-header-id-meta":"","stick-header-meta":"default","header-above-stick-meta":"","header-main-stick-meta":"","header-below-stick-meta":"","astra-migrate-meta-layouts":"set","ast-page-background-enabled":"default","ast-page-background-meta":{"desktop":{"background-color":"","background-image":"","background-repeat":"repeat","background-position":"center center","background-size":"auto","background-attachment":"scroll","background-type":"","background-media":"","overlay-type":"","overlay-color":"","overlay-opacity":"","overlay-gradient":""},"tablet":{"background-color":"","background-image":"","background-repeat":"repeat","background-position":"center center","background-size":"auto","background-attachment":"scroll","background-type":"","background-media":"","overlay-type":"","overlay-color":"","overlay-opacity":"","overlay-gradient":""},"mobile":{"background-color":"","background-image":"","background-repeat":"repeat","background-position":"center center","background-size":"auto","background-attachment":"scroll","background-type":"","background-media":"","overlay-type":"","overlay-color":"","overlay-opacity":"","overlay-gradient":""}},"ast-content-background-meta":{"desktop":{"background-color":"var(--ast-global-color-5)","background-image":"","background-repeat":"repeat","background-position":"center center","background-size":"auto","background-attachment":"scroll","background-type":"","background-media":"","overlay-type":"","overlay-color":"","overlay-opacity":"","overlay-gradient":""},"tablet":{"background-color":"var(--ast-global-color-5)","background-image":"","background-repeat":"repeat","background-position":"center center","background-size":"auto","background-attachment":"scroll","background-type":"","background-media":"","overlay-type":"","overlay-color":"","overlay-opacity":"","overlay-gradient":""},"mobile":{"background-color":"var(--ast-global-color-5)","background-image":"","background-repeat":"repeat","background-position":"center center","background-size":"auto","background-attachment":"scroll","background-type":"","background-media":"","overlay-type":"","overlay-color":"","overlay-opacity":"","overlay-gradient":""}},"_glsr_average":0,"_glsr_ranking":0,"_glsr_reviews":0},"product_brand":[],"product_cat":[331,349,374],"product_tag":[],"class_list":{"0":"post-19282","1":"product","2":"type-product","3":"status-publish","4":"has-post-thumbnail","6":"product_cat-herboristeria","7":"product_cat-salud-hormonal","8":"product_cat-salud-intima-femenina","9":"desktop-align-center","10":"tablet-align-center","11":"mobile-align-center","12":"ast-product-gallery-layout-horizontal","13":"ast-product-tabs-layout-horizontal","15":"first","16":"instock","17":"taxable","18":"shipping-taxable","19":"purchasable","20":"product-type-simple"},"_links":{"self":[{"href":"https:\/\/dioxvitae.es\/it\/wp-json\/wp\/v2\/product\/19282","targetHints":{"allow":["GET"]}}],"collection":[{"href":"https:\/\/dioxvitae.es\/it\/wp-json\/wp\/v2\/product"}],"about":[{"href":"https:\/\/dioxvitae.es\/it\/wp-json\/wp\/v2\/types\/product"}],"replies":[{"embeddable":true,"href":"https:\/\/dioxvitae.es\/it\/wp-json\/wp\/v2\/comments?post=19282"}],"version-history":[{"count":4,"href":"https:\/\/dioxvitae.es\/it\/wp-json\/wp\/v2\/product\/19282\/revisions"}],"predecessor-version":[{"id":19339,"href":"https:\/\/dioxvitae.es\/it\/wp-json\/wp\/v2\/product\/19282\/revisions\/19339"}],"wp:featuredmedia":[{"embeddable":true,"href":"https:\/\/dioxvitae.es\/it\/wp-json\/wp\/v2\/media\/19283"}],"wp:attachment":[{"href":"https:\/\/dioxvitae.es\/it\/wp-json\/wp\/v2\/media?parent=19282"}],"wp:term":[{"taxonomy":"product_brand","embeddable":true,"href":"https:\/\/dioxvitae.es\/it\/wp-json\/wp\/v2\/product_brand?post=19282"},{"taxonomy":"product_cat","embeddable":true,"href":"https:\/\/dioxvitae.es\/it\/wp-json\/wp\/v2\/product_cat?post=19282"},{"taxonomy":"product_tag","embeddable":true,"href":"https:\/\/dioxvitae.es\/it\/wp-json\/wp\/v2\/product_tag?post=19282"}],"curies":[{"name":"wp","href":"https:\/\/api.w.org\/{rel}","templated":true}]}}