{"id":18718,"date":"2025-11-20T19:06:16","date_gmt":"2025-11-20T17:06:16","guid":{"rendered":"https:\/\/www.dioxvitae.es\/?post_type=product&#038;p=18718"},"modified":"2026-03-17T18:36:05","modified_gmt":"2026-03-17T16:36:05","slug":"infuso-di-celidonia-35gr","status":"publish","type":"product","link":"https:\/\/dioxvitae.es\/it\/celidonia-infusion-35gr\/","title":{"rendered":"Infuso di celidonia 35gr (2u)"},"content":{"rendered":"<div class=\"active\" role=\"tab\" data-role=\"collapsible\" data-collapsible=\"true\" aria-selected=\"false\" aria-expanded=\"true\">\n<div tabindex=\"0\" data-role=\"trigger\">\n<h2 class=\"attribute-title que-es\">Che cos'\u00e8 la celidonia?<\/h2>\n<\/div>\n<\/div>\n<div class=\"value que-es expanded\" role=\"tabpanel\" data-role=\"content\" aria-hidden=\"false\">\n<p>Questo<strong> Infusione <\/strong>si ricava dalla pianta\u00a0<strong>Chelidonium majus<\/strong>, conosciuta popolarmente come celidonia. Ha propriet\u00e0 medicinali riconosciute ed \u00e8 stata tradizionalmente utilizzata per i suoi benefici per la salute, grazie al suo contenuto di <strong>alcaloidi<\/strong>\u00a0y\u00a0<strong>saponine<\/strong>, che gli conferiscono propriet\u00e0\u00a0<strong>antinfiammatorio<\/strong>\u00a0y\u00a0<strong>analgesici<\/strong>.<\/p>\n<p>\u00c8 stata associata a <strong>benefici per la salute del fegato<\/strong>, contribuendo a stimolare la\u00a0<strong>produzione di bile<\/strong>\u00a0e promuovere la funzione del\u00a0<strong>fegato<\/strong>. Il loro uso tradizionale ha anche esplorato i loro potenziali effetti\u00a0<strong>antiossidanti<\/strong>, che pu\u00f2 aiutare a combattere\u00a0<strong>stress ossidativo<\/strong>\u00a0nel corpo.<\/p>\n<p>Questo prodotto \u00e8 apprezzato anche per il trattamento di problemi quali\u00a0<strong>dermatologico minore<\/strong>, come\u00a0<strong>verruche<\/strong>\u00a0y\u00a0<strong>callosit\u00e0<\/strong>, grazie alle sue propriet\u00e0\u00a0<strong>cheratolitici<\/strong>, che aiutano a sciogliere le cellule morte della pelle.<\/p>\n<p>&nbsp;<\/p>\n<div class=\"active\" role=\"tab\" data-role=\"collapsible\" data-collapsible=\"true\" aria-selected=\"false\" aria-expanded=\"true\">\n<div tabindex=\"0\" data-role=\"trigger\">\n<h2 class=\"attribute-title composicion\">Qual \u00e8 la composizione di Josenea Celandine Infusion Bio 35g?<\/h2>\n<\/div>\n<\/div>\n<div class=\"value composicion\" role=\"tabpanel\" data-role=\"content\" aria-hidden=\"false\">Celidonia (Chelidonium majus L.).<\/div>\n<\/div>\n<div role=\"tabpanel\" data-role=\"content\" aria-hidden=\"false\"><\/div>\n<div role=\"tabpanel\" data-role=\"content\" aria-hidden=\"false\"><\/div>\n<div class=\"value que-es expanded\" role=\"tabpanel\" data-role=\"content\" aria-hidden=\"false\">\n<div role=\"tabpanel\" data-role=\"content\" aria-hidden=\"false\"><\/div>\n<div role=\"tabpanel\" data-role=\"content\" aria-hidden=\"false\">\n<div class=\"active\" role=\"tab\" data-role=\"collapsible\" data-collapsible=\"true\" aria-selected=\"false\" aria-expanded=\"true\">\n<div tabindex=\"0\" data-role=\"trigger\">\n<h2><\/h2>\n<h2 class=\"attribute-title uso\">Come viene utilizzato?<\/h2>\n<\/div>\n<\/div>\n<div class=\"value uso\" role=\"tabpanel\" data-role=\"content\" aria-hidden=\"false\">Infondere a 95\u00ba per cinque minuti.<\/div>\n<\/div>\n<div role=\"tabpanel\" data-role=\"content\" aria-hidden=\"false\"><\/div>\n<\/div>","protected":false},"excerpt":{"rendered":"<p>\u00bfQu\u00e9 es la Celidonia? Esta Infusi\u00f3n est\u00e1 elaborada a partir de la planta\u00a0Chelidonium majus, conocida popularmente como celidonia. Tiene reconocidas propiedades medicinales, ha sido tradicionalmente utilizada por sus beneficios en la salud, gracias a su contenido de alcaloides\u00a0y\u00a0saponinas, que le confieren propiedades\u00a0antiinflamatorias\u00a0y\u00a0analg\u00e9sicas. Se ha asociado con beneficios para la salud hep\u00e1tica, ayudando a estimular la\u00a0producci\u00f3n [&hellip;]<\/p>\n","protected":false},"featured_media":19249,"comment_status":"closed","ping_status":"closed","template":"","meta":{"site-sidebar-layout":"default","site-content-layout":"","ast-site-content-layout":"default","site-content-style":"default","site-sidebar-style":"default","ast-global-header-display":"","ast-banner-title-visibility":"","ast-main-header-display":"","ast-hfb-above-header-display":"","ast-hfb-below-header-display":"","ast-hfb-mobile-header-display":"","site-post-title":"","ast-breadcrumbs-content":"","ast-featured-img":"","footer-sml-layout":"","ast-disable-related-posts":"","theme-transparent-header-meta":"default","adv-header-id-meta":"","stick-header-meta":"default","header-above-stick-meta":"","header-main-stick-meta":"","header-below-stick-meta":"","astra-migrate-meta-layouts":"set","ast-page-background-enabled":"default","ast-page-background-meta":{"desktop":{"background-color":"","background-image":"","background-repeat":"repeat","background-position":"center center","background-size":"auto","background-attachment":"scroll","background-type":"","background-media":"","overlay-type":"","overlay-color":"","overlay-opacity":"","overlay-gradient":""},"tablet":{"background-color":"","background-image":"","background-repeat":"repeat","background-position":"center center","background-size":"auto","background-attachment":"scroll","background-type":"","background-media":"","overlay-type":"","overlay-color":"","overlay-opacity":"","overlay-gradient":""},"mobile":{"background-color":"","background-image":"","background-repeat":"repeat","background-position":"center center","background-size":"auto","background-attachment":"scroll","background-type":"","background-media":"","overlay-type":"","overlay-color":"","overlay-opacity":"","overlay-gradient":""}},"ast-content-background-meta":{"desktop":{"background-color":"var(--ast-global-color-5)","background-image":"","background-repeat":"repeat","background-position":"center center","background-size":"auto","background-attachment":"scroll","background-type":"","background-media":"","overlay-type":"","overlay-color":"","overlay-opacity":"","overlay-gradient":""},"tablet":{"background-color":"var(--ast-global-color-5)","background-image":"","background-repeat":"repeat","background-position":"center center","background-size":"auto","background-attachment":"scroll","background-type":"","background-media":"","overlay-type":"","overlay-color":"","overlay-opacity":"","overlay-gradient":""},"mobile":{"background-color":"var(--ast-global-color-5)","background-image":"","background-repeat":"repeat","background-position":"center center","background-size":"auto","background-attachment":"scroll","background-type":"","background-media":"","overlay-type":"","overlay-color":"","overlay-opacity":"","overlay-gradient":""}},"_glsr_average":0,"_glsr_ranking":0,"_glsr_reviews":0},"product_brand":[],"product_cat":[331,370,375,354],"product_tag":[],"class_list":{"0":"post-18718","1":"product","2":"type-product","3":"status-publish","4":"has-post-thumbnail","6":"product_cat-herboristeria","7":"product_cat-infusiones-y-tes-bebidas-saludables","8":"product_cat-salud-capilar-y-cutanea-herboristeria","9":"product_cat-sistema-hepatico","10":"desktop-align-center","11":"tablet-align-center","12":"mobile-align-center","13":"ast-product-gallery-layout-horizontal","14":"ast-product-gallery-with-no-image","15":"ast-product-tabs-layout-horizontal","17":"first","18":"instock","19":"taxable","20":"shipping-taxable","21":"purchasable","22":"product-type-simple"},"_links":{"self":[{"href":"https:\/\/dioxvitae.es\/it\/wp-json\/wp\/v2\/product\/18718","targetHints":{"allow":["GET"]}}],"collection":[{"href":"https:\/\/dioxvitae.es\/it\/wp-json\/wp\/v2\/product"}],"about":[{"href":"https:\/\/dioxvitae.es\/it\/wp-json\/wp\/v2\/types\/product"}],"replies":[{"embeddable":true,"href":"https:\/\/dioxvitae.es\/it\/wp-json\/wp\/v2\/comments?post=18718"}],"version-history":[{"count":10,"href":"https:\/\/dioxvitae.es\/it\/wp-json\/wp\/v2\/product\/18718\/revisions"}],"predecessor-version":[{"id":19775,"href":"https:\/\/dioxvitae.es\/it\/wp-json\/wp\/v2\/product\/18718\/revisions\/19775"}],"wp:featuredmedia":[{"embeddable":true,"href":"https:\/\/dioxvitae.es\/it\/wp-json\/wp\/v2\/media\/19249"}],"wp:attachment":[{"href":"https:\/\/dioxvitae.es\/it\/wp-json\/wp\/v2\/media?parent=18718"}],"wp:term":[{"taxonomy":"product_brand","embeddable":true,"href":"https:\/\/dioxvitae.es\/it\/wp-json\/wp\/v2\/product_brand?post=18718"},{"taxonomy":"product_cat","embeddable":true,"href":"https:\/\/dioxvitae.es\/it\/wp-json\/wp\/v2\/product_cat?post=18718"},{"taxonomy":"product_tag","embeddable":true,"href":"https:\/\/dioxvitae.es\/it\/wp-json\/wp\/v2\/product_tag?post=18718"}],"curies":[{"name":"wp","href":"https:\/\/api.w.org\/{rel}","templated":true}]}}