{"id":17100,"date":"2025-07-23T08:58:37","date_gmt":"2025-07-23T06:58:37","guid":{"rendered":"https:\/\/www.dioxvitae.es\/?post_type=product&#038;p=17100"},"modified":"2026-03-25T10:55:07","modified_gmt":"2026-03-25T08:55:07","slug":"olio-vegetale-di-ricino-100ml-aromi-esenziali","status":"publish","type":"product","link":"https:\/\/dioxvitae.es\/it\/aceite-vegetal-ricino-100ml-esential-aroms\/","title":{"rendered":"Olio vegetale di ricino 100ml Esential Aroms"},"content":{"rendered":"<div class=\"main-column\" role=\"tablist\">\n<div class=\"active\" role=\"tab\" data-role=\"collapsible\" data-collapsible=\"true\" aria-selected=\"false\" aria-expanded=\"true\">\n<div tabindex=\"0\" data-role=\"trigger\">\n<h2 class=\"attribute-title\">Che cos'\u00e8 Esential Aroms Castor Vegetable Oil 100ml?<\/h2>\n<\/div>\n<\/div>\n<div class=\"value\" role=\"tabpanel\" data-role=\"content\" aria-hidden=\"false\">\n<p data-start=\"0\" data-end=\"535\">Zero sostanze chimiche e 100% vegano, il <strong data-start=\"3\" data-end=\"49\">Olio vegetale di ricino Esential Aroms<\/strong> \u00e8 un prodotto altamente versatile ed efficace, consigliato per la cosmesi naturale e la cura della persona. Noto per la sua capacit\u00e0 di<strong>\u00a0<\/strong>idratare e nutrire la<strong>\u00a0pelli secche<\/strong>, Quest'olio aiuta a ricostruire il film idrolipidico, ripristinando l'equilibrio naturale della pelle. Ha inoltre propriet\u00e0 lenitive e addolcenti che lo rendono un alleato ideale per le pelli irritate o sensibili, donando una sensazione di comfort e benessere.<\/p>\n<p data-start=\"537\" data-end=\"1055\">Quest'olio \u00e8 particolarmente efficace per\u00a0<strong>CURA DEI CAPELLI<\/strong>. \u00c8 un potente stimolante della crescita dei capelli, ideale per essere utilizzato come maschera nutriente, per dare lucentezza e per combattere problemi come la forfora e la secchezza del cuoio capelluto. La sua applicazione non si limita ai capelli, poich\u00e9 \u00e8 diventato un punto di riferimento anche per il rafforzamento e la crescita di ciglia e sopracciglia, nonch\u00e9 per il miglioramento della crescita della barba, fornendo densit\u00e0 e vitalit\u00e0.<\/p>\n<p data-start=\"1057\" data-end=\"1572\" data-is-last-node=\"\" data-is-only-node=\"\">Mycelium Vitae SL consiglia il <strong>Olio vegetale di ricino Esential Aroms<\/strong> per l'eccellente rapporto qualit\u00e0-prezzo e l'ampia variet\u00e0 di utilizzi. La sua efficacia nella cura della pelle e dei capelli lo rende un prodotto molto richiesto. Inoltre, il suo utilizzo per ammorbidire i calli ne rafforza la versatilit\u00e0, consolidandolo come opzione indispensabile per chi cerca soluzioni complete e naturali nella cura della persona.<\/p>\n<\/div>\n<\/div>\n<div class=\"active\" role=\"tab\" data-role=\"collapsible\" data-collapsible=\"true\" aria-selected=\"false\" aria-expanded=\"true\">\n<div tabindex=\"0\" data-role=\"trigger\">\n<h2 class=\"attribute-title\">Qual \u00e8 la composizione di Esential Aroms Castor Vegetable Oil 100ml?<\/h2>\n<\/div>\n<\/div>\n<div class=\"value\" role=\"tabpanel\" data-role=\"content\" aria-hidden=\"false\">Olio vegetale vergine di semi di ricino (Ricinus Communis), ottenuto dalla prima spremitura a freddo, per cui non vengono utilizzati solventi chimici, come l'esano, nel processo.<\/div>\n<div class=\"active\" role=\"tab\" data-role=\"collapsible\" data-collapsible=\"true\" aria-selected=\"false\" aria-expanded=\"true\">\n<div tabindex=\"0\" data-role=\"trigger\">\n<h2 class=\"attribute-title\">Come si usa l'olio vegetale di ricino Esential Aroms 100ml?<\/h2>\n<\/div>\n<\/div>\n<div class=\"value\" role=\"tabpanel\" data-role=\"content\" aria-hidden=\"false\">Pu\u00f2 essere applicato direttamente per idratare il corpo di bambini e adulti. Pu\u00f2 essere utilizzato anche in sinergia con altri oli vegetali come il neem, il jojoba o l'argan per la creazione di formule.<\/div>","protected":false},"excerpt":{"rendered":"<p>Olio di ricino vegetale 100ml Esential Aroms \u00e8 l'alleato per la cura di pelle e capelli. Olio di ricino 100% e zero sostanze chimiche.<\/p>","protected":false},"featured_media":17101,"comment_status":"closed","ping_status":"closed","template":"","meta":{"site-sidebar-layout":"default","site-content-layout":"","ast-site-content-layout":"default","site-content-style":"default","site-sidebar-style":"default","ast-global-header-display":"","ast-banner-title-visibility":"","ast-main-header-display":"","ast-hfb-above-header-display":"","ast-hfb-below-header-display":"","ast-hfb-mobile-header-display":"","site-post-title":"","ast-breadcrumbs-content":"","ast-featured-img":"","footer-sml-layout":"","ast-disable-related-posts":"","theme-transparent-header-meta":"default","adv-header-id-meta":"","stick-header-meta":"default","header-above-stick-meta":"","header-main-stick-meta":"","header-below-stick-meta":"","astra-migrate-meta-layouts":"set","ast-page-background-enabled":"default","ast-page-background-meta":{"desktop":{"background-color":"","background-image":"","background-repeat":"repeat","background-position":"center center","background-size":"auto","background-attachment":"scroll","background-type":"","background-media":"","overlay-type":"","overlay-color":"","overlay-opacity":"","overlay-gradient":""},"tablet":{"background-color":"","background-image":"","background-repeat":"repeat","background-position":"center center","background-size":"auto","background-attachment":"scroll","background-type":"","background-media":"","overlay-type":"","overlay-color":"","overlay-opacity":"","overlay-gradient":""},"mobile":{"background-color":"","background-image":"","background-repeat":"repeat","background-position":"center center","background-size":"auto","background-attachment":"scroll","background-type":"","background-media":"","overlay-type":"","overlay-color":"","overlay-opacity":"","overlay-gradient":""}},"ast-content-background-meta":{"desktop":{"background-color":"var(--ast-global-color-5)","background-image":"","background-repeat":"repeat","background-position":"center center","background-size":"auto","background-attachment":"scroll","background-type":"","background-media":"","overlay-type":"","overlay-color":"","overlay-opacity":"","overlay-gradient":""},"tablet":{"background-color":"var(--ast-global-color-5)","background-image":"","background-repeat":"repeat","background-position":"center center","background-size":"auto","background-attachment":"scroll","background-type":"","background-media":"","overlay-type":"","overlay-color":"","overlay-opacity":"","overlay-gradient":""},"mobile":{"background-color":"var(--ast-global-color-5)","background-image":"","background-repeat":"repeat","background-position":"center center","background-size":"auto","background-attachment":"scroll","background-type":"","background-media":"","overlay-type":"","overlay-color":"","overlay-opacity":"","overlay-gradient":""}},"_glsr_average":0,"_glsr_ranking":0,"_glsr_reviews":0},"product_brand":[],"product_cat":[346],"product_tag":[],"class_list":{"0":"post-17100","1":"product","2":"type-product","3":"status-publish","4":"has-post-thumbnail","6":"product_cat-salud-capilar-y-cutanea","7":"desktop-align-center","8":"tablet-align-center","9":"mobile-align-center","10":"ast-product-gallery-layout-horizontal","11":"ast-product-tabs-layout-horizontal","13":"first","14":"instock","15":"taxable","16":"shipping-taxable","17":"purchasable","18":"product-type-simple"},"_links":{"self":[{"href":"https:\/\/dioxvitae.es\/it\/wp-json\/wp\/v2\/product\/17100","targetHints":{"allow":["GET"]}}],"collection":[{"href":"https:\/\/dioxvitae.es\/it\/wp-json\/wp\/v2\/product"}],"about":[{"href":"https:\/\/dioxvitae.es\/it\/wp-json\/wp\/v2\/types\/product"}],"replies":[{"embeddable":true,"href":"https:\/\/dioxvitae.es\/it\/wp-json\/wp\/v2\/comments?post=17100"}],"version-history":[{"count":4,"href":"https:\/\/dioxvitae.es\/it\/wp-json\/wp\/v2\/product\/17100\/revisions"}],"predecessor-version":[{"id":19666,"href":"https:\/\/dioxvitae.es\/it\/wp-json\/wp\/v2\/product\/17100\/revisions\/19666"}],"wp:featuredmedia":[{"embeddable":true,"href":"https:\/\/dioxvitae.es\/it\/wp-json\/wp\/v2\/media\/17101"}],"wp:attachment":[{"href":"https:\/\/dioxvitae.es\/it\/wp-json\/wp\/v2\/media?parent=17100"}],"wp:term":[{"taxonomy":"product_brand","embeddable":true,"href":"https:\/\/dioxvitae.es\/it\/wp-json\/wp\/v2\/product_brand?post=17100"},{"taxonomy":"product_cat","embeddable":true,"href":"https:\/\/dioxvitae.es\/it\/wp-json\/wp\/v2\/product_cat?post=17100"},{"taxonomy":"product_tag","embeddable":true,"href":"https:\/\/dioxvitae.es\/it\/wp-json\/wp\/v2\/product_tag?post=17100"}],"curies":[{"name":"wp","href":"https:\/\/api.w.org\/{rel}","templated":true}]}}