{"id":16774,"date":"2025-07-03T09:47:28","date_gmt":"2025-07-03T07:47:28","guid":{"rendered":"https:\/\/www.dioxvitae.es\/?post_type=product&#038;p=16774"},"modified":"2026-03-25T11:20:45","modified_gmt":"2026-03-25T09:20:45","slug":"estratto-stonebreaker-50ml","status":"publish","type":"product","link":"https:\/\/dioxvitae.es\/it\/rompepiedras-extracto-50ml\/","title":{"rendered":"Estratto di spaccapietre 50ml"},"content":{"rendered":"<div data-elementor-type=\"wp-post\" data-elementor-id=\"16774\" class=\"elementor elementor-16774\" data-elementor-post-type=\"product\">\n\t\t\t\t\t\t<section class=\"elementor-section elementor-top-section elementor-element elementor-element-515c3683 elementor-section-boxed elementor-section-height-default elementor-section-height-default\" data-id=\"515c3683\" data-element_type=\"section\" data-e-type=\"section\">\n\t\t\t\t\t\t<div class=\"elementor-container elementor-column-gap-default\">\n\t\t\t\t\t<div class=\"elementor-column elementor-col-100 elementor-top-column elementor-element elementor-element-4ae13eb8\" data-id=\"4ae13eb8\" data-element_type=\"column\" data-e-type=\"column\">\n\t\t\t<div class=\"elementor-widget-wrap elementor-element-populated\">\n\t\t\t\t\t\t<div class=\"elementor-element elementor-element-3434a2e2 elementor-widget elementor-widget-text-editor\" data-id=\"3434a2e2\" data-element_type=\"widget\" data-e-type=\"widget\" data-widget_type=\"text-editor.default\">\n\t\t\t\t<div class=\"elementor-widget-container\">\n\t\t\t\t\t\t\t\t\t<strong>Estratto naturale di spaccapietre<\/strong>\u00a0da\u00a0<strong>Soria Naturale<\/strong>\u00a0particolarmente indicato per il trattamento e la prevenzione di problemi legati ai reni e alle vie urinarie. Viene utilizzato principalmente per prevenire e trattare <strong>calcoli renali<\/strong> o calcoli renali, favorendone lo scioglimento e l'eliminazione e contribuendo a migliorare il sistema urinario. \u00c8 efficace anche nelle infiammazioni del\u00a0<strong>prostata<\/strong>, Aiuta a ridurre il disagio e a migliorare il benessere di chi soffre di queste condizioni. Aiuta inoltre a regolare i livelli di <strong>acido urico nel sangue<\/strong>, prevenire l'accumulo di cristalli che possono causare disturbi o condizioni come la gotta.\t\t\t\t\t\t\t\t<\/div>\n\t\t\t\t<\/div>\n\t\t\t\t\t<\/div>\n\t\t<\/div>\n\t\t\t\t\t<\/div>\n\t\t<\/section>\n\t\t\t\t<\/div>","protected":false},"excerpt":{"rendered":"<p>Rompepiedras Extracto Natural\u00a0de\u00a0Soria Natural\u00a0especialmente indicado para el tratamiento y prevenci\u00f3n de problemas relacionados con los ri\u00f1ones y las v\u00edas urinarias. Se utiliza principalmente para prevenir y tratar los c\u00e1lculos renales o piedras en los ri\u00f1ones, favoreciendo la disoluci\u00f3n y eliminaci\u00f3n de estos, lo que contribuye a la mejora del sistema urinario. Adem\u00e1s es eficaz en [&hellip;]<\/p>\n","protected":false},"featured_media":16775,"comment_status":"closed","ping_status":"closed","template":"","meta":{"site-sidebar-layout":"default","site-content-layout":"","ast-site-content-layout":"default","site-content-style":"default","site-sidebar-style":"default","ast-global-header-display":"","ast-banner-title-visibility":"","ast-main-header-display":"","ast-hfb-above-header-display":"","ast-hfb-below-header-display":"","ast-hfb-mobile-header-display":"","site-post-title":"","ast-breadcrumbs-content":"","ast-featured-img":"","footer-sml-layout":"","ast-disable-related-posts":"","theme-transparent-header-meta":"default","adv-header-id-meta":"","stick-header-meta":"default","header-above-stick-meta":"","header-main-stick-meta":"","header-below-stick-meta":"","astra-migrate-meta-layouts":"set","ast-page-background-enabled":"default","ast-page-background-meta":{"desktop":{"background-color":"","background-image":"","background-repeat":"repeat","background-position":"center center","background-size":"auto","background-attachment":"scroll","background-type":"","background-media":"","overlay-type":"","overlay-color":"","overlay-opacity":"","overlay-gradient":""},"tablet":{"background-color":"","background-image":"","background-repeat":"repeat","background-position":"center center","background-size":"auto","background-attachment":"scroll","background-type":"","background-media":"","overlay-type":"","overlay-color":"","overlay-opacity":"","overlay-gradient":""},"mobile":{"background-color":"","background-image":"","background-repeat":"repeat","background-position":"center center","background-size":"auto","background-attachment":"scroll","background-type":"","background-media":"","overlay-type":"","overlay-color":"","overlay-opacity":"","overlay-gradient":""}},"ast-content-background-meta":{"desktop":{"background-color":"var(--ast-global-color-5)","background-image":"","background-repeat":"repeat","background-position":"center center","background-size":"auto","background-attachment":"scroll","background-type":"","background-media":"","overlay-type":"","overlay-color":"","overlay-opacity":"","overlay-gradient":""},"tablet":{"background-color":"var(--ast-global-color-5)","background-image":"","background-repeat":"repeat","background-position":"center center","background-size":"auto","background-attachment":"scroll","background-type":"","background-media":"","overlay-type":"","overlay-color":"","overlay-opacity":"","overlay-gradient":""},"mobile":{"background-color":"var(--ast-global-color-5)","background-image":"","background-repeat":"repeat","background-position":"center center","background-size":"auto","background-attachment":"scroll","background-type":"","background-media":"","overlay-type":"","overlay-color":"","overlay-opacity":"","overlay-gradient":""}},"_glsr_average":0,"_glsr_ranking":0,"_glsr_reviews":0},"product_brand":[],"product_cat":[331,368,377],"product_tag":[],"class_list":{"0":"post-16774","1":"product","2":"type-product","3":"status-publish","4":"has-post-thumbnail","6":"product_cat-herboristeria","7":"product_cat-salud-renal","8":"product_cat-sistema-urinario","9":"desktop-align-center","10":"tablet-align-center","11":"mobile-align-center","12":"ast-product-gallery-layout-horizontal","13":"ast-product-gallery-with-no-image","14":"ast-product-tabs-layout-horizontal","16":"first","17":"instock","18":"taxable","19":"shipping-taxable","20":"purchasable","21":"product-type-simple"},"_links":{"self":[{"href":"https:\/\/dioxvitae.es\/it\/wp-json\/wp\/v2\/product\/16774","targetHints":{"allow":["GET"]}}],"collection":[{"href":"https:\/\/dioxvitae.es\/it\/wp-json\/wp\/v2\/product"}],"about":[{"href":"https:\/\/dioxvitae.es\/it\/wp-json\/wp\/v2\/types\/product"}],"replies":[{"embeddable":true,"href":"https:\/\/dioxvitae.es\/it\/wp-json\/wp\/v2\/comments?post=16774"}],"version-history":[{"count":8,"href":"https:\/\/dioxvitae.es\/it\/wp-json\/wp\/v2\/product\/16774\/revisions"}],"predecessor-version":[{"id":16786,"href":"https:\/\/dioxvitae.es\/it\/wp-json\/wp\/v2\/product\/16774\/revisions\/16786"}],"wp:featuredmedia":[{"embeddable":true,"href":"https:\/\/dioxvitae.es\/it\/wp-json\/wp\/v2\/media\/16775"}],"wp:attachment":[{"href":"https:\/\/dioxvitae.es\/it\/wp-json\/wp\/v2\/media?parent=16774"}],"wp:term":[{"taxonomy":"product_brand","embeddable":true,"href":"https:\/\/dioxvitae.es\/it\/wp-json\/wp\/v2\/product_brand?post=16774"},{"taxonomy":"product_cat","embeddable":true,"href":"https:\/\/dioxvitae.es\/it\/wp-json\/wp\/v2\/product_cat?post=16774"},{"taxonomy":"product_tag","embeddable":true,"href":"https:\/\/dioxvitae.es\/it\/wp-json\/wp\/v2\/product_tag?post=16774"}],"curies":[{"name":"wp","href":"https:\/\/api.w.org\/{rel}","templated":true}]}}