{"id":14742,"date":"2025-04-14T10:35:11","date_gmt":"2025-04-14T08:35:11","guid":{"rendered":"https:\/\/www.dioxvitae.es\/coxan\/"},"modified":"2026-03-25T10:59:12","modified_gmt":"2026-03-25T08:59:12","slug":"coxan","status":"publish","type":"product","link":"https:\/\/dioxvitae.es\/it\/coxan\/","title":{"rendered":"Coxan"},"content":{"rendered":"<div data-elementor-type=\"wp-post\" data-elementor-id=\"14742\" class=\"elementor elementor-14742\" data-elementor-post-type=\"product\">\n\t\t\t\t\t\t<section class=\"elementor-section elementor-top-section elementor-element elementor-element-73348464 elementor-section-boxed elementor-section-height-default elementor-section-height-default\" data-id=\"73348464\" data-element_type=\"section\" data-e-type=\"section\">\n\t\t\t\t\t\t<div class=\"elementor-container elementor-column-gap-default\">\n\t\t\t\t\t<div class=\"elementor-column elementor-col-100 elementor-top-column elementor-element elementor-element-781f9cd5\" data-id=\"781f9cd5\" data-element_type=\"column\" data-e-type=\"column\">\n\t\t\t<div class=\"elementor-widget-wrap elementor-element-populated\">\n\t\t\t\t\t\t<div class=\"elementor-element elementor-element-42d5dc95 elementor-widget elementor-widget-text-editor\" data-id=\"42d5dc95\" data-element_type=\"widget\" data-e-type=\"widget\" data-widget_type=\"text-editor.default\">\n\t\t\t\t<div class=\"elementor-widget-container\">\n\t\t\t\t\t\t\t\t\t<h2>Che cos'\u00e8 il coxan?<\/h2><p>Integratore alimentare formulato con estratto di curcuma brevettato Curcuwin\u2122, zenzero, magnesio, vitamina C e acido ialuronico. \u00c8 indicato per la cura dell'apparato osteoarticolare e si distingue per la sua elevata biodisponibilit\u00e0, in quanto \u00e8 stato clinicamente dimostrato che l'estratto di Curcuwin\u2122 \u00e8 46 volte pi\u00f9 assorbibile della curcumina standard.<\/p><p>\u00a0<\/p><h2>Ingredienti<\/h2><p>Magnesio citrato, estratto secco di rizomi di curcuma (Curcuma longa L.) con Curcuwin\u2122, estratto secco di rizomi di zenzero (Zingiber officinale Rosc.), acido L-ascorbico (vitamina C), acido ialuronico, antiagglomerante (magnesio stearato), capsula a base vegetale (idrossipropilmetilcellulosa).<\/p><p>\u00a0<\/p><h2>Istruzioni per l'uso<\/h2><p>Assumere una capsula al mattino e una alla sera.<\/p><p>\u00a0<\/p><h2>Effetti positivi<\/h2><ul><li>Favorisce la salute delle articolazioni e dei muscoli.<\/li><li>Aiuta ad alleviare i processi degenerativi delle articolazioni.<\/li><li>Contribuisce alla formazione del collagene e alla normale funzione della cartilagine e delle ossa.<\/li><\/ul><p>\u00a0<\/p><h2>Presentazione<\/h2><p>Confezione da 60 capsule vegetali<\/p>\t\t\t\t\t\t\t\t<\/div>\n\t\t\t\t<\/div>\n\t\t\t\t\t<\/div>\n\t\t<\/div>\n\t\t\t\t\t<\/div>\n\t\t<\/section>\n\t\t\t\t<\/div>","protected":false},"excerpt":{"rendered":"<p>\u00abCoxan: Capsule con curcuma brevettata Curcuwin\u2122, zenzero e altri ingredienti che promuovono la salute delle articolazioni\u00bb.\u00bb<\/p>","protected":false},"featured_media":14363,"comment_status":"open","ping_status":"closed","template":"","meta":{"site-sidebar-layout":"default","site-content-layout":"","ast-site-content-layout":"default","site-content-style":"default","site-sidebar-style":"default","ast-global-header-display":"","ast-banner-title-visibility":"","ast-main-header-display":"","ast-hfb-above-header-display":"","ast-hfb-below-header-display":"","ast-hfb-mobile-header-display":"","site-post-title":"","ast-breadcrumbs-content":"","ast-featured-img":"","footer-sml-layout":"","ast-disable-related-posts":"","theme-transparent-header-meta":"default","adv-header-id-meta":"","stick-header-meta":"default","header-above-stick-meta":"","header-main-stick-meta":"","header-below-stick-meta":"","astra-migrate-meta-layouts":"set","ast-page-background-enabled":"default","ast-page-background-meta":{"desktop":{"background-color":"","background-image":"","background-repeat":"repeat","background-position":"center center","background-size":"auto","background-attachment":"scroll","background-type":"","background-media":"","overlay-type":"","overlay-color":"","overlay-opacity":"","overlay-gradient":""},"tablet":{"background-color":"","background-image":"","background-repeat":"repeat","background-position":"center center","background-size":"auto","background-attachment":"scroll","background-type":"","background-media":"","overlay-type":"","overlay-color":"","overlay-opacity":"","overlay-gradient":""},"mobile":{"background-color":"","background-image":"","background-repeat":"repeat","background-position":"center center","background-size":"auto","background-attachment":"scroll","background-type":"","background-media":"","overlay-type":"","overlay-color":"","overlay-opacity":"","overlay-gradient":""}},"ast-content-background-meta":{"desktop":{"background-color":"var(--ast-global-color-5)","background-image":"","background-repeat":"repeat","background-position":"center center","background-size":"auto","background-attachment":"scroll","background-type":"","background-media":"","overlay-type":"","overlay-color":"","overlay-opacity":"","overlay-gradient":""},"tablet":{"background-color":"var(--ast-global-color-5)","background-image":"","background-repeat":"repeat","background-position":"center center","background-size":"auto","background-attachment":"scroll","background-type":"","background-media":"","overlay-type":"","overlay-color":"","overlay-opacity":"","overlay-gradient":""},"mobile":{"background-color":"var(--ast-global-color-5)","background-image":"","background-repeat":"repeat","background-position":"center center","background-size":"auto","background-attachment":"scroll","background-type":"","background-media":"","overlay-type":"","overlay-color":"","overlay-opacity":"","overlay-gradient":""}},"_glsr_average":0,"_glsr_ranking":0,"_glsr_reviews":0},"product_brand":[],"product_cat":[343],"product_tag":[],"class_list":{"0":"post-14742","1":"product","2":"type-product","3":"status-publish","4":"has-post-thumbnail","6":"product_cat-huesos-y-articulaciones","7":"desktop-align-center","8":"tablet-align-center","9":"mobile-align-center","10":"ast-product-gallery-layout-horizontal","11":"ast-product-gallery-with-no-image","12":"ast-product-tabs-layout-horizontal","14":"first","15":"instock","16":"taxable","17":"shipping-taxable","18":"purchasable","19":"product-type-simple"},"_links":{"self":[{"href":"https:\/\/dioxvitae.es\/it\/wp-json\/wp\/v2\/product\/14742","targetHints":{"allow":["GET"]}}],"collection":[{"href":"https:\/\/dioxvitae.es\/it\/wp-json\/wp\/v2\/product"}],"about":[{"href":"https:\/\/dioxvitae.es\/it\/wp-json\/wp\/v2\/types\/product"}],"replies":[{"embeddable":true,"href":"https:\/\/dioxvitae.es\/it\/wp-json\/wp\/v2\/comments?post=14742"}],"version-history":[{"count":6,"href":"https:\/\/dioxvitae.es\/it\/wp-json\/wp\/v2\/product\/14742\/revisions"}],"predecessor-version":[{"id":19477,"href":"https:\/\/dioxvitae.es\/it\/wp-json\/wp\/v2\/product\/14742\/revisions\/19477"}],"wp:featuredmedia":[{"embeddable":true,"href":"https:\/\/dioxvitae.es\/it\/wp-json\/wp\/v2\/media\/14363"}],"wp:attachment":[{"href":"https:\/\/dioxvitae.es\/it\/wp-json\/wp\/v2\/media?parent=14742"}],"wp:term":[{"taxonomy":"product_brand","embeddable":true,"href":"https:\/\/dioxvitae.es\/it\/wp-json\/wp\/v2\/product_brand?post=14742"},{"taxonomy":"product_cat","embeddable":true,"href":"https:\/\/dioxvitae.es\/it\/wp-json\/wp\/v2\/product_cat?post=14742"},{"taxonomy":"product_tag","embeddable":true,"href":"https:\/\/dioxvitae.es\/it\/wp-json\/wp\/v2\/product_tag?post=14742"}],"curies":[{"name":"wp","href":"https:\/\/api.w.org\/{rel}","templated":true}]}}