{"id":14723,"date":"2025-04-14T10:35:07","date_gmt":"2025-04-14T08:35:07","guid":{"rendered":"https:\/\/www.dioxvitae.es\/aloe-vera-gel-1l\/"},"modified":"2026-03-17T18:14:14","modified_gmt":"2026-03-17T16:14:14","slug":"gel-di-aloe-vera-1l","status":"publish","type":"product","link":"https:\/\/dioxvitae.es\/it\/aloe-vera-gel-1l\/","title":{"rendered":"Gel di aloe vera 1L"},"content":{"rendered":"<div data-elementor-type=\"wp-post\" data-elementor-id=\"14723\" class=\"elementor elementor-14723\" data-elementor-post-type=\"product\">\n\t\t\t\t\t\t<section class=\"elementor-section elementor-top-section elementor-element elementor-element-5cf3256 elementor-section-boxed elementor-section-height-default elementor-section-height-default\" data-id=\"5cf3256\" data-element_type=\"section\" data-e-type=\"section\">\n\t\t\t\t\t\t<div class=\"elementor-container elementor-column-gap-default\">\n\t\t\t\t\t<div class=\"elementor-column elementor-col-100 elementor-top-column elementor-element elementor-element-7e2935b4\" data-id=\"7e2935b4\" data-element_type=\"column\" data-e-type=\"column\">\n\t\t\t<div class=\"elementor-widget-wrap elementor-element-populated\">\n\t\t\t\t\t\t<div class=\"elementor-element elementor-element-3a58ece2 elementor-widget elementor-widget-text-editor\" data-id=\"3a58ece2\" data-element_type=\"widget\" data-e-type=\"widget\" data-widget_type=\"text-editor.default\">\n\t\t\t\t<div class=\"elementor-widget-container\">\n\t\t\t\t\t\t\t\t\t<h2>Che cos'\u00e8 il gel di Aloe vera?<\/h2><p>Questo gel di Aloe Vera \u00e8 ottenuto dal succo di foglie fresche intere di Aloe barbadensis miller, con una consistenza pi\u00f9 densa grazie alle carragenine presenti in natura. Questa densit\u00e0 gli permette di aderire meglio alle pareti del tratto gastrointestinale, formando una pellicola protettiva durante il passaggio nello stomaco. \u00c8 una scelta eccellente per le persone con disfagia o sensibilit\u00e0 digestiva.<\/p><p>\u00a0<\/p><h2>Ingredienti<\/h2><p>Succo di foglie fresche intere di Aloe Vera (Aloe barbadensis miller), carragenine di origine naturale.<\/p><p>\u00a0<\/p><h2>Istruzioni per l'uso<\/h2><p>Consumare secondo il parere di un professionista.<br \/>Una volta aperto, conservare in frigorifero e consumare entro 45-60 giorni.<\/p><p>\u00a0<\/p><h2>Effetti positivi<\/h2><ul><li>Protegge la mucosa gastrica grazie alla sua consistenza aderente.<\/li><li>Favorisce il benessere digestivo.<\/li><li>Ideale nei casi di disfagia da liquidi.<\/li><\/ul><p>\u00a0<\/p><h2>Presentazione<\/h2><p>Contenitore da 1 litro<\/p>\t\t\t\t\t\t\t\t<\/div>\n\t\t\t\t<\/div>\n\t\t\t\t\t<\/div>\n\t\t<\/div>\n\t\t\t\t\t<\/div>\n\t\t<\/section>\n\t\t\t\t<\/div>","protected":false},"excerpt":{"rendered":"<p>\u00abGel di Aloe Vera dalla consistenza densa, ideale per proteggere la mucosa gastrica e facilitarne il consumo da parte di persone che hanno difficolt\u00e0 a deglutire i liquidi\u00bb.\u00bb<\/p>","protected":false},"featured_media":14341,"comment_status":"open","ping_status":"closed","template":"","meta":{"site-sidebar-layout":"default","site-content-layout":"","ast-site-content-layout":"default","site-content-style":"default","site-sidebar-style":"default","ast-global-header-display":"","ast-banner-title-visibility":"","ast-main-header-display":"","ast-hfb-above-header-display":"","ast-hfb-below-header-display":"","ast-hfb-mobile-header-display":"","site-post-title":"","ast-breadcrumbs-content":"","ast-featured-img":"","footer-sml-layout":"","ast-disable-related-posts":"","theme-transparent-header-meta":"default","adv-header-id-meta":"","stick-header-meta":"default","header-above-stick-meta":"","header-main-stick-meta":"","header-below-stick-meta":"","astra-migrate-meta-layouts":"set","ast-page-background-enabled":"default","ast-page-background-meta":{"desktop":{"background-color":"","background-image":"","background-repeat":"repeat","background-position":"center center","background-size":"auto","background-attachment":"scroll","background-type":"","background-media":"","overlay-type":"","overlay-color":"","overlay-opacity":"","overlay-gradient":""},"tablet":{"background-color":"","background-image":"","background-repeat":"repeat","background-position":"center center","background-size":"auto","background-attachment":"scroll","background-type":"","background-media":"","overlay-type":"","overlay-color":"","overlay-opacity":"","overlay-gradient":""},"mobile":{"background-color":"","background-image":"","background-repeat":"repeat","background-position":"center center","background-size":"auto","background-attachment":"scroll","background-type":"","background-media":"","overlay-type":"","overlay-color":"","overlay-opacity":"","overlay-gradient":""}},"ast-content-background-meta":{"desktop":{"background-color":"var(--ast-global-color-5)","background-image":"","background-repeat":"repeat","background-position":"center center","background-size":"auto","background-attachment":"scroll","background-type":"","background-media":"","overlay-type":"","overlay-color":"","overlay-opacity":"","overlay-gradient":""},"tablet":{"background-color":"var(--ast-global-color-5)","background-image":"","background-repeat":"repeat","background-position":"center center","background-size":"auto","background-attachment":"scroll","background-type":"","background-media":"","overlay-type":"","overlay-color":"","overlay-opacity":"","overlay-gradient":""},"mobile":{"background-color":"var(--ast-global-color-5)","background-image":"","background-repeat":"repeat","background-position":"center center","background-size":"auto","background-attachment":"scroll","background-type":"","background-media":"","overlay-type":"","overlay-color":"","overlay-opacity":"","overlay-gradient":""}},"_glsr_average":0,"_glsr_ranking":0,"_glsr_reviews":0},"product_brand":[],"product_cat":[334,336],"product_tag":[],"class_list":{"0":"post-14723","1":"product","2":"type-product","3":"status-publish","4":"has-post-thumbnail","6":"product_cat-cuidado-personal","7":"product_cat-sistema-digestivo","8":"desktop-align-center","9":"tablet-align-center","10":"mobile-align-center","11":"ast-product-gallery-layout-horizontal","12":"ast-product-gallery-with-no-image","13":"ast-product-tabs-layout-horizontal","15":"first","16":"instock","17":"taxable","18":"shipping-taxable","19":"purchasable","20":"product-type-simple"},"_links":{"self":[{"href":"https:\/\/dioxvitae.es\/it\/wp-json\/wp\/v2\/product\/14723","targetHints":{"allow":["GET"]}}],"collection":[{"href":"https:\/\/dioxvitae.es\/it\/wp-json\/wp\/v2\/product"}],"about":[{"href":"https:\/\/dioxvitae.es\/it\/wp-json\/wp\/v2\/types\/product"}],"replies":[{"embeddable":true,"href":"https:\/\/dioxvitae.es\/it\/wp-json\/wp\/v2\/comments?post=14723"}],"version-history":[{"count":5,"href":"https:\/\/dioxvitae.es\/it\/wp-json\/wp\/v2\/product\/14723\/revisions"}],"predecessor-version":[{"id":16344,"href":"https:\/\/dioxvitae.es\/it\/wp-json\/wp\/v2\/product\/14723\/revisions\/16344"}],"wp:featuredmedia":[{"embeddable":true,"href":"https:\/\/dioxvitae.es\/it\/wp-json\/wp\/v2\/media\/14341"}],"wp:attachment":[{"href":"https:\/\/dioxvitae.es\/it\/wp-json\/wp\/v2\/media?parent=14723"}],"wp:term":[{"taxonomy":"product_brand","embeddable":true,"href":"https:\/\/dioxvitae.es\/it\/wp-json\/wp\/v2\/product_brand?post=14723"},{"taxonomy":"product_cat","embeddable":true,"href":"https:\/\/dioxvitae.es\/it\/wp-json\/wp\/v2\/product_cat?post=14723"},{"taxonomy":"product_tag","embeddable":true,"href":"https:\/\/dioxvitae.es\/it\/wp-json\/wp\/v2\/product_tag?post=14723"}],"curies":[{"name":"wp","href":"https:\/\/api.w.org\/{rel}","templated":true}]}}