{"id":14700,"date":"2025-04-14T10:35:05","date_gmt":"2025-04-14T08:35:05","guid":{"rendered":"https:\/\/www.dioxvitae.es\/agua-de-mar-2-l\/"},"modified":"2026-02-09T12:24:13","modified_gmt":"2026-02-09T10:24:13","slug":"acqua-di-mare-2-l","status":"publish","type":"product","link":"https:\/\/dioxvitae.es\/it\/agua-de-mar-2-l\/","title":{"rendered":"ACQUA DI MARE 2L"},"content":{"rendered":"<div data-elementor-type=\"wp-post\" data-elementor-id=\"14700\" class=\"elementor elementor-14700\" data-elementor-post-type=\"product\">\n\t\t\t\t\t\t<section class=\"elementor-section elementor-top-section elementor-element elementor-element-73f21969 elementor-section-boxed elementor-section-height-default elementor-section-height-default\" data-id=\"73f21969\" data-element_type=\"section\" data-e-type=\"section\">\n\t\t\t\t\t\t<div class=\"elementor-container elementor-column-gap-default\">\n\t\t\t\t\t<div class=\"elementor-column elementor-col-100 elementor-top-column elementor-element elementor-element-314ea8ae\" data-id=\"314ea8ae\" data-element_type=\"column\" data-e-type=\"column\">\n\t\t\t<div class=\"elementor-widget-wrap elementor-element-populated\">\n\t\t\t\t\t\t<div class=\"elementor-element elementor-element-275d2da4 elementor-widget elementor-widget-text-editor\" data-id=\"275d2da4\" data-element_type=\"widget\" data-e-type=\"widget\" data-widget_type=\"text-editor.default\">\n\t\t\t\t<div class=\"elementor-widget-container\">\n\t\t\t\t\t\t\t\t\t<h2>Che cos'\u00e8 l'acqua di mare?<\/h2><p>L'acqua di mare \u00e8 una fonte naturale ricca di minerali essenziali per l'organismo. Con un'ampia variet\u00e0 di sostanze chimiche che favoriscono la salute, \u00e8 benefica sia per uso esterno che interno.<\/p><p>\u00a0<\/p><h2>Ingredienti<\/h2><p>Acqua di mare del Mediterraneo (100 %).<\/p><p>\u00a0<\/p><h2>Istruzioni per l'uso<\/h2><p>Si consiglia di consumare a piacere.<\/p><p>\u00a0<\/p><h2>Effetti positivi<\/h2><ul><li>Minerali essenziali come magnesio, calcio e potassio, che contribuiscono all'equilibrio minerale dell'organismo.<\/li><li>Benefici per la pelle: \u00e8 un idratante naturale che aiuta a mantenere la barriera cutanea.<\/li><li>Fornisce energia e vitalit\u00e0, favorendo il benessere generale dell'organismo.<\/li><\/ul><p>\u00a0<\/p><h2>Presentazione<\/h2><p>2 L<\/p>\t\t\t\t\t\t\t\t<\/div>\n\t\t\t\t<\/div>\n\t\t\t\t\t<\/div>\n\t\t<\/div>\n\t\t\t\t\t<\/div>\n\t\t<\/section>\n\t\t\t\t<\/div>","protected":false},"excerpt":{"rendered":"<p>\u00abAcqua di mare ricca di minerali essenziali, benefica per l'equilibrio minerale dell'organismo, l'idratazione della pelle e il benessere generale\u00bb.\u00bb<\/p>","protected":false},"featured_media":16826,"comment_status":"open","ping_status":"closed","template":"","meta":{"site-sidebar-layout":"default","site-content-layout":"","ast-site-content-layout":"default","site-content-style":"default","site-sidebar-style":"default","ast-global-header-display":"","ast-banner-title-visibility":"","ast-main-header-display":"","ast-hfb-above-header-display":"","ast-hfb-below-header-display":"","ast-hfb-mobile-header-display":"","site-post-title":"","ast-breadcrumbs-content":"","ast-featured-img":"","footer-sml-layout":"","ast-disable-related-posts":"","theme-transparent-header-meta":"default","adv-header-id-meta":"","stick-header-meta":"default","header-above-stick-meta":"","header-main-stick-meta":"","header-below-stick-meta":"","astra-migrate-meta-layouts":"set","ast-page-background-enabled":"default","ast-page-background-meta":{"desktop":{"background-color":"","background-image":"","background-repeat":"repeat","background-position":"center center","background-size":"auto","background-attachment":"scroll","background-type":"","background-media":"","overlay-type":"","overlay-color":"","overlay-opacity":"","overlay-gradient":""},"tablet":{"background-color":"","background-image":"","background-repeat":"repeat","background-position":"center center","background-size":"auto","background-attachment":"scroll","background-type":"","background-media":"","overlay-type":"","overlay-color":"","overlay-opacity":"","overlay-gradient":""},"mobile":{"background-color":"","background-image":"","background-repeat":"repeat","background-position":"center center","background-size":"auto","background-attachment":"scroll","background-type":"","background-media":"","overlay-type":"","overlay-color":"","overlay-opacity":"","overlay-gradient":""}},"ast-content-background-meta":{"desktop":{"background-color":"var(--ast-global-color-5)","background-image":"","background-repeat":"repeat","background-position":"center center","background-size":"auto","background-attachment":"scroll","background-type":"","background-media":"","overlay-type":"","overlay-color":"","overlay-opacity":"","overlay-gradient":""},"tablet":{"background-color":"var(--ast-global-color-5)","background-image":"","background-repeat":"repeat","background-position":"center center","background-size":"auto","background-attachment":"scroll","background-type":"","background-media":"","overlay-type":"","overlay-color":"","overlay-opacity":"","overlay-gradient":""},"mobile":{"background-color":"var(--ast-global-color-5)","background-image":"","background-repeat":"repeat","background-position":"center center","background-size":"auto","background-attachment":"scroll","background-type":"","background-media":"","overlay-type":"","overlay-color":"","overlay-opacity":"","overlay-gradient":""}},"_glsr_average":0,"_glsr_ranking":0,"_glsr_reviews":0},"product_brand":[],"product_cat":[362,363,351],"product_tag":[],"class_list":{"0":"post-14700","1":"product","2":"type-product","3":"status-publish","4":"has-post-thumbnail","6":"product_cat-bebidas-saludables","7":"product_cat-bienestar-general","8":"product_cat-vitaminas-y-minerales","9":"product_shipping_class-pesados","10":"desktop-align-center","11":"tablet-align-center","12":"mobile-align-center","13":"ast-product-gallery-layout-horizontal","14":"ast-product-gallery-with-no-image","15":"ast-product-tabs-layout-horizontal","17":"first","18":"instock","19":"taxable","20":"shipping-taxable","21":"purchasable","22":"product-type-simple"},"_links":{"self":[{"href":"https:\/\/dioxvitae.es\/it\/wp-json\/wp\/v2\/product\/14700","targetHints":{"allow":["GET"]}}],"collection":[{"href":"https:\/\/dioxvitae.es\/it\/wp-json\/wp\/v2\/product"}],"about":[{"href":"https:\/\/dioxvitae.es\/it\/wp-json\/wp\/v2\/types\/product"}],"replies":[{"embeddable":true,"href":"https:\/\/dioxvitae.es\/it\/wp-json\/wp\/v2\/comments?post=14700"}],"version-history":[{"count":7,"href":"https:\/\/dioxvitae.es\/it\/wp-json\/wp\/v2\/product\/14700\/revisions"}],"predecessor-version":[{"id":16370,"href":"https:\/\/dioxvitae.es\/it\/wp-json\/wp\/v2\/product\/14700\/revisions\/16370"}],"wp:featuredmedia":[{"embeddable":true,"href":"https:\/\/dioxvitae.es\/it\/wp-json\/wp\/v2\/media\/16826"}],"wp:attachment":[{"href":"https:\/\/dioxvitae.es\/it\/wp-json\/wp\/v2\/media?parent=14700"}],"wp:term":[{"taxonomy":"product_brand","embeddable":true,"href":"https:\/\/dioxvitae.es\/it\/wp-json\/wp\/v2\/product_brand?post=14700"},{"taxonomy":"product_cat","embeddable":true,"href":"https:\/\/dioxvitae.es\/it\/wp-json\/wp\/v2\/product_cat?post=14700"},{"taxonomy":"product_tag","embeddable":true,"href":"https:\/\/dioxvitae.es\/it\/wp-json\/wp\/v2\/product_tag?post=14700"}],"curies":[{"name":"wp","href":"https:\/\/api.w.org\/{rel}","templated":true}]}}