{"id":14696,"date":"2025-04-14T10:35:05","date_gmt":"2025-04-14T08:35:05","guid":{"rendered":"https:\/\/www.dioxvitae.es\/suero-acido-hialuronico-complex\/"},"modified":"2026-03-18T14:58:54","modified_gmt":"2026-03-18T12:58:54","slug":"siero-complesso-allacido-ialuronico","status":"publish","type":"product","link":"https:\/\/dioxvitae.es\/it\/suero-acido-hialuronico-complex\/","title":{"rendered":"Siero complesso all'acido ialuronico"},"content":{"rendered":"<div data-elementor-type=\"wp-post\" data-elementor-id=\"14696\" class=\"elementor elementor-14696\" data-elementor-post-type=\"product\">\n\t\t\t\t\t\t<section class=\"elementor-section elementor-top-section elementor-element elementor-element-15a0f77f elementor-section-boxed elementor-section-height-default elementor-section-height-default\" data-id=\"15a0f77f\" data-element_type=\"section\" data-e-type=\"section\">\n\t\t\t\t\t\t<div class=\"elementor-container elementor-column-gap-default\">\n\t\t\t\t\t<div class=\"elementor-column elementor-col-100 elementor-top-column elementor-element elementor-element-467fc8d8\" data-id=\"467fc8d8\" data-element_type=\"column\" data-e-type=\"column\">\n\t\t\t<div class=\"elementor-widget-wrap elementor-element-populated\">\n\t\t\t\t\t\t<div class=\"elementor-element elementor-element-55ffd0a2 elementor-widget elementor-widget-text-editor\" data-id=\"55ffd0a2\" data-element_type=\"widget\" data-e-type=\"widget\" data-widget_type=\"text-editor.default\">\n\t\t\t\t<div class=\"elementor-widget-container\">\n\t\t\t\t\t\t\t\t\t<h2>Che cos'\u00e8 il siero complesso all'acido ialuronico?<\/h2><p>Trattamento intensivo del contorno occhi formulato con 2 % di acido ialuronico puro a basso peso molecolare, collagene di acacia e idrolati organici di vite rossa, avena e fiori d'arancio. La sua formula avanzata aiuta ad attenuare le rughe, a combattere il rilassamento delle palpebre e a fornire un visibile effetto rassodante.<\/p><p>Grazie alla sua azione antiossidante e idratante, rafforza la barriera cutanea e previene la perdita di acqua transepidermica, migliorando l'elasticit\u00e0 della pelle. Arricchito con pantenolo e acqua minerale di sorgente, mantiene il pH ottimale della pelle senza bisogno di conservanti convenzionali.<\/p><p>\u00a0<\/p><h2>Ingredienti<\/h2><p>Acido ialuronico puro (2 %): massima concentrazione per idratare in profondit\u00e0 e trattare le rughe marcate. Collagene di acacia: complesso vegetale che migliora la compattezza e l'elasticit\u00e0. Idrolisati biologici di vite rossa, avena e fiori d'arancio: propriet\u00e0 lenitive, antiossidanti e rivitalizzanti. Pantenolo e acqua minerale di sorgente: mantengono l'idratazione e l'equilibrio del pH cutaneo. INCI: Aqua, Avena Sativa Kernel Water, Vitis Vinifera Leaf Water, Propanediol, Citrus Sinensis Flower Water, Pentylene Glycol, Sodium Hyaluronate, Panthenol, Acacia Seyal Gum Extract, Caprylyl Glycol, Tocopherol, Glycerin, Ethylhexylglycerin, Citric Acid, Lactic Acid, Potassium Sorbate, Tetrasodium Glutamate Diacetate.<\/p><p>\u00a0<\/p><h2>Istruzioni per l'uso<\/h2><p>Applicare sul contorno occhi con la punta delle dita, picchiettando delicatamente per favorire l'assorbimento. Utilizzare due volte al giorno, mattina e sera. Adatto a tutti i tipi di pelle.<\/p><p>\u00a0<\/p><h2>Effetti positivi<\/h2><ul><li>Riduzione delle rughe e dei segni di espressione.<\/li><li>Rassoda e combatte la flaccidit\u00e0 delle palpebre.<\/li><li>Idratazione profonda e duratura.<\/li><li>Rafforza la barriera cutanea e migliora l'elasticit\u00e0.<\/li><li>Aumenta la compattezza e l'elasticit\u00e0 in poche ore.<\/li><\/ul><p>\u00a0<\/p><h2>Presentazione<\/h2><p>Contenitore da 15 ml.<\/p>\t\t\t\t\t\t\t\t<\/div>\n\t\t\t\t<\/div>\n\t\t\t\t\t<\/div>\n\t\t<\/div>\n\t\t\t\t\t<\/div>\n\t\t<\/section>\n\t\t\t\t<\/div>","protected":false},"excerpt":{"rendered":"<p>\u00abTrattamento intensivo per il contorno occhi con acido ialuronico, collagene d'acacia e idrolati organici, che riduce le rughe, combatte il rilassamento e fornisce un'idratazione profonda.\u00bb<\/p>","protected":false},"featured_media":14310,"comment_status":"open","ping_status":"closed","template":"","meta":{"site-sidebar-layout":"default","site-content-layout":"","ast-site-content-layout":"default","site-content-style":"default","site-sidebar-style":"default","ast-global-header-display":"","ast-banner-title-visibility":"","ast-main-header-display":"","ast-hfb-above-header-display":"","ast-hfb-below-header-display":"","ast-hfb-mobile-header-display":"","site-post-title":"","ast-breadcrumbs-content":"","ast-featured-img":"","footer-sml-layout":"","ast-disable-related-posts":"","theme-transparent-header-meta":"default","adv-header-id-meta":"","stick-header-meta":"default","header-above-stick-meta":"","header-main-stick-meta":"","header-below-stick-meta":"","astra-migrate-meta-layouts":"set","ast-page-background-enabled":"default","ast-page-background-meta":{"desktop":{"background-color":"","background-image":"","background-repeat":"repeat","background-position":"center center","background-size":"auto","background-attachment":"scroll","background-type":"","background-media":"","overlay-type":"","overlay-color":"","overlay-opacity":"","overlay-gradient":""},"tablet":{"background-color":"","background-image":"","background-repeat":"repeat","background-position":"center center","background-size":"auto","background-attachment":"scroll","background-type":"","background-media":"","overlay-type":"","overlay-color":"","overlay-opacity":"","overlay-gradient":""},"mobile":{"background-color":"","background-image":"","background-repeat":"repeat","background-position":"center center","background-size":"auto","background-attachment":"scroll","background-type":"","background-media":"","overlay-type":"","overlay-color":"","overlay-opacity":"","overlay-gradient":""}},"ast-content-background-meta":{"desktop":{"background-color":"var(--ast-global-color-5)","background-image":"","background-repeat":"repeat","background-position":"center center","background-size":"auto","background-attachment":"scroll","background-type":"","background-media":"","overlay-type":"","overlay-color":"","overlay-opacity":"","overlay-gradient":""},"tablet":{"background-color":"var(--ast-global-color-5)","background-image":"","background-repeat":"repeat","background-position":"center center","background-size":"auto","background-attachment":"scroll","background-type":"","background-media":"","overlay-type":"","overlay-color":"","overlay-opacity":"","overlay-gradient":""},"mobile":{"background-color":"var(--ast-global-color-5)","background-image":"","background-repeat":"repeat","background-position":"center center","background-size":"auto","background-attachment":"scroll","background-type":"","background-media":"","overlay-type":"","overlay-color":"","overlay-opacity":"","overlay-gradient":""}},"_glsr_average":0,"_glsr_ranking":0,"_glsr_reviews":0},"product_brand":[],"product_cat":[15],"product_tag":[],"class_list":{"0":"post-14696","1":"product","2":"type-product","3":"status-publish","4":"has-post-thumbnail","6":"product_cat-sin-categorizar","7":"desktop-align-center","8":"tablet-align-center","9":"mobile-align-center","10":"ast-product-gallery-layout-horizontal","11":"ast-product-gallery-with-no-image","12":"ast-product-tabs-layout-horizontal","14":"first","15":"instock","16":"taxable","17":"shipping-taxable","18":"purchasable","19":"product-type-simple"},"_links":{"self":[{"href":"https:\/\/dioxvitae.es\/it\/wp-json\/wp\/v2\/product\/14696","targetHints":{"allow":["GET"]}}],"collection":[{"href":"https:\/\/dioxvitae.es\/it\/wp-json\/wp\/v2\/product"}],"about":[{"href":"https:\/\/dioxvitae.es\/it\/wp-json\/wp\/v2\/types\/product"}],"replies":[{"embeddable":true,"href":"https:\/\/dioxvitae.es\/it\/wp-json\/wp\/v2\/comments?post=14696"}],"version-history":[{"count":5,"href":"https:\/\/dioxvitae.es\/it\/wp-json\/wp\/v2\/product\/14696\/revisions"}],"predecessor-version":[{"id":16443,"href":"https:\/\/dioxvitae.es\/it\/wp-json\/wp\/v2\/product\/14696\/revisions\/16443"}],"wp:featuredmedia":[{"embeddable":true,"href":"https:\/\/dioxvitae.es\/it\/wp-json\/wp\/v2\/media\/14310"}],"wp:attachment":[{"href":"https:\/\/dioxvitae.es\/it\/wp-json\/wp\/v2\/media?parent=14696"}],"wp:term":[{"taxonomy":"product_brand","embeddable":true,"href":"https:\/\/dioxvitae.es\/it\/wp-json\/wp\/v2\/product_brand?post=14696"},{"taxonomy":"product_cat","embeddable":true,"href":"https:\/\/dioxvitae.es\/it\/wp-json\/wp\/v2\/product_cat?post=14696"},{"taxonomy":"product_tag","embeddable":true,"href":"https:\/\/dioxvitae.es\/it\/wp-json\/wp\/v2\/product_tag?post=14696"}],"curies":[{"name":"wp","href":"https:\/\/api.w.org\/{rel}","templated":true}]}}