{"id":14681,"date":"2025-04-14T10:35:01","date_gmt":"2025-04-14T08:35:01","guid":{"rendered":"https:\/\/www.dioxvitae.es\/aceite-esencial-de-arbol-de-te\/"},"modified":"2026-03-18T13:03:02","modified_gmt":"2026-03-18T11:03:02","slug":"olio-essenziale-di-tea-tree","status":"publish","type":"product","link":"https:\/\/dioxvitae.es\/it\/aceite-esencial-de-arbol-de-te\/","title":{"rendered":"Olio essenziale di Tea Tree 15ml"},"content":{"rendered":"<div data-elementor-type=\"wp-post\" data-elementor-id=\"14681\" class=\"elementor elementor-14681\" data-elementor-post-type=\"product\">\n\t\t\t\t\t\t<section class=\"elementor-section elementor-top-section elementor-element elementor-element-43b2fad4 elementor-section-boxed elementor-section-height-default elementor-section-height-default\" data-id=\"43b2fad4\" data-element_type=\"section\" data-e-type=\"section\">\n\t\t\t\t\t\t<div class=\"elementor-container elementor-column-gap-default\">\n\t\t\t\t\t<div class=\"elementor-column elementor-col-100 elementor-top-column elementor-element elementor-element-22e38e6c\" data-id=\"22e38e6c\" data-element_type=\"column\" data-e-type=\"column\">\n\t\t\t<div class=\"elementor-widget-wrap elementor-element-populated\">\n\t\t\t\t\t\t<div class=\"elementor-element elementor-element-2de08bfd elementor-widget elementor-widget-text-editor\" data-id=\"2de08bfd\" data-element_type=\"widget\" data-e-type=\"widget\" data-widget_type=\"text-editor.default\">\n\t\t\t\t<div class=\"elementor-widget-container\">\n\t\t\t\t\t\t\t\t\t<h2>Che cos'\u00e8 l'olio essenziale di Tea Tree?<\/h2><p>L'olio essenziale di Tea Tree MARNYS\u00ae \u00e8 100% puro e naturale, di origine australiana, e viene chemiotipizzato per garantirne la qualit\u00e0 e le propriet\u00e0. Ottenuto per distillazione in corrente di vapore, questo olio essenziale conserva la sua composizione naturale e non \u00e8 stato denaturato o miscelato con altri oli, garantendo cos\u00ec la sua efficacia.<\/p><p>\u00a0<\/p><h2>Ingredienti<\/h2><p>Olio essenziale di Tea Tree (Melaleuca alternifolia)<br \/>Contiene i chemiotipi: terpinene-4olo e \u03b3-terpinene.<\/p><p>\u00a0<\/p><h2>Istruzioni per l'uso<\/h2><p>Assumere 1-2 gocce di olio diluite in 250 g di alimento (succo, infuso, insalata, ecc.), massimo una volta al giorno. Diluire sempre prima del consumo.<\/p><p>\u00a0<\/p><h2>Effetti positivi<\/h2><ul><li>Propriet\u00e0 antisettiche e antimicrobiche che possono favorire la salute delle vie respiratorie e dell'apparato digerente.<\/li><li>Aroma naturale che aggiunge un tocco fresco e rilassante a tisane, zuppe o brodi.<\/li><\/ul><p>\u00a0<\/p><h2>Presentazione<\/h2><p>Contenitore da 15 ml<\/p>\t\t\t\t\t\t\t\t<\/div>\n\t\t\t\t<\/div>\n\t\t\t\t\t<\/div>\n\t\t<\/div>\n\t\t\t\t\t<\/div>\n\t\t<\/section>\n\t\t\t\t<\/div>","protected":false},"excerpt":{"rendered":"<p>\u00abL'olio essenziale di Tea Tree MARNYS\u00ae \u00e8 puro al 100%, con propriet\u00e0 antisettiche e un profumo fresco ideale per uso interno diluito\u00bb.\u00bb<\/p>","protected":false},"featured_media":14293,"comment_status":"open","ping_status":"closed","template":"","meta":{"site-sidebar-layout":"default","site-content-layout":"","ast-site-content-layout":"default","site-content-style":"default","site-sidebar-style":"default","ast-global-header-display":"","ast-banner-title-visibility":"","ast-main-header-display":"","ast-hfb-above-header-display":"","ast-hfb-below-header-display":"","ast-hfb-mobile-header-display":"","site-post-title":"","ast-breadcrumbs-content":"","ast-featured-img":"","footer-sml-layout":"","ast-disable-related-posts":"","theme-transparent-header-meta":"default","adv-header-id-meta":"","stick-header-meta":"default","header-above-stick-meta":"","header-main-stick-meta":"","header-below-stick-meta":"","astra-migrate-meta-layouts":"set","ast-page-background-enabled":"default","ast-page-background-meta":{"desktop":{"background-color":"","background-image":"","background-repeat":"repeat","background-position":"center center","background-size":"auto","background-attachment":"scroll","background-type":"","background-media":"","overlay-type":"","overlay-color":"","overlay-opacity":"","overlay-gradient":""},"tablet":{"background-color":"","background-image":"","background-repeat":"repeat","background-position":"center center","background-size":"auto","background-attachment":"scroll","background-type":"","background-media":"","overlay-type":"","overlay-color":"","overlay-opacity":"","overlay-gradient":""},"mobile":{"background-color":"","background-image":"","background-repeat":"repeat","background-position":"center center","background-size":"auto","background-attachment":"scroll","background-type":"","background-media":"","overlay-type":"","overlay-color":"","overlay-opacity":"","overlay-gradient":""}},"ast-content-background-meta":{"desktop":{"background-color":"var(--ast-global-color-5)","background-image":"","background-repeat":"repeat","background-position":"center center","background-size":"auto","background-attachment":"scroll","background-type":"","background-media":"","overlay-type":"","overlay-color":"","overlay-opacity":"","overlay-gradient":""},"tablet":{"background-color":"var(--ast-global-color-5)","background-image":"","background-repeat":"repeat","background-position":"center center","background-size":"auto","background-attachment":"scroll","background-type":"","background-media":"","overlay-type":"","overlay-color":"","overlay-opacity":"","overlay-gradient":""},"mobile":{"background-color":"var(--ast-global-color-5)","background-image":"","background-repeat":"repeat","background-position":"center center","background-size":"auto","background-attachment":"scroll","background-type":"","background-media":"","overlay-type":"","overlay-color":"","overlay-opacity":"","overlay-gradient":""}},"_glsr_average":0,"_glsr_ranking":0,"_glsr_reviews":0},"product_brand":[],"product_cat":[338,334,331,346,375,369,337],"product_tag":[],"class_list":{"0":"post-14681","1":"product","2":"type-product","3":"status-publish","4":"has-post-thumbnail","6":"product_cat-sistema-respiratorio","7":"product_cat-cuidado-personal","8":"product_cat-herboristeria","9":"product_cat-salud-capilar-y-cutanea","10":"product_cat-salud-capilar-y-cutanea-herboristeria","11":"product_cat-salud-dental","12":"product_cat-sistema-inmune","13":"desktop-align-center","14":"tablet-align-center","15":"mobile-align-center","16":"ast-product-gallery-layout-horizontal","17":"ast-product-gallery-with-no-image","18":"ast-product-tabs-layout-horizontal","20":"first","21":"instock","22":"taxable","23":"shipping-taxable","24":"purchasable","25":"product-type-simple"},"_links":{"self":[{"href":"https:\/\/dioxvitae.es\/it\/wp-json\/wp\/v2\/product\/14681","targetHints":{"allow":["GET"]}}],"collection":[{"href":"https:\/\/dioxvitae.es\/it\/wp-json\/wp\/v2\/product"}],"about":[{"href":"https:\/\/dioxvitae.es\/it\/wp-json\/wp\/v2\/types\/product"}],"replies":[{"embeddable":true,"href":"https:\/\/dioxvitae.es\/it\/wp-json\/wp\/v2\/comments?post=14681"}],"version-history":[{"count":7,"href":"https:\/\/dioxvitae.es\/it\/wp-json\/wp\/v2\/product\/14681\/revisions"}],"predecessor-version":[{"id":17255,"href":"https:\/\/dioxvitae.es\/it\/wp-json\/wp\/v2\/product\/14681\/revisions\/17255"}],"wp:featuredmedia":[{"embeddable":true,"href":"https:\/\/dioxvitae.es\/it\/wp-json\/wp\/v2\/media\/14293"}],"wp:attachment":[{"href":"https:\/\/dioxvitae.es\/it\/wp-json\/wp\/v2\/media?parent=14681"}],"wp:term":[{"taxonomy":"product_brand","embeddable":true,"href":"https:\/\/dioxvitae.es\/it\/wp-json\/wp\/v2\/product_brand?post=14681"},{"taxonomy":"product_cat","embeddable":true,"href":"https:\/\/dioxvitae.es\/it\/wp-json\/wp\/v2\/product_cat?post=14681"},{"taxonomy":"product_tag","embeddable":true,"href":"https:\/\/dioxvitae.es\/it\/wp-json\/wp\/v2\/product_tag?post=14681"}],"curies":[{"name":"wp","href":"https:\/\/api.w.org\/{rel}","templated":true}]}}