{"id":14679,"date":"2025-04-14T10:35:00","date_gmt":"2025-04-14T08:35:00","guid":{"rendered":"https:\/\/www.dioxvitae.es\/aceite-revitalizante-de-rosa-mosqueta\/"},"modified":"2026-03-18T13:34:35","modified_gmt":"2026-03-18T11:34:35","slug":"olio-di-rosa-mosqueta-rivitalizzante","status":"publish","type":"product","link":"https:\/\/dioxvitae.es\/it\/aceite-revitalizante-de-rosa-mosqueta\/","title":{"rendered":"Olio di rosa mosqueta rivitalizzante"},"content":{"rendered":"<div data-elementor-type=\"wp-post\" data-elementor-id=\"14679\" class=\"elementor elementor-14679\" data-elementor-post-type=\"product\">\n\t\t\t\t\t\t<section class=\"elementor-section elementor-top-section elementor-element elementor-element-2728a4d7 elementor-section-boxed elementor-section-height-default elementor-section-height-default\" data-id=\"2728a4d7\" data-element_type=\"section\" data-e-type=\"section\">\n\t\t\t\t\t\t<div class=\"elementor-container elementor-column-gap-default\">\n\t\t\t\t\t<div class=\"elementor-column elementor-col-100 elementor-top-column elementor-element elementor-element-76326f20\" data-id=\"76326f20\" data-element_type=\"column\" data-e-type=\"column\">\n\t\t\t<div class=\"elementor-widget-wrap elementor-element-populated\">\n\t\t\t\t\t\t<div class=\"elementor-element elementor-element-209ba1ea elementor-widget elementor-widget-text-editor\" data-id=\"209ba1ea\" data-element_type=\"widget\" data-e-type=\"widget\" data-widget_type=\"text-editor.default\">\n\t\t\t\t<div class=\"elementor-widget-container\">\n\t\t\t\t\t\t\t\t\t<h2>Che cos'\u00e8 l'olio rivitalizzante di rosa canina?<\/h2><p>MARNYS\u00ae Rosa Moschata Revitalising Oil \u00e8 un olio vegetale 100% ottenuto dai semi di Rosa moschata, originaria del Cile. \u00c8 formulato per pelli mature e fotoinvecchiate, per migliorare l'aspetto di cicatrici, smagliature e rughe, ed \u00e8 ideale per l'applicazione dopo l'esposizione al sole.<\/p><p>\u00a0<\/p><h2>Ingredienti<\/h2><p>Olio di rosa mosqueta, tocoferolo (vitamina E), beta-carotene<\/p><p>\u00a0<\/p><h2>Istruzioni per l'uso<\/h2><p>Applicare sulla pelle pulita di viso e collo una o due volte al giorno con un leggero massaggio fino a completo assorbimento. Pu\u00f2 essere applicato anche sul corpo.<\/p><p>\u00a0<\/p><h2>Effetti positivi<\/h2><ul><li>Rigenera, idrata e ripristina l'elasticit\u00e0 della pelle.<\/li><li>Ideale per tutti i tipi di pelle, in particolare per quelle secche, mature e sensibili.<\/li><li>Aiuta a migliorare l'aspetto di cicatrici, smagliature e rughe.<\/li><li>Contiene Omega 3, 6 e 9, che favoriscono la rigenerazione e la nutrizione della pelle.<\/li><li>Il betacarotene aiuta a prevenire i segni dell'invecchiamento.<\/li><\/ul><p>\u00a0<\/p><h2>Presentazione<\/h2><p>Flacone da 30 ml con pipetta<\/p>\t\t\t\t\t\t\t\t<\/div>\n\t\t\t\t<\/div>\n\t\t\t\t\t<\/div>\n\t\t<\/div>\n\t\t\t\t\t<\/div>\n\t\t<\/section>\n\t\t\t\t<\/div>","protected":false},"excerpt":{"rendered":"<p>\u00abMARNYS\u00ae Rosehip Revitalising Oil rigenera e nutre la pelle, migliorando cicatrici, smagliature e segni del tempo\u00bb.\u00bb<\/p>","protected":false},"featured_media":14291,"comment_status":"open","ping_status":"closed","template":"","meta":{"site-sidebar-layout":"default","site-content-layout":"","ast-site-content-layout":"default","site-content-style":"default","site-sidebar-style":"default","ast-global-header-display":"","ast-banner-title-visibility":"","ast-main-header-display":"","ast-hfb-above-header-display":"","ast-hfb-below-header-display":"","ast-hfb-mobile-header-display":"","site-post-title":"","ast-breadcrumbs-content":"","ast-featured-img":"","footer-sml-layout":"","ast-disable-related-posts":"","theme-transparent-header-meta":"default","adv-header-id-meta":"","stick-header-meta":"default","header-above-stick-meta":"","header-main-stick-meta":"","header-below-stick-meta":"","astra-migrate-meta-layouts":"set","ast-page-background-enabled":"default","ast-page-background-meta":{"desktop":{"background-color":"","background-image":"","background-repeat":"repeat","background-position":"center center","background-size":"auto","background-attachment":"scroll","background-type":"","background-media":"","overlay-type":"","overlay-color":"","overlay-opacity":"","overlay-gradient":""},"tablet":{"background-color":"","background-image":"","background-repeat":"repeat","background-position":"center center","background-size":"auto","background-attachment":"scroll","background-type":"","background-media":"","overlay-type":"","overlay-color":"","overlay-opacity":"","overlay-gradient":""},"mobile":{"background-color":"","background-image":"","background-repeat":"repeat","background-position":"center center","background-size":"auto","background-attachment":"scroll","background-type":"","background-media":"","overlay-type":"","overlay-color":"","overlay-opacity":"","overlay-gradient":""}},"ast-content-background-meta":{"desktop":{"background-color":"var(--ast-global-color-5)","background-image":"","background-repeat":"repeat","background-position":"center center","background-size":"auto","background-attachment":"scroll","background-type":"","background-media":"","overlay-type":"","overlay-color":"","overlay-opacity":"","overlay-gradient":""},"tablet":{"background-color":"var(--ast-global-color-5)","background-image":"","background-repeat":"repeat","background-position":"center center","background-size":"auto","background-attachment":"scroll","background-type":"","background-media":"","overlay-type":"","overlay-color":"","overlay-opacity":"","overlay-gradient":""},"mobile":{"background-color":"var(--ast-global-color-5)","background-image":"","background-repeat":"repeat","background-position":"center center","background-size":"auto","background-attachment":"scroll","background-type":"","background-media":"","overlay-type":"","overlay-color":"","overlay-opacity":"","overlay-gradient":""}},"_glsr_average":0,"_glsr_ranking":0,"_glsr_reviews":0},"product_brand":[],"product_cat":[15],"product_tag":[],"class_list":{"0":"post-14679","1":"product","2":"type-product","3":"status-publish","4":"has-post-thumbnail","6":"product_cat-sin-categorizar","7":"desktop-align-center","8":"tablet-align-center","9":"mobile-align-center","10":"ast-product-gallery-layout-horizontal","11":"ast-product-gallery-with-no-image","12":"ast-product-tabs-layout-horizontal","14":"first","15":"instock","16":"taxable","17":"shipping-taxable","18":"purchasable","19":"product-type-simple"},"_links":{"self":[{"href":"https:\/\/dioxvitae.es\/it\/wp-json\/wp\/v2\/product\/14679","targetHints":{"allow":["GET"]}}],"collection":[{"href":"https:\/\/dioxvitae.es\/it\/wp-json\/wp\/v2\/product"}],"about":[{"href":"https:\/\/dioxvitae.es\/it\/wp-json\/wp\/v2\/types\/product"}],"replies":[{"embeddable":true,"href":"https:\/\/dioxvitae.es\/it\/wp-json\/wp\/v2\/comments?post=14679"}],"version-history":[{"count":5,"href":"https:\/\/dioxvitae.es\/it\/wp-json\/wp\/v2\/product\/14679\/revisions"}],"predecessor-version":[{"id":16037,"href":"https:\/\/dioxvitae.es\/it\/wp-json\/wp\/v2\/product\/14679\/revisions\/16037"}],"wp:featuredmedia":[{"embeddable":true,"href":"https:\/\/dioxvitae.es\/it\/wp-json\/wp\/v2\/media\/14291"}],"wp:attachment":[{"href":"https:\/\/dioxvitae.es\/it\/wp-json\/wp\/v2\/media?parent=14679"}],"wp:term":[{"taxonomy":"product_brand","embeddable":true,"href":"https:\/\/dioxvitae.es\/it\/wp-json\/wp\/v2\/product_brand?post=14679"},{"taxonomy":"product_cat","embeddable":true,"href":"https:\/\/dioxvitae.es\/it\/wp-json\/wp\/v2\/product_cat?post=14679"},{"taxonomy":"product_tag","embeddable":true,"href":"https:\/\/dioxvitae.es\/it\/wp-json\/wp\/v2\/product_tag?post=14679"}],"curies":[{"name":"wp","href":"https:\/\/api.w.org\/{rel}","templated":true}]}}