{"id":14670,"date":"2025-04-14T10:35:00","date_gmt":"2025-04-14T08:35:00","guid":{"rendered":"https:\/\/www.dioxvitae.es\/aprolis-pec-jarabe\/"},"modified":"2026-03-18T13:14:35","modified_gmt":"2026-03-18T11:14:35","slug":"aprolis-pec-sciroppo","status":"publish","type":"product","link":"https:\/\/dioxvitae.es\/it\/aprolis-pec-jarabe\/","title":{"rendered":"Sciroppo Aprolis PEC"},"content":{"rendered":"<div data-elementor-type=\"wp-post\" data-elementor-id=\"14670\" class=\"elementor elementor-14670\" data-elementor-post-type=\"product\">\n\t\t\t\t\t\t<section class=\"elementor-section elementor-top-section elementor-element elementor-element-b267b9b elementor-section-boxed elementor-section-height-default elementor-section-height-default\" data-id=\"b267b9b\" data-element_type=\"section\" data-e-type=\"section\">\n\t\t\t\t\t\t<div class=\"elementor-container elementor-column-gap-default\">\n\t\t\t\t\t<div class=\"elementor-column elementor-col-100 elementor-top-column elementor-element elementor-element-3f303f68\" data-id=\"3f303f68\" data-element_type=\"column\" data-e-type=\"column\">\n\t\t\t<div class=\"elementor-widget-wrap elementor-element-populated\">\n\t\t\t\t\t\t<div class=\"elementor-element elementor-element-2e3ffcef elementor-widget elementor-widget-text-editor\" data-id=\"2e3ffcef\" data-element_type=\"widget\" data-e-type=\"widget\" data-widget_type=\"text-editor.default\">\n\t\t\t\t<div class=\"elementor-widget-container\">\n\t\t\t\t\t\t\t\t\t<h2>Che cos'\u00e8 Aprolis PEC?<\/h2><p>Aprolis PEC \u00e8 uno sciroppo naturale appositamente formulato per gli adulti, con una potente combinazione di propoli, zenzero, timo, magnesio e oligoelementi come manganese e rame. Questa formula \u00e8 studiata per rafforzare il sistema immunitario e ridurre la stanchezza, offrendo un effetto ricostituente grazie alla pappa reale. Con una potente concentrazione di estratto di zenzero, noto per le sue propriet\u00e0 di alleviare le difficolt\u00e0 respiratorie, e di frutto di acerola, fonte naturale di vitamina C, questo sciroppo \u00e8 un'ottima scelta per rafforzare le difese e migliorare il benessere generale.<\/p><p>\u00a0<\/p><h2>Ingredienti<\/h2><p>Miele, Estratto di radice di zenzero (Zingiber officinale L.), Magnesio gluconato, Estratto di propoli, Olio di cartamo (Carthamus tinctorius L.), Estratto secco di frutto di acerola (Malpighia punicifolia L.), fonte naturale di vitamina C (25%), pappa reale, olio essenziale di timo (Thymus vulgaris L.), gluconato di manganese, gluconato di rame, eccipienti: fruttosio (edulcorante), sorbato di potassio (conservante).<\/p><p>\u00a0<\/p><h2>Istruzioni per l'uso<\/h2><p>Adulti: da 2 a 4 misurini da 10 ml al giorno.<\/p><p>Bambini a partire da 6 anni:<\/p><p>Da 6 a 8 anni: 3 misurini da 5 ml al giorno.<\/p><p>Da 8 a 12 anni: da 2 a 3 misurini da 10 ml al giorno.<\/p><p>Pu\u00f2 essere assunto direttamente o diluito in acqua o succo di frutta.<\/p><p>\u00a0<\/p><h2>Effetti positivi<\/h2><ul><li>Rafforza il sistema immunitario grazie alla vitamina C e al rame.<\/li><li>Protegge le cellule dai danni ossidativi grazie al manganese.<\/li><li>Riduce la stanchezza e l'affaticamento grazie al magnesio.<\/li><li>Il comfort respiratorio \u00e8 assicurato dallo zenzero, tradizionalmente usato per alleviare il raffreddore.<\/li><li>Effetto ricostituente grazie alla pappa reale.<\/li><\/ul><p>\u00a0<\/p><h2>Presentazione<\/h2><p>Flacone da 180 ml con misurino.<\/p>\t\t\t\t\t\t\t\t<\/div>\n\t\t\t\t<\/div>\n\t\t\t\t\t<\/div>\n\t\t<\/div>\n\t\t\t\t\t<\/div>\n\t\t<\/section>\n\t\t\t\t<\/div>","protected":false},"excerpt":{"rendered":"<p>\u00abSciroppo naturale con propoli, zenzero, vitamina C, magnesio e pappa reale, per rafforzare il sistema immunitario, ridurre la stanchezza e migliorare il benessere respiratorio\".<\/p>","protected":false},"featured_media":14281,"comment_status":"open","ping_status":"closed","template":"","meta":{"site-sidebar-layout":"default","site-content-layout":"","ast-site-content-layout":"default","site-content-style":"default","site-sidebar-style":"default","ast-global-header-display":"","ast-banner-title-visibility":"","ast-main-header-display":"","ast-hfb-above-header-display":"","ast-hfb-below-header-display":"","ast-hfb-mobile-header-display":"","site-post-title":"","ast-breadcrumbs-content":"","ast-featured-img":"","footer-sml-layout":"","ast-disable-related-posts":"","theme-transparent-header-meta":"default","adv-header-id-meta":"","stick-header-meta":"default","header-above-stick-meta":"","header-main-stick-meta":"","header-below-stick-meta":"","astra-migrate-meta-layouts":"set","ast-page-background-enabled":"default","ast-page-background-meta":{"desktop":{"background-color":"","background-image":"","background-repeat":"repeat","background-position":"center center","background-size":"auto","background-attachment":"scroll","background-type":"","background-media":"","overlay-type":"","overlay-color":"","overlay-opacity":"","overlay-gradient":""},"tablet":{"background-color":"","background-image":"","background-repeat":"repeat","background-position":"center center","background-size":"auto","background-attachment":"scroll","background-type":"","background-media":"","overlay-type":"","overlay-color":"","overlay-opacity":"","overlay-gradient":""},"mobile":{"background-color":"","background-image":"","background-repeat":"repeat","background-position":"center center","background-size":"auto","background-attachment":"scroll","background-type":"","background-media":"","overlay-type":"","overlay-color":"","overlay-opacity":"","overlay-gradient":""}},"ast-content-background-meta":{"desktop":{"background-color":"var(--ast-global-color-5)","background-image":"","background-repeat":"repeat","background-position":"center center","background-size":"auto","background-attachment":"scroll","background-type":"","background-media":"","overlay-type":"","overlay-color":"","overlay-opacity":"","overlay-gradient":""},"tablet":{"background-color":"var(--ast-global-color-5)","background-image":"","background-repeat":"repeat","background-position":"center center","background-size":"auto","background-attachment":"scroll","background-type":"","background-media":"","overlay-type":"","overlay-color":"","overlay-opacity":"","overlay-gradient":""},"mobile":{"background-color":"var(--ast-global-color-5)","background-image":"","background-repeat":"repeat","background-position":"center center","background-size":"auto","background-attachment":"scroll","background-type":"","background-media":"","overlay-type":"","overlay-color":"","overlay-opacity":"","overlay-gradient":""}},"_glsr_average":0,"_glsr_ranking":0,"_glsr_reviews":0},"product_brand":[],"product_cat":[337,338],"product_tag":[],"class_list":{"0":"post-14670","1":"product","2":"type-product","3":"status-publish","4":"has-post-thumbnail","6":"product_cat-sistema-inmune","7":"product_cat-sistema-respiratorio","8":"desktop-align-center","9":"tablet-align-center","10":"mobile-align-center","11":"ast-product-gallery-layout-horizontal","12":"ast-product-gallery-with-no-image","13":"ast-product-tabs-layout-horizontal","15":"first","16":"instock","17":"taxable","18":"shipping-taxable","19":"purchasable","20":"product-type-simple"},"_links":{"self":[{"href":"https:\/\/dioxvitae.es\/it\/wp-json\/wp\/v2\/product\/14670","targetHints":{"allow":["GET"]}}],"collection":[{"href":"https:\/\/dioxvitae.es\/it\/wp-json\/wp\/v2\/product"}],"about":[{"href":"https:\/\/dioxvitae.es\/it\/wp-json\/wp\/v2\/types\/product"}],"replies":[{"embeddable":true,"href":"https:\/\/dioxvitae.es\/it\/wp-json\/wp\/v2\/comments?post=14670"}],"version-history":[{"count":5,"href":"https:\/\/dioxvitae.es\/it\/wp-json\/wp\/v2\/product\/14670\/revisions"}],"predecessor-version":[{"id":18210,"href":"https:\/\/dioxvitae.es\/it\/wp-json\/wp\/v2\/product\/14670\/revisions\/18210"}],"wp:featuredmedia":[{"embeddable":true,"href":"https:\/\/dioxvitae.es\/it\/wp-json\/wp\/v2\/media\/14281"}],"wp:attachment":[{"href":"https:\/\/dioxvitae.es\/it\/wp-json\/wp\/v2\/media?parent=14670"}],"wp:term":[{"taxonomy":"product_brand","embeddable":true,"href":"https:\/\/dioxvitae.es\/it\/wp-json\/wp\/v2\/product_brand?post=14670"},{"taxonomy":"product_cat","embeddable":true,"href":"https:\/\/dioxvitae.es\/it\/wp-json\/wp\/v2\/product_cat?post=14670"},{"taxonomy":"product_tag","embeddable":true,"href":"https:\/\/dioxvitae.es\/it\/wp-json\/wp\/v2\/product_tag?post=14670"}],"curies":[{"name":"wp","href":"https:\/\/api.w.org\/{rel}","templated":true}]}}