{"id":14663,"date":"2025-04-14T10:34:51","date_gmt":"2025-04-14T08:34:51","guid":{"rendered":"https:\/\/www.dioxvitae.es\/bronsini-choc\/"},"modified":"2026-04-02T12:13:24","modified_gmt":"2026-04-02T10:13:24","slug":"bronsini-choc","status":"publish","type":"product","link":"https:\/\/dioxvitae.es\/it\/bronsini-choc\/","title":{"rendered":"Bronsini Choc"},"content":{"rendered":"<div data-elementor-type=\"wp-post\" data-elementor-id=\"14663\" class=\"elementor elementor-14663\" data-elementor-post-type=\"product\">\n\t\t\t\t\t\t<section class=\"elementor-section elementor-top-section elementor-element elementor-element-9fc3408 elementor-section-boxed elementor-section-height-default elementor-section-height-default\" data-id=\"9fc3408\" data-element_type=\"section\" data-e-type=\"section\">\n\t\t\t\t\t\t<div class=\"elementor-container elementor-column-gap-default\">\n\t\t\t\t\t<div class=\"elementor-column elementor-col-100 elementor-top-column elementor-element elementor-element-155334f4\" data-id=\"155334f4\" data-element_type=\"column\" data-e-type=\"column\">\n\t\t\t<div class=\"elementor-widget-wrap elementor-element-populated\">\n\t\t\t\t\t\t<div class=\"elementor-element elementor-element-69691279 elementor-widget elementor-widget-text-editor\" data-id=\"69691279\" data-element_type=\"widget\" data-e-type=\"widget\" data-widget_type=\"text-editor.default\">\n\t\t\t\t<div class=\"elementor-widget-container\">\n\t\t\t\t\t\t\t\t\t<h2>Che cos'\u00e8 il Bronsini Choc?<\/h2><p>Bronsini Choc de Mont Star \u00e8 un integratore naturale appositamente studiato per curare e sostenere la salute delle vie respiratorie. La sua formula unica, ricca di estratti naturali come il balsamo di Tolu, l'eucalipto, la menta piperita e il mirto, agisce efficacemente per alleviare la congestione e calmare la tosse, permettendo di respirare pi\u00f9 facilmente. Ideale nei momenti di difficolt\u00e0 respiratoria, questo prodotto \u00e8 il vostro alleato naturale per mantenere in salute le vie respiratorie.<\/p><p>\u00a0<\/p><h2>Ingredienti<\/h2><p>Acqua, fruttosio, estratto concentrato di partenio, estratto concentrato di menta piperita, estratto concentrato di eucalipto, estratto concentrato di pelargonio, estratto concentrato di mirto, aroma di limone, estratto concentrato di perilla, estratto idroalcolico di balsamo di tol\u00f9, conservante (sorbato di potassio), mentolo, acidificante (acido citrico).<\/p><p>Principi attivi per flaconcino: estratto di partenio 10:1 (70 mg), estratto di pelargonio 10:1 (50 mg), estratto di menta piperita 10:1 (50 mg), estratto di eucalipto 10:1 (50 mg), estratto di mirto 10:1 (35 mg), estratto secco di perilla (20 mg), balsamo di tol\u00f9 (20 mg).<\/p><p>\u00a0<\/p><h2>Istruzioni per l'uso<\/h2><p>Giorno 1: assumere una fiala ogni 6 ore.<\/p><p>Giorno 2: assumere una fiala ogni 8 ore.<\/p><p>Giorno 3: assumere una fiala ogni 12 ore.<\/p><p>Giorno 4: assumere una fiala ogni 24 ore.<\/p><p>\u00a0<\/p><h2>Effetti positivi<\/h2><ul><li>Libera le vie respiratorie: potenti estratti naturali favoriscono l'espettorazione, aiutando a decongestionare e a calmare la tosse.<\/li><li>Sostegno naturale alle vie respiratorie: eucalipto, menta piperita e perilla agiscono insieme per lenire l'irritazione della gola e mantenere libere le vie respiratorie.<\/li><li>Sollievo rapido ed efficace: grazie alla sua formula con balsamo di Tolu, noto per le sue propriet\u00e0 antitosse ed espettoranti, proverete un sollievo naturale ed efficace.<\/li><li>Benessere delle vie respiratorie: Bronsini Choc \u00e8 un'opzione delicata ed efficace per chi cerca un sollievo naturale dalla congestione e dal disagio delle vie respiratorie.<\/li><\/ul><p>\u00a0<\/p><h2>Presentazione<\/h2><p>Confezione da 10 fiale.<\/p>\t\t\t\t\t\t\t\t<\/div>\n\t\t\t\t<\/div>\n\t\t\t\t\t<\/div>\n\t\t<\/div>\n\t\t\t\t\t<\/div>\n\t\t<\/section>\n\t\t\t\t<\/div>","protected":false},"excerpt":{"rendered":"<p>\u00abFiale con estratti naturali che alleviano tosse e congestione, favorendo la salute delle vie respiratorie\u00bb.\u00bb<\/p>","protected":false},"featured_media":16817,"comment_status":"open","ping_status":"closed","template":"","meta":{"site-sidebar-layout":"default","site-content-layout":"","ast-site-content-layout":"default","site-content-style":"default","site-sidebar-style":"default","ast-global-header-display":"","ast-banner-title-visibility":"","ast-main-header-display":"","ast-hfb-above-header-display":"","ast-hfb-below-header-display":"","ast-hfb-mobile-header-display":"","site-post-title":"","ast-breadcrumbs-content":"","ast-featured-img":"","footer-sml-layout":"","ast-disable-related-posts":"","theme-transparent-header-meta":"default","adv-header-id-meta":"","stick-header-meta":"default","header-above-stick-meta":"","header-main-stick-meta":"","header-below-stick-meta":"","astra-migrate-meta-layouts":"set","ast-page-background-enabled":"default","ast-page-background-meta":{"desktop":{"background-color":"","background-image":"","background-repeat":"repeat","background-position":"center center","background-size":"auto","background-attachment":"scroll","background-type":"","background-media":"","overlay-type":"","overlay-color":"","overlay-opacity":"","overlay-gradient":""},"tablet":{"background-color":"","background-image":"","background-repeat":"repeat","background-position":"center center","background-size":"auto","background-attachment":"scroll","background-type":"","background-media":"","overlay-type":"","overlay-color":"","overlay-opacity":"","overlay-gradient":""},"mobile":{"background-color":"","background-image":"","background-repeat":"repeat","background-position":"center center","background-size":"auto","background-attachment":"scroll","background-type":"","background-media":"","overlay-type":"","overlay-color":"","overlay-opacity":"","overlay-gradient":""}},"ast-content-background-meta":{"desktop":{"background-color":"var(--ast-global-color-5)","background-image":"","background-repeat":"repeat","background-position":"center center","background-size":"auto","background-attachment":"scroll","background-type":"","background-media":"","overlay-type":"","overlay-color":"","overlay-opacity":"","overlay-gradient":""},"tablet":{"background-color":"var(--ast-global-color-5)","background-image":"","background-repeat":"repeat","background-position":"center center","background-size":"auto","background-attachment":"scroll","background-type":"","background-media":"","overlay-type":"","overlay-color":"","overlay-opacity":"","overlay-gradient":""},"mobile":{"background-color":"var(--ast-global-color-5)","background-image":"","background-repeat":"repeat","background-position":"center center","background-size":"auto","background-attachment":"scroll","background-type":"","background-media":"","overlay-type":"","overlay-color":"","overlay-opacity":"","overlay-gradient":""}},"_glsr_average":0,"_glsr_ranking":0,"_glsr_reviews":0},"product_brand":[],"product_cat":[338],"product_tag":[],"class_list":{"0":"post-14663","1":"product","2":"type-product","3":"status-publish","4":"has-post-thumbnail","6":"product_cat-sistema-respiratorio","7":"desktop-align-center","8":"tablet-align-center","9":"mobile-align-center","10":"ast-product-gallery-layout-horizontal","11":"ast-product-gallery-with-no-image","12":"ast-product-tabs-layout-horizontal","14":"first","15":"instock","16":"taxable","17":"shipping-taxable","18":"purchasable","19":"product-type-simple"},"_links":{"self":[{"href":"https:\/\/dioxvitae.es\/it\/wp-json\/wp\/v2\/product\/14663","targetHints":{"allow":["GET"]}}],"collection":[{"href":"https:\/\/dioxvitae.es\/it\/wp-json\/wp\/v2\/product"}],"about":[{"href":"https:\/\/dioxvitae.es\/it\/wp-json\/wp\/v2\/types\/product"}],"replies":[{"embeddable":true,"href":"https:\/\/dioxvitae.es\/it\/wp-json\/wp\/v2\/comments?post=14663"}],"version-history":[{"count":5,"href":"https:\/\/dioxvitae.es\/it\/wp-json\/wp\/v2\/product\/14663\/revisions"}],"predecessor-version":[{"id":16818,"href":"https:\/\/dioxvitae.es\/it\/wp-json\/wp\/v2\/product\/14663\/revisions\/16818"}],"wp:featuredmedia":[{"embeddable":true,"href":"https:\/\/dioxvitae.es\/it\/wp-json\/wp\/v2\/media\/16817"}],"wp:attachment":[{"href":"https:\/\/dioxvitae.es\/it\/wp-json\/wp\/v2\/media?parent=14663"}],"wp:term":[{"taxonomy":"product_brand","embeddable":true,"href":"https:\/\/dioxvitae.es\/it\/wp-json\/wp\/v2\/product_brand?post=14663"},{"taxonomy":"product_cat","embeddable":true,"href":"https:\/\/dioxvitae.es\/it\/wp-json\/wp\/v2\/product_cat?post=14663"},{"taxonomy":"product_tag","embeddable":true,"href":"https:\/\/dioxvitae.es\/it\/wp-json\/wp\/v2\/product_tag?post=14663"}],"curies":[{"name":"wp","href":"https:\/\/api.w.org\/{rel}","templated":true}]}}