{"id":14661,"date":"2025-04-14T10:34:51","date_gmt":"2025-04-14T08:34:51","guid":{"rendered":"https:\/\/www.dioxvitae.es\/articudol\/"},"modified":"2026-04-06T14:06:52","modified_gmt":"2026-04-06T12:06:52","slug":"articolista","status":"publish","type":"product","link":"https:\/\/dioxvitae.es\/it\/articudol\/","title":{"rendered":"Articudol"},"content":{"rendered":"<div data-elementor-type=\"wp-post\" data-elementor-id=\"14661\" class=\"elementor elementor-14661\" data-elementor-post-type=\"product\">\n\t\t\t\t\t\t<section class=\"elementor-section elementor-top-section elementor-element elementor-element-5b1a629e elementor-section-boxed elementor-section-height-default elementor-section-height-default\" data-id=\"5b1a629e\" data-element_type=\"section\" data-e-type=\"section\">\n\t\t\t\t\t\t<div class=\"elementor-container elementor-column-gap-default\">\n\t\t\t\t\t<div class=\"elementor-column elementor-col-100 elementor-top-column elementor-element elementor-element-5259ae6e\" data-id=\"5259ae6e\" data-element_type=\"column\" data-e-type=\"column\">\n\t\t\t<div class=\"elementor-widget-wrap elementor-element-populated\">\n\t\t\t\t\t\t<div class=\"elementor-element elementor-element-344fd6aa elementor-widget elementor-widget-text-editor\" data-id=\"344fd6aa\" data-element_type=\"widget\" data-e-type=\"widget\" data-widget_type=\"text-editor.default\">\n\t\t\t\t<div class=\"elementor-widget-container\">\n\t\t\t\t\t\t\t\t\t<h2>Che cos'\u00e8 ArticuDol?<\/h2><p>MontStar ArticuDol \u00e8 un integratore alimentare appositamente studiato per la cura di articolazioni, ossa, tendini e muscoli. Ideale per gli atleti e le persone attive, la sua formula combina nutrienti essenziali come la glucosamina, la condroitina, il collagene e l'acido ialuronico, che aiutano a ridurre il disagio articolare e a promuovere l'elasticit\u00e0 e la mobilit\u00e0. Contribuisce inoltre alla rigenerazione dei tessuti articolari, migliorando la forza e il recupero di muscoli e tendini.<\/p><p>\u00a0<\/p><h2>Ingredienti<\/h2><p>D-Glucosamina (450 mg), Calcio (125 mg), Estratto secco di artiglio del diavolo (100 mg), Condroitina (100 mg), MSM (100 mg), Collagene (50 mg), Estratto secco di curcuma (50 mg), Estratto secco di zenzero (25 mg), Acido ialuronico (10 mg), Vitamina D3 (5 \u03bcg)<\/p><p>\u00a0<\/p><h2>Istruzioni per l'uso<\/h2><p>Assumere 1 compressa al giorno.<\/p><p>\u00a0<\/p><h2>Effetti positivi<\/h2><ul><li>Rafforza e ripara i tessuti articolari. Aiuta la rigenerazione della cartilagine e favorisce il recupero muscolare.<\/li><li>Migliora la mobilit\u00e0 e l'elasticit\u00e0: riduce il disagio articolare, favorendo una maggiore flessibilit\u00e0 e mobilit\u00e0.<\/li><li>Supporto avanzato per le articolazioni e le ossa: fornisce nutrienti chiave per mantenere le ossa forti e sane.<\/li><li>Ideale per gli sportivi: la sua formula \u00e8 pensata per chi ha bisogno di un'alimentazione specifica per le articolazioni e i muscoli.<\/li><\/ul><p>\u00a0<\/p><h2>Presentazione<\/h2><p>Confezione da 30 compresse.<\/p>\t\t\t\t\t\t\t\t<\/div>\n\t\t\t\t<\/div>\n\t\t\t\t\t<\/div>\n\t\t<\/div>\n\t\t\t\t\t<\/div>\n\t\t<\/section>\n\t\t\t\t<\/div>","protected":false},"excerpt":{"rendered":"<p>Integratore per rafforzare le articolazioni, le ossa e i muscoli, ideale per gli atleti. Contiene glucosamina, condroitina, collagene e acido ialuronico.<\/p>","protected":false},"featured_media":14262,"comment_status":"open","ping_status":"closed","template":"","meta":{"site-sidebar-layout":"default","site-content-layout":"","ast-site-content-layout":"default","site-content-style":"default","site-sidebar-style":"default","ast-global-header-display":"","ast-banner-title-visibility":"","ast-main-header-display":"","ast-hfb-above-header-display":"","ast-hfb-below-header-display":"","ast-hfb-mobile-header-display":"","site-post-title":"","ast-breadcrumbs-content":"","ast-featured-img":"","footer-sml-layout":"","ast-disable-related-posts":"","theme-transparent-header-meta":"default","adv-header-id-meta":"","stick-header-meta":"default","header-above-stick-meta":"","header-main-stick-meta":"","header-below-stick-meta":"","astra-migrate-meta-layouts":"set","ast-page-background-enabled":"default","ast-page-background-meta":{"desktop":{"background-color":"","background-image":"","background-repeat":"repeat","background-position":"center center","background-size":"auto","background-attachment":"scroll","background-type":"","background-media":"","overlay-type":"","overlay-color":"","overlay-opacity":"","overlay-gradient":""},"tablet":{"background-color":"","background-image":"","background-repeat":"repeat","background-position":"center center","background-size":"auto","background-attachment":"scroll","background-type":"","background-media":"","overlay-type":"","overlay-color":"","overlay-opacity":"","overlay-gradient":""},"mobile":{"background-color":"","background-image":"","background-repeat":"repeat","background-position":"center center","background-size":"auto","background-attachment":"scroll","background-type":"","background-media":"","overlay-type":"","overlay-color":"","overlay-opacity":"","overlay-gradient":""}},"ast-content-background-meta":{"desktop":{"background-color":"var(--ast-global-color-5)","background-image":"","background-repeat":"repeat","background-position":"center center","background-size":"auto","background-attachment":"scroll","background-type":"","background-media":"","overlay-type":"","overlay-color":"","overlay-opacity":"","overlay-gradient":""},"tablet":{"background-color":"var(--ast-global-color-5)","background-image":"","background-repeat":"repeat","background-position":"center center","background-size":"auto","background-attachment":"scroll","background-type":"","background-media":"","overlay-type":"","overlay-color":"","overlay-opacity":"","overlay-gradient":""},"mobile":{"background-color":"var(--ast-global-color-5)","background-image":"","background-repeat":"repeat","background-position":"center center","background-size":"auto","background-attachment":"scroll","background-type":"","background-media":"","overlay-type":"","overlay-color":"","overlay-opacity":"","overlay-gradient":""}},"_glsr_average":0,"_glsr_ranking":0,"_glsr_reviews":0},"product_brand":[],"product_cat":[343],"product_tag":[],"class_list":{"0":"post-14661","1":"product","2":"type-product","3":"status-publish","4":"has-post-thumbnail","6":"product_cat-huesos-y-articulaciones","7":"desktop-align-center","8":"tablet-align-center","9":"mobile-align-center","10":"ast-product-gallery-layout-horizontal","11":"ast-product-gallery-with-no-image","12":"ast-product-tabs-layout-horizontal","14":"first","15":"instock","16":"taxable","17":"shipping-taxable","18":"purchasable","19":"product-type-simple"},"_links":{"self":[{"href":"https:\/\/dioxvitae.es\/it\/wp-json\/wp\/v2\/product\/14661","targetHints":{"allow":["GET"]}}],"collection":[{"href":"https:\/\/dioxvitae.es\/it\/wp-json\/wp\/v2\/product"}],"about":[{"href":"https:\/\/dioxvitae.es\/it\/wp-json\/wp\/v2\/types\/product"}],"replies":[{"embeddable":true,"href":"https:\/\/dioxvitae.es\/it\/wp-json\/wp\/v2\/comments?post=14661"}],"version-history":[{"count":6,"href":"https:\/\/dioxvitae.es\/it\/wp-json\/wp\/v2\/product\/14661\/revisions"}],"predecessor-version":[{"id":20385,"href":"https:\/\/dioxvitae.es\/it\/wp-json\/wp\/v2\/product\/14661\/revisions\/20385"}],"wp:featuredmedia":[{"embeddable":true,"href":"https:\/\/dioxvitae.es\/it\/wp-json\/wp\/v2\/media\/14262"}],"wp:attachment":[{"href":"https:\/\/dioxvitae.es\/it\/wp-json\/wp\/v2\/media?parent=14661"}],"wp:term":[{"taxonomy":"product_brand","embeddable":true,"href":"https:\/\/dioxvitae.es\/it\/wp-json\/wp\/v2\/product_brand?post=14661"},{"taxonomy":"product_cat","embeddable":true,"href":"https:\/\/dioxvitae.es\/it\/wp-json\/wp\/v2\/product_cat?post=14661"},{"taxonomy":"product_tag","embeddable":true,"href":"https:\/\/dioxvitae.es\/it\/wp-json\/wp\/v2\/product_tag?post=14661"}],"curies":[{"name":"wp","href":"https:\/\/api.w.org\/{rel}","templated":true}]}}