{"id":14643,"date":"2025-04-14T10:34:49","date_gmt":"2025-04-14T08:34:49","guid":{"rendered":"https:\/\/www.dioxvitae.es\/propolina-jarabe-200ml\/"},"modified":"2026-04-06T13:28:00","modified_gmt":"2026-04-06T11:28:00","slug":"sciroppo-di-propolina-200ml","status":"publish","type":"product","link":"https:\/\/dioxvitae.es\/it\/propolina-jarabe-200ml\/","title":{"rendered":"PROPOLINA SYRUP 200ml"},"content":{"rendered":"<div data-elementor-type=\"wp-post\" data-elementor-id=\"14643\" class=\"elementor elementor-14643\" data-elementor-post-type=\"product\">\n\t\t\t\t\t\t<section class=\"elementor-section elementor-top-section elementor-element elementor-element-7d42a0e7 elementor-section-boxed elementor-section-height-default elementor-section-height-default\" data-id=\"7d42a0e7\" data-element_type=\"section\" data-e-type=\"section\">\n\t\t\t\t\t\t<div class=\"elementor-container elementor-column-gap-default\">\n\t\t\t\t\t<div class=\"elementor-column elementor-col-100 elementor-top-column elementor-element elementor-element-d7bf2d0\" data-id=\"d7bf2d0\" data-element_type=\"column\" data-e-type=\"column\">\n\t\t\t<div class=\"elementor-widget-wrap elementor-element-populated\">\n\t\t\t\t\t\t<div class=\"elementor-element elementor-element-2150804 elementor-widget elementor-widget-text-editor\" data-id=\"2150804\" data-element_type=\"widget\" data-e-type=\"widget\" data-widget_type=\"text-editor.default\">\n\t\t\t\t<div class=\"elementor-widget-container\">\n\t\t\t\t\t\t\t\t\t<h2>Che cos'\u00e8 lo Sciroppo Propolina con Propoli?<\/h2><p>Propolina Sciroppo con Propoli \u00e8 un integratore naturale formulato per sostenere il sistema immunitario e promuovere il benessere generale. A base di propoli, una resina raccolta dalle api, questo sciroppo comprende anche altri ingredienti di alta qualit\u00e0 come echinacea, timo e sambuco, potenziando cos\u00ec i suoi effetti positivi sull'organismo. Grazie alle sue propriet\u00e0 antibatteriche, antivirali e antinfiammatorie, Propolina \u00e8 ideale per rafforzare le difese naturali dell'organismo e alleviare le affezioni respiratorie.<\/p><p>\u00a0<\/p><h2>Ingredienti<\/h2><p>Sciroppo di fruttosio, acqua, stabilizzante (glicerina), propoli, oli essenziali di eucalipto, timo, cajeputi, niaouli e salvia, sali minerali di rame, magnesio, manganese e zinco.<\/p><p>\u00a0<\/p><h2>Istruzioni per l'uso<\/h2><p>Assumere 10 ml di sciroppo, diluito in acqua o succo di frutta, tre volte al giorno. Agitare bene il flacone prima dell'uso per garantire una miscela omogenea. Si consiglia di seguire questo regime per un periodo di tempo adeguato per ottenere i migliori risultati.<\/p><p>\u00a0<\/p><h2>Effetti positivi<\/h2><ul><li>Rafforza il sistema immunitario, sostenendo la difesa naturale contro le infezioni.<\/li><li>Propriet\u00e0 antiossidanti che proteggono le cellule dai danni dei radicali liberi.<\/li><li>Azione antinfiammatoria che aiuta ad alleviare i disturbi respiratori e digestivi.<\/li><li>Prevenzione e sollievo dei sintomi del raffreddore e della tosse, a sostegno della salute generale delle vie respiratorie.<\/li><\/ul><p>\u00a0<\/p><h2>Presentazione<\/h2><p>200 ml.<\/p>\t\t\t\t\t\t\t\t<\/div>\n\t\t\t\t<\/div>\n\t\t\t\t\t<\/div>\n\t\t<\/div>\n\t\t\t\t\t<\/div>\n\t\t<\/section>\n\t\t\t\t<\/div>","protected":false},"excerpt":{"rendered":"<p>Lo Sciroppo Propolina con Propoli \u00e8 un integratore naturale che rafforza il sistema immunitario e allevia i disturbi respiratori.<\/p>","protected":false},"featured_media":16821,"comment_status":"open","ping_status":"closed","template":"","meta":{"site-sidebar-layout":"default","site-content-layout":"","ast-site-content-layout":"default","site-content-style":"default","site-sidebar-style":"default","ast-global-header-display":"","ast-banner-title-visibility":"","ast-main-header-display":"","ast-hfb-above-header-display":"","ast-hfb-below-header-display":"","ast-hfb-mobile-header-display":"","site-post-title":"","ast-breadcrumbs-content":"","ast-featured-img":"","footer-sml-layout":"","ast-disable-related-posts":"","theme-transparent-header-meta":"default","adv-header-id-meta":"","stick-header-meta":"default","header-above-stick-meta":"","header-main-stick-meta":"","header-below-stick-meta":"","astra-migrate-meta-layouts":"set","ast-page-background-enabled":"default","ast-page-background-meta":{"desktop":{"background-color":"","background-image":"","background-repeat":"repeat","background-position":"center center","background-size":"auto","background-attachment":"scroll","background-type":"","background-media":"","overlay-type":"","overlay-color":"","overlay-opacity":"","overlay-gradient":""},"tablet":{"background-color":"","background-image":"","background-repeat":"repeat","background-position":"center center","background-size":"auto","background-attachment":"scroll","background-type":"","background-media":"","overlay-type":"","overlay-color":"","overlay-opacity":"","overlay-gradient":""},"mobile":{"background-color":"","background-image":"","background-repeat":"repeat","background-position":"center center","background-size":"auto","background-attachment":"scroll","background-type":"","background-media":"","overlay-type":"","overlay-color":"","overlay-opacity":"","overlay-gradient":""}},"ast-content-background-meta":{"desktop":{"background-color":"var(--ast-global-color-5)","background-image":"","background-repeat":"repeat","background-position":"center center","background-size":"auto","background-attachment":"scroll","background-type":"","background-media":"","overlay-type":"","overlay-color":"","overlay-opacity":"","overlay-gradient":""},"tablet":{"background-color":"var(--ast-global-color-5)","background-image":"","background-repeat":"repeat","background-position":"center center","background-size":"auto","background-attachment":"scroll","background-type":"","background-media":"","overlay-type":"","overlay-color":"","overlay-opacity":"","overlay-gradient":""},"mobile":{"background-color":"var(--ast-global-color-5)","background-image":"","background-repeat":"repeat","background-position":"center center","background-size":"auto","background-attachment":"scroll","background-type":"","background-media":"","overlay-type":"","overlay-color":"","overlay-opacity":"","overlay-gradient":""}},"_glsr_average":0,"_glsr_ranking":0,"_glsr_reviews":0},"product_brand":[],"product_cat":[337,338],"product_tag":[],"class_list":{"0":"post-14643","1":"product","2":"type-product","3":"status-publish","4":"has-post-thumbnail","6":"product_cat-sistema-inmune","7":"product_cat-sistema-respiratorio","8":"desktop-align-center","9":"tablet-align-center","10":"mobile-align-center","11":"ast-product-gallery-layout-horizontal","12":"ast-product-gallery-with-no-image","13":"ast-product-tabs-layout-horizontal","15":"first","16":"instock","17":"taxable","18":"shipping-taxable","19":"purchasable","20":"product-type-simple"},"_links":{"self":[{"href":"https:\/\/dioxvitae.es\/it\/wp-json\/wp\/v2\/product\/14643","targetHints":{"allow":["GET"]}}],"collection":[{"href":"https:\/\/dioxvitae.es\/it\/wp-json\/wp\/v2\/product"}],"about":[{"href":"https:\/\/dioxvitae.es\/it\/wp-json\/wp\/v2\/types\/product"}],"replies":[{"embeddable":true,"href":"https:\/\/dioxvitae.es\/it\/wp-json\/wp\/v2\/comments?post=14643"}],"version-history":[{"count":7,"href":"https:\/\/dioxvitae.es\/it\/wp-json\/wp\/v2\/product\/14643\/revisions"}],"predecessor-version":[{"id":20365,"href":"https:\/\/dioxvitae.es\/it\/wp-json\/wp\/v2\/product\/14643\/revisions\/20365"}],"wp:featuredmedia":[{"embeddable":true,"href":"https:\/\/dioxvitae.es\/it\/wp-json\/wp\/v2\/media\/16821"}],"wp:attachment":[{"href":"https:\/\/dioxvitae.es\/it\/wp-json\/wp\/v2\/media?parent=14643"}],"wp:term":[{"taxonomy":"product_brand","embeddable":true,"href":"https:\/\/dioxvitae.es\/it\/wp-json\/wp\/v2\/product_brand?post=14643"},{"taxonomy":"product_cat","embeddable":true,"href":"https:\/\/dioxvitae.es\/it\/wp-json\/wp\/v2\/product_cat?post=14643"},{"taxonomy":"product_tag","embeddable":true,"href":"https:\/\/dioxvitae.es\/it\/wp-json\/wp\/v2\/product_tag?post=14643"}],"curies":[{"name":"wp","href":"https:\/\/api.w.org\/{rel}","templated":true}]}}