{"id":13376,"date":"2025-01-23T14:57:43","date_gmt":"2025-01-23T12:57:43","guid":{"rendered":"https:\/\/www.dioxvitae.es\/?post_type=product&#038;p=13376"},"modified":"2026-01-27T14:47:46","modified_gmt":"2026-01-27T12:47:46","slug":"2-dmso-di-un-contenitore-da-1-litro-4-contenitori-da-250-ml","status":"publish","type":"product","link":"https:\/\/dioxvitae.es\/it\/2-dmso-de-un-1-litro-4-envases-de-250-ml\/","title":{"rendered":"2 x DMSO da 1 litro + 4 x bombole da 250 ml"},"content":{"rendered":"<div data-elementor-type=\"wp-post\" data-elementor-id=\"13376\" class=\"elementor elementor-13376\" data-elementor-post-type=\"product\">\n\t\t\t\t\t\t<section class=\"elementor-section elementor-top-section elementor-element elementor-element-d15a563 elementor-section-boxed elementor-section-height-default elementor-section-height-default\" data-id=\"d15a563\" data-element_type=\"section\" data-e-type=\"section\">\n\t\t\t\t\t\t<div class=\"elementor-container elementor-column-gap-default\">\n\t\t\t\t\t<div class=\"elementor-column elementor-col-100 elementor-top-column elementor-element elementor-element-b335ffe\" data-id=\"b335ffe\" data-element_type=\"column\" data-e-type=\"column\">\n\t\t\t<div class=\"elementor-widget-wrap elementor-element-populated\">\n\t\t\t\t\t\t<div class=\"elementor-element elementor-element-fc2e6e1 elementor-widget elementor-widget-text-editor\" data-id=\"fc2e6e1\" data-element_type=\"widget\" data-e-type=\"widget\" data-widget_type=\"text-editor.default\">\n\t\t\t\t<div class=\"elementor-widget-container\">\n\t\t\t\t\t\t\t\t\t<div class=\"elementor elementor-1439\" data-elementor-type=\"wp-post\" data-elementor-id=\"1439\">\n<section class=\"elementor-section elementor-top-section elementor-element elementor-element-52f8376 elementor-section-boxed elementor-section-height-default elementor-section-height-default\" data-id=\"52f8376\" data-element_type=\"section\">\n<div class=\"elementor-container elementor-column-gap-default\">\n<div class=\"elementor-column elementor-col-100 elementor-top-column elementor-element elementor-element-9c46df3\" data-id=\"9c46df3\" data-element_type=\"column\">\n<div class=\"elementor-widget-wrap elementor-element-populated\">\n<div class=\"elementor-element elementor-element-f0df209 elementor-widget elementor-widget-heading\" data-id=\"f0df209\" data-element_type=\"widget\" data-widget_type=\"heading.default\">\n<div class=\"elementor-element elementor-element-fb506fb elementor-widget elementor-widget-heading\" data-id=\"fb506fb\" data-element_type=\"widget\" data-widget_type=\"heading.default\"><br><\/div><div class=\"elementor-widget-container\">\n<div class=\"elementor-element elementor-element-0e1f1e0 elementor-widget elementor-widget-text-editor\" data-id=\"0e1f1e0\" data-element_type=\"widget\" data-widget_type=\"text-editor.default\">\n<div class=\"elementor-widget-container\">\n<h2>Che cos'\u00e8 il DMSO?<\/h2>\n<p>Il <strong>dimetilsolfossido<\/strong>, pi\u00f9 comunemente conosciuto come <strong>DMSO<\/strong>, \u00e8 un liquido organico incolore derivato dalla pasta di legno.<\/p>\n<p>Si tratta di un <strong>solvente universale<\/strong> che pu\u00f2 essere utilizzato con un'ampia gamma di sostanze e in molte situazioni diverse.<\/p>\n<h2>Come si usa il DMSO?<\/h2>\n<p>Il DMSO viene miscelato con altre sostanze chimiche, come ad es. <a href=\"https:\/\/dioxvitae.es\/it\/cd\/\"><strong>biossido di cloro<\/strong><\/a>, per aumentare l'efficienza della depurazione dell'acqua potabile dove la qualit\u00e0 dell'acqua \u00e8 molto bassa, poich\u00e9 <strong>facilita la penetrazione del biossido di cloro<\/strong>&nbsp;nel biofilm di serbatoi e tubature, consentendogli di degradarsi e di ottenere risultati ottimali.<\/p>\n<p>In combinazione con il kit del dissalatore, miscelare 2 unit\u00e0 di DMSO per ogni unit\u00e0 di clorito di sodio. In combinazione con il CDS, mescolare 1 unit\u00e0 di DMSO per ogni 5 unit\u00e0 di CDS.<\/p>\n<p>Il <b>Il punto di congelamento del DMSO puro \u00e8 a +18\u00b0C.<\/b>. In tal caso, lasciare il contenitore a una temperatura superiore a +18\u00b0C e, se urgente, immergere il contenitore chiuso in acqua tiepida per 20 minuti per riportarlo allo stato liquido. Conservare quindi il prodotto al chiuso, dove la temperatura \u00e8 generalmente sempre superiore a +18\u00b0C. Il congelamento e lo scongelamento non alterano in alcun modo le propriet\u00e0 del prodotto.<\/p>\n<p>Si raccomanda di conservare il prodotto nella sua confezione originale.<\/p>\n<h2>Controindicazioni del DMSO<\/h2>\n<p>Essendo un solvente forte e per il suo potere di penetrazione, \u00e8 necessario <strong>utilizzare il DMSO con cautela.<\/strong>&nbsp;<\/p>\n<p>Leggi il <strong>scheda di sicurezza<\/strong> del prodotto e dell'etichetta che si trova sulla confezione prima dell'uso.<\/p>\n<\/div>\n<\/div><\/div><\/div><\/div><\/div><\/div><\/section><\/div><p><\/p>\n<div style=\"box-sizing: border-box; --flex-direction: initial; --flex-wrap: initial; --justify-content: initial; --align-items: initial; --align-content: initial; --gap: initial; --flex-basis: initial; --flex-grow: initial; --flex-shrink: initial; --order: initial; --align-self: initial; align-self: var(--align-self); flex-basis: var(--flex-basis); flex-grow: var(--flex-grow); flex-shrink: var(--flex-shrink); order: var(--order); align-content: var(--align-content); align-items: var(--align-items); flex-direction: var(--flex-direction); flex-wrap: var(--flex-wrap); gap: var(--row-gap) var(--column-gap); justify-content: var(--justify-content); position: relative; --widgets-spacing: 20px 20px; --widgets-spacing-row: 20px; --widgets-spacing-column: 20px; width: 1200px; margin-bottom: var(--kit-widget-spacing,20px); margin-block-end: 20px; text-align: left; color: #5a5a5a; font-family: Niramit, sans-serif; font-size: 16px; font-style: normal; font-variant-ligatures: normal; font-variant-caps: normal; font-weight: 400; letter-spacing: normal; orphans: 2; text-indent: 0px; text-transform: none; widows: 2; word-spacing: 0px; -webkit-text-stroke-width: 0px; white-space: normal; background-color: #ffffff; text-decoration-thickness: initial; text-decoration-style: initial; text-decoration-color: initial;\" data-id=\"19f75a9\" data-element_type=\"widget\" data-widget_type=\"heading.default\">\n<div style=\"box-sizing: border-box; transition: background .3s,border .3s,border-radius .3s,box-shadow .3s,transform var(--e-transform-transition-duration,.4s);\">\n<h2 style=\"box-sizing: border-box; border-width: 0px 0px 1px; border-image: initial; font-size: 2rem; font-style: inherit; font-weight: 400; margin: 0px; outline: 0px; padding: 0px 0px 15px; vertical-align: baseline; clear: both; color: var( --e-global-color-primary ); line-height: 1.3em; font-family: Oswald, sans-serif; text-transform: uppercase; letter-spacing: 0px; border-color: initial initial #25a5e5 initial; border-style: initial initial solid initial;\">Contenitore di vetro con misurino<\/h2>\n<\/div>\n<\/div>\n<div style=\"box-sizing: border-box; --flex-direction: initial; --flex-wrap: initial; --justify-content: initial; --align-items: initial; --align-content: initial; --gap: initial; --flex-basis: initial; --flex-grow: initial; --flex-shrink: initial; --order: initial; --align-self: initial; align-self: var(--align-self); flex-basis: var(--flex-basis); flex-grow: var(--flex-grow); flex-shrink: var(--flex-shrink); order: var(--order); align-content: var(--align-content); align-items: var(--align-items); flex-direction: var(--flex-direction); flex-wrap: var(--flex-wrap); gap: var(--row-gap) var(--column-gap); justify-content: var(--justify-content); position: relative; --widgets-spacing: 20px 20px; --widgets-spacing-row: 20px; --widgets-spacing-column: 20px; width: 1200px; text-align: left; color: #5a5a5a; font-family: Niramit, sans-serif; font-size: 16px; font-style: normal; font-variant-ligatures: normal; font-variant-caps: normal; font-weight: 400; letter-spacing: normal; orphans: 2; text-indent: 0px; text-transform: none; widows: 2; word-spacing: 0px; -webkit-text-stroke-width: 0px; white-space: normal; background-color: #ffffff; text-decoration-thickness: initial; text-decoration-style: initial; text-decoration-color: initial;\" data-id=\"7efac487\" data-element_type=\"widget\" data-widget_type=\"text-editor.default\">\n<div style=\"box-sizing: border-box; transition: background .3s,border .3s,border-radius .3s,box-shadow .3s,transform var(--e-transform-transition-duration,.4s);\">\n<p style=\"box-sizing: border-box; border: 0px; font-size: 16px; font-style: inherit; font-weight: inherit; margin: 0px 0px 1em; outline: 0px; padding: 0px; vertical-align: baseline;\">DIOXVITAE offre un'ampia gamma di prodotti&nbsp;<strong style=\"box-sizing: border-box; font-weight: bold;\">contenitori e bottiglie<\/strong>&nbsp;per&nbsp;<a style=\"box-sizing: border-box; background-color: transparent; text-decoration: none; color: #25a5e5; transition: 0.2s linear; box-shadow: none;\" href=\"https:\/\/dioxvitae.es\/it\/clorito-di-sodio-2\/\">clorito di sodio<\/a>,&nbsp;<a style=\"box-sizing: border-box; background-color: transparent; text-decoration: none; color: #25a5e5; transition: 0.2s linear; box-shadow: none;\" href=\"https:\/\/dioxvitae.es\/it\/inneschi\/\">attivatore<\/a>,&nbsp;<a style=\"box-sizing: border-box; background-color: transparent; text-decoration: none; color: #25a5e5; transition: 0.2s linear; box-shadow: none;\" href=\"https:\/\/dioxvitae.es\/it\/cd\/\">CDS<\/a>&nbsp;y&nbsp;<a style=\"box-sizing: border-box; background-color: transparent; text-decoration: none; color: #25a5e5; transition: 0.2s linear; box-shadow: none;\" href=\"https:\/\/dioxvitae.es\/it\/dmso\/\">DMSO<\/a>&nbsp;che vi consentir\u00e0 di gestire e distribuire le vostre<br style=\"box-sizing: border-box;\">prodotti in modo pi\u00f9 conveniente.<\/p>\n<\/div>\n<\/div>\t\t\t\t\t\t\t\t<\/div>\n\t\t\t\t<\/div>\n\t\t\t\t\t<\/div>\n\t\t<\/div>\n\t\t\t\t\t<\/div>\n\t\t<\/section>\n\t\t\t\t<\/div>","protected":false},"excerpt":{"rendered":"<p><span style=\"color: red;\">35,64 euro di risparmi<\/span><\/p>","protected":false},"featured_media":19404,"comment_status":"closed","ping_status":"closed","template":"","meta":{"site-sidebar-layout":"no-sidebar","site-content-layout":"page-builder","ast-site-content-layout":"default","site-content-style":"default","site-sidebar-style":"default","ast-global-header-display":"","ast-banner-title-visibility":"","ast-main-header-display":"","ast-hfb-above-header-display":"","ast-hfb-below-header-display":"","ast-hfb-mobile-header-display":"","site-post-title":"disabled","ast-breadcrumbs-content":"","ast-featured-img":"disabled","footer-sml-layout":"","ast-disable-related-posts":"","theme-transparent-header-meta":"default","adv-header-id-meta":"","stick-header-meta":"default","header-above-stick-meta":"","header-main-stick-meta":"","header-below-stick-meta":"","astra-migrate-meta-layouts":"set","ast-page-background-enabled":"default","ast-page-background-meta":{"desktop":{"background-color":"","background-image":"","background-repeat":"repeat","background-position":"center center","background-size":"auto","background-attachment":"scroll","background-type":"","background-media":"","overlay-type":"","overlay-color":"","overlay-opacity":"","overlay-gradient":""},"tablet":{"background-color":"","background-image":"","background-repeat":"repeat","background-position":"center center","background-size":"auto","background-attachment":"scroll","background-type":"","background-media":"","overlay-type":"","overlay-color":"","overlay-opacity":"","overlay-gradient":""},"mobile":{"background-color":"","background-image":"","background-repeat":"repeat","background-position":"center center","background-size":"auto","background-attachment":"scroll","background-type":"","background-media":"","overlay-type":"","overlay-color":"","overlay-opacity":"","overlay-gradient":""}},"ast-content-background-meta":{"desktop":{"background-color":"var(--ast-global-color-5)","background-image":"","background-repeat":"repeat","background-position":"center center","background-size":"auto","background-attachment":"scroll","background-type":"","background-media":"","overlay-type":"","overlay-color":"","overlay-opacity":"","overlay-gradient":""},"tablet":{"background-color":"var(--ast-global-color-5)","background-image":"","background-repeat":"repeat","background-position":"center center","background-size":"auto","background-attachment":"scroll","background-type":"","background-media":"","overlay-type":"","overlay-color":"","overlay-opacity":"","overlay-gradient":""},"mobile":{"background-color":"var(--ast-global-color-5)","background-image":"","background-repeat":"repeat","background-position":"center center","background-size":"auto","background-attachment":"scroll","background-type":"","background-media":"","overlay-type":"","overlay-color":"","overlay-opacity":"","overlay-gradient":""}},"_glsr_average":0,"_glsr_ranking":0,"_glsr_reviews":0},"product_brand":[],"product_cat":[263],"product_tag":[],"class_list":{"0":"post-13376","1":"product","2":"type-product","3":"status-publish","4":"has-post-thumbnail","6":"product_cat-promociones","7":"desktop-align-center","8":"tablet-align-center","9":"mobile-align-center","10":"ast-product-gallery-layout-horizontal","11":"ast-product-gallery-with-no-image","12":"ast-product-tabs-layout-horizontal","14":"first","15":"instock","16":"taxable","17":"shipping-taxable","18":"purchasable","19":"product-type-simple"},"_links":{"self":[{"href":"https:\/\/dioxvitae.es\/it\/wp-json\/wp\/v2\/product\/13376","targetHints":{"allow":["GET"]}}],"collection":[{"href":"https:\/\/dioxvitae.es\/it\/wp-json\/wp\/v2\/product"}],"about":[{"href":"https:\/\/dioxvitae.es\/it\/wp-json\/wp\/v2\/types\/product"}],"replies":[{"embeddable":true,"href":"https:\/\/dioxvitae.es\/it\/wp-json\/wp\/v2\/comments?post=13376"}],"version-history":[{"count":7,"href":"https:\/\/dioxvitae.es\/it\/wp-json\/wp\/v2\/product\/13376\/revisions"}],"predecessor-version":[{"id":19437,"href":"https:\/\/dioxvitae.es\/it\/wp-json\/wp\/v2\/product\/13376\/revisions\/19437"}],"wp:featuredmedia":[{"embeddable":true,"href":"https:\/\/dioxvitae.es\/it\/wp-json\/wp\/v2\/media\/19404"}],"wp:attachment":[{"href":"https:\/\/dioxvitae.es\/it\/wp-json\/wp\/v2\/media?parent=13376"}],"wp:term":[{"taxonomy":"product_brand","embeddable":true,"href":"https:\/\/dioxvitae.es\/it\/wp-json\/wp\/v2\/product_brand?post=13376"},{"taxonomy":"product_cat","embeddable":true,"href":"https:\/\/dioxvitae.es\/it\/wp-json\/wp\/v2\/product_cat?post=13376"},{"taxonomy":"product_tag","embeddable":true,"href":"https:\/\/dioxvitae.es\/it\/wp-json\/wp\/v2\/product_tag?post=13376"}],"curies":[{"name":"wp","href":"https:\/\/api.w.org\/{rel}","templated":true}]}}