{"id":13365,"date":"2025-01-23T14:50:49","date_gmt":"2025-01-23T12:50:49","guid":{"rendered":"https:\/\/www.dioxvitae.es\/?post_type=product&#038;p=13365"},"modified":"2026-01-27T14:54:33","modified_gmt":"2026-01-27T12:54:33","slug":"1-kit-da-1-litro-1-1-cd-da-1-litro-2-cd-da-250-ml-1-contenitore-da-250-ml","status":"publish","type":"product","link":"https:\/\/dioxvitae.es\/it\/1-kit-de-un-litro-1-cds-de-un-1-litro-2-cds-de-250-ml-1-envase-de-250-ml\/","title":{"rendered":"1 kit da 1 litro + 1 CDS da 1 litro + 2 CDS da 250 ml + 1 contenitore da 250 ml"},"content":{"rendered":"<div data-elementor-type=\"wp-post\" data-elementor-id=\"13365\" class=\"elementor elementor-13365\" data-elementor-post-type=\"product\">\n\t\t\t\t\t\t<section class=\"elementor-section elementor-top-section elementor-element elementor-element-d15a563 elementor-section-boxed elementor-section-height-default elementor-section-height-default\" data-id=\"d15a563\" data-element_type=\"section\" data-e-type=\"section\">\n\t\t\t\t\t\t<div class=\"elementor-container elementor-column-gap-default\">\n\t\t\t\t\t<div class=\"elementor-column elementor-col-100 elementor-top-column elementor-element elementor-element-b335ffe\" data-id=\"b335ffe\" data-element_type=\"column\" data-e-type=\"column\">\n\t\t\t<div class=\"elementor-widget-wrap elementor-element-populated\">\n\t\t\t\t\t\t<div class=\"elementor-element elementor-element-fc2e6e1 elementor-widget elementor-widget-text-editor\" data-id=\"fc2e6e1\" data-element_type=\"widget\" data-e-type=\"widget\" data-widget_type=\"text-editor.default\">\n\t\t\t\t<div class=\"elementor-widget-container\">\n\t\t\t\t\t\t\t\t\t<div class=\"elementor elementor-1439\" data-elementor-type=\"wp-post\" data-elementor-id=\"1439\"><section class=\"elementor-section elementor-top-section elementor-element elementor-element-52f8376 elementor-section-boxed elementor-section-height-default elementor-section-height-default\" data-id=\"52f8376\" data-element_type=\"section\"><div class=\"elementor-container elementor-column-gap-default\"><div class=\"elementor-column elementor-col-100 elementor-top-column elementor-element elementor-element-9c46df3\" data-id=\"9c46df3\" data-element_type=\"column\"><div class=\"elementor-widget-wrap elementor-element-populated\"><div class=\"elementor-element elementor-element-f0df209 elementor-widget elementor-widget-heading\" data-id=\"f0df209\" data-element_type=\"widget\" data-widget_type=\"heading.default\"><div class=\"elementor-widget-container\"><h2 class=\"elementor-heading-title elementor-size-default\">Che cos'\u00e8 il biossido di cloro?<\/h2><\/div><\/div><div class=\"elementor-element elementor-element-f294867 elementor-widget elementor-widget-text-editor\" data-id=\"f294867\" data-element_type=\"widget\" data-widget_type=\"text-editor.default\"><div class=\"elementor-widget-container\"><p>Il <strong>biossido di cloro<\/strong> \u00e8 un composto chimico ampiamente utilizzato come potabilizzatore dell'acqua, ma anche come disinfettante o depuratore in un'ampia gamma di funzioni industriali. Dioxvitae \u00e8 autorizzata all'uso del biossido di cloro per la potabilizzazione di tutti i tipi di acqua, dall'acqua potabile per un'escursione alle grandi potabilizzazioni industriali. Il principio \u00e8 lo stesso.<\/p><\/div><\/div><\/div><\/div><\/div><\/section><section class=\"elementor-section elementor-top-section elementor-element elementor-element-391120c elementor-section-boxed elementor-section-height-default elementor-section-height-default\" data-id=\"391120c\" data-element_type=\"section\"><div class=\"elementor-container elementor-column-gap-default\"><div class=\"elementor-column elementor-col-100 elementor-top-column elementor-element elementor-element-ede1023\" data-id=\"ede1023\" data-element_type=\"column\"><div class=\"elementor-widget-wrap elementor-element-populated\"><div class=\"elementor-element elementor-element-392cffa elementor-widget elementor-widget-heading\" data-id=\"392cffa\" data-element_type=\"widget\" data-widget_type=\"heading.default\"><div class=\"elementor-widget-container\"><h2 class=\"elementor-heading-title elementor-size-default\">Come si prepara il biossido di cloro?<\/h2><\/div><\/div><div class=\"elementor-element elementor-element-b612f4c elementor-widget elementor-widget-text-editor\" data-id=\"b612f4c\" data-element_type=\"widget\" data-widget_type=\"text-editor.default\"><div class=\"elementor-widget-container\"><p>Miscelazione dei prodotti <strong>seguendo le istruzioni consigliate sulla confezione<\/strong> a seconda della quantit\u00e0 di acqua da trattare e della sua qualit\u00e0.<\/p><p><strong>Attendere 30 secondi per la reazione e aggiungere la miscela all'acqua. <\/strong>per stabilizzare la soluzione attivata per ottenere la massima efficacia.<\/p><p>In caso di acqua scarsamente inquinata, inodore e incolore, applicare <strong>una dose di 1 goccia di clorito + 1 goccia di attivatore per 5 litri d'acqua da trattare<\/strong>. Se la qualit\u00e0 dell'acqua \u00e8 inferiore, \u00e8 necessario utilizzare una dose maggiore di biossido di cloro. 3 gocce di clorito + 3 gocce di attivatore per 1 litro d'acqua \u00e8 una dose per acque fortemente inquinate.<\/p><\/div><\/div><\/div><\/div><\/div><\/section><section class=\"elementor-section elementor-top-section elementor-element elementor-element-b75002e elementor-section-boxed elementor-section-height-default elementor-section-height-default\" data-id=\"b75002e\" data-element_type=\"section\"><div class=\"elementor-container elementor-column-gap-default\"><div class=\"elementor-column elementor-col-100 elementor-top-column elementor-element elementor-element-27c4032\" data-id=\"27c4032\" data-element_type=\"column\"><div class=\"elementor-widget-wrap elementor-element-populated\"><div class=\"elementor-element elementor-element-91f63a0 elementor-widget elementor-widget-heading\" data-id=\"91f63a0\" data-element_type=\"widget\" data-widget_type=\"heading.default\"><div class=\"elementor-widget-container\"><h2 class=\"elementor-heading-title elementor-size-default\">Propriet\u00e0 del biossido di cloro<\/h2><\/div><\/div><div class=\"elementor-element elementor-element-f198e68 elementor-widget elementor-widget-text-editor\" data-id=\"f198e68\" data-element_type=\"widget\" data-widget_type=\"text-editor.default\"><div class=\"elementor-widget-container\"><ul><li>rimozione delle impurit\u00e0 dall'acqua naturale (tossine e metalli pesanti)<\/li><li>Efficacia superiore rispetto ad altri biocidi (rimuove il biofilm e funziona in qualsiasi intervallo di pH).<\/li><li>eliminazione di agenti patogeni, come virus, batteri e protozoi<\/li><\/ul><\/div><\/div><\/div><\/div><\/div><\/section><section class=\"elementor-section elementor-top-section elementor-element elementor-element-37bc36b6 elementor-section-boxed elementor-section-height-default elementor-section-height-default\" data-id=\"37bc36b6\" data-element_type=\"section\"><div class=\"elementor-container elementor-column-gap-default\"><div class=\"elementor-column elementor-col-100 elementor-top-column elementor-element elementor-element-6bfa42b0\" data-id=\"6bfa42b0\" data-element_type=\"column\"><div class=\"elementor-widget-wrap elementor-element-populated\"><div class=\"elementor-element elementor-element-fb506fb elementor-widget elementor-widget-heading\" data-id=\"fb506fb\" data-element_type=\"widget\" data-widget_type=\"heading.default\"><div class=\"elementor-widget-container\"><h2 class=\"elementor-heading-title elementor-size-default\">Kit di purificazione dell'acqua<\/h2><\/div><\/div><div class=\"elementor-element elementor-element-6032dc21 elementor-widget elementor-widget-text-editor\" data-id=\"6032dc21\" data-element_type=\"widget\" data-widget_type=\"text-editor.default\"><div class=\"elementor-widget-container\"><p>Il biossido di cloro \u00e8 ampiamente utilizzato dall'industria che ne conosce le superiori propriet\u00e0 di disinfezione e ossidazione delle tossine.<\/p><p>Il\u00a0<strong>Kit depuratore d'acqua DIOXVITAE<\/strong> permette di ottenere il biossido di cloro in modo casalingo, mescolando <a href=\"https:\/\/dioxvitae.es\/it\/clorito-di-sodio\/\">clorito di sodio<\/a> e un attivatore di acido cloridrico. In questo modo possiamo rendere potabile la nostra acqua ed evitare di comprare litri e litri di acqua al supermercato.<\/p><\/div><\/div><\/div><\/div><\/div><\/section><\/div><h2>CHE COS'\u00c8 IL CDS?<\/h2><p>Il <strong>CDS<\/strong> altamente purificato \u00e8 una soluzione confezionata di biossido di cloro attivato con acqua distillata.<\/p><p>Il DIOXVITAE CDS \u00e8 prodotto per evaporazione in vetro ed \u00e8 a tenuta stagna. <b>rifiuti e reazioni chimiche<\/b> secondaria.<\/p><h2>A COSA SERVONO I CD?<\/h2><p>Il CDS consente di <b>disinfezione degli agenti patogeni<\/b>, ossidazione dei prodotti fitosanitari e dei metalli pesanti, senza lasciare residui tossici.<\/p><p>La nostra soluzione \u00e8 confezionata con un minimo di <b>3000 ppm<\/b> e non presenta residui, consentendo risultati di disinfezione insuperabili.<\/p><p>Con una piccola dose di <b>Soluzione di biossido di cloro<\/b> \u00e8 possibile disinfettare tutti i tipi di alimenti. Avrete solo bisogno di acqua per diluirlo e, dopo aver seguito un semplice procedimento, avrete i vostri alimenti puliti da qualsiasi germe o elemento dannoso per la salute.<\/p><h2>USI E APPLICAZIONI DELLA SOLUZIONE DI BIOSSIDO DI CLORO<\/h2><p>Il CDS \u00e8 generalmente utilizzato per la disinfezione di frutta, verdura e ortaggi. <b>tutti i tipi di cibo<\/b>, \u00c8 un disinfettante che rimuove microbi, metalli pesanti, residui di pesticidi e altri veleni dopo il trattamento, senza lasciare residui tossici, a differenza di altri disinfettanti presenti sul mercato.<\/p><p>La soluzione di biossido di cloro di DIOXVITAE permette di ottenere una <b>risultati straordinari<\/b>, \u00c8 quindi consigliabile utilizzarlo in quegli alimenti la cui origine o lavorazione \u00e8 dubbia, come gli alimenti non biologici o quelli trasformati con molti additivi.<\/p><h3><b><u>ISTRUZIONI PER L'USO<\/u><\/b><\/h3><p>La soluzione di <b>Biossido di cloro (CDS)<\/b> Il prodotto altamente purificato \u00e8 gi\u00e0 pronto per la disinfezione degli alimenti. \u00c8 sufficiente diluirlo in acqua e trattare gli alimenti immergendoli nell'acqua o in un altro contenitore. <b>spruzzandoli<\/b>.<\/p><p>Il <b>quantit\u00e0 di prodotto<\/b> da utilizzare:<\/p><ul><li>Per gli alimenti da conservare, che possono essere immersi nell'acqua, come frutta e verdura, mettere in una bacinella da 1 a 5 ml di CDS per litro d'acqua. Se si triplica la dose massima non ci sono problemi, quindi far evaporare l'eccesso. Lasciare in ammollo per qualche minuto. <b>minimo 5 minuti<\/b> e scolare. Non risciacquare perch\u00e9 il processo non \u00e8 finito. Lasciare quindi <b>20 minuti<\/b> drenato per far evaporare i residui di CDS.<\/li><li>Per gli alimenti secchi, che non devono essere immersi, come noci, cereali, farine... preparare uno spray con 1 ml per 1 litro d'acqua. Triplicare la dose non \u00e8 un problema. <b>Distribuire il cibo e cuocerlo a vapore<\/b> e mescolando con una forchetta di legno. Lasciare quindi asciugare e conservare o consumare.<\/li><li>Quando la preparazione degli alimenti richiede la cottura con acqua, come ad esempio zuppe, pasta, riso, verdure, possiamo applicare nell'acqua fredda della casseruola <b>Da 1 a 5 ml per 5 litri d'acqua<\/b>. Se per errore la dose viene triplicata, non c'\u00e8 alcun problema. Mettere il cibo all'interno, attendere 5 minuti e cuocere. La cottura far\u00e0 evaporare rapidamente i residui di CDS. Utilizzare preferibilmente pentole e padelle di terracotta. Se si utilizzano pentole e padelle di metallo, si consiglia di ungerle prima con olio o grasso per prolungarne la durata.<\/li><li>Se si trova in una padella, una piastra, una griglia... come carni, pesce, verdure... possiamo spruzzare il cibo. <b>prima della cottura<\/b> spruzzando 1 ml di CDS in 1 litro d'acqua. Triplicare la dose non \u00e8 un problema. Lasciare il cibo con il trattamento per 5 minuti e cuocerlo. La cottura eliminer\u00e0 rapidamente ogni traccia di CDS. <b>Spalmare con olio o grasso<\/b> in padella o sulla piastra per prolungarne la durata di conservazione.<\/li><\/ul><h2>CONTROINDICAZIONI DI CDC<\/h2><p>Si consiglia di leggere il documento <b>Scheda di sicurezza CDS<\/b>, Per il modo corretto e appropriato di maneggiare il contenitore e il suo contenuto, consultare l'etichetta sul contenitore.<\/p><p><a title=\"Scheda di sicurezza\" href=\"https:\/\/dioxvitae.es\/wp-content\/uploads\/ficha-seguridad-dioxvitae-cds-v2308.pdf\" rel=\"nofollow\">Scheda di sicurezza CDS<\/a><\/p><p>\u00a0<\/p><div style=\"box-sizing: border-box; --flex-direction: initial; --flex-wrap: initial; --justify-content: initial; --align-items: initial; --align-content: initial; --gap: initial; --flex-basis: initial; --flex-grow: initial; --flex-shrink: initial; --order: initial; --align-self: initial; align-self: var(--align-self); flex-basis: var(--flex-basis); flex-grow: var(--flex-grow); flex-shrink: var(--flex-shrink); order: var(--order); align-content: var(--align-content); align-items: var(--align-items); flex-direction: var(--flex-direction); flex-wrap: var(--flex-wrap); gap: var(--row-gap) var(--column-gap); justify-content: var(--justify-content); position: relative; --widgets-spacing: 20px 20px; --widgets-spacing-row: 20px; --widgets-spacing-column: 20px; width: 1200px; margin-bottom: var(--kit-widget-spacing,20px); margin-block-end: 20px; text-align: left; color: #5a5a5a; font-family: Niramit, sans-serif; font-size: 16px; font-style: normal; font-variant-ligatures: normal; font-variant-caps: normal; font-weight: 400; letter-spacing: normal; orphans: 2; text-indent: 0px; text-transform: none; widows: 2; word-spacing: 0px; -webkit-text-stroke-width: 0px; white-space: normal; background-color: #ffffff; text-decoration-thickness: initial; text-decoration-style: initial; text-decoration-color: initial;\" data-id=\"19f75a9\" data-element_type=\"widget\" data-widget_type=\"heading.default\"><div style=\"box-sizing: border-box; transition: background .3s,border .3s,border-radius .3s,box-shadow .3s,transform var(--e-transform-transition-duration,.4s);\"><h2 style=\"box-sizing: border-box; border-width: 0px 0px 1px; border-image: initial; font-size: 2rem; font-style: inherit; font-weight: 400; margin: 0px; outline: 0px; padding: 0px 0px 15px; vertical-align: baseline; clear: both; color: var( --e-global-color-primary ); line-height: 1.3em; font-family: Oswald, sans-serif; text-transform: uppercase; letter-spacing: 0px; border-color: initial initial #25a5e5 initial; border-style: initial initial solid initial;\">Contenitore di vetro con misurino<\/h2><\/div><\/div><div style=\"box-sizing: border-box; --flex-direction: initial; --flex-wrap: initial; --justify-content: initial; --align-items: initial; --align-content: initial; --gap: initial; --flex-basis: initial; --flex-grow: initial; --flex-shrink: initial; --order: initial; --align-self: initial; align-self: var(--align-self); flex-basis: var(--flex-basis); flex-grow: var(--flex-grow); flex-shrink: var(--flex-shrink); order: var(--order); align-content: var(--align-content); align-items: var(--align-items); flex-direction: var(--flex-direction); flex-wrap: var(--flex-wrap); gap: var(--row-gap) var(--column-gap); justify-content: var(--justify-content); position: relative; --widgets-spacing: 20px 20px; --widgets-spacing-row: 20px; --widgets-spacing-column: 20px; width: 1200px; text-align: left; color: #5a5a5a; font-family: Niramit, sans-serif; font-size: 16px; font-style: normal; font-variant-ligatures: normal; font-variant-caps: normal; font-weight: 400; letter-spacing: normal; orphans: 2; text-indent: 0px; text-transform: none; widows: 2; word-spacing: 0px; -webkit-text-stroke-width: 0px; white-space: normal; background-color: #ffffff; text-decoration-thickness: initial; text-decoration-style: initial; text-decoration-color: initial;\" data-id=\"7efac487\" data-element_type=\"widget\" data-widget_type=\"text-editor.default\"><div style=\"box-sizing: border-box; transition: background .3s,border .3s,border-radius .3s,box-shadow .3s,transform var(--e-transform-transition-duration,.4s);\"><p style=\"box-sizing: border-box; border: 0px; font-size: 16px; font-style: inherit; font-weight: inherit; margin: 0px 0px 1em; outline: 0px; padding: 0px; vertical-align: baseline;\">DIOXVITAE offre un'ampia gamma di prodotti\u00a0<strong style=\"box-sizing: border-box; font-weight: bold;\">contenitori e bottiglie<\/strong>\u00a0per\u00a0<a style=\"box-sizing: border-box; background-color: transparent; text-decoration: none; color: #25a5e5; transition: 0.2s linear; box-shadow: none;\" href=\"https:\/\/dioxvitae.es\/it\/clorito-di-sodio-2\/\">clorito di sodio<\/a>,\u00a0<a style=\"box-sizing: border-box; background-color: transparent; text-decoration: none; color: #25a5e5; transition: 0.2s linear; box-shadow: none;\" href=\"https:\/\/dioxvitae.es\/it\/inneschi\/\">attivatore<\/a>,\u00a0<a style=\"box-sizing: border-box; background-color: transparent; text-decoration: none; color: #25a5e5; transition: 0.2s linear; box-shadow: none;\" href=\"https:\/\/dioxvitae.es\/it\/cd\/\">CDS<\/a>\u00a0y\u00a0<a style=\"box-sizing: border-box; background-color: transparent; text-decoration: none; color: #25a5e5; transition: 0.2s linear; box-shadow: none;\" href=\"https:\/\/dioxvitae.es\/it\/dmso\/\">DMSO<\/a>\u00a0che vi consentir\u00e0 di gestire e distribuire le vostre<br style=\"box-sizing: border-box;\" \/>prodotti in modo pi\u00f9 conveniente.<\/p><\/div><\/div>\t\t\t\t\t\t\t\t<\/div>\n\t\t\t\t<\/div>\n\t\t\t\t\t<\/div>\n\t\t<\/div>\n\t\t\t\t\t<\/div>\n\t\t<\/section>\n\t\t\t\t<\/div>","protected":false},"excerpt":{"rendered":"<p><span style=\"color: red;\">28,61 euro di risparmi<\/span><\/p>","protected":false},"featured_media":19406,"comment_status":"closed","ping_status":"closed","template":"","meta":{"site-sidebar-layout":"no-sidebar","site-content-layout":"page-builder","ast-site-content-layout":"default","site-content-style":"default","site-sidebar-style":"default","ast-global-header-display":"","ast-banner-title-visibility":"","ast-main-header-display":"","ast-hfb-above-header-display":"","ast-hfb-below-header-display":"","ast-hfb-mobile-header-display":"","site-post-title":"disabled","ast-breadcrumbs-content":"","ast-featured-img":"disabled","footer-sml-layout":"","ast-disable-related-posts":"","theme-transparent-header-meta":"default","adv-header-id-meta":"","stick-header-meta":"default","header-above-stick-meta":"","header-main-stick-meta":"","header-below-stick-meta":"","astra-migrate-meta-layouts":"set","ast-page-background-enabled":"default","ast-page-background-meta":{"desktop":{"background-color":"","background-image":"","background-repeat":"repeat","background-position":"center center","background-size":"auto","background-attachment":"scroll","background-type":"","background-media":"","overlay-type":"","overlay-color":"","overlay-opacity":"","overlay-gradient":""},"tablet":{"background-color":"","background-image":"","background-repeat":"repeat","background-position":"center center","background-size":"auto","background-attachment":"scroll","background-type":"","background-media":"","overlay-type":"","overlay-color":"","overlay-opacity":"","overlay-gradient":""},"mobile":{"background-color":"","background-image":"","background-repeat":"repeat","background-position":"center center","background-size":"auto","background-attachment":"scroll","background-type":"","background-media":"","overlay-type":"","overlay-color":"","overlay-opacity":"","overlay-gradient":""}},"ast-content-background-meta":{"desktop":{"background-color":"var(--ast-global-color-5)","background-image":"","background-repeat":"repeat","background-position":"center center","background-size":"auto","background-attachment":"scroll","background-type":"","background-media":"","overlay-type":"","overlay-color":"","overlay-opacity":"","overlay-gradient":""},"tablet":{"background-color":"var(--ast-global-color-5)","background-image":"","background-repeat":"repeat","background-position":"center center","background-size":"auto","background-attachment":"scroll","background-type":"","background-media":"","overlay-type":"","overlay-color":"","overlay-opacity":"","overlay-gradient":""},"mobile":{"background-color":"var(--ast-global-color-5)","background-image":"","background-repeat":"repeat","background-position":"center center","background-size":"auto","background-attachment":"scroll","background-type":"","background-media":"","overlay-type":"","overlay-color":"","overlay-opacity":"","overlay-gradient":""}},"_glsr_average":0,"_glsr_ranking":0,"_glsr_reviews":0},"product_brand":[],"product_cat":[263],"product_tag":[],"class_list":{"0":"post-13365","1":"product","2":"type-product","3":"status-publish","4":"has-post-thumbnail","6":"product_cat-promociones","7":"desktop-align-center","8":"tablet-align-center","9":"mobile-align-center","10":"ast-product-gallery-layout-horizontal","11":"ast-product-gallery-with-no-image","12":"ast-product-tabs-layout-horizontal","14":"first","15":"instock","16":"taxable","17":"shipping-taxable","18":"purchasable","19":"product-type-simple"},"_links":{"self":[{"href":"https:\/\/dioxvitae.es\/it\/wp-json\/wp\/v2\/product\/13365","targetHints":{"allow":["GET"]}}],"collection":[{"href":"https:\/\/dioxvitae.es\/it\/wp-json\/wp\/v2\/product"}],"about":[{"href":"https:\/\/dioxvitae.es\/it\/wp-json\/wp\/v2\/types\/product"}],"replies":[{"embeddable":true,"href":"https:\/\/dioxvitae.es\/it\/wp-json\/wp\/v2\/comments?post=13365"}],"version-history":[{"count":6,"href":"https:\/\/dioxvitae.es\/it\/wp-json\/wp\/v2\/product\/13365\/revisions"}],"predecessor-version":[{"id":13398,"href":"https:\/\/dioxvitae.es\/it\/wp-json\/wp\/v2\/product\/13365\/revisions\/13398"}],"wp:featuredmedia":[{"embeddable":true,"href":"https:\/\/dioxvitae.es\/it\/wp-json\/wp\/v2\/media\/19406"}],"wp:attachment":[{"href":"https:\/\/dioxvitae.es\/it\/wp-json\/wp\/v2\/media?parent=13365"}],"wp:term":[{"taxonomy":"product_brand","embeddable":true,"href":"https:\/\/dioxvitae.es\/it\/wp-json\/wp\/v2\/product_brand?post=13365"},{"taxonomy":"product_cat","embeddable":true,"href":"https:\/\/dioxvitae.es\/it\/wp-json\/wp\/v2\/product_cat?post=13365"},{"taxonomy":"product_tag","embeddable":true,"href":"https:\/\/dioxvitae.es\/it\/wp-json\/wp\/v2\/product_tag?post=13365"}],"curies":[{"name":"wp","href":"https:\/\/api.w.org\/{rel}","templated":true}]}}