{"id":13309,"date":"2025-01-22T10:47:29","date_gmt":"2025-01-22T08:47:29","guid":{"rendered":"https:\/\/www.dioxvitae.es\/?post_type=product&#038;p=13309"},"modified":"2026-01-27T14:58:58","modified_gmt":"2026-01-27T12:58:58","slug":"3cds-1litro-1cds-250ml-1contenitore-250ml","status":"publish","type":"product","link":"https:\/\/dioxvitae.es\/it\/3cds-1litro-1cds-250ml-1envase-250ml\/","title":{"rendered":"3 CDS da 1 litro + 1 CDS da 250 ml + 1 contenitore da 250 ml"},"content":{"rendered":"<div data-elementor-type=\"wp-post\" data-elementor-id=\"13309\" class=\"elementor elementor-13309\" data-elementor-post-type=\"product\">\n\t\t\t\t\t\t<section class=\"elementor-section elementor-top-section elementor-element elementor-element-d15a563 elementor-section-boxed elementor-section-height-default elementor-section-height-default\" data-id=\"d15a563\" data-element_type=\"section\" data-e-type=\"section\">\n\t\t\t\t\t\t<div class=\"elementor-container elementor-column-gap-default\">\n\t\t\t\t\t<div class=\"elementor-column elementor-col-100 elementor-top-column elementor-element elementor-element-b335ffe\" data-id=\"b335ffe\" data-element_type=\"column\" data-e-type=\"column\">\n\t\t\t<div class=\"elementor-widget-wrap elementor-element-populated\">\n\t\t\t\t\t\t<div class=\"elementor-element elementor-element-fc2e6e1 elementor-widget elementor-widget-text-editor\" data-id=\"fc2e6e1\" data-element_type=\"widget\" data-e-type=\"widget\" data-widget_type=\"text-editor.default\">\n\t\t\t\t<div class=\"elementor-widget-container\">\n\t\t\t\t\t\t\t\t\t<h2>CHE COS'\u00c8 IL CDS?<\/h2>\n<p>Il <strong>CDS<\/strong> altamente purificato \u00e8 una soluzione confezionata di biossido di cloro attivato con acqua distillata.<\/p>\n<p>Il DIOXVITAE CDS \u00e8 prodotto per evaporazione in vetro ed \u00e8 a tenuta stagna. <b>rifiuti e reazioni chimiche<\/b> secondaria.<\/p>\n<h2>A COSA SERVONO I CD?<\/h2>\n<p>Il CDS consente di <b>disinfezione degli agenti patogeni<\/b>, ossidazione dei prodotti fitosanitari e dei metalli pesanti, senza lasciare residui tossici.<\/p>\n<p>La nostra soluzione \u00e8 confezionata con un minimo di <b>3000 ppm<\/b> e non presenta residui, consentendo risultati di disinfezione insuperabili.<\/p>\n<p>Con una piccola dose di <b>Soluzione di biossido di cloro<\/b> \u00e8 possibile disinfettare tutti i tipi di alimenti. Avrete solo bisogno di acqua per diluirlo e, dopo aver seguito un semplice procedimento, avrete i vostri alimenti puliti da qualsiasi germe o elemento dannoso per la salute.<\/p>\n<h2>USI E APPLICAZIONI DELLA SOLUZIONE DI BIOSSIDO DI CLORO<\/h2>\n<p>Il CDS \u00e8 generalmente utilizzato per la disinfezione di frutta, verdura e ortaggi. <b>tutti i tipi di cibo<\/b>, \u00c8 un disinfettante che rimuove microbi, metalli pesanti, residui di pesticidi e altri veleni dopo il trattamento, senza lasciare residui tossici, a differenza di altri disinfettanti presenti sul mercato.<\/p>\n<p>La soluzione di biossido di cloro di DIOXVITAE permette di ottenere una <b>risultati straordinari<\/b>, \u00c8 quindi consigliabile utilizzarlo in quegli alimenti la cui origine o lavorazione \u00e8 dubbia, come gli alimenti non biologici o quelli trasformati con molti additivi.<\/p>\n<h3><b><u>ISTRUZIONI PER L'USO<\/u><\/b><\/h3>\n<p>La soluzione di <b>Biossido di cloro (CDS)<\/b> Il prodotto altamente purificato \u00e8 gi\u00e0 pronto per la disinfezione degli alimenti. \u00c8 sufficiente diluirlo in acqua e trattare gli alimenti immergendoli nell'acqua o in un altro contenitore. <b>spruzzandoli<\/b>.<\/p>\n<p>Il <b>quantit\u00e0 di prodotto<\/b> da utilizzare:<\/p>\n<ul>\n<li>Per gli alimenti da conservare, che possono essere immersi nell'acqua, come frutta e verdura, mettere in una bacinella da 1 a 5 ml di CDS per litro d'acqua. Se si triplica la dose massima non ci sono problemi, quindi far evaporare l'eccesso. Lasciare in ammollo per qualche minuto. <b>minimo 5 minuti<\/b> e scolare. Non risciacquare perch\u00e9 il processo non \u00e8 finito. Lasciare quindi <b>20 minuti<\/b> drenato per far evaporare i residui di CDS.<\/li>\n<li>Per gli alimenti secchi, che non devono essere immersi, come noci, cereali, farine... preparare uno spray con 1 ml per 1 litro d'acqua. Triplicare la dose non \u00e8 un problema. <b>Distribuire il cibo e cuocerlo a vapore<\/b> e mescolando con una forchetta di legno. Lasciare quindi asciugare e conservare o consumare.<\/li>\n<li>Quando la preparazione degli alimenti richiede la cottura con acqua, come ad esempio zuppe, pasta, riso, verdure, possiamo applicare nell'acqua fredda della casseruola <b>Da 1 a 5 ml per 5 litri d'acqua<\/b>. Se per errore la dose viene triplicata, non c'\u00e8 alcun problema. Mettere il cibo all'interno, attendere 5 minuti e cuocere. La cottura far\u00e0 evaporare rapidamente i residui di CDS. Utilizzare preferibilmente pentole e padelle di terracotta. Se si utilizzano pentole e padelle di metallo, si consiglia di ungerle prima con olio o grasso per prolungarne la durata.<\/li>\n<li>Se si trova in una padella, una piastra, una griglia... come carni, pesce, verdure... possiamo spruzzare il cibo. <b>prima della cottura<\/b> spruzzando 1 ml di CDS in 1 litro d'acqua. Triplicare la dose non \u00e8 un problema. Lasciare il cibo con il trattamento per 5 minuti e cuocerlo. La cottura eliminer\u00e0 rapidamente ogni traccia di CDS. <b>Spalmare con olio o grasso<\/b> in padella o sulla piastra per prolungarne la durata di conservazione.<\/li>\n<\/ul>\n<h2>CONTROINDICAZIONI DI CDC<\/h2>\n<p>Si consiglia di leggere il documento <b>Scheda di sicurezza CDS<\/b>, Per il modo corretto e appropriato di maneggiare il contenitore e il suo contenuto, consultare l'etichetta sul contenitore.<\/p>\n<p><a title=\"Scheda di sicurezza\" href=\"https:\/\/dioxvitae.es\/wp-content\/uploads\/ficha-seguridad-dioxvitae-cds-v2308.pdf\" rel=\"nofollow\">Scheda di sicurezza CDS<\/a><\/p><p><br><\/p><div data-id=\"19f75a9\" data-element_type=\"widget\" data-widget_type=\"heading.default\" style=\"box-sizing: border-box; --flex-direction: initial; --flex-wrap: initial; --justify-content: initial; --align-items: initial; --align-content: initial; --gap: initial; --flex-basis: initial; --flex-grow: initial; --flex-shrink: initial; --order: initial; --align-self: initial; align-self: var(--align-self); flex-basis: var(--flex-basis); flex-grow: var(--flex-grow); flex-shrink: var(--flex-shrink); order: var(--order); align-content: var(--align-content); align-items: var(--align-items); flex-direction: var(--flex-direction); flex-wrap: var(--flex-wrap); gap: var(--row-gap) var(--column-gap); justify-content: var(--justify-content); position: relative; --widgets-spacing: 20px 20px; --widgets-spacing-row: 20px; --widgets-spacing-column: 20px; width: 1200px; margin-bottom: var(--kit-widget-spacing,20px); margin-block-end: 20px; text-align: left; color: rgb(90, 90, 90); font-family: Niramit, sans-serif; font-size: 16px; font-style: normal; font-variant-ligatures: normal; font-variant-caps: normal; font-weight: 400; letter-spacing: normal; orphans: 2; text-indent: 0px; text-transform: none; widows: 2; word-spacing: 0px; -webkit-text-stroke-width: 0px; white-space: normal; background-color: rgb(255, 255, 255); text-decoration-thickness: initial; text-decoration-style: initial; text-decoration-color: initial;\"><div style=\"box-sizing: border-box; transition: background .3s,border .3s,border-radius .3s,box-shadow .3s,transform var(--e-transform-transition-duration,.4s);\"><h2 style=\"box-sizing: border-box; border-width: 0px 0px 1px; border-top-style: initial; border-right-style: initial; border-bottom-style: solid; border-left-style: initial; border-top-color: initial; border-right-color: initial; border-bottom-color: rgb(37, 165, 229); border-left-color: initial; border-image: initial; font-size: 2rem; font-style: inherit; font-weight: 400; margin: 0px; outline: 0px; padding: 0px 0px 15px; vertical-align: baseline; clear: both; color: var( --e-global-color-primary ); line-height: 1.3em; font-family: Oswald, sans-serif; text-transform: uppercase; letter-spacing: 0px;\">Contenitore di vetro con misurino<\/h2><\/div><\/div><div data-id=\"7efac487\" data-element_type=\"widget\" data-widget_type=\"text-editor.default\" style=\"box-sizing: border-box; --flex-direction: initial; --flex-wrap: initial; --justify-content: initial; --align-items: initial; --align-content: initial; --gap: initial; --flex-basis: initial; --flex-grow: initial; --flex-shrink: initial; --order: initial; --align-self: initial; align-self: var(--align-self); flex-basis: var(--flex-basis); flex-grow: var(--flex-grow); flex-shrink: var(--flex-shrink); order: var(--order); align-content: var(--align-content); align-items: var(--align-items); flex-direction: var(--flex-direction); flex-wrap: var(--flex-wrap); gap: var(--row-gap) var(--column-gap); justify-content: var(--justify-content); position: relative; --widgets-spacing: 20px 20px; --widgets-spacing-row: 20px; --widgets-spacing-column: 20px; width: 1200px; text-align: left; color: rgb(90, 90, 90); font-family: Niramit, sans-serif; font-size: 16px; font-style: normal; font-variant-ligatures: normal; font-variant-caps: normal; font-weight: 400; letter-spacing: normal; orphans: 2; text-indent: 0px; text-transform: none; widows: 2; word-spacing: 0px; -webkit-text-stroke-width: 0px; white-space: normal; background-color: rgb(255, 255, 255); text-decoration-thickness: initial; text-decoration-style: initial; text-decoration-color: initial;\"><div style=\"box-sizing: border-box; transition: background .3s,border .3s,border-radius .3s,box-shadow .3s,transform var(--e-transform-transition-duration,.4s);\"><p style=\"box-sizing: border-box; border: 0px; font-size: 16px; font-style: inherit; font-weight: inherit; margin: 0px 0px 1em; outline: 0px; padding: 0px; vertical-align: baseline;\">DIOXVITAE offre un'ampia gamma di prodotti<span>&nbsp;<\/span><strong style=\"box-sizing: border-box; font-weight: 700;\">contenitori e bottiglie<\/strong><span>&nbsp;<\/span>per<span>&nbsp;<\/span><a href=\"https:\/\/dioxvitae.es\/it\/clorito-di-sodio-2\/\" style=\"box-sizing: border-box; background-color: transparent; text-decoration: none; color: rgb(37, 165, 229); transition: 0.2s linear; box-shadow: none;\">clorito di sodio<\/a>,<span>&nbsp;<\/span><a href=\"https:\/\/dioxvitae.es\/it\/inneschi\/\" style=\"box-sizing: border-box; background-color: transparent; text-decoration: none; color: rgb(37, 165, 229); transition: 0.2s linear; box-shadow: none;\">attivatore<\/a>,<span>&nbsp;<\/span><a href=\"https:\/\/dioxvitae.es\/it\/cd\/\" style=\"box-sizing: border-box; background-color: transparent; text-decoration: none; color: rgb(37, 165, 229); transition: 0.2s linear; box-shadow: none;\">CDS<\/a><span>&nbsp;<\/span>y<span>&nbsp;<\/span><a href=\"https:\/\/dioxvitae.es\/it\/dmso\/\" style=\"box-sizing: border-box; background-color: transparent; text-decoration: none; color: rgb(37, 165, 229); transition: 0.2s linear; box-shadow: none;\">DMSO<\/a><span>&nbsp;<\/span>che vi consentir\u00e0 di gestire e distribuire le vostre<br style=\"box-sizing: border-box;\">prodotti in modo pi\u00f9 conveniente.<\/p><\/div><\/div><p><\/p>\t\t\t\t\t\t\t\t<\/div>\n\t\t\t\t<\/div>\n\t\t\t\t\t<\/div>\n\t\t<\/div>\n\t\t\t\t\t<\/div>\n\t\t<\/section>\n\t\t\t\t<\/div>","protected":false},"excerpt":{"rendered":"<p><span style=\"color: red;\">20,21 risparmio<\/span><\/p>","protected":false},"featured_media":19408,"comment_status":"closed","ping_status":"closed","template":"","meta":{"site-sidebar-layout":"no-sidebar","site-content-layout":"page-builder","ast-site-content-layout":"default","site-content-style":"default","site-sidebar-style":"default","ast-global-header-display":"","ast-banner-title-visibility":"","ast-main-header-display":"","ast-hfb-above-header-display":"","ast-hfb-below-header-display":"","ast-hfb-mobile-header-display":"","site-post-title":"disabled","ast-breadcrumbs-content":"","ast-featured-img":"disabled","footer-sml-layout":"","ast-disable-related-posts":"","theme-transparent-header-meta":"default","adv-header-id-meta":"","stick-header-meta":"default","header-above-stick-meta":"","header-main-stick-meta":"","header-below-stick-meta":"","astra-migrate-meta-layouts":"set","ast-page-background-enabled":"default","ast-page-background-meta":{"desktop":{"background-color":"","background-image":"","background-repeat":"repeat","background-position":"center center","background-size":"auto","background-attachment":"scroll","background-type":"","background-media":"","overlay-type":"","overlay-color":"","overlay-opacity":"","overlay-gradient":""},"tablet":{"background-color":"","background-image":"","background-repeat":"repeat","background-position":"center center","background-size":"auto","background-attachment":"scroll","background-type":"","background-media":"","overlay-type":"","overlay-color":"","overlay-opacity":"","overlay-gradient":""},"mobile":{"background-color":"","background-image":"","background-repeat":"repeat","background-position":"center center","background-size":"auto","background-attachment":"scroll","background-type":"","background-media":"","overlay-type":"","overlay-color":"","overlay-opacity":"","overlay-gradient":""}},"ast-content-background-meta":{"desktop":{"background-color":"var(--ast-global-color-5)","background-image":"","background-repeat":"repeat","background-position":"center center","background-size":"auto","background-attachment":"scroll","background-type":"","background-media":"","overlay-type":"","overlay-color":"","overlay-opacity":"","overlay-gradient":""},"tablet":{"background-color":"var(--ast-global-color-5)","background-image":"","background-repeat":"repeat","background-position":"center center","background-size":"auto","background-attachment":"scroll","background-type":"","background-media":"","overlay-type":"","overlay-color":"","overlay-opacity":"","overlay-gradient":""},"mobile":{"background-color":"var(--ast-global-color-5)","background-image":"","background-repeat":"repeat","background-position":"center center","background-size":"auto","background-attachment":"scroll","background-type":"","background-media":"","overlay-type":"","overlay-color":"","overlay-opacity":"","overlay-gradient":""}},"_glsr_average":0,"_glsr_ranking":0,"_glsr_reviews":0},"product_brand":[],"product_cat":[263],"product_tag":[],"class_list":{"0":"post-13309","1":"product","2":"type-product","3":"status-publish","4":"has-post-thumbnail","6":"product_cat-promociones","7":"desktop-align-center","8":"tablet-align-center","9":"mobile-align-center","10":"ast-product-gallery-layout-horizontal","11":"ast-product-gallery-with-no-image","12":"ast-product-tabs-layout-horizontal","14":"first","15":"instock","16":"taxable","17":"shipping-taxable","18":"purchasable","19":"product-type-simple"},"_links":{"self":[{"href":"https:\/\/dioxvitae.es\/it\/wp-json\/wp\/v2\/product\/13309","targetHints":{"allow":["GET"]}}],"collection":[{"href":"https:\/\/dioxvitae.es\/it\/wp-json\/wp\/v2\/product"}],"about":[{"href":"https:\/\/dioxvitae.es\/it\/wp-json\/wp\/v2\/types\/product"}],"replies":[{"embeddable":true,"href":"https:\/\/dioxvitae.es\/it\/wp-json\/wp\/v2\/comments?post=13309"}],"version-history":[{"count":10,"href":"https:\/\/dioxvitae.es\/it\/wp-json\/wp\/v2\/product\/13309\/revisions"}],"predecessor-version":[{"id":19409,"href":"https:\/\/dioxvitae.es\/it\/wp-json\/wp\/v2\/product\/13309\/revisions\/19409"}],"wp:featuredmedia":[{"embeddable":true,"href":"https:\/\/dioxvitae.es\/it\/wp-json\/wp\/v2\/media\/19408"}],"wp:attachment":[{"href":"https:\/\/dioxvitae.es\/it\/wp-json\/wp\/v2\/media?parent=13309"}],"wp:term":[{"taxonomy":"product_brand","embeddable":true,"href":"https:\/\/dioxvitae.es\/it\/wp-json\/wp\/v2\/product_brand?post=13309"},{"taxonomy":"product_cat","embeddable":true,"href":"https:\/\/dioxvitae.es\/it\/wp-json\/wp\/v2\/product_cat?post=13309"},{"taxonomy":"product_tag","embeddable":true,"href":"https:\/\/dioxvitae.es\/it\/wp-json\/wp\/v2\/product_tag?post=13309"}],"curies":[{"name":"wp","href":"https:\/\/api.w.org\/{rel}","templated":true}]}}