{"id":12934,"date":"2024-12-12T09:41:31","date_gmt":"2024-12-12T07:41:31","guid":{"rendered":"https:\/\/www.dioxvitae.es\/?post_type=product&#038;p=12934"},"modified":"2026-03-09T10:22:27","modified_gmt":"2026-03-09T08:22:27","slug":"jerrican-25l-riciclato-bianco","status":"publish","type":"product","link":"https:\/\/dioxvitae.es\/it\/jerrican-25l-blanco-reciclado\/","title":{"rendered":"Jerrican 25L Bianco Riciclato"},"content":{"rendered":"\t\t<div data-elementor-type=\"wp-post\" data-elementor-id=\"12934\" class=\"elementor elementor-12934\" data-elementor-post-type=\"product\">\n\t\t\t\t\t\t<section class=\"elementor-section elementor-top-section elementor-element elementor-element-809ed18 elementor-section-boxed elementor-section-height-default elementor-section-height-default\" data-id=\"809ed18\" data-element_type=\"section\" data-e-type=\"section\">\n\t\t\t\t\t\t<div class=\"elementor-container elementor-column-gap-default\">\n\t\t\t\t\t<div class=\"elementor-column elementor-col-100 elementor-top-column elementor-element elementor-element-7723a3d\" data-id=\"7723a3d\" data-element_type=\"column\" data-e-type=\"column\">\n\t\t\t<div class=\"elementor-widget-wrap elementor-element-populated\">\n\t\t\t\t\t\t<div class=\"elementor-element elementor-element-700f5ed elementor-widget elementor-widget-text-editor\" data-id=\"700f5ed\" data-element_type=\"widget\" data-e-type=\"widget\" data-widget_type=\"text-editor.default\">\n\t\t\t\t<div class=\"elementor-widget-container\">\n\t\t\t\t\t\t\t\t\t<h2>Jerrican 25L Blanco Reciclado Dioxvitae.<\/h2><div class=\"flex-shrink-0 flex flex-col relative items-end\"><div><div class=\"pt-0\"><div class=\"gizmo-bot-avatar flex h-8 w-8 items-center justify-center overflow-hidden rounded-full\"><ul><li class=\"relative p-1 rounded-sm flex items-center justify-center bg-token-main-surface-primary text-token-text-primary h-8 w-8\"><span style=\"font-size: 16px;\">Jerrican de 25L reciclado, ideal para uso alimentario y qu\u00edmico. <\/span><\/li><li class=\"relative p-1 rounded-sm flex items-center justify-center bg-token-main-surface-primary text-token-text-primary h-8 w-8\"><span style=\"font-size: 16px;\">Dise\u00f1o apilable, fabricado en HDPE blanco con tap\u00f3n PP sin precinto y rosca est\u00e1ndar 3\/4.<\/span><\/li><li>Dimensiones: 235 x 280 x 390 mm<\/li><li>Di\u00e1metro de boca: 48 mm<\/li><\/ul><\/div><\/div><\/div><\/div><div class=\"group\/conversation-turn relative flex w-full min-w-0 flex-col agent-turn\"><div class=\"flex-col gap-1 md:gap-3\"><div class=\"flex max-w-full flex-col flex-grow\"><div class=\"min-h-8 text-message flex w-full flex-col items-end gap-2 whitespace-normal break-words text-start [.text-message+&amp;]:mt-5\" dir=\"auto\" data-message-author-role=\"assistant\" data-message-id=\"444c77ed-85e3-4b27-822a-bc8da1d2eaca\" data-message-model-slug=\"gpt-4o\"><div class=\"flex w-full flex-col gap-1 empty:hidden first:pt-[3px]\"><div class=\"markdown prose w-full break-words dark:prose-invert light\">\u00a0<\/div><\/div><\/div><\/div><\/div><\/div>\t\t\t\t\t\t\t\t<\/div>\n\t\t\t\t<\/div>\n\t\t\t\t\t<\/div>\n\t\t<\/div>\n\t\t\t\t\t<\/div>\n\t\t<\/section>\n\t\t\t\t<\/div>\n\t\t","protected":false},"excerpt":{"rendered":"<p>Jerrican riciclato da 25 litri, con indicatore di livello, ideale per applicazioni alimentari e chimiche. Realizzato in HDPE di alta qualit\u00e0, offre resistenza e durata. Design impilabile e formato rettangolare per facilitare lo stoccaggio e il trasporto. Include un tappo in PP senza guarnizione, che garantisce una chiusura sicura. Disponibile in bianco, combina funzionalit\u00e0 e sostenibilit\u00e0, rendendola una scelta eccellente per molteplici usi.<\/p>","protected":false},"featured_media":18073,"comment_status":"closed","ping_status":"closed","template":"","meta":{"site-sidebar-layout":"no-sidebar","site-content-layout":"default","ast-site-content-layout":"default","site-content-style":"default","site-sidebar-style":"default","ast-global-header-display":"","ast-banner-title-visibility":"","ast-main-header-display":"","ast-hfb-above-header-display":"","ast-hfb-below-header-display":"","ast-hfb-mobile-header-display":"","site-post-title":"disabled","ast-breadcrumbs-content":"","ast-featured-img":"disabled","footer-sml-layout":"","ast-disable-related-posts":"","theme-transparent-header-meta":"default","adv-header-id-meta":"","stick-header-meta":"default","header-above-stick-meta":"","header-main-stick-meta":"","header-below-stick-meta":"","astra-migrate-meta-layouts":"set","ast-page-background-enabled":"default","ast-page-background-meta":{"desktop":{"background-color":"","background-image":"","background-repeat":"repeat","background-position":"center center","background-size":"auto","background-attachment":"scroll","background-type":"","background-media":"","overlay-type":"","overlay-color":"","overlay-opacity":"","overlay-gradient":""},"tablet":{"background-color":"","background-image":"","background-repeat":"repeat","background-position":"center center","background-size":"auto","background-attachment":"scroll","background-type":"","background-media":"","overlay-type":"","overlay-color":"","overlay-opacity":"","overlay-gradient":""},"mobile":{"background-color":"","background-image":"","background-repeat":"repeat","background-position":"center center","background-size":"auto","background-attachment":"scroll","background-type":"","background-media":"","overlay-type":"","overlay-color":"","overlay-opacity":"","overlay-gradient":""}},"ast-content-background-meta":{"desktop":{"background-color":"var(--ast-global-color-5)","background-image":"","background-repeat":"repeat","background-position":"center center","background-size":"auto","background-attachment":"scroll","background-type":"","background-media":"","overlay-type":"","overlay-color":"","overlay-opacity":"","overlay-gradient":""},"tablet":{"background-color":"var(--ast-global-color-5)","background-image":"","background-repeat":"repeat","background-position":"center center","background-size":"auto","background-attachment":"scroll","background-type":"","background-media":"","overlay-type":"","overlay-color":"","overlay-opacity":"","overlay-gradient":""},"mobile":{"background-color":"var(--ast-global-color-5)","background-image":"","background-repeat":"repeat","background-position":"center center","background-size":"auto","background-attachment":"scroll","background-type":"","background-media":"","overlay-type":"","overlay-color":"","overlay-opacity":"","overlay-gradient":""}},"_glsr_average":0,"_glsr_ranking":0,"_glsr_reviews":0},"product_brand":[],"product_cat":[123],"product_tag":[],"class_list":{"0":"post-12934","1":"product","2":"type-product","3":"status-publish","4":"has-post-thumbnail","6":"product_cat-envases-y-complementos","7":"desktop-align-center","8":"tablet-align-center","9":"mobile-align-center","10":"ast-product-gallery-layout-horizontal","11":"ast-product-gallery-with-no-image","12":"ast-product-tabs-layout-horizontal","14":"first","15":"outofstock","16":"taxable","17":"shipping-taxable","18":"purchasable","19":"product-type-simple"},"_links":{"self":[{"href":"https:\/\/dioxvitae.es\/it\/wp-json\/wp\/v2\/product\/12934","targetHints":{"allow":["GET"]}}],"collection":[{"href":"https:\/\/dioxvitae.es\/it\/wp-json\/wp\/v2\/product"}],"about":[{"href":"https:\/\/dioxvitae.es\/it\/wp-json\/wp\/v2\/types\/product"}],"replies":[{"embeddable":true,"href":"https:\/\/dioxvitae.es\/it\/wp-json\/wp\/v2\/comments?post=12934"}],"version-history":[{"count":18,"href":"https:\/\/dioxvitae.es\/it\/wp-json\/wp\/v2\/product\/12934\/revisions"}],"predecessor-version":[{"id":19683,"href":"https:\/\/dioxvitae.es\/it\/wp-json\/wp\/v2\/product\/12934\/revisions\/19683"}],"wp:featuredmedia":[{"embeddable":true,"href":"https:\/\/dioxvitae.es\/it\/wp-json\/wp\/v2\/media\/18073"}],"wp:attachment":[{"href":"https:\/\/dioxvitae.es\/it\/wp-json\/wp\/v2\/media?parent=12934"}],"wp:term":[{"taxonomy":"product_brand","embeddable":true,"href":"https:\/\/dioxvitae.es\/it\/wp-json\/wp\/v2\/product_brand?post=12934"},{"taxonomy":"product_cat","embeddable":true,"href":"https:\/\/dioxvitae.es\/it\/wp-json\/wp\/v2\/product_cat?post=12934"},{"taxonomy":"product_tag","embeddable":true,"href":"https:\/\/dioxvitae.es\/it\/wp-json\/wp\/v2\/product_tag?post=12934"}],"curies":[{"name":"wp","href":"https:\/\/api.w.org\/{rel}","templated":true}]}}