{"id":2656,"date":"2021-05-21T08:30:55","date_gmt":"2021-05-21T06:30:55","guid":{"rendered":"http:\/\/www.dioxvitae.es.mialias.net\/?page_id=2656"},"modified":"2021-05-31T19:33:06","modified_gmt":"2021-05-31T17:33:06","slug":"politica-sui-cookie","status":"publish","type":"page","link":"https:\/\/dioxvitae.es\/it\/politica-de-cookies\/","title":{"rendered":"Politica sui cookie"},"content":{"rendered":"<div data-elementor-type=\"wp-page\" data-elementor-id=\"2656\" class=\"elementor elementor-2656\" data-elementor-post-type=\"page\">\n\t\t\t\t\t\t<section class=\"elementor-section elementor-top-section elementor-element elementor-element-3e3a223b elementor-section-boxed elementor-section-height-default elementor-section-height-default\" data-id=\"3e3a223b\" data-element_type=\"section\" data-e-type=\"section\">\n\t\t\t\t\t\t<div class=\"elementor-container elementor-column-gap-default\">\n\t\t\t\t\t<div class=\"elementor-column elementor-col-100 elementor-top-column elementor-element elementor-element-547502d5\" data-id=\"547502d5\" data-element_type=\"column\" data-e-type=\"column\">\n\t\t\t<div class=\"elementor-widget-wrap elementor-element-populated\">\n\t\t\t\t\t\t<div class=\"elementor-element elementor-element-7bf9ec59 elementor-widget elementor-widget-text-editor\" data-id=\"7bf9ec59\" data-element_type=\"widget\" data-e-type=\"widget\" data-widget_type=\"text-editor.default\">\n\t\t\t\t<div class=\"elementor-widget-container\">\n\t\t\t\t\t\t\t\t\t<h1>Politica sui cookie<\/h1>\t\t\t\t\t\t\t\t<\/div>\n\t\t\t\t<\/div>\n\t\t\t\t<div class=\"elementor-element elementor-element-74122cdb elementor-widget-divider--view-line elementor-widget elementor-widget-divider\" data-id=\"74122cdb\" data-element_type=\"widget\" data-e-type=\"widget\" data-widget_type=\"divider.default\">\n\t\t\t\t<div class=\"elementor-widget-container\">\n\t\t\t\t\t\t\t<div class=\"elementor-divider\">\n\t\t\t<span class=\"elementor-divider-separator\">\n\t\t\t\t\t\t<\/span>\n\t\t<\/div>\n\t\t\t\t\t\t<\/div>\n\t\t\t\t<\/div>\n\t\t\t\t\t<\/div>\n\t\t<\/div>\n\t\t\t\t\t<\/div>\n\t\t<\/section>\n\t\t\t\t<section class=\"elementor-section elementor-top-section elementor-element elementor-element-f96fee1 elementor-section-boxed elementor-section-height-default elementor-section-height-default\" data-id=\"f96fee1\" data-element_type=\"section\" data-e-type=\"section\">\n\t\t\t\t\t\t<div class=\"elementor-container elementor-column-gap-default\">\n\t\t\t\t\t<div class=\"elementor-column elementor-col-100 elementor-top-column elementor-element elementor-element-6f6468c\" data-id=\"6f6468c\" data-element_type=\"column\" data-e-type=\"column\">\n\t\t\t<div class=\"elementor-widget-wrap elementor-element-populated\">\n\t\t\t\t\t\t<div class=\"elementor-element elementor-element-7943a7d elementor-widget elementor-widget-text-editor\" data-id=\"7943a7d\" data-element_type=\"widget\" data-e-type=\"widget\" data-widget_type=\"text-editor.default\">\n\t\t\t\t<div class=\"elementor-widget-container\">\n\t\t\t\t\t\t\t\t\t<p>Un cookie \u00e8 un piccolo file di testo che viene memorizzato nel browser quando si visita quasi tutti i siti web. La sua utilit\u00e0 consiste nel fatto che il sito web \u00e8 in grado di ricordare la vostra visita quando tornate a navigare su quella pagina. I cookie di solito memorizzano informazioni di natura tecnica, preferenze personali, personalizzazione dei contenuti, statistiche di utilizzo, link ai social network, accesso agli account utente, ecc. Lo scopo dei cookie \u00e8 quello di adattare il contenuto del sito web al profilo e alle esigenze dell'utente; senza i cookie i servizi offerti da qualsiasi pagina sarebbero notevolmente ridotti. Per ulteriori informazioni su cosa sono i cookie, cosa memorizzano, come cancellarli, disattivarli, ecc.<\/p><h2>Cookie utilizzati in questo sito web<\/h2><p>Seguendo le linee guida dell'Agenzia spagnola per la protezione dei dati procediamo a dettagliare l'uso dei cookie che fa questo sito web al fine di informarvi nel modo pi\u00f9 accurato possibile.<\/p><p>Questo sito web utilizza i seguenti cookie:<\/p><ul><li>Cookie di sessione, per garantire che gli utenti che scrivono commenti sul blog siano umani e non applicazioni automatizzate. Questo per combattere lo spam.<\/li><\/ul><p>Questo sito web utilizza i seguenti cookie di terze parti:<\/p><ul><li>Google Analytics: memorizza i cookie per elaborare statistiche sul traffico e sul volume delle visite a questo sito web. Utilizzando questo sito web acconsentite al trattamento delle vostre informazioni da parte di Google. Pertanto, l'esercizio di eventuali diritti al riguardo deve avvenire comunicando direttamente con Google.<\/li><li>Social network: ogni social network utilizza i propri cookie per consentire all'utente di cliccare sui pulsanti Mi piace o Condividi.<\/li><\/ul><h2>Disabilitare o cancellare i cookie<\/h2><p>L'utente pu\u00f2 esercitare il diritto di disabilitare o eliminare i cookie da questo sito web in qualsiasi momento. Queste azioni vengono eseguite in modo diverso a seconda del browser utilizzato. Ecco una guida rapida per i browser pi\u00f9 diffusi.<\/p><h2>Note aggiuntive<\/h2><ul><li>N\u00e9 questo sito n\u00e9 i suoi rappresentanti legali sono responsabili del contenuto o della veridicit\u00e0 delle politiche sulla privacy delle terze parti menzionate in questa politica sui cookie.<\/li><li>I browser web sono gli strumenti responsabili della memorizzazione dei cookie e da qui l'utente deve esercitare il proprio diritto di cancellarli o disabilitarli. N\u00e9 questo sito web n\u00e9 i suoi rappresentanti legali possono garantire la corretta o errata gestione dei cookie da parte dei suddetti browser.<\/li><li>In alcuni casi \u00e8 necessario installare i cookie affinch\u00e9 il browser non dimentichi la vostra decisione di non accettarli.<\/li><li>Per quanto riguarda i cookie di Google Analytics, Google Analytics li memorizza su server situati negli Stati Uniti e si impegna a non condividerli con terzi, tranne nel caso in cui ci\u00f2 sia necessario per il funzionamento del sistema o sia richiesto dalla legge. Secondo Google, non memorizza il vostro indirizzo IP. Google Inc. \u00e8 una societ\u00e0 che aderisce all'accordo Safe Harbour, che garantisce che tutti i dati trasferiti saranno trattati con un livello di protezione conforme alle normative europee. Se desiderate informazioni sull'utilizzo dei cookie da parte di Google\u00a0<a href=\"https:\/\/developers.google.com\/analytics\/devguides\/collection\/analyticsjs\/cookie-usage?hl=es&amp;csw=1\" target=\"_blank\" rel=\"noopener\">In allegato trovate quest'altro link<\/a>.<\/li><li>In caso di dubbi o domande sulla presente politica sui cookie, non esitate a contattarci tramite la sezione contatti.<\/li><\/ul>\t\t\t\t\t\t\t\t<\/div>\n\t\t\t\t<\/div>\n\t\t\t\t\t<\/div>\n\t\t<\/div>\n\t\t\t\t\t<\/div>\n\t\t<\/section>\n\t\t\t\t<\/div>","protected":false},"excerpt":{"rendered":"<p>Pol\u00edtica de cookies Una cookie es un peque\u00f1o fichero de texto que se almacena en su navegador cuando visita casi cualquier p\u00e1gina web. Su utilidad es que la web sea capaz de recordar su visita cuando vuelva a navegar por esa p\u00e1gina. Las cookies suelen almacenar informaci\u00f3n de car\u00e1cter t\u00e9cnico, preferencias personales, personalizaci\u00f3n de contenidos, [&hellip;]<\/p>\n","protected":false},"author":1,"featured_media":0,"parent":0,"menu_order":0,"comment_status":"closed","ping_status":"closed","template":"","meta":{"site-sidebar-layout":"no-sidebar","site-content-layout":"page-builder","ast-site-content-layout":"default","site-content-style":"default","site-sidebar-style":"default","ast-global-header-display":"","ast-banner-title-visibility":"","ast-main-header-display":"","ast-hfb-above-header-display":"","ast-hfb-below-header-display":"","ast-hfb-mobile-header-display":"","site-post-title":"disabled","ast-breadcrumbs-content":"","ast-featured-img":"disabled","footer-sml-layout":"","ast-disable-related-posts":"","theme-transparent-header-meta":"default","adv-header-id-meta":"","stick-header-meta":"default","header-above-stick-meta":"","header-main-stick-meta":"","header-below-stick-meta":"","astra-migrate-meta-layouts":"default","ast-page-background-enabled":"default","ast-page-background-meta":{"desktop":{"background-color":"","background-image":"","background-repeat":"repeat","background-position":"center center","background-size":"auto","background-attachment":"scroll","background-type":"","background-media":"","overlay-type":"","overlay-color":"","overlay-opacity":"","overlay-gradient":""},"tablet":{"background-color":"","background-image":"","background-repeat":"repeat","background-position":"center center","background-size":"auto","background-attachment":"scroll","background-type":"","background-media":"","overlay-type":"","overlay-color":"","overlay-opacity":"","overlay-gradient":""},"mobile":{"background-color":"","background-image":"","background-repeat":"repeat","background-position":"center center","background-size":"auto","background-attachment":"scroll","background-type":"","background-media":"","overlay-type":"","overlay-color":"","overlay-opacity":"","overlay-gradient":""}},"ast-content-background-meta":{"desktop":{"background-color":"var(--ast-global-color-5)","background-image":"","background-repeat":"repeat","background-position":"center center","background-size":"auto","background-attachment":"scroll","background-type":"","background-media":"","overlay-type":"","overlay-color":"","overlay-opacity":"","overlay-gradient":""},"tablet":{"background-color":"var(--ast-global-color-5)","background-image":"","background-repeat":"repeat","background-position":"center center","background-size":"auto","background-attachment":"scroll","background-type":"","background-media":"","overlay-type":"","overlay-color":"","overlay-opacity":"","overlay-gradient":""},"mobile":{"background-color":"var(--ast-global-color-5)","background-image":"","background-repeat":"repeat","background-position":"center center","background-size":"auto","background-attachment":"scroll","background-type":"","background-media":"","overlay-type":"","overlay-color":"","overlay-opacity":"","overlay-gradient":""}},"_glsr_average":0,"_glsr_ranking":0,"_glsr_reviews":0,"footnotes":""},"class_list":["post-2656","page","type-page","status-publish","hentry"],"_links":{"self":[{"href":"https:\/\/dioxvitae.es\/it\/wp-json\/wp\/v2\/pages\/2656","targetHints":{"allow":["GET"]}}],"collection":[{"href":"https:\/\/dioxvitae.es\/it\/wp-json\/wp\/v2\/pages"}],"about":[{"href":"https:\/\/dioxvitae.es\/it\/wp-json\/wp\/v2\/types\/page"}],"author":[{"embeddable":true,"href":"https:\/\/dioxvitae.es\/it\/wp-json\/wp\/v2\/users\/1"}],"replies":[{"embeddable":true,"href":"https:\/\/dioxvitae.es\/it\/wp-json\/wp\/v2\/comments?post=2656"}],"version-history":[{"count":5,"href":"https:\/\/dioxvitae.es\/it\/wp-json\/wp\/v2\/pages\/2656\/revisions"}],"predecessor-version":[{"id":2692,"href":"https:\/\/dioxvitae.es\/it\/wp-json\/wp\/v2\/pages\/2656\/revisions\/2692"}],"wp:attachment":[{"href":"https:\/\/dioxvitae.es\/it\/wp-json\/wp\/v2\/media?parent=2656"}],"curies":[{"name":"wp","href":"https:\/\/api.w.org\/{rel}","templated":true}]}}