{"id":2648,"date":"2021-05-21T08:24:42","date_gmt":"2021-05-21T06:24:42","guid":{"rendered":"http:\/\/www.dioxvitae.es.mialias.net\/?page_id=2648"},"modified":"2023-10-30T12:24:22","modified_gmt":"2023-10-30T10:24:22","slug":"informativa-sulla-privacy","status":"publish","type":"page","link":"https:\/\/dioxvitae.es\/it\/politica-de-privacidad\/","title":{"rendered":"Informativa sulla privacy"},"content":{"rendered":"<div data-elementor-type=\"wp-page\" data-elementor-id=\"2648\" class=\"elementor elementor-2648\" data-elementor-post-type=\"page\">\n\t\t\t\t\t\t<section class=\"elementor-section elementor-top-section elementor-element elementor-element-6fc185f7 elementor-section-boxed elementor-section-height-default elementor-section-height-default\" data-id=\"6fc185f7\" data-element_type=\"section\" data-e-type=\"section\">\n\t\t\t\t\t\t<div class=\"elementor-container elementor-column-gap-default\">\n\t\t\t\t\t<div class=\"elementor-column elementor-col-100 elementor-top-column elementor-element elementor-element-8be8958\" data-id=\"8be8958\" data-element_type=\"column\" data-e-type=\"column\">\n\t\t\t<div class=\"elementor-widget-wrap elementor-element-populated\">\n\t\t\t\t\t\t<div class=\"elementor-element elementor-element-5e1ef5ee elementor-widget elementor-widget-text-editor\" data-id=\"5e1ef5ee\" data-element_type=\"widget\" data-e-type=\"widget\" data-widget_type=\"text-editor.default\">\n\t\t\t\t<div class=\"elementor-widget-container\">\n\t\t\t\t\t\t\t\t\t<h1>Informativa sulla privacy<\/h1>\t\t\t\t\t\t\t\t<\/div>\n\t\t\t\t<\/div>\n\t\t\t\t<div class=\"elementor-element elementor-element-13aef899 elementor-widget-divider--view-line elementor-widget elementor-widget-divider\" data-id=\"13aef899\" data-element_type=\"widget\" data-e-type=\"widget\" data-widget_type=\"divider.default\">\n\t\t\t\t<div class=\"elementor-widget-container\">\n\t\t\t\t\t\t\t<div class=\"elementor-divider\">\n\t\t\t<span class=\"elementor-divider-separator\">\n\t\t\t\t\t\t<\/span>\n\t\t<\/div>\n\t\t\t\t\t\t<\/div>\n\t\t\t\t<\/div>\n\t\t\t\t\t<\/div>\n\t\t<\/div>\n\t\t\t\t\t<\/div>\n\t\t<\/section>\n\t\t\t\t<section class=\"elementor-section elementor-top-section elementor-element elementor-element-8e7cf50 elementor-section-boxed elementor-section-height-default elementor-section-height-default\" data-id=\"8e7cf50\" data-element_type=\"section\" data-e-type=\"section\">\n\t\t\t\t\t\t<div class=\"elementor-container elementor-column-gap-default\">\n\t\t\t\t\t<div class=\"elementor-column elementor-col-100 elementor-top-column elementor-element elementor-element-7ae4275\" data-id=\"7ae4275\" data-element_type=\"column\" data-e-type=\"column\">\n\t\t\t<div class=\"elementor-widget-wrap elementor-element-populated\">\n\t\t\t\t\t\t<div class=\"elementor-element elementor-element-5b051d5 elementor-widget elementor-widget-text-editor\" data-id=\"5b051d5\" data-element_type=\"widget\" data-e-type=\"widget\" data-widget_type=\"text-editor.default\">\n\t\t\t\t<div class=\"elementor-widget-container\">\n\t\t\t\t\t\t\t\t\t<h2>Titolare del trattamento dei dati<\/h2><ul><li>Nome: Mycelium Vitae SL<\/li><li>Indirizzo: Carrer la Fassina s\/n, 25220 Bell-lloc d'Urgell (L\u00e9rida) Spagna<\/li><li>PARTITA IVA: B02738854<\/li><li>E-mail: myvi@dioxvitae.es<\/li><\/ul><h2>Finalit\u00e0 del trattamento<\/h2><p>Mycelium Vitae SL, in qualit\u00e0 di titolare del trattamento dei dati e al fine di ottemperare al Regolamento (UE) 2016\/679, la informa che tutti i dati da lei forniti saranno trattati con il suo consenso al fine di eseguire i servizi professionali da lei richiesti, nonch\u00e9 per svolgere i compiti di questa entit\u00e0.<\/p><p>I dati personali forniti saranno conservati per tutto il tempo in cui l'interessato non ne richieder\u00e0 la cancellazione, fermo restando che i periodi di conservazione stabiliti per legge dovranno essere sempre rispettati.<\/p><h2>Fonte<\/h2><p>I dati personali che trattiamo provengono dall'interessato.<\/p><h2>Legittimazione del trattamento<\/h2><p>Il trattamento dei vostri dati personali avviene sotto la tutela del rapporto giuridico che avete con Mycelium Vitae SL per portare a termine l'esecuzione dei servizi contrattati e, in ogni caso, con il consenso che ci avete liberamente fornito.<\/p><p>I vostri dati non saranno trasmessi a terzi, a meno che non sia espressamente consentito o richiesto dalla legge.<\/p><h2>Diritti<\/h2><p>Chiunque ha il diritto di ottenere informazioni sul fatto che Mycelium Vitae SL stia trattando o meno i dati personali che lo riguardano, nonch\u00e9 il diritto di richiedere la rettifica dei dati inesatti o, se del caso, di richiederne la cancellazione quando, tra le altre ragioni, i dati non sono pi\u00f9 necessari per gli scopi per cui sono stati raccolti. Possono inoltre esercitare i diritti di limitazione del trattamento, portabilit\u00e0 dei dati, cancellazione e opposizione.<\/p><p>Per farlo, \u00e8 necessario contattare Mycelium Vitae SL, di persona presso i nostri uffici situati all'indirizzo sopraindicato o per via elettronica tramite e-mail <a href=\"mailto:myvi@dioxvitae.es\">myvi@dioxvitae.es<\/a> o i moduli di contatto disponibili sul nostro sito web.<\/p><p>In determinate circostanze e per motivi legati alla loro situazione particolare, gli interessati possono revocare, in qualsiasi momento, il consenso inizialmente prestato per una finalit\u00e0 specifica opponendosi al trattamento dei loro dati, che cesseranno di essere trattati da questa Comarca, salvo per l'esercizio o la difesa di eventuali reclami.<\/p><p>L'utente \u00e8 inoltre informato della possibilit\u00e0 di presentare un reclamo all'autorit\u00e0 di controllo competente, ossia l'Agenzia spagnola di protezione dei dati (Agencia Espa\u00f1ola de Protecci\u00f3n de Datos).<\/p>\t\t\t\t\t\t\t\t<\/div>\n\t\t\t\t<\/div>\n\t\t\t\t\t<\/div>\n\t\t<\/div>\n\t\t\t\t\t<\/div>\n\t\t<\/section>\n\t\t\t\t<\/div>","protected":false},"excerpt":{"rendered":"<p>Pol\u00edtica de privacidad Responsable del tratamiento de datos Nombre: Mycelium Vitae SL Direcci\u00f3n: Carrer la Fassina s\/n, 25220 Bell-lloc d\u2019Urgell (L\u00e9rida) Espa\u00f1a NIF: B02738854 E-mail: myvi@dioxvitae.es Finalidad del tratamiento Mycelium Vitae SL, como responsable del tratamiento y con motivo de dar cumplimiento al Reglamento (UE) 2016\/679, le informa de que todos los datos que nos [&hellip;]<\/p>\n","protected":false},"author":1,"featured_media":0,"parent":0,"menu_order":0,"comment_status":"closed","ping_status":"closed","template":"","meta":{"site-sidebar-layout":"no-sidebar","site-content-layout":"page-builder","ast-site-content-layout":"default","site-content-style":"default","site-sidebar-style":"default","ast-global-header-display":"","ast-banner-title-visibility":"","ast-main-header-display":"","ast-hfb-above-header-display":"","ast-hfb-below-header-display":"","ast-hfb-mobile-header-display":"","site-post-title":"disabled","ast-breadcrumbs-content":"","ast-featured-img":"disabled","footer-sml-layout":"","ast-disable-related-posts":"","theme-transparent-header-meta":"default","adv-header-id-meta":"","stick-header-meta":"default","header-above-stick-meta":"","header-main-stick-meta":"","header-below-stick-meta":"","astra-migrate-meta-layouts":"default","ast-page-background-enabled":"default","ast-page-background-meta":{"desktop":{"background-color":"","background-image":"","background-repeat":"repeat","background-position":"center center","background-size":"auto","background-attachment":"scroll","background-type":"","background-media":"","overlay-type":"","overlay-color":"","overlay-opacity":"","overlay-gradient":""},"tablet":{"background-color":"","background-image":"","background-repeat":"repeat","background-position":"center center","background-size":"auto","background-attachment":"scroll","background-type":"","background-media":"","overlay-type":"","overlay-color":"","overlay-opacity":"","overlay-gradient":""},"mobile":{"background-color":"","background-image":"","background-repeat":"repeat","background-position":"center center","background-size":"auto","background-attachment":"scroll","background-type":"","background-media":"","overlay-type":"","overlay-color":"","overlay-opacity":"","overlay-gradient":""}},"ast-content-background-meta":{"desktop":{"background-color":"var(--ast-global-color-5)","background-image":"","background-repeat":"repeat","background-position":"center center","background-size":"auto","background-attachment":"scroll","background-type":"","background-media":"","overlay-type":"","overlay-color":"","overlay-opacity":"","overlay-gradient":""},"tablet":{"background-color":"var(--ast-global-color-5)","background-image":"","background-repeat":"repeat","background-position":"center center","background-size":"auto","background-attachment":"scroll","background-type":"","background-media":"","overlay-type":"","overlay-color":"","overlay-opacity":"","overlay-gradient":""},"mobile":{"background-color":"var(--ast-global-color-5)","background-image":"","background-repeat":"repeat","background-position":"center center","background-size":"auto","background-attachment":"scroll","background-type":"","background-media":"","overlay-type":"","overlay-color":"","overlay-opacity":"","overlay-gradient":""}},"_glsr_average":0,"_glsr_ranking":0,"_glsr_reviews":0,"footnotes":""},"class_list":["post-2648","page","type-page","status-publish","hentry"],"_links":{"self":[{"href":"https:\/\/dioxvitae.es\/it\/wp-json\/wp\/v2\/pages\/2648","targetHints":{"allow":["GET"]}}],"collection":[{"href":"https:\/\/dioxvitae.es\/it\/wp-json\/wp\/v2\/pages"}],"about":[{"href":"https:\/\/dioxvitae.es\/it\/wp-json\/wp\/v2\/types\/page"}],"author":[{"embeddable":true,"href":"https:\/\/dioxvitae.es\/it\/wp-json\/wp\/v2\/users\/1"}],"replies":[{"embeddable":true,"href":"https:\/\/dioxvitae.es\/it\/wp-json\/wp\/v2\/comments?post=2648"}],"version-history":[{"count":11,"href":"https:\/\/dioxvitae.es\/it\/wp-json\/wp\/v2\/pages\/2648\/revisions"}],"predecessor-version":[{"id":8970,"href":"https:\/\/dioxvitae.es\/it\/wp-json\/wp\/v2\/pages\/2648\/revisions\/8970"}],"wp:attachment":[{"href":"https:\/\/dioxvitae.es\/it\/wp-json\/wp\/v2\/media?parent=2648"}],"curies":[{"name":"wp","href":"https:\/\/api.w.org\/{rel}","templated":true}]}}