{"id":8791,"date":"2023-10-17T13:19:12","date_gmt":"2023-10-17T11:19:12","guid":{"rendered":"https:\/\/www.dioxvitae.es\/?post_type=product&#038;p=8791"},"modified":"2024-04-17T12:57:43","modified_gmt":"2024-04-17T10:57:43","slug":"__trashed","status":"publish","type":"product","link":"https:\/\/dioxvitae.es\/fr\/__trashed\/","title":{"rendered":"Seringue 10 ml (1 unit\u00e9)"},"content":{"rendered":"<div data-elementor-type=\"wp-post\" data-elementor-id=\"8791\" class=\"elementor elementor-8791\" data-elementor-post-type=\"product\">\n\t\t\t\t\t\t<section class=\"elementor-section elementor-top-section elementor-element elementor-element-3857e35 elementor-section-boxed elementor-section-height-default elementor-section-height-default\" data-id=\"3857e35\" data-element_type=\"section\" data-e-type=\"section\">\n\t\t\t\t\t\t<div class=\"elementor-container elementor-column-gap-default\">\n\t\t\t\t\t<div class=\"elementor-column elementor-col-100 elementor-top-column elementor-element elementor-element-86fabfb\" data-id=\"86fabfb\" data-element_type=\"column\" data-e-type=\"column\">\n\t\t\t<div class=\"elementor-widget-wrap elementor-element-populated\">\n\t\t\t\t\t\t<div class=\"elementor-element elementor-element-b7b6e3f elementor-widget elementor-widget-text-editor\" data-id=\"b7b6e3f\" data-element_type=\"widget\" data-e-type=\"widget\" data-widget_type=\"text-editor.default\">\n\t\t\t\t<div class=\"elementor-widget-container\">\n\t\t\t\t\t\t\t\t\t<h2>Seringue avec deux corps st\u00e9riles de 10 ml, adapt\u00e9e \u00e0 l'usage clinique.<\/h2><ul><li>Cylindre en polypropyl\u00e8ne : surface tr\u00e8s transparente permettant de voir clairement la substance contenue.<\/li><li>Piston : en poly\u00e9thyl\u00e8ne vert.<\/li><li>C\u00f4ne d'adaptation : type luer excentrique<br aria-hidden=\"true\" \/>Dipl\u00f4me lisible et permanent.<\/li><li>Ailerons : soutiennent les doigts et emp\u00eachent la seringue de rouler.<br aria-hidden=\"true\" \/>sur des surfaces planes.<\/li><li>But\u00e9e de s\u00e9curit\u00e9 : \u00e0 proximit\u00e9 de la zone o\u00f9 se trouvent les volets.<br aria-hidden=\"true\" \/>Le cylindre est un r\u00e9tr\u00e9cissement du diam\u00e8tre ou de l'al\u00e9sage du cylindre,<br aria-hidden=\"true\" \/>car ses parois sont \u00e9paissies, ce qui pr\u00e9vient le risque d'extraction de la<br aria-hidden=\"true\" \/>Le liquide se d\u00e9verse alors sur le piston, ce qui a pour effet de le faire couler.<\/li><li>Sans silicone ni latex.<\/li><li>St\u00e9rilis\u00e9 \u00e0 l'oxyde d'\u00e9thyl\u00e8ne.<\/li><\/ul>\t\t\t\t\t\t\t\t<\/div>\n\t\t\t\t<\/div>\n\t\t\t\t\t<\/div>\n\t\t<\/div>\n\t\t\t\t\t<\/div>\n\t\t<\/section>\n\t\t\t\t<section class=\"elementor-section elementor-top-section elementor-element elementor-element-63e8609 elementor-section-boxed elementor-section-height-default elementor-section-height-default\" data-id=\"63e8609\" data-element_type=\"section\" data-e-type=\"section\">\n\t\t\t\t\t\t<div class=\"elementor-container elementor-column-gap-default\">\n\t\t\t\t\t<div class=\"elementor-column elementor-col-100 elementor-top-column elementor-element elementor-element-717fc84\" data-id=\"717fc84\" data-element_type=\"column\" data-e-type=\"column\">\n\t\t\t<div class=\"elementor-widget-wrap elementor-element-populated\">\n\t\t\t\t\t\t<section class=\"elementor-section elementor-inner-section elementor-element elementor-element-44500ed elementor-section-boxed elementor-section-height-default elementor-section-height-default\" data-id=\"44500ed\" data-element_type=\"section\" data-e-type=\"section\">\n\t\t\t\t\t\t<div class=\"elementor-container elementor-column-gap-default\">\n\t\t\t\t\t<div class=\"elementor-column elementor-col-50 elementor-inner-column elementor-element elementor-element-5b1bce8\" data-id=\"5b1bce8\" data-element_type=\"column\" data-e-type=\"column\">\n\t\t\t<div class=\"elementor-widget-wrap\">\n\t\t\t\t\t\t\t<\/div>\n\t\t<\/div>\n\t\t\t\t<div class=\"elementor-column elementor-col-50 elementor-inner-column elementor-element elementor-element-77e685f\" data-id=\"77e685f\" data-element_type=\"column\" data-e-type=\"column\">\n\t\t\t<div class=\"elementor-widget-wrap\">\n\t\t\t\t\t\t\t<\/div>\n\t\t<\/div>\n\t\t\t\t\t<\/div>\n\t\t<\/section>\n\t\t\t\t\t<\/div>\n\t\t<\/div>\n\t\t\t\t\t<\/div>\n\t\t<\/section>\n\t\t\t\t<\/div>","protected":false},"excerpt":{"rendered":"<p>Notre seringue de 10 ml, con\u00e7ue pour un usage clinique, se compose d'un cylindre en polypropyl\u00e8ne transparent, d'un piston en poly\u00e9thyl\u00e8ne vert et d'un c\u00f4ne d'adaptation Luer excentrique. Elle est ergonomique et dot\u00e9e d'un bouchon de s\u00e9curit\u00e9 pour \u00e9viter les d\u00e9bordements. Cette seringue st\u00e9rile, sans silicone ni latex, est essentielle pour une administration pr\u00e9cise des fluides.<\/p>","protected":false},"featured_media":8798,"comment_status":"closed","ping_status":"closed","template":"","meta":{"site-sidebar-layout":"no-sidebar","site-content-layout":"default","ast-site-content-layout":"default","site-content-style":"default","site-sidebar-style":"default","ast-global-header-display":"","ast-banner-title-visibility":"","ast-main-header-display":"","ast-hfb-above-header-display":"","ast-hfb-below-header-display":"","ast-hfb-mobile-header-display":"","site-post-title":"disabled","ast-breadcrumbs-content":"","ast-featured-img":"disabled","footer-sml-layout":"","ast-disable-related-posts":"","theme-transparent-header-meta":"default","adv-header-id-meta":"","stick-header-meta":"default","header-above-stick-meta":"","header-main-stick-meta":"","header-below-stick-meta":"","astra-migrate-meta-layouts":"default","ast-page-background-enabled":"default","ast-page-background-meta":{"desktop":{"background-color":"","background-image":"","background-repeat":"repeat","background-position":"center center","background-size":"auto","background-attachment":"scroll","background-type":"","background-media":"","overlay-type":"","overlay-color":"","overlay-opacity":"","overlay-gradient":""},"tablet":{"background-color":"","background-image":"","background-repeat":"repeat","background-position":"center center","background-size":"auto","background-attachment":"scroll","background-type":"","background-media":"","overlay-type":"","overlay-color":"","overlay-opacity":"","overlay-gradient":""},"mobile":{"background-color":"","background-image":"","background-repeat":"repeat","background-position":"center center","background-size":"auto","background-attachment":"scroll","background-type":"","background-media":"","overlay-type":"","overlay-color":"","overlay-opacity":"","overlay-gradient":""}},"ast-content-background-meta":{"desktop":{"background-color":"var(--ast-global-color-5)","background-image":"","background-repeat":"repeat","background-position":"center center","background-size":"auto","background-attachment":"scroll","background-type":"","background-media":"","overlay-type":"","overlay-color":"","overlay-opacity":"","overlay-gradient":""},"tablet":{"background-color":"var(--ast-global-color-5)","background-image":"","background-repeat":"repeat","background-position":"center center","background-size":"auto","background-attachment":"scroll","background-type":"","background-media":"","overlay-type":"","overlay-color":"","overlay-opacity":"","overlay-gradient":""},"mobile":{"background-color":"var(--ast-global-color-5)","background-image":"","background-repeat":"repeat","background-position":"center center","background-size":"auto","background-attachment":"scroll","background-type":"","background-media":"","overlay-type":"","overlay-color":"","overlay-opacity":"","overlay-gradient":""}},"_glsr_average":0,"_glsr_ranking":0,"_glsr_reviews":0},"product_brand":[],"product_cat":[123],"product_tag":[],"class_list":{"0":"post-8791","1":"product","2":"type-product","3":"status-publish","4":"has-post-thumbnail","6":"product_cat-envases-y-complementos","7":"desktop-align-center","8":"tablet-align-center","9":"mobile-align-center","10":"ast-product-gallery-layout-horizontal","11":"ast-product-gallery-with-no-image","12":"ast-product-tabs-layout-horizontal","14":"first","15":"instock","16":"taxable","17":"shipping-taxable","18":"purchasable","19":"product-type-simple"},"_links":{"self":[{"href":"https:\/\/dioxvitae.es\/fr\/wp-json\/wp\/v2\/product\/8791","targetHints":{"allow":["GET"]}}],"collection":[{"href":"https:\/\/dioxvitae.es\/fr\/wp-json\/wp\/v2\/product"}],"about":[{"href":"https:\/\/dioxvitae.es\/fr\/wp-json\/wp\/v2\/types\/product"}],"replies":[{"embeddable":true,"href":"https:\/\/dioxvitae.es\/fr\/wp-json\/wp\/v2\/comments?post=8791"}],"version-history":[{"count":3,"href":"https:\/\/dioxvitae.es\/fr\/wp-json\/wp\/v2\/product\/8791\/revisions"}],"predecessor-version":[{"id":8797,"href":"https:\/\/dioxvitae.es\/fr\/wp-json\/wp\/v2\/product\/8791\/revisions\/8797"}],"wp:featuredmedia":[{"embeddable":true,"href":"https:\/\/dioxvitae.es\/fr\/wp-json\/wp\/v2\/media\/8798"}],"wp:attachment":[{"href":"https:\/\/dioxvitae.es\/fr\/wp-json\/wp\/v2\/media?parent=8791"}],"wp:term":[{"taxonomy":"product_brand","embeddable":true,"href":"https:\/\/dioxvitae.es\/fr\/wp-json\/wp\/v2\/product_brand?post=8791"},{"taxonomy":"product_cat","embeddable":true,"href":"https:\/\/dioxvitae.es\/fr\/wp-json\/wp\/v2\/product_cat?post=8791"},{"taxonomy":"product_tag","embeddable":true,"href":"https:\/\/dioxvitae.es\/fr\/wp-json\/wp\/v2\/product_tag?post=8791"}],"curies":[{"name":"wp","href":"https:\/\/api.w.org\/{rel}","templated":true}]}}