{"id":6231,"date":"2022-11-09T17:45:40","date_gmt":"2022-11-09T15:45:40","guid":{"rendered":"https:\/\/www.dioxvitae.es\/?post_type=product&#038;p=6231"},"modified":"2025-07-22T11:39:22","modified_gmt":"2025-07-22T09:39:22","slug":"dmso","status":"publish","type":"product","link":"https:\/\/dioxvitae.es\/fr\/dmso\/","title":{"rendered":"DMSO Sulfoxyde de dim\u00e9thyle"},"content":{"rendered":"<div data-elementor-type=\"wp-post\" data-elementor-id=\"6231\" class=\"elementor elementor-6231\" data-elementor-post-type=\"product\">\n\t\t\t\t\t\t<section class=\"elementor-section elementor-top-section elementor-element elementor-element-9c5eb14 elementor-section-boxed elementor-section-height-default elementor-section-height-default\" data-id=\"9c5eb14\" data-element_type=\"section\" data-e-type=\"section\">\n\t\t\t\t\t\t<div class=\"elementor-container elementor-column-gap-default\">\n\t\t\t\t\t<div class=\"elementor-column elementor-col-100 elementor-top-column elementor-element elementor-element-c03df3c\" data-id=\"c03df3c\" data-element_type=\"column\" data-e-type=\"column\">\n\t\t\t<div class=\"elementor-widget-wrap elementor-element-populated\">\n\t\t\t\t\t\t<div class=\"elementor-element elementor-element-0e1f1e0 elementor-widget elementor-widget-text-editor\" data-id=\"0e1f1e0\" data-element_type=\"widget\" data-e-type=\"widget\" data-widget_type=\"text-editor.default\">\n\t\t\t\t<div class=\"elementor-widget-container\">\n\t\t\t\t\t\t\t\t\t<h2>Qu'est-ce que le DMSO ?<\/h2><p>Les <strong>sulfoxyde de dim\u00e9thyle<\/strong>, plus connu sous le nom de <strong>DMSO<\/strong>, est un liquide organique incolore d\u00e9riv\u00e9 de la pulpe de bois.<\/p><p>Il s'agit d'un <strong>solvant universel<\/strong> qui peut \u00eatre utilis\u00e9 avec un large \u00e9ventail de substances et dans de nombreuses situations diff\u00e9rentes.<\/p><h2>Comment le DMSO est-il utilis\u00e9 ?<\/h2><p>Le DMSO est m\u00e9lang\u00e9 \u00e0 d'autres produits chimiques, tels que <a href=\"https:\/\/dioxvitae.es\/fr\/cds\/\"><strong>dioxyde de chlore<\/strong><\/a>, d'augmenter l'efficacit\u00e9 du traitement de l'eau potable lorsque la qualit\u00e9 de l'eau est tr\u00e8s faible, \u00e9tant donn\u00e9 que <strong>facilite la p\u00e9n\u00e9tration du dioxyde de chlore<\/strong>\u00a0dans le biofilm des r\u00e9servoirs et des canalisations, ce qui lui permet de se d\u00e9grader et d'obtenir des r\u00e9sultats optimaux.<\/p><p>En combinaison avec le kit pour dessalinisateur, m\u00e9langer 2 unit\u00e9s de DMSO pour chaque unit\u00e9 de chlorite de sodium. En combinaison avec le CDS, m\u00e9langer 1 unit\u00e9 de DMSO pour 5 unit\u00e9s de CDS.<\/p><p>Les <b>Le point de cong\u00e9lation du DMSO pur se situe \u00e0 +18\u00b0C.<\/b>. Si cela se produit, laissez le r\u00e9cipient \u00e0 une temp\u00e9rature sup\u00e9rieure \u00e0 +18\u00b0C et, si c'est urgent, immergez le r\u00e9cipient ferm\u00e9 dans de l'eau ti\u00e8de pendant 20 minutes pour qu'il redevienne liquide. Stockez ensuite le produit \u00e0 l'int\u00e9rieur, o\u00f9 la temp\u00e9rature est g\u00e9n\u00e9ralement toujours sup\u00e9rieure \u00e0 +18\u00b0C. La cong\u00e9lation et la d\u00e9cong\u00e9lation ne modifient en rien les propri\u00e9t\u00e9s du produit.<\/p><p>Il est recommand\u00e9 de conserver le produit dans son emballage d'origine.<\/p><h2><span style=\"color: var( --e-global-color-primary ); font-size: 2rem; font-style: inherit; letter-spacing: 0px;\">Contre-indications du DMSO<\/span><\/h2><p>Comme il s'agit d'un solvant puissant et qu'il a un fort pouvoir de p\u00e9n\u00e9tration, il est n\u00e9cessaire de <strong>utiliser le DMSO avec prudence.<\/strong>\u00a0<\/p><p>Lire le <strong>fiche de donn\u00e9es de s\u00e9curit\u00e9<\/strong> du produit et l'\u00e9tiquette que vous trouverez sur l'emballage avant utilisation.<\/p>\t\t\t\t\t\t\t\t<\/div>\n\t\t\t\t<\/div>\n\t\t\t\t<div class=\"elementor-element elementor-element-3806d3a elementor-align-left elementor-widget elementor-widget-button\" data-id=\"3806d3a\" data-element_type=\"widget\" data-e-type=\"widget\" data-widget_type=\"button.default\">\n\t\t\t\t<div class=\"elementor-widget-container\">\n\t\t\t\t\t\t\t\t\t<div class=\"elementor-button-wrapper\">\n\t\t\t\t\t<a class=\"elementor-button elementor-button-link elementor-size-sm\" href=\"https:\/\/dioxvitae.es\/wp-content\/uploads\/dmso-ficha-seguridad.pdf\" target=\"_blank\" rel=\"nofollow\">\n\t\t\t\t\t\t<span class=\"elementor-button-content-wrapper\">\n\t\t\t\t\t\t\t\t\t<span class=\"elementor-button-text\">Fiche de donn\u00e9es de s\u00e9curit\u00e9 DMSO<\/span>\n\t\t\t\t\t<\/span>\n\t\t\t\t\t<\/a>\n\t\t\t\t<\/div>\n\t\t\t\t\t\t\t\t<\/div>\n\t\t\t\t<\/div>\n\t\t\t\t\t<\/div>\n\t\t<\/div>\n\t\t\t\t\t<\/div>\n\t\t<\/section>\n\t\t\t\t<\/div>","protected":false},"excerpt":{"rendered":"<p><strong>99,9% PURET\u00c9\u00a0<\/strong><\/p>\n<p>Les <strong>sulfoxyde de dim\u00e9thyle (DMSO)<\/strong> est un solvant organique qui, en combinaison avec le dioxyde de chlore, est id\u00e9al pour le traitement des maladies infectieuses. <strong>l'\u00e9puration des eaux fortement pollu\u00e9es<\/strong> l\u00e0 o\u00f9 une efficacit\u00e9 maximale est requise en raison d'un exc\u00e8s de mati\u00e8re organique. Son action dissolvante lui permet d'\u00e9liminer l'exc\u00e8s de mati\u00e8re organique. <strong>salissures difficiles ou importantes<\/strong>, qui est souvent un terrain propice \u00e0 la prolif\u00e9ration des agents pathog\u00e8nes.<\/p>\n<p>Point de cong\u00e9lation +18\u00baC. <strong>Si vous recevez le produit congel\u00e9, faites-le tremper pendant une demi-heure dans de l'eau ti\u00e8de.<\/strong>. La cong\u00e9lation et la d\u00e9cong\u00e9lation n'alt\u00e8rent pas les propri\u00e9t\u00e9s du produit.<\/p>","protected":false},"featured_media":7750,"comment_status":"open","ping_status":"closed","template":"","meta":{"site-sidebar-layout":"default","site-content-layout":"default","ast-site-content-layout":"default","site-content-style":"default","site-sidebar-style":"default","ast-global-header-display":"","ast-banner-title-visibility":"","ast-main-header-display":"","ast-hfb-above-header-display":"","ast-hfb-below-header-display":"","ast-hfb-mobile-header-display":"","site-post-title":"","ast-breadcrumbs-content":"","ast-featured-img":"","footer-sml-layout":"","ast-disable-related-posts":"","theme-transparent-header-meta":"default","adv-header-id-meta":"","stick-header-meta":"default","header-above-stick-meta":"","header-main-stick-meta":"","header-below-stick-meta":"","astra-migrate-meta-layouts":"set","ast-page-background-enabled":"default","ast-page-background-meta":{"desktop":{"background-color":"","background-image":"","background-repeat":"repeat","background-position":"center center","background-size":"auto","background-attachment":"scroll","background-type":"","background-media":"","overlay-type":"","overlay-color":"","overlay-opacity":"","overlay-gradient":""},"tablet":{"background-color":"","background-image":"","background-repeat":"repeat","background-position":"center center","background-size":"auto","background-attachment":"scroll","background-type":"","background-media":"","overlay-type":"","overlay-color":"","overlay-opacity":"","overlay-gradient":""},"mobile":{"background-color":"","background-image":"","background-repeat":"repeat","background-position":"center center","background-size":"auto","background-attachment":"scroll","background-type":"","background-media":"","overlay-type":"","overlay-color":"","overlay-opacity":"","overlay-gradient":""}},"ast-content-background-meta":{"desktop":{"background-color":"var(--ast-global-color-5)","background-image":"","background-repeat":"repeat","background-position":"center center","background-size":"auto","background-attachment":"scroll","background-type":"","background-media":"","overlay-type":"","overlay-color":"","overlay-opacity":"","overlay-gradient":""},"tablet":{"background-color":"var(--ast-global-color-5)","background-image":"","background-repeat":"repeat","background-position":"center center","background-size":"auto","background-attachment":"scroll","background-type":"","background-media":"","overlay-type":"","overlay-color":"","overlay-opacity":"","overlay-gradient":""},"mobile":{"background-color":"var(--ast-global-color-5)","background-image":"","background-repeat":"repeat","background-position":"center center","background-size":"auto","background-attachment":"scroll","background-type":"","background-media":"","overlay-type":"","overlay-color":"","overlay-opacity":"","overlay-gradient":""}},"_glsr_average":0,"_glsr_ranking":0,"_glsr_reviews":0},"product_brand":[],"product_cat":[121],"product_tag":[],"class_list":{"0":"post-6231","1":"product","2":"type-product","3":"status-publish","4":"has-post-thumbnail","6":"product_cat-otros-productos","7":"desktop-align-center","8":"tablet-align-center","9":"mobile-align-center","10":"ast-product-gallery-layout-horizontal","11":"ast-product-gallery-with-no-image","12":"ast-product-single-variable","13":"ast-product-tabs-layout-horizontal","15":"first","16":"instock","17":"featured","18":"taxable","19":"shipping-taxable","20":"purchasable","21":"product-type-variable"},"_links":{"self":[{"href":"https:\/\/dioxvitae.es\/fr\/wp-json\/wp\/v2\/product\/6231","targetHints":{"allow":["GET"]}}],"collection":[{"href":"https:\/\/dioxvitae.es\/fr\/wp-json\/wp\/v2\/product"}],"about":[{"href":"https:\/\/dioxvitae.es\/fr\/wp-json\/wp\/v2\/types\/product"}],"replies":[{"embeddable":true,"href":"https:\/\/dioxvitae.es\/fr\/wp-json\/wp\/v2\/comments?post=6231"}],"version-history":[{"count":26,"href":"https:\/\/dioxvitae.es\/fr\/wp-json\/wp\/v2\/product\/6231\/revisions"}],"predecessor-version":[{"id":15400,"href":"https:\/\/dioxvitae.es\/fr\/wp-json\/wp\/v2\/product\/6231\/revisions\/15400"}],"wp:featuredmedia":[{"embeddable":true,"href":"https:\/\/dioxvitae.es\/fr\/wp-json\/wp\/v2\/media\/7750"}],"wp:attachment":[{"href":"https:\/\/dioxvitae.es\/fr\/wp-json\/wp\/v2\/media?parent=6231"}],"wp:term":[{"taxonomy":"product_brand","embeddable":true,"href":"https:\/\/dioxvitae.es\/fr\/wp-json\/wp\/v2\/product_brand?post=6231"},{"taxonomy":"product_cat","embeddable":true,"href":"https:\/\/dioxvitae.es\/fr\/wp-json\/wp\/v2\/product_cat?post=6231"},{"taxonomy":"product_tag","embeddable":true,"href":"https:\/\/dioxvitae.es\/fr\/wp-json\/wp\/v2\/product_tag?post=6231"}],"curies":[{"name":"wp","href":"https:\/\/api.w.org\/{rel}","templated":true}]}}