{"id":3149,"date":"2021-07-21T20:46:32","date_gmt":"2021-07-21T18:46:32","guid":{"rendered":"https:\/\/www.dioxvitae.es\/?post_type=product&#038;p=3149"},"modified":"2025-04-30T13:42:12","modified_gmt":"2025-04-30T11:42:12","slug":"bandelettes-de-test-pour-le-dioxyde-de-chlore","status":"publish","type":"product","link":"https:\/\/dioxvitae.es\/fr\/tiras-reactivas-dioxido-cloro\/","title":{"rendered":"Bandelettes de test pour le dioxyde de chlore"},"content":{"rendered":"<div data-elementor-type=\"wp-post\" data-elementor-id=\"3149\" class=\"elementor elementor-3149\" data-elementor-post-type=\"product\">\n\t\t\t\t\t\t<section class=\"elementor-section elementor-top-section elementor-element elementor-element-7529b2d elementor-section-boxed elementor-section-height-default elementor-section-height-default\" data-id=\"7529b2d\" data-element_type=\"section\" data-e-type=\"section\" data-settings=\"{&quot;background_background&quot;:&quot;gradient&quot;}\">\n\t\t\t\t\t\t<div class=\"elementor-container elementor-column-gap-default\">\n\t\t\t\t\t<div class=\"elementor-column elementor-col-100 elementor-top-column elementor-element elementor-element-4c84785\" data-id=\"4c84785\" data-element_type=\"column\" data-e-type=\"column\">\n\t\t\t<div class=\"elementor-widget-wrap elementor-element-populated\">\n\t\t\t\t\t\t<div class=\"elementor-element elementor-element-2e295d2 elementor-widget elementor-widget-heading\" data-id=\"2e295d2\" data-element_type=\"widget\" data-e-type=\"widget\" data-widget_type=\"heading.default\">\n\t\t\t\t<div class=\"elementor-widget-container\">\n\t\t\t\t\t<h2 class=\"elementor-heading-title elementor-size-default\">Bandelettes de test Precision Europe<\/h2>\t\t\t\t<\/div>\n\t\t\t\t<\/div>\n\t\t\t\t<div class=\"elementor-element elementor-element-7efac487 elementor-widget elementor-widget-text-editor\" data-id=\"7efac487\" data-element_type=\"widget\" data-e-type=\"widget\" data-widget_type=\"text-editor.default\">\n\t\t\t\t<div class=\"elementor-widget-container\">\n\t\t\t\t\t\t\t\t\t<p>Le <strong>BANDES D'ESSAI<\/strong> d\u00e9tecter des valeurs comprises entre 0 et 500 ppm dans des plages de 0, 10, 25, 50, 100, 250 et 500 ppm. <strong>R\u00e9sultat imm\u00e9diat<\/strong>.<\/p><p>V\u00e9rifiez la concentration en ppm de votre CDS ou de l'eau trait\u00e9e par le CDS, ou la concentration en ppm de l'eau trait\u00e9e par le CDS. <a href=\"https:\/\/dioxvitae.es\/fr\/kit-chlorite-de-sodium-et-activateur\/\">kit chlorite de sodium purificateur d'eau + activateur<\/a>.<\/p>\t\t\t\t\t\t\t\t<\/div>\n\t\t\t\t<\/div>\n\t\t\t\t\t<\/div>\n\t\t<\/div>\n\t\t\t\t\t<\/div>\n\t\t<\/section>\n\t\t\t\t<section class=\"elementor-section elementor-top-section elementor-element elementor-element-a46d335 elementor-section-boxed elementor-section-height-default elementor-section-height-default\" data-id=\"a46d335\" data-element_type=\"section\" data-e-type=\"section\">\n\t\t\t\t\t\t<div class=\"elementor-container elementor-column-gap-default\">\n\t\t\t\t\t<div class=\"elementor-column elementor-col-100 elementor-top-column elementor-element elementor-element-a597085\" data-id=\"a597085\" data-element_type=\"column\" data-e-type=\"column\">\n\t\t\t<div class=\"elementor-widget-wrap elementor-element-populated\">\n\t\t\t\t\t\t<div class=\"elementor-element elementor-element-19f75a9 elementor-widget elementor-widget-heading\" data-id=\"19f75a9\" data-element_type=\"widget\" data-e-type=\"widget\" data-widget_type=\"heading.default\">\n\t\t\t\t<div class=\"elementor-widget-container\">\n\t\t\t\t\t<h3 class=\"elementor-heading-title elementor-size-default\">Comment les bandelettes r\u00e9actives sont-elles utilis\u00e9es ?<\/h3>\t\t\t\t<\/div>\n\t\t\t\t<\/div>\n\t\t\t\t<div class=\"elementor-element elementor-element-b355e6e elementor-widget elementor-widget-text-editor\" data-id=\"b355e6e\" data-element_type=\"widget\" data-e-type=\"widget\" data-widget_type=\"text-editor.default\">\n\t\t\t\t<div class=\"elementor-widget-container\">\n\t\t\t\t\t\t\t\t\t<p>Afin de conna\u00eetre les <strong>ppm dioxyde de chlore<\/strong> Il suffit de plonger la bande dans le liquide pendant quelques minutes. <strong>10-20 secondes<\/strong> et attendez quelques minutes. <br \/>Apr\u00e8s la r\u00e9action, la bandelette prend une couleur que vous devez comparer aux carr\u00e9s color\u00e9s sur l'\u00e9tiquette du flacon de bandelettes, ce qui vous permet de conna\u00eetre la concentration en ppm de dioxyde de chlore dans la solution.<\/p><p>Pour v\u00e9rifier que vous avez bien fait <a href=\"https:\/\/dioxvitae.es\/fr\/cds\/\"><strong>CDS de qualit\u00e9<\/strong><\/a>: plac\u00e9 dans un conteneur <strong>9 ml d'eau sans chlore<\/strong> (distill\u00e9 ou en bouteille) et ajouter <strong>1 ml CDS<\/strong>, m\u00e9langer et tester. V\u00e9rifier 300 ppm avec la couleur, soit 3000 ppm, en CDS pur.<\/p>\t\t\t\t\t\t\t\t<\/div>\n\t\t\t\t<\/div>\n\t\t\t\t\t<\/div>\n\t\t<\/div>\n\t\t\t\t\t<\/div>\n\t\t<\/section>\n\t\t\t\t<\/div>","protected":false},"excerpt":{"rendered":"<p><strong>Precision Europe - Bandelettes de test pour le dioxyde de chlore (jusqu'\u00e0 500 ppm)<\/strong><\/p>\n<p><strong>Bouteille de 50 unit\u00e9s<\/strong><\/p>\n<p>Les bandelettes de test de dioxyde de chlore de 0 \u00e0 500 ppm permettent de tester la concentration en ppm de votre CDS ou de l'eau trait\u00e9e avec le CDS ou un kit de traitement de l'eau. Le r\u00e9sultat est disponible presque instantan\u00e9ment.<\/p>","protected":false},"featured_media":3547,"comment_status":"open","ping_status":"closed","template":"","meta":{"site-sidebar-layout":"default","site-content-layout":"default","ast-site-content-layout":"default","site-content-style":"default","site-sidebar-style":"default","ast-global-header-display":"","ast-banner-title-visibility":"","ast-main-header-display":"","ast-hfb-above-header-display":"","ast-hfb-below-header-display":"","ast-hfb-mobile-header-display":"","site-post-title":"","ast-breadcrumbs-content":"","ast-featured-img":"","footer-sml-layout":"","ast-disable-related-posts":"","theme-transparent-header-meta":"default","adv-header-id-meta":"","stick-header-meta":"default","header-above-stick-meta":"","header-main-stick-meta":"","header-below-stick-meta":"","astra-migrate-meta-layouts":"default","ast-page-background-enabled":"default","ast-page-background-meta":{"desktop":{"background-color":"","background-image":"","background-repeat":"repeat","background-position":"center center","background-size":"auto","background-attachment":"scroll","background-type":"","background-media":"","overlay-type":"","overlay-color":"","overlay-opacity":"","overlay-gradient":""},"tablet":{"background-color":"","background-image":"","background-repeat":"repeat","background-position":"center center","background-size":"auto","background-attachment":"scroll","background-type":"","background-media":"","overlay-type":"","overlay-color":"","overlay-opacity":"","overlay-gradient":""},"mobile":{"background-color":"","background-image":"","background-repeat":"repeat","background-position":"center center","background-size":"auto","background-attachment":"scroll","background-type":"","background-media":"","overlay-type":"","overlay-color":"","overlay-opacity":"","overlay-gradient":""}},"ast-content-background-meta":{"desktop":{"background-color":"var(--ast-global-color-5)","background-image":"","background-repeat":"repeat","background-position":"center center","background-size":"auto","background-attachment":"scroll","background-type":"","background-media":"","overlay-type":"","overlay-color":"","overlay-opacity":"","overlay-gradient":""},"tablet":{"background-color":"var(--ast-global-color-5)","background-image":"","background-repeat":"repeat","background-position":"center center","background-size":"auto","background-attachment":"scroll","background-type":"","background-media":"","overlay-type":"","overlay-color":"","overlay-opacity":"","overlay-gradient":""},"mobile":{"background-color":"var(--ast-global-color-5)","background-image":"","background-repeat":"repeat","background-position":"center center","background-size":"auto","background-attachment":"scroll","background-type":"","background-media":"","overlay-type":"","overlay-color":"","overlay-opacity":"","overlay-gradient":""}},"_glsr_average":0,"_glsr_ranking":0,"_glsr_reviews":0},"product_brand":[],"product_cat":[123],"product_tag":[],"class_list":{"0":"post-3149","1":"product","2":"type-product","3":"status-publish","4":"has-post-thumbnail","6":"product_cat-envases-y-complementos","7":"desktop-align-center","8":"tablet-align-center","9":"mobile-align-center","10":"ast-product-gallery-layout-horizontal","11":"ast-product-gallery-with-no-image","12":"ast-product-tabs-layout-horizontal","14":"first","15":"instock","16":"taxable","17":"shipping-taxable","18":"purchasable","19":"product-type-simple"},"_links":{"self":[{"href":"https:\/\/dioxvitae.es\/fr\/wp-json\/wp\/v2\/product\/3149","targetHints":{"allow":["GET"]}}],"collection":[{"href":"https:\/\/dioxvitae.es\/fr\/wp-json\/wp\/v2\/product"}],"about":[{"href":"https:\/\/dioxvitae.es\/fr\/wp-json\/wp\/v2\/types\/product"}],"replies":[{"embeddable":true,"href":"https:\/\/dioxvitae.es\/fr\/wp-json\/wp\/v2\/comments?post=3149"}],"version-history":[{"count":7,"href":"https:\/\/dioxvitae.es\/fr\/wp-json\/wp\/v2\/product\/3149\/revisions"}],"predecessor-version":[{"id":19512,"href":"https:\/\/dioxvitae.es\/fr\/wp-json\/wp\/v2\/product\/3149\/revisions\/19512"}],"wp:featuredmedia":[{"embeddable":true,"href":"https:\/\/dioxvitae.es\/fr\/wp-json\/wp\/v2\/media\/3547"}],"wp:attachment":[{"href":"https:\/\/dioxvitae.es\/fr\/wp-json\/wp\/v2\/media?parent=3149"}],"wp:term":[{"taxonomy":"product_brand","embeddable":true,"href":"https:\/\/dioxvitae.es\/fr\/wp-json\/wp\/v2\/product_brand?post=3149"},{"taxonomy":"product_cat","embeddable":true,"href":"https:\/\/dioxvitae.es\/fr\/wp-json\/wp\/v2\/product_cat?post=3149"},{"taxonomy":"product_tag","embeddable":true,"href":"https:\/\/dioxvitae.es\/fr\/wp-json\/wp\/v2\/product_tag?post=3149"}],"curies":[{"name":"wp","href":"https:\/\/api.w.org\/{rel}","templated":true}]}}