{"id":20025,"date":"2026-03-11T12:17:56","date_gmt":"2026-03-11T10:17:56","guid":{"rendered":"https:\/\/dioxvitae.es\/?post_type=product&#038;p=20025"},"modified":"2026-03-18T12:32:29","modified_gmt":"2026-03-18T10:32:29","slug":"huile-essentielle-de-terebenthine-bio-12ml-dioxvitae","status":"publish","type":"product","link":"https:\/\/dioxvitae.es\/fr\/aceite-esencial-de-trementina-bio-12ml-dioxvitae\/","title":{"rendered":"Huile essentielle de T\u00e9r\u00e9benthine (Pin) Bio 12ml"},"content":{"rendered":"<p data-path-to-node=\"5\">Cette huile essentielle 100% pure et biologique est obtenue par distillation \u00e0 la vapeur d'eau de la r\u00e9sine de pin. Son ar\u00f4me est une parfaite combinaison de fra\u00eecheur balsamique et de notes l\u00e9g\u00e8rement bois\u00e9es, id\u00e9ale pour cr\u00e9er une atmosph\u00e8re de bien-\u00eatre et d'\u00e9nergie.<\/p>\n<hr data-path-to-node=\"7\" \/>\n<h3 data-path-to-node=\"8\">Pourquoi choisir l'huile de t\u00e9r\u00e9benthine Giura Cosm\u00e8tics ?<\/h3>\n<p data-path-to-node=\"9\">Ce n'est pas seulement un parfum, c'est un alli\u00e9 pour votre sant\u00e9 et votre maison. Il se distingue par ses propri\u00e9t\u00e9s puissantes :<\/p>\n<ul data-path-to-node=\"10\">\n<li>\n<p data-path-to-node=\"10,0,0\"><b data-path-to-node=\"10,0,0\" data-index-in-node=\"0\">Syst\u00e8me respiratoire :<\/b> Il agit comme un expectorant naturel, id\u00e9al pour soulager la toux et le rhume.<\/p>\n<\/li>\n<li>\n<p data-path-to-node=\"10,1,0\"><b data-path-to-node=\"10,1,0\" data-index-in-node=\"0\">\u00c9nergie et circulation :<\/b> Il stimule la circulation sanguine et renforce le syst\u00e8me immunitaire.<\/p>\n<\/li>\n<li>\n<p data-path-to-node=\"10,2,0\"><b data-path-to-node=\"10,2,0\" data-index-in-node=\"0\">Soulagement du corps :<\/b> Il poss\u00e8de des propri\u00e9t\u00e9s analg\u00e9siques qui aident \u00e0 d\u00e9tendre les muscles et les articulations.<\/p>\n<\/li>\n<li>\n<p data-path-to-node=\"10,3,0\"><b data-path-to-node=\"10,3,0\" data-index-in-node=\"0\">Maison saine :<\/b> Son pouvoir antiseptique et d\u00e9sinfectant contribue \u00e0 maintenir un environnement exempt de bact\u00e9ries.<\/p>\n<\/li>\n<\/ul>\n<hr data-path-to-node=\"11\" \/>\n<h3 data-path-to-node=\"12\">Sp\u00e9cifications techniques et composition<\/h3>\n<ul data-path-to-node=\"13\">\n<li>\n<p data-path-to-node=\"13,0,0\"><b data-path-to-node=\"13,0,0\" data-index-in-node=\"0\">Ingr\u00e9dients :<\/b> T\u00e9r\u00e9benthine (*).<\/p>\n<ul data-path-to-node=\"13,0,1\">\n<li>\n<p data-path-to-node=\"13,0,1,0,0\">(*) Issus de l'agriculture biologique.<\/p>\n<\/li>\n<li>\n<p data-path-to-node=\"13,0,1,1,0\">(**) Composants naturels pr\u00e9sents dans les huiles essentielles.<\/p>\n<\/li>\n<\/ul>\n<\/li>\n<li>\n<p data-path-to-node=\"13,1,0\"><b data-path-to-node=\"13,1,0\" data-index-in-node=\"0\">Certifications :<\/b> Assurance qualit\u00e9 avec les scell\u00e9s <b data-path-to-node=\"13,1,0\" data-index-in-node=\"52\">Bio.inspecta<\/b>, <b data-path-to-node=\"13,1,0\" data-index-in-node=\"66\">BioVidaSana<\/b> y <b data-path-to-node=\"13,1,0\" data-index-in-node=\"80\">CCPAE<\/b>.<\/p>\n<\/li>\n<li>\n<p data-path-to-node=\"13,2,0\"><b data-path-to-node=\"13,2,0\" data-index-in-node=\"0\">Format :<\/b> Flacon en verre de 12 ml.<\/p>\n<\/li>\n<\/ul>\n<hr data-path-to-node=\"14\" \/>\n<h3 data-path-to-node=\"15\">Mode d'emploi (Polyvalence 4 en 1)<\/h3>\n<ol start=\"1\" data-path-to-node=\"16\">\n<li>\n<p data-path-to-node=\"16,0,0\"><b data-path-to-node=\"16,0,0\" data-index-in-node=\"0\">Aromath\u00e9rapie :<\/b> Ajouter <b data-path-to-node=\"16,0,0\" data-index-in-node=\"20\">4-6 gouttes<\/b> dans votre diffuseur pour purifier l'air et vous remonter le moral.<\/p>\n<\/li>\n<li>\n<p data-path-to-node=\"16,1,0\"><b data-path-to-node=\"16,1,0\" data-index-in-node=\"0\">Massages :<\/b> M\u00e9lange <b data-path-to-node=\"16,1,0\" data-index-in-node=\"16\">5-10 gouttes<\/b> dans 30 ml d'huile de support (amande, noix de coco, etc.) pour traiter les douleurs musculaires.<\/p>\n<\/li>\n<li>\n<p data-path-to-node=\"16,2,0\"><b data-path-to-node=\"16,2,0\" data-index-in-node=\"0\">Des cosm\u00e9tiques \u00e0 faire soi-m\u00eame :<\/b> Enrichissez vos cr\u00e8mes, lotions ou shampooings de quelques gouttes pour un effet revitalisant.<\/p>\n<\/li>\n<li>\n<p data-path-to-node=\"16,3,0\"><b data-path-to-node=\"16,3,0\" data-index-in-node=\"0\">Nettoyage \u00e9cologique :<\/b> M\u00e9langer avec de l'eau ou du vinaigre pour d\u00e9sinfecter les surfaces de mani\u00e8re naturelle.<\/p>\n<\/li>\n<\/ol>\n<hr data-path-to-node=\"17\" \/>\n<h3 data-path-to-node=\"18\">Pr\u00e9cautions d'emploi<\/h3>\n<p data-path-to-node=\"19\">Pour profiter des avantages en toute s\u00e9curit\u00e9 :<\/p>\n<ul data-path-to-node=\"20\">\n<li>\n<p data-path-to-node=\"20,0,0\"><b data-path-to-node=\"20,0,0\" data-index-in-node=\"0\">Usage externe uniquement.<\/b> Ne pas ing\u00e9rer.<\/p>\n<\/li>\n<li>\n<p data-path-to-node=\"20,1,0\"><b data-path-to-node=\"20,1,0\" data-index-in-node=\"0\">Dilution obligatoire :<\/b> Ne pas appliquer directement sur la peau sans huile de support.<\/p>\n<\/li>\n<li>\n<p data-path-to-node=\"20,2,0\"><b data-path-to-node=\"20,2,0\" data-index-in-node=\"0\">Groupes sensibles :<\/b> D\u00e9conseill\u00e9 aux jeunes enfants de moins de 3 ans, \u00e0 la grossesse et \u00e0 l'allaitement.<\/p>\n<\/li>\n<li>\n<p data-path-to-node=\"20,3,0\">\u00c9viter le contact avec les yeux et les muqueuses. Il est recommand\u00e9 d'effectuer un test de sensibilit\u00e9 sur une petite partie de la peau avant toute utilisation g\u00e9n\u00e9ralis\u00e9e.<\/p>\n<\/li>\n<\/ul>","protected":false},"excerpt":{"rendered":"<p><b data-path-to-node=\"4\" data-index-in-node=\"0\">Revitalisez vos sens et purifiez votre maison gr\u00e2ce au pouvoir de la for\u00eat.<\/b><\/p>","protected":false},"featured_media":20026,"comment_status":"closed","ping_status":"closed","template":"","meta":{"site-sidebar-layout":"default","site-content-layout":"","ast-site-content-layout":"default","site-content-style":"default","site-sidebar-style":"default","ast-global-header-display":"","ast-banner-title-visibility":"","ast-main-header-display":"","ast-hfb-above-header-display":"","ast-hfb-below-header-display":"","ast-hfb-mobile-header-display":"","site-post-title":"","ast-breadcrumbs-content":"","ast-featured-img":"","footer-sml-layout":"","ast-disable-related-posts":"","theme-transparent-header-meta":"default","adv-header-id-meta":"","stick-header-meta":"default","header-above-stick-meta":"","header-main-stick-meta":"","header-below-stick-meta":"","astra-migrate-meta-layouts":"set","ast-page-background-enabled":"default","ast-page-background-meta":{"desktop":{"background-color":"","background-image":"","background-repeat":"repeat","background-position":"center center","background-size":"auto","background-attachment":"scroll","background-type":"","background-media":"","overlay-type":"","overlay-color":"","overlay-opacity":"","overlay-gradient":""},"tablet":{"background-color":"","background-image":"","background-repeat":"repeat","background-position":"center center","background-size":"auto","background-attachment":"scroll","background-type":"","background-media":"","overlay-type":"","overlay-color":"","overlay-opacity":"","overlay-gradient":""},"mobile":{"background-color":"","background-image":"","background-repeat":"repeat","background-position":"center center","background-size":"auto","background-attachment":"scroll","background-type":"","background-media":"","overlay-type":"","overlay-color":"","overlay-opacity":"","overlay-gradient":""}},"ast-content-background-meta":{"desktop":{"background-color":"var(--ast-global-color-5)","background-image":"","background-repeat":"repeat","background-position":"center center","background-size":"auto","background-attachment":"scroll","background-type":"","background-media":"","overlay-type":"","overlay-color":"","overlay-opacity":"","overlay-gradient":""},"tablet":{"background-color":"var(--ast-global-color-5)","background-image":"","background-repeat":"repeat","background-position":"center center","background-size":"auto","background-attachment":"scroll","background-type":"","background-media":"","overlay-type":"","overlay-color":"","overlay-opacity":"","overlay-gradient":""},"mobile":{"background-color":"var(--ast-global-color-5)","background-image":"","background-repeat":"repeat","background-position":"center center","background-size":"auto","background-attachment":"scroll","background-type":"","background-media":"","overlay-type":"","overlay-color":"","overlay-opacity":"","overlay-gradient":""}},"_glsr_average":0,"_glsr_ranking":0,"_glsr_reviews":0},"product_brand":[],"product_cat":[331,343,363,334,121,375,340,338],"product_tag":[],"class_list":{"0":"post-20025","1":"product","2":"type-product","3":"status-publish","4":"has-post-thumbnail","6":"product_cat-herboristeria","7":"product_cat-huesos-y-articulaciones","8":"product_cat-bienestar-general","9":"product_cat-cuidado-personal","10":"product_cat-otros-productos","11":"product_cat-salud-capilar-y-cutanea-herboristeria","12":"product_cat-sistema-circulatorio","13":"product_cat-sistema-respiratorio","14":"desktop-align-center","15":"tablet-align-center","16":"mobile-align-center","17":"ast-product-gallery-layout-horizontal","18":"ast-product-gallery-with-no-image","19":"ast-product-tabs-layout-horizontal","21":"first","22":"instock","23":"taxable","24":"shipping-taxable","25":"purchasable","26":"product-type-simple"},"_links":{"self":[{"href":"https:\/\/dioxvitae.es\/fr\/wp-json\/wp\/v2\/product\/20025","targetHints":{"allow":["GET"]}}],"collection":[{"href":"https:\/\/dioxvitae.es\/fr\/wp-json\/wp\/v2\/product"}],"about":[{"href":"https:\/\/dioxvitae.es\/fr\/wp-json\/wp\/v2\/types\/product"}],"replies":[{"embeddable":true,"href":"https:\/\/dioxvitae.es\/fr\/wp-json\/wp\/v2\/comments?post=20025"}],"version-history":[{"count":5,"href":"https:\/\/dioxvitae.es\/fr\/wp-json\/wp\/v2\/product\/20025\/revisions"}],"predecessor-version":[{"id":20031,"href":"https:\/\/dioxvitae.es\/fr\/wp-json\/wp\/v2\/product\/20025\/revisions\/20031"}],"wp:featuredmedia":[{"embeddable":true,"href":"https:\/\/dioxvitae.es\/fr\/wp-json\/wp\/v2\/media\/20026"}],"wp:attachment":[{"href":"https:\/\/dioxvitae.es\/fr\/wp-json\/wp\/v2\/media?parent=20025"}],"wp:term":[{"taxonomy":"product_brand","embeddable":true,"href":"https:\/\/dioxvitae.es\/fr\/wp-json\/wp\/v2\/product_brand?post=20025"},{"taxonomy":"product_cat","embeddable":true,"href":"https:\/\/dioxvitae.es\/fr\/wp-json\/wp\/v2\/product_cat?post=20025"},{"taxonomy":"product_tag","embeddable":true,"href":"https:\/\/dioxvitae.es\/fr\/wp-json\/wp\/v2\/product_tag?post=20025"}],"curies":[{"name":"wp","href":"https:\/\/api.w.org\/{rel}","templated":true}]}}