{"id":20013,"date":"2026-03-10T14:44:00","date_gmt":"2026-03-10T12:44:00","guid":{"rendered":"https:\/\/dioxvitae.es\/?post_type=product&#038;p=20013"},"modified":"2026-03-10T14:44:00","modified_gmt":"2026-03-10T12:44:00","slug":"synergie-nac","status":"publish","type":"product","link":"https:\/\/dioxvitae.es\/fr\/nac-sinergy\/","title":{"rendered":"NAC SINERGY +"},"content":{"rendered":"<div class=\"main-column\" role=\"tablist\">\n<div class=\"active\" role=\"tab\" data-role=\"collapsible\" data-collapsible=\"true\" aria-selected=\"false\" aria-expanded=\"true\">\n<div tabindex=\"0\" data-role=\"trigger\">\n<h2 class=\"attribute-title que-es\">Description :<\/h2>\n<\/div>\n<\/div>\n<div class=\"value que-es expanded\" role=\"tabpanel\" data-role=\"content\" aria-hidden=\"false\">\n<p data-start=\"102\" data-end=\"770\"><strong data-start=\"102\" data-end=\"134\">NAC Synergy +<\/strong>\u00a0de\u00a0<strong data-start=\"138\" data-end=\"150\">Espadiet<\/strong>\u00a0est un compl\u00e9ment alimentaire principalement formul\u00e9 avec <strong data-start=\"199\" data-end=\"222\" data-is-only-node=\"\">N-ac\u00e9tyl L-cyst\u00e9ine<\/strong>,con\u00e7u pour offrir de multiples avantages pour la sant\u00e9. Ce produit est r\u00e9put\u00e9 pour ses\u00a0<strong data-start=\"346\" data-end=\"375\">propri\u00e9t\u00e9s antioxydantes<\/strong>\u00a0qui aident \u00e0 lutter contre les radicaux libres (ROS) et prot\u00e8gent les cellules contre les dommages oxydatifs, en \u00e9tant un puissant pr\u00e9curseur de l'hormone de croissance.\u00a0<strong data-start=\"508\" data-end=\"521\">glutathion<\/strong>, un antioxydant cl\u00e9 dans l'organisme. Elle am\u00e9liore \u00e9galement la capacit\u00e9 respiratoire, facilitant la gu\u00e9rison des bronchites et de l'emphys\u00e8me. Sa capacit\u00e9 <strong data-start=\"583\" data-end=\"597\">mucolytique<\/strong> optimise le syst\u00e8me respiratoire, en r\u00e9duisant l'obstruction des poumons, en r\u00e9duisant la viscosit\u00e9 et en augmentant la fluidit\u00e9 du mucus, en favorisant l'expectoration et en r\u00e9duisant la fatigue et l'inflammation musculaire, en facilitant l'expectoration et en r\u00e9duisant la fatigue et l'inflammation musculaire. <strong data-start=\"706\" data-end=\"731\">r\u00e9cup\u00e9ration musculaire<\/strong>\u00a0apr\u00e8s un effort physique intense.<\/p>\n<p data-start=\"772\" data-end=\"1163\">L'un de ses grands avantages est sa <strong data-start=\"822\" data-end=\"846\">action d\u00e9toxifiante<\/strong>, contribuer \u00e0 l'\u00e9limination des\u00a0<strong data-start=\"878\" data-end=\"889\">toxines<\/strong>,\u00a0<strong data-start=\"891\" data-end=\"910\">m\u00e9taux lourds<\/strong>\u00a0y\u00a0<strong data-start=\"913\" data-end=\"941\">r\u00e9sidus de m\u00e9dicaments<\/strong>\u00a0qui peuvent s'accumuler dans l'organisme. Cette fonction d\u00e9toxifiante en fait un excellent alli\u00e9 pour ceux qui cherchent \u00e0 garder le corps propre des substances nocives, favorisant ainsi une meilleure sant\u00e9 globale.<\/p>\n<p data-start=\"1165\" data-end=\"1592\" data-is-last-node=\"\" data-is-only-node=\"\">Ce compl\u00e9ment, avec sa combinaison unique de nutriments, est un excellent choix pour les clients souhaitant renforcer leur r\u00e9sistance \u00e0 la maladie. <strong data-start=\"1492\" data-end=\"1515\">syst\u00e8me immunitaire<\/strong>, prot\u00e9ger leur\u00a0<strong>sant\u00e9 cellulaire<\/strong>\u00a0et d'am\u00e9liorer votre bien-\u00eatre g\u00e9n\u00e9ral de mani\u00e8re naturelle.<\/p>\n<p data-start=\"1165\" data-end=\"1592\" data-is-last-node=\"\" data-is-only-node=\"\">\n<\/div>\n<div class=\"active\" role=\"tab\" data-role=\"collapsible\" data-collapsible=\"true\" aria-selected=\"false\" aria-expanded=\"true\">\n<div tabindex=\"0\" data-role=\"trigger\">\n<h2 class=\"attribute-title composicion\">Composition :<\/h2>\n<\/div>\n<\/div>\n<div class=\"value composicion\" role=\"tabpanel\" data-role=\"content\" aria-hidden=\"false\">Principes actifs pour 1 g\u00e9lule :<br \/>\nNAC (N-ac\u00e9tyl-L-cyst\u00e9ine) 600 mg<br \/>\nVitamine C (100% NRV*) 80 mg<br \/>\nZinc (100% VRN*) 10 mg<br \/>\nVitamine B2 (714% VRN*) 10 mg<br \/>\nS\u00e9l\u00e9nium (100% NRV*) 55 \u00b5g<\/div>\n<\/div>\n<div role=\"tabpanel\" data-role=\"content\" aria-hidden=\"false\"><\/div>\n<div role=\"tabpanel\" data-role=\"content\" aria-hidden=\"false\"><\/div>\n<div role=\"tabpanel\" data-role=\"content\" aria-hidden=\"false\"><\/div>\n<div class=\"main-column\" role=\"tablist\">\n<div role=\"tabpanel\" data-role=\"content\" aria-hidden=\"false\"><\/div>\n<div role=\"tabpanel\" data-role=\"content\" aria-hidden=\"false\"><\/div>\n<\/div>\n<div class=\"second-column\" role=\"tablist\">\n<div class=\"active\" role=\"tab\" data-role=\"collapsible\" data-collapsible=\"true\" aria-selected=\"false\" aria-expanded=\"true\">\n<div tabindex=\"0\" data-role=\"trigger\">\n<h2 class=\"attribute-title uso\">Mode d'emploi :<\/h2>\n<\/div>\n<\/div>\n<div class=\"value uso\" role=\"tabpanel\" data-role=\"content\" aria-hidden=\"false\">Prendre 1 g\u00e9lule par jour avec de l'eau.<\/div>\n<\/div>\n<p>&nbsp;<\/p>","protected":false},"excerpt":{"rendered":"<p>Le ma\u00eetre antioxydant. Soutien respiratoire et r\u00e9cup\u00e9ration<br \/>\nmusculaire en un seul geste.<\/p>","protected":false},"featured_media":20015,"comment_status":"closed","ping_status":"closed","template":"","meta":{"site-sidebar-layout":"default","site-content-layout":"","ast-site-content-layout":"default","site-content-style":"default","site-sidebar-style":"default","ast-global-header-display":"","ast-banner-title-visibility":"","ast-main-header-display":"","ast-hfb-above-header-display":"","ast-hfb-below-header-display":"","ast-hfb-mobile-header-display":"","site-post-title":"","ast-breadcrumbs-content":"","ast-featured-img":"","footer-sml-layout":"","ast-disable-related-posts":"","theme-transparent-header-meta":"default","adv-header-id-meta":"","stick-header-meta":"default","header-above-stick-meta":"","header-main-stick-meta":"","header-below-stick-meta":"","astra-migrate-meta-layouts":"set","ast-page-background-enabled":"default","ast-page-background-meta":{"desktop":{"background-color":"","background-image":"","background-repeat":"repeat","background-position":"center center","background-size":"auto","background-attachment":"scroll","background-type":"","background-media":"","overlay-type":"","overlay-color":"","overlay-opacity":"","overlay-gradient":""},"tablet":{"background-color":"","background-image":"","background-repeat":"repeat","background-position":"center center","background-size":"auto","background-attachment":"scroll","background-type":"","background-media":"","overlay-type":"","overlay-color":"","overlay-opacity":"","overlay-gradient":""},"mobile":{"background-color":"","background-image":"","background-repeat":"repeat","background-position":"center center","background-size":"auto","background-attachment":"scroll","background-type":"","background-media":"","overlay-type":"","overlay-color":"","overlay-opacity":"","overlay-gradient":""}},"ast-content-background-meta":{"desktop":{"background-color":"var(--ast-global-color-5)","background-image":"","background-repeat":"repeat","background-position":"center center","background-size":"auto","background-attachment":"scroll","background-type":"","background-media":"","overlay-type":"","overlay-color":"","overlay-opacity":"","overlay-gradient":""},"tablet":{"background-color":"var(--ast-global-color-5)","background-image":"","background-repeat":"repeat","background-position":"center center","background-size":"auto","background-attachment":"scroll","background-type":"","background-media":"","overlay-type":"","overlay-color":"","overlay-opacity":"","overlay-gradient":""},"mobile":{"background-color":"var(--ast-global-color-5)","background-image":"","background-repeat":"repeat","background-position":"center center","background-size":"auto","background-attachment":"scroll","background-type":"","background-media":"","overlay-type":"","overlay-color":"","overlay-opacity":"","overlay-gradient":""}},"_glsr_average":0,"_glsr_ranking":0,"_glsr_reviews":0},"product_brand":[],"product_cat":[331,363,332,337,338],"product_tag":[],"class_list":{"0":"post-20013","1":"product","2":"type-product","3":"status-publish","4":"has-post-thumbnail","6":"product_cat-herboristeria","7":"product_cat-bienestar-general","8":"product_cat-detox","9":"product_cat-sistema-inmune","10":"product_cat-sistema-respiratorio","11":"desktop-align-center","12":"tablet-align-center","13":"mobile-align-center","14":"ast-product-gallery-layout-horizontal","15":"ast-product-gallery-with-no-image","16":"ast-product-tabs-layout-horizontal","18":"first","19":"instock","20":"taxable","21":"shipping-taxable","22":"purchasable","23":"product-type-simple"},"_links":{"self":[{"href":"https:\/\/dioxvitae.es\/fr\/wp-json\/wp\/v2\/product\/20013","targetHints":{"allow":["GET"]}}],"collection":[{"href":"https:\/\/dioxvitae.es\/fr\/wp-json\/wp\/v2\/product"}],"about":[{"href":"https:\/\/dioxvitae.es\/fr\/wp-json\/wp\/v2\/types\/product"}],"replies":[{"embeddable":true,"href":"https:\/\/dioxvitae.es\/fr\/wp-json\/wp\/v2\/comments?post=20013"}],"version-history":[{"count":4,"href":"https:\/\/dioxvitae.es\/fr\/wp-json\/wp\/v2\/product\/20013\/revisions"}],"predecessor-version":[{"id":20019,"href":"https:\/\/dioxvitae.es\/fr\/wp-json\/wp\/v2\/product\/20013\/revisions\/20019"}],"wp:featuredmedia":[{"embeddable":true,"href":"https:\/\/dioxvitae.es\/fr\/wp-json\/wp\/v2\/media\/20015"}],"wp:attachment":[{"href":"https:\/\/dioxvitae.es\/fr\/wp-json\/wp\/v2\/media?parent=20013"}],"wp:term":[{"taxonomy":"product_brand","embeddable":true,"href":"https:\/\/dioxvitae.es\/fr\/wp-json\/wp\/v2\/product_brand?post=20013"},{"taxonomy":"product_cat","embeddable":true,"href":"https:\/\/dioxvitae.es\/fr\/wp-json\/wp\/v2\/product_cat?post=20013"},{"taxonomy":"product_tag","embeddable":true,"href":"https:\/\/dioxvitae.es\/fr\/wp-json\/wp\/v2\/product_tag?post=20013"}],"curies":[{"name":"wp","href":"https:\/\/api.w.org\/{rel}","templated":true}]}}