{"id":19859,"date":"2026-02-28T02:22:00","date_gmt":"2026-02-28T00:22:00","guid":{"rendered":"https:\/\/dioxvitae.es\/?post_type=product&#038;p=19859"},"modified":"2026-03-18T12:02:38","modified_gmt":"2026-03-18T10:02:38","slug":"chlorella-300comp","status":"publish","type":"product","link":"https:\/\/dioxvitae.es\/fr\/chlorella-300comp\/","title":{"rendered":"Chlorella 300comp"},"content":{"rendered":"<div class=\"main-column\" role=\"tablist\">\n<div class=\"active\" role=\"tab\" data-role=\"collapsible\" data-collapsible=\"true\" aria-selected=\"false\" aria-expanded=\"true\">\n<div tabindex=\"0\" data-role=\"trigger\">\n<h2 class=\"attribute-title que-es\">Qu'est-ce que la chlorelle ?<\/h2>\n<\/div>\n<\/div>\n<div class=\"value que-es expanded\" role=\"tabpanel\" data-role=\"content\" aria-hidden=\"false\">\n<p data-start=\"113\" data-end=\"571\"><strong>Chlorella Detox 200Mg Sans Gluten Vegan by Vitae<\/strong>\u00a0est un compl\u00e9ment \u00e0 base de micro-algues vertes d'eau douce\u00a0<a href=\"https:\/\/www.vitae.es\/ingrediente\/chlorella\/\" target=\"_blank\" rel=\"noopener\">Chlorella pyrenoidosa <\/a>qui aide\u00a0<strong data-start=\"178\" data-end=\"202\">purifier le corps<\/strong>,\u00a0<strong data-start=\"204\" data-end=\"238\">la r\u00e9gulation du transit intestinal<\/strong>, Il apporte des nutriments et revitalise l'organisme. Il agit comme un agent ch\u00e9lateur en extrayant les \u00e9l\u00e9ments suivants <strong>toxines<\/strong> Elle est \u00e9galement riche en chlorophylle, en prot\u00e9ines, en acides nucl\u00e9iques et en vitamines essentielles, telles que la vitamine A, qui contribue au m\u00e9tabolisme normal du fer, et la vitamine B12, qui aide \u00e0 r\u00e9duire le risque de maladies cardiaques. <strong data-start=\"541\" data-end=\"554\">fatigue<\/strong>\u00a0et le\u00a0<strong data-start=\"560\" data-end=\"570\">fatigue<\/strong>.<\/p>\n<p data-start=\"113\" data-end=\"571\">Vitae propose un compl\u00e9ment \u00e0 base de Chlorella qui contient tous les \u00e9l\u00e9ments essentiels pour <strong>se sentir bien \u00e0 l'int\u00e9rieur et jeune \u00e0 l'ext\u00e9rieur<\/strong>, Il poss\u00e8de une grande richesse nutritionnelle et une teneur \u00e9lev\u00e9e en <strong>chlorophylle<\/strong>. C'est une source de <strong>magn\u00e9sium<\/strong>.<\/p>\n<p data-start=\"113\" data-end=\"571\">En outre, la paroi cellulaire de l'algue <strong><a href=\"https:\/\/www.vitae.es\/ingrediente\/chlorella\/\" target=\"_blank\" rel=\"noopener\">Chlorella pyrenoidosa<\/a><\/strong>\u00a0dispose d'une grande capacit\u00e9 de <strong>absorption<\/strong> gr\u00e2ce \u00e0 l'action des fibres contenues dans cette paroi, d\u00e9toxifie les aliments non dig\u00e9r\u00e9s qui restent dans l'intestin, en particulier les prot\u00e9ines, qui peuvent \u00eatre \u00e0 l'origine d'un inconfort abdominal. Vitae utilise l'algue Chlorella de <strong>paroi cellulaire bris\u00e9e<\/strong> pour faciliter l'exposition des microfibres de cellulose au monde ext\u00e9rieur. Cette technologie de rupture de la paroi cellulaire am\u00e9liore consid\u00e9rablement la biodisponibilit\u00e9 de ses composants, optimisant ainsi les b\u00e9n\u00e9fices pour l'organisme. Apr\u00e8s la r\u00e9colte, l'algue est soumise \u00e0 ce processus minutieux de rupture de la paroi cellulaire puis de pulv\u00e9risation, ce qui am\u00e9liore sa digestibilit\u00e9 sans perdre ses propri\u00e9t\u00e9s nutritionnelles.<\/p>\n<p data-start=\"573\" data-end=\"872\">Gr\u00e2ce \u00e0 sa composition riche en nutriments, le <strong>Chlorelle <\/strong>est un choix naturel pour ceux qui cherchent \u00e0 faire une <strong>d\u00e9sintoxication<\/strong> de l'organisme et de maintenir une\u00a0 <strong>syst\u00e8me digestif<\/strong> saine. Sa capacit\u00e9 \u00e0 soutenir <strong>nettoyage et revitalisation<\/strong> en fait un produit incontournable pour ceux qui cherchent \u00e0 incorporer un superaliment naturel et efficace. Il est \u00e9galement sans allerg\u00e8nes : sans gluten, sans lactose et convient aux v\u00e9g\u00e9taliens.<\/p>\n<\/div>\n<div class=\"active\" role=\"tab\" data-role=\"collapsible\" data-collapsible=\"true\" aria-selected=\"false\" aria-expanded=\"true\">\n<div tabindex=\"0\" data-role=\"trigger\">\n<h2 class=\"attribute-title composicion\">Quelle est sa composition ?<\/h2>\n<\/div>\n<\/div>\n<div class=\"value composicion\" role=\"tabpanel\" data-role=\"content\" aria-hidden=\"false\">Pour 9 comprim\u00e9s :<\/div>\n<div role=\"tabpanel\" data-role=\"content\" aria-hidden=\"false\">Chlorella pyrenoidosa (1,8 g), Vitamine A (92,9 mcg), Vitamine B9\/Acide folique (25 mcg), Vitamine B12\/Cobalamine (12 mcg), Vitamine D3 (3,37 mcg), Vitamine K (30,6 mcg), Chlorophylle (52,4 mg).<\/div>\n<\/div>\n<div class=\"second-column\" role=\"tablist\">\n<div class=\"active\" role=\"tab\" data-role=\"collapsible\" data-collapsible=\"true\" aria-selected=\"false\" aria-expanded=\"true\">\n<div tabindex=\"0\" data-role=\"trigger\">\n<h2><\/h2>\n<h2 class=\"attribute-title uso\">Comment boire ?<\/h2>\n<\/div>\n<\/div>\n<div class=\"value uso\" role=\"tabpanel\" data-role=\"content\" aria-hidden=\"false\">Il est recommand\u00e9 de prendre 3 comprim\u00e9s 3 fois par jour, de pr\u00e9f\u00e9rence pendant les repas avec beaucoup d'eau.<\/div>\n<\/div>","protected":false},"excerpt":{"rendered":"<p>Microalgues vertes d'eau douce <a href=\"https:\/\/www.vitae.es\/ingrediente\/chlorella\/\" target=\"_blank\" rel=\"noopener\">Chlorella pyrenoidosa<\/a> aide le syst\u00e8me digestif et immunitaire et contribue \u00e0 l'\u00e9limination des toxines.<\/p>","protected":false},"featured_media":19865,"comment_status":"closed","ping_status":"closed","template":"","meta":{"site-sidebar-layout":"default","site-content-layout":"","ast-site-content-layout":"default","site-content-style":"default","site-sidebar-style":"default","ast-global-header-display":"","ast-banner-title-visibility":"","ast-main-header-display":"","ast-hfb-above-header-display":"","ast-hfb-below-header-display":"","ast-hfb-mobile-header-display":"","site-post-title":"","ast-breadcrumbs-content":"","ast-featured-img":"","footer-sml-layout":"","ast-disable-related-posts":"","theme-transparent-header-meta":"default","adv-header-id-meta":"","stick-header-meta":"default","header-above-stick-meta":"","header-main-stick-meta":"","header-below-stick-meta":"","astra-migrate-meta-layouts":"set","ast-page-background-enabled":"default","ast-page-background-meta":{"desktop":{"background-color":"","background-image":"","background-repeat":"repeat","background-position":"center center","background-size":"auto","background-attachment":"scroll","background-type":"","background-media":"","overlay-type":"","overlay-color":"","overlay-opacity":"","overlay-gradient":""},"tablet":{"background-color":"","background-image":"","background-repeat":"repeat","background-position":"center center","background-size":"auto","background-attachment":"scroll","background-type":"","background-media":"","overlay-type":"","overlay-color":"","overlay-opacity":"","overlay-gradient":""},"mobile":{"background-color":"","background-image":"","background-repeat":"repeat","background-position":"center center","background-size":"auto","background-attachment":"scroll","background-type":"","background-media":"","overlay-type":"","overlay-color":"","overlay-opacity":"","overlay-gradient":""}},"ast-content-background-meta":{"desktop":{"background-color":"var(--ast-global-color-5)","background-image":"","background-repeat":"repeat","background-position":"center center","background-size":"auto","background-attachment":"scroll","background-type":"","background-media":"","overlay-type":"","overlay-color":"","overlay-opacity":"","overlay-gradient":""},"tablet":{"background-color":"var(--ast-global-color-5)","background-image":"","background-repeat":"repeat","background-position":"center center","background-size":"auto","background-attachment":"scroll","background-type":"","background-media":"","overlay-type":"","overlay-color":"","overlay-opacity":"","overlay-gradient":""},"mobile":{"background-color":"var(--ast-global-color-5)","background-image":"","background-repeat":"repeat","background-position":"center center","background-size":"auto","background-attachment":"scroll","background-type":"","background-media":"","overlay-type":"","overlay-color":"","overlay-opacity":"","overlay-gradient":""}},"_glsr_average":0,"_glsr_ranking":0,"_glsr_reviews":0},"product_brand":[],"product_cat":[331,363,332,336,337],"product_tag":[],"class_list":{"0":"post-19859","1":"product","2":"type-product","3":"status-publish","4":"has-post-thumbnail","6":"product_cat-herboristeria","7":"product_cat-bienestar-general","8":"product_cat-detox","9":"product_cat-sistema-digestivo","10":"product_cat-sistema-inmune","11":"desktop-align-center","12":"tablet-align-center","13":"mobile-align-center","14":"ast-product-gallery-layout-horizontal","15":"ast-product-tabs-layout-horizontal","17":"first","18":"instock","19":"taxable","20":"shipping-taxable","21":"purchasable","22":"product-type-simple"},"_links":{"self":[{"href":"https:\/\/dioxvitae.es\/fr\/wp-json\/wp\/v2\/product\/19859","targetHints":{"allow":["GET"]}}],"collection":[{"href":"https:\/\/dioxvitae.es\/fr\/wp-json\/wp\/v2\/product"}],"about":[{"href":"https:\/\/dioxvitae.es\/fr\/wp-json\/wp\/v2\/types\/product"}],"replies":[{"embeddable":true,"href":"https:\/\/dioxvitae.es\/fr\/wp-json\/wp\/v2\/comments?post=19859"}],"version-history":[{"count":4,"href":"https:\/\/dioxvitae.es\/fr\/wp-json\/wp\/v2\/product\/19859\/revisions"}],"predecessor-version":[{"id":19872,"href":"https:\/\/dioxvitae.es\/fr\/wp-json\/wp\/v2\/product\/19859\/revisions\/19872"}],"wp:featuredmedia":[{"embeddable":true,"href":"https:\/\/dioxvitae.es\/fr\/wp-json\/wp\/v2\/media\/19865"}],"wp:attachment":[{"href":"https:\/\/dioxvitae.es\/fr\/wp-json\/wp\/v2\/media?parent=19859"}],"wp:term":[{"taxonomy":"product_brand","embeddable":true,"href":"https:\/\/dioxvitae.es\/fr\/wp-json\/wp\/v2\/product_brand?post=19859"},{"taxonomy":"product_cat","embeddable":true,"href":"https:\/\/dioxvitae.es\/fr\/wp-json\/wp\/v2\/product_cat?post=19859"},{"taxonomy":"product_tag","embeddable":true,"href":"https:\/\/dioxvitae.es\/fr\/wp-json\/wp\/v2\/product_tag?post=19859"}],"curies":[{"name":"wp","href":"https:\/\/api.w.org\/{rel}","templated":true}]}}