{"id":19820,"date":"2026-02-27T13:27:29","date_gmt":"2026-02-27T11:27:29","guid":{"rendered":"https:\/\/dioxvitae.es\/?post_type=product&#038;p=19820"},"modified":"2026-02-27T13:31:07","modified_gmt":"2026-02-27T11:31:07","slug":"huile-essentielle-de-girofle-15ml","status":"publish","type":"product","link":"https:\/\/dioxvitae.es\/fr\/aceite-esencial-clavo-15ml\/","title":{"rendered":"Huile essentielle de clou de girofle 15ml"},"content":{"rendered":"<div class=\"main-column\" role=\"tablist\">\n<div class=\"active\" role=\"tab\" data-role=\"collapsible\" data-collapsible=\"true\" aria-selected=\"false\" aria-expanded=\"true\">\n<div tabindex=\"0\" data-role=\"trigger\">\n<h2 class=\"attribute-title que-es\">Qu'est-ce que l'huile essentielle de girofle ?<\/h2>\n<\/div>\n<\/div>\n<div class=\"value que-es expanded\" role=\"tabpanel\" data-role=\"content\" aria-hidden=\"false\">\n<p class=\"\" data-start=\"0\" data-end=\"479\"><strong data-start=\"0\" data-end=\"33\">Le clou Marnys<\/strong>\u00a0est une huile essentielle 100% pure, obtenue par\u00a0<strong data-start=\"80\" data-end=\"117\">distillation \u00e0 la vapeur<\/strong>\u00a0des boutons de fleurs de\u00a0<em data-start=\"145\" data-end=\"168\" data-is-only-node=\"\">Eugenia caryophyllata<\/em>. Ce proc\u00e9d\u00e9 garantit un produit de haute qualit\u00e9, non d\u00e9natur\u00e9 et non m\u00e9lang\u00e9, au profil unique.\u00a0<strong data-start=\"268\" data-end=\"294\">chimiotyp\u00e9s (eug\u00e9nol)<\/strong> ce qui garantit son efficacit\u00e9 et son authenticit\u00e9.<\/p>\n<h4>Qu'est-ce que le chimiotype ?<\/h4>\n<p>Il correspond \u00e0 la composition chimique qualitative et quantitative parfaitement d\u00e9finie du\u00a0<strong>de l'huile essentielle, ce qui permet d'identifier parfaitement chacun d'entre eux,<\/strong>\u00a0et le ch\u00e9motype sont importants pour garantir la qualit\u00e9, l'efficacit\u00e9 et la s\u00e9curit\u00e9 de l'huile essentielle.<\/p>\n<p><strong>Lorsque les huiles essentielles sont chimiotyp\u00e9es, cela signifie qu'elles ont une composition d\u00e9finie, qu'elles sont 100% pures et d'origine naturelle, qu'elles n'ont pas \u00e9t\u00e9 d\u00e9natur\u00e9es ou m\u00e9lang\u00e9es \u00e0 d'autres huiles.<\/strong><\/p>\n<p class=\"\" data-start=\"481\" data-end=\"977\">Cette huile essentielle offre un go\u00fbt agr\u00e9able\u00a0<strong data-start=\"518\" data-end=\"558\">\u00e9pic\u00e9, fort et l\u00e9g\u00e8rement amer<\/strong>, avec une sensation de fra\u00eecheur au contact, qui s'adoucit par l'int\u00e9gration dans les pr\u00e9parations cuisin\u00e9es. D'une couleur allant de l'incolore au jaune p\u00e2le, il se distingue par son ar\u00f4me \u00e9pic\u00e9 et piquant, id\u00e9al pour les utilisations culinaires et aromatiques. Il est largement utilis\u00e9 dans les cuisines asiatiques, africaines et du Moyen-Orient pour rehausser les plats tels que les viandes, les currys, les marinades ou les desserts aux fruits. Il est \u00e9galement id\u00e9al pour les infusions et les boissons chaudes, o\u00f9 il se combine parfaitement avec des ingr\u00e9dients tels que le citron et le sucre, ajoutant de la profondeur et de la complexit\u00e9 \u00e0 la saveur.<\/p>\n<h4>A quoi ressemble l'arbre Clavo ?<\/h4>\n<p>L'arbre \u00e0 feuilles persistantes de la\u00a0<strong>Clou<\/strong>\u00a0est originaire des \u00eeles Moluques, mais a \u00e9t\u00e9 cultiv\u00e9 en Tanzanie, \u00e0 Madagascar, au Br\u00e9sil et dans d'autres r\u00e9gions tropicales. La forme du\u00a0<strong>l'arbre est pyramidal<\/strong>\u00a020 m de haut, appartenant \u00e0 la famille des Myrtac\u00e9es. Les\u00a0<strong>Les clous de girofle sont obtenus \u00e0 partir des boutons floraux de<\/strong><em>\u00a0Eugenia caryophyllata\u00a0<\/em>(\u00e9tant un\u00a0<strong>synonyme<\/strong>\u00a0le nom<em>\u00a0Syzygium aromaticum<\/em>) qui est\u00a0<strong>sont tri\u00e9s sur le volet avant d'\u00eatre ouverts.<\/strong>\u00a0Les\u00a0<strong>les boutons sont bruns<\/strong>, d'une longueur d'environ 1 \u00e0 1,5 cm, avec un\u00a0<strong>forme tr\u00e8s caract\u00e9ristique<\/strong>, La partie inf\u00e9rieure est constitu\u00e9e par le tube du calice qui renferme la fleur immature dans sa moiti\u00e9 sup\u00e9rieure.\u00a0<strong>Une fois cueillies, elles doivent \u00eatre s\u00e9par\u00e9es de leurs tiges et s\u00e9ch\u00e9es au soleil.<\/strong>\u00a0Les\u00a0<strong>le go\u00fbt et l'odeur sont tr\u00e8s particuliers.<\/strong><\/p>\n<h2 class=\"attribute-title composicion\">Principales propri\u00e9t\u00e9s :<\/h2>\n<p>. Anti-infectieux, puissant antibact\u00e9rien \u00e0 large spectre.<\/p>\n<p>. Antiviraux, antifongiques et antiparasitaires.<\/p>\n<p>. Hypertensive.<\/p>\n<p>. Aphrodisiaque.<\/p>\n<p>. Cicatrisation dermique et pulpaire .<\/p>\n<h2 class=\"attribute-title composicion\">Indications habituelles :<\/h2>\n<p>. Voie orale :<\/p>\n<p>Infections dentaires\/muqueuses<\/p>\n<p>Infections des voies respiratoires sup\u00e9rieures et inf\u00e9rieures<\/p>\n<p>Infections des voies urinaires<\/p>\n<p>Infections gastro-intestinales<\/p>\n<p>Hypotension<\/p>\n<p>Manque de concentration<\/p>\n<p>&nbsp;<\/p>\n<p>. Voie topique :<\/p>\n<p>Bardeaux<\/p>\n<p>Champignon de la peau (mycose cutan\u00e9e)<\/p>\n<\/div>\n<p>&nbsp;<\/p>\n<p>. Autres :<\/p>\n<p>Comme parfum pour un environnement qui exige concentration et calme.<\/p>\n<p>Gastronomie.<\/p>\n<p>&nbsp;<\/p>\n<div class=\"active\" role=\"tab\" data-role=\"collapsible\" data-collapsible=\"true\" aria-selected=\"false\" aria-expanded=\"true\">\n<div tabindex=\"0\" data-role=\"trigger\">\n<h2 class=\"attribute-title composicion\">Quelle est sa composition ?<\/h2>\n<\/div>\n<\/div>\n<div class=\"value composicion\" role=\"tabpanel\" data-role=\"content\" aria-hidden=\"false\">Huile essentielle de clou de girofle (Eugenia Caryophyllus flower oil). Contient : eug\u00e9nol et isoeug\u00e9nol constituants naturels de l'huile essentielle.<\/div>\n<\/div>\n<div class=\"second-column\" role=\"tablist\">\n<div class=\"active\" role=\"tab\" data-role=\"collapsible\" data-collapsible=\"true\" aria-selected=\"false\" aria-expanded=\"true\">\n<div tabindex=\"0\" data-role=\"trigger\">\n<h2><\/h2>\n<h2 class=\"attribute-title uso\">Comment est-il utilis\u00e9 ?<\/h2>\n<\/div>\n<\/div>\n<div class=\"value uso expanded\" role=\"tabpanel\" data-role=\"content\" aria-hidden=\"false\">Utilisation topique : Diluer \u00e0 0,5% (\u00e9quivalent \u00e0 1 goutte d'huile essentielle dans 10ml d'une base d'huile v\u00e9g\u00e9tale ou similaire). En usage local, appliquer 1 ou 2 gouttes de la pr\u00e9paration 0.5% sur la peau deux fois par jour. Ne pas utiliser pure sur la peau, mais toujours avec une base d'huile d'amande ou similaire.<\/div>\n<div role=\"tabpanel\" data-role=\"content\" aria-hidden=\"false\">Voie orale : Toujours prendre dilu\u00e9, 1-2 gouttes, dans 250 g d'aliment (jus, infusion, salade,...). Maximum une fois par jour.<\/div>\n<div role=\"tabpanel\" data-role=\"content\" aria-hidden=\"false\"><\/div>\n<div role=\"tabpanel\" data-role=\"content\" aria-hidden=\"false\">Format : flacon en verre 15ml<\/div>\n<div class=\"value uso expanded\" role=\"tabpanel\" data-role=\"content\" aria-hidden=\"false\">\u00c9viter le contact avec les yeux et les muqueuses.<\/div>\n<div class=\"value uso expanded\" role=\"tabpanel\" data-role=\"content\" aria-hidden=\"false\">Tenir hors de port\u00e9e des enfants.<\/div>\n<div class=\"value uso expanded\" role=\"tabpanel\" data-role=\"content\" aria-hidden=\"false\">Ne pas utiliser en cas de grossesse ou d'allaitement.<\/div>\n<div class=\"value uso expanded\" role=\"tabpanel\" data-role=\"content\" aria-hidden=\"false\">En cas d'asthme, d'\u00e9pilepsie ou de traitement m\u00e9dical, consulter un m\u00e9decin avant utilisation.<\/div>\n<div class=\"value uso expanded\" role=\"tabpanel\" data-role=\"content\" aria-hidden=\"false\">En cas d'hypersensibilit\u00e9 ou d'irritation, cesser imm\u00e9diatement l'utilisation.<\/div>\n<div class=\"value uso expanded\" role=\"tabpanel\" data-role=\"content\" aria-hidden=\"false\">Les huiles essentielles sont inflammables, les tenir \u00e9loign\u00e9es des sources de chaleur.<\/div>\n<div role=\"tabpanel\" data-role=\"content\" aria-hidden=\"false\">Ne pas stocker \u00e0 plus de 30\u00b0C.<\/div>\n<div class=\"value uso expanded\" role=\"tabpanel\" data-role=\"content\" aria-hidden=\"false\">Conserver herm\u00e9tiquement ferm\u00e9 dans un endroit frais et sec.<\/div>\n<\/div>","protected":false},"excerpt":{"rendered":"<p>Option <strong data-start=\"1179\" data-end=\"1191\">polyvalent<\/strong>\u00a0qui allie tradition, puissance aromatique et puret\u00e9, id\u00e9al pour ceux qui appr\u00e9cient les ingr\u00e9dients naturels dans la cuisine et dans leur bien-\u00eatre quotidien.<\/p>","protected":false},"featured_media":19821,"comment_status":"closed","ping_status":"closed","template":"","meta":{"site-sidebar-layout":"default","site-content-layout":"","ast-site-content-layout":"default","site-content-style":"default","site-sidebar-style":"default","ast-global-header-display":"","ast-banner-title-visibility":"","ast-main-header-display":"","ast-hfb-above-header-display":"","ast-hfb-below-header-display":"","ast-hfb-mobile-header-display":"","site-post-title":"","ast-breadcrumbs-content":"","ast-featured-img":"","footer-sml-layout":"","ast-disable-related-posts":"","theme-transparent-header-meta":"default","adv-header-id-meta":"","stick-header-meta":"default","header-above-stick-meta":"","header-main-stick-meta":"","header-below-stick-meta":"","astra-migrate-meta-layouts":"set","ast-page-background-enabled":"default","ast-page-background-meta":{"desktop":{"background-color":"","background-image":"","background-repeat":"repeat","background-position":"center center","background-size":"auto","background-attachment":"scroll","background-type":"","background-media":"","overlay-type":"","overlay-color":"","overlay-opacity":"","overlay-gradient":""},"tablet":{"background-color":"","background-image":"","background-repeat":"repeat","background-position":"center center","background-size":"auto","background-attachment":"scroll","background-type":"","background-media":"","overlay-type":"","overlay-color":"","overlay-opacity":"","overlay-gradient":""},"mobile":{"background-color":"","background-image":"","background-repeat":"repeat","background-position":"center center","background-size":"auto","background-attachment":"scroll","background-type":"","background-media":"","overlay-type":"","overlay-color":"","overlay-opacity":"","overlay-gradient":""}},"ast-content-background-meta":{"desktop":{"background-color":"var(--ast-global-color-5)","background-image":"","background-repeat":"repeat","background-position":"center center","background-size":"auto","background-attachment":"scroll","background-type":"","background-media":"","overlay-type":"","overlay-color":"","overlay-opacity":"","overlay-gradient":""},"tablet":{"background-color":"var(--ast-global-color-5)","background-image":"","background-repeat":"repeat","background-position":"center center","background-size":"auto","background-attachment":"scroll","background-type":"","background-media":"","overlay-type":"","overlay-color":"","overlay-opacity":"","overlay-gradient":""},"mobile":{"background-color":"var(--ast-global-color-5)","background-image":"","background-repeat":"repeat","background-position":"center center","background-size":"auto","background-attachment":"scroll","background-type":"","background-media":"","overlay-type":"","overlay-color":"","overlay-opacity":"","overlay-gradient":""}},"_glsr_average":0,"_glsr_ranking":0,"_glsr_reviews":0},"product_brand":[],"product_cat":[331,362,370,371,375,369,336,337,338,339],"product_tag":[],"class_list":{"0":"post-19820","1":"product","2":"type-product","3":"status-publish","4":"has-post-thumbnail","6":"product_cat-herboristeria","7":"product_cat-bebidas-saludables","8":"product_cat-infusiones-y-tes-bebidas-saludables","9":"product_cat-memoria-y-concentracion","10":"product_cat-salud-capilar-y-cutanea-herboristeria","11":"product_cat-salud-dental","12":"product_cat-sistema-digestivo","13":"product_cat-sistema-inmune","14":"product_cat-sistema-respiratorio","15":"product_cat-sistema-urinario-herboristeria","16":"desktop-align-center","17":"tablet-align-center","18":"mobile-align-center","19":"ast-product-gallery-layout-horizontal","20":"ast-product-gallery-with-no-image","21":"ast-product-tabs-layout-horizontal","23":"first","24":"instock","25":"taxable","26":"shipping-taxable","27":"purchasable","28":"product-type-simple"},"_links":{"self":[{"href":"https:\/\/dioxvitae.es\/fr\/wp-json\/wp\/v2\/product\/19820","targetHints":{"allow":["GET"]}}],"collection":[{"href":"https:\/\/dioxvitae.es\/fr\/wp-json\/wp\/v2\/product"}],"about":[{"href":"https:\/\/dioxvitae.es\/fr\/wp-json\/wp\/v2\/types\/product"}],"replies":[{"embeddable":true,"href":"https:\/\/dioxvitae.es\/fr\/wp-json\/wp\/v2\/comments?post=19820"}],"version-history":[{"count":3,"href":"https:\/\/dioxvitae.es\/fr\/wp-json\/wp\/v2\/product\/19820\/revisions"}],"predecessor-version":[{"id":19824,"href":"https:\/\/dioxvitae.es\/fr\/wp-json\/wp\/v2\/product\/19820\/revisions\/19824"}],"wp:featuredmedia":[{"embeddable":true,"href":"https:\/\/dioxvitae.es\/fr\/wp-json\/wp\/v2\/media\/19821"}],"wp:attachment":[{"href":"https:\/\/dioxvitae.es\/fr\/wp-json\/wp\/v2\/media?parent=19820"}],"wp:term":[{"taxonomy":"product_brand","embeddable":true,"href":"https:\/\/dioxvitae.es\/fr\/wp-json\/wp\/v2\/product_brand?post=19820"},{"taxonomy":"product_cat","embeddable":true,"href":"https:\/\/dioxvitae.es\/fr\/wp-json\/wp\/v2\/product_cat?post=19820"},{"taxonomy":"product_tag","embeddable":true,"href":"https:\/\/dioxvitae.es\/fr\/wp-json\/wp\/v2\/product_tag?post=19820"}],"curies":[{"name":"wp","href":"https:\/\/api.w.org\/{rel}","templated":true}]}}