{"id":19769,"date":"2026-02-24T13:50:40","date_gmt":"2026-02-24T11:50:40","guid":{"rendered":"https:\/\/dioxvitae.es\/?post_type=product&#038;p=19769"},"modified":"2026-03-18T13:32:41","modified_gmt":"2026-03-18T11:32:41","slug":"tilleul-30g-2u","status":"publish","type":"product","link":"https:\/\/dioxvitae.es\/fr\/tila-flor-30g-2u\/","title":{"rendered":"Fleur de tilleul 30g (2u)"},"content":{"rendered":"<div class=\"active\" role=\"tab\" data-role=\"collapsible\" data-collapsible=\"true\" aria-selected=\"false\" aria-expanded=\"true\">\n<div tabindex=\"0\" data-role=\"trigger\">\n<h2 class=\"attribute-title que-es\">Qu'est-ce que le tilleul ?<\/h2>\n<\/div>\n<\/div>\n<div class=\"value que-es expanded\" role=\"tabpanel\" data-role=\"content\" aria-hidden=\"false\">\n<p class=\"\" data-start=\"0\" data-end=\"513\">Le\u00a0<strong data-start=\"0\" data-end=\"36\">La Flor Del Pirineu Fleur de tilleul<\/strong>\u00a0est une infusion naturelle tr\u00e8s appr\u00e9ci\u00e9e pour ses nombreuses propri\u00e9t\u00e9s th\u00e9rapeutiques. Cette plante est traditionnellement utilis\u00e9e pour ses\u00a0<strong>effets<\/strong>\u00a0<strong data-start=\"177\" data-end=\"191\">relaxants<\/strong>,\u00a0<strong data-start=\"193\" data-end=\"209\">anxiolytiques<\/strong>\u00a0y\u00a0<strong data-start=\"212\" data-end=\"228\">antihypertenseurs<\/strong>, Il est id\u00e9al pour ceux qui cherchent \u00e0 r\u00e9duire le stress et l'anxi\u00e9t\u00e9 de mani\u00e8re naturelle. En outre, le tilleul agit comme un\u00a0<strong data-start=\"344\" data-end=\"374\" data-is-only-node=\"\">hypoviscosant sanguin<\/strong>, qui favorise la circulation et aide \u00e0 pr\u00e9venir les migraines, gr\u00e2ce \u00e0 ses propri\u00e9t\u00e9s\u00a0<strong data-start=\"471\" data-end=\"489\">antimigraineux<\/strong>\u00a0y\u00a0<strong data-start=\"492\" data-end=\"512\">antispasmodique<\/strong>.<\/p>\n<p class=\"\" data-start=\"515\" data-end=\"1023\">Gr\u00e2ce \u00e0 sa capacit\u00e9\u00a0<strong data-start=\"538\" data-end=\"556\">vasodilatateur<\/strong>\u00a0y\u00a0<strong data-start=\"559\" data-end=\"572\">diur\u00e9tique<\/strong>, Le tilleul favorise l'\u00e9limination des liquides et des toxines de l'organisme, contribuant ainsi \u00e0 maintenir une fonction r\u00e9nale saine. On lui attribue \u00e9galement les propri\u00e9t\u00e9s suivantes\u00a0<strong data-start=\"725\" data-end=\"740\">nettoyage<\/strong>\u00a0y\u00a0<strong data-start=\"743\" data-end=\"758\">d\u00e9mulsifiant<\/strong>, prot\u00e9ger les muqueuses et am\u00e9liorer la sant\u00e9 digestive. Son action\u00a0<strong data-start=\"826\" data-end=\"842\">expectorant<\/strong>\u00a0est b\u00e9n\u00e9fique pour soulager les probl\u00e8mes respiratoires, tandis que ses effets\u00a0<strong data-start=\"921\" data-end=\"937\">diaphor\u00e9tiques<\/strong>\u00a0aident \u00e0 augmenter la production de sueur, favorisant ainsi la d\u00e9sintoxication de l'organisme.<\/p>\n<\/div>\n<p>&nbsp;<\/p>\n<div class=\"active\" role=\"tab\" data-role=\"collapsible\" data-collapsible=\"true\" aria-selected=\"false\" aria-expanded=\"true\">\n<div tabindex=\"0\" data-role=\"trigger\">\n<h2 class=\"attribute-title composicion\">Quelle est la composition de Tila Flor 30g La Flor Del Pirineo ?<\/h2>\n<\/div>\n<\/div>\n<div class=\"value composicion\" role=\"tabpanel\" data-role=\"content\" aria-hidden=\"false\">Tilia officinalis<\/div>\n<div role=\"tabpanel\" data-role=\"content\" aria-hidden=\"false\"><\/div>\n<div role=\"tabpanel\" data-role=\"content\" aria-hidden=\"false\"><\/div>\n<div role=\"tabpanel\" data-role=\"content\" aria-hidden=\"false\"><\/div>\n<div role=\"tabpanel\" data-role=\"content\" aria-hidden=\"false\">\n<div class=\"active\" role=\"tab\" data-role=\"collapsible\" data-collapsible=\"true\" aria-selected=\"false\" aria-expanded=\"true\">\n<div tabindex=\"0\" data-role=\"trigger\">\n<h2><\/h2>\n<h2 class=\"attribute-title uso\">Comment est-il utilis\u00e9 ?<\/h2>\n<\/div>\n<\/div>\n<div class=\"value uso\" role=\"tabpanel\" data-role=\"content\" aria-hidden=\"false\">Il est recommand\u00e9 de verser le contenu d'une cuill\u00e8re \u00e0 soupe dans de l'eau bouillante et de laisser infuser pendant 8 \u00e0 10 minutes. Filtrer et sucrer \u00e0 volont\u00e9.<\/div>\n<\/div>","protected":false},"excerpt":{"rendered":"<p>Apaisante et saine, cette infusion est parfaite pour maintenir l'organisme en bonne sant\u00e9.<strong>\u00a0l'\u00e9quilibre physique<\/strong>\u00a0y\u00a0<strong>\u00e9motionnel.<\/strong><\/p>","protected":false},"featured_media":19770,"comment_status":"closed","ping_status":"closed","template":"","meta":{"site-sidebar-layout":"default","site-content-layout":"","ast-site-content-layout":"default","site-content-style":"default","site-sidebar-style":"default","ast-global-header-display":"","ast-banner-title-visibility":"","ast-main-header-display":"","ast-hfb-above-header-display":"","ast-hfb-below-header-display":"","ast-hfb-mobile-header-display":"","site-post-title":"","ast-breadcrumbs-content":"","ast-featured-img":"","footer-sml-layout":"","ast-disable-related-posts":"","theme-transparent-header-meta":"default","adv-header-id-meta":"","stick-header-meta":"default","header-above-stick-meta":"","header-main-stick-meta":"","header-below-stick-meta":"","astra-migrate-meta-layouts":"set","ast-page-background-enabled":"default","ast-page-background-meta":{"desktop":{"background-color":"","background-image":"","background-repeat":"repeat","background-position":"center center","background-size":"auto","background-attachment":"scroll","background-type":"","background-media":"","overlay-type":"","overlay-color":"","overlay-opacity":"","overlay-gradient":""},"tablet":{"background-color":"","background-image":"","background-repeat":"repeat","background-position":"center center","background-size":"auto","background-attachment":"scroll","background-type":"","background-media":"","overlay-type":"","overlay-color":"","overlay-opacity":"","overlay-gradient":""},"mobile":{"background-color":"","background-image":"","background-repeat":"repeat","background-position":"center center","background-size":"auto","background-attachment":"scroll","background-type":"","background-media":"","overlay-type":"","overlay-color":"","overlay-opacity":"","overlay-gradient":""}},"ast-content-background-meta":{"desktop":{"background-color":"var(--ast-global-color-5)","background-image":"","background-repeat":"repeat","background-position":"center center","background-size":"auto","background-attachment":"scroll","background-type":"","background-media":"","overlay-type":"","overlay-color":"","overlay-opacity":"","overlay-gradient":""},"tablet":{"background-color":"var(--ast-global-color-5)","background-image":"","background-repeat":"repeat","background-position":"center center","background-size":"auto","background-attachment":"scroll","background-type":"","background-media":"","overlay-type":"","overlay-color":"","overlay-opacity":"","overlay-gradient":""},"mobile":{"background-color":"var(--ast-global-color-5)","background-image":"","background-repeat":"repeat","background-position":"center center","background-size":"auto","background-attachment":"scroll","background-type":"","background-media":"","overlay-type":"","overlay-color":"","overlay-opacity":"","overlay-gradient":""}},"_glsr_average":0,"_glsr_ranking":0,"_glsr_reviews":0},"product_brand":[],"product_cat":[331,332,370,350,368,342,341],"product_tag":[],"class_list":{"0":"post-19769","1":"product","2":"type-product","3":"status-publish","4":"has-post-thumbnail","6":"product_cat-herboristeria","7":"product_cat-detox","8":"product_cat-infusiones-y-tes-bebidas-saludables","9":"product_cat-relajacion-y-descanso","10":"product_cat-salud-renal","11":"product_cat-sistema-emocional","12":"product_cat-sistema-nervioso","13":"desktop-align-center","14":"tablet-align-center","15":"mobile-align-center","16":"ast-product-gallery-layout-horizontal","17":"ast-product-gallery-with-no-image","18":"ast-product-tabs-layout-horizontal","20":"first","21":"instock","22":"taxable","23":"shipping-taxable","24":"purchasable","25":"product-type-simple"},"_links":{"self":[{"href":"https:\/\/dioxvitae.es\/fr\/wp-json\/wp\/v2\/product\/19769","targetHints":{"allow":["GET"]}}],"collection":[{"href":"https:\/\/dioxvitae.es\/fr\/wp-json\/wp\/v2\/product"}],"about":[{"href":"https:\/\/dioxvitae.es\/fr\/wp-json\/wp\/v2\/types\/product"}],"replies":[{"embeddable":true,"href":"https:\/\/dioxvitae.es\/fr\/wp-json\/wp\/v2\/comments?post=19769"}],"version-history":[{"count":3,"href":"https:\/\/dioxvitae.es\/fr\/wp-json\/wp\/v2\/product\/19769\/revisions"}],"predecessor-version":[{"id":19774,"href":"https:\/\/dioxvitae.es\/fr\/wp-json\/wp\/v2\/product\/19769\/revisions\/19774"}],"wp:featuredmedia":[{"embeddable":true,"href":"https:\/\/dioxvitae.es\/fr\/wp-json\/wp\/v2\/media\/19770"}],"wp:attachment":[{"href":"https:\/\/dioxvitae.es\/fr\/wp-json\/wp\/v2\/media?parent=19769"}],"wp:term":[{"taxonomy":"product_brand","embeddable":true,"href":"https:\/\/dioxvitae.es\/fr\/wp-json\/wp\/v2\/product_brand?post=19769"},{"taxonomy":"product_cat","embeddable":true,"href":"https:\/\/dioxvitae.es\/fr\/wp-json\/wp\/v2\/product_cat?post=19769"},{"taxonomy":"product_tag","embeddable":true,"href":"https:\/\/dioxvitae.es\/fr\/wp-json\/wp\/v2\/product_tag?post=19769"}],"curies":[{"name":"wp","href":"https:\/\/api.w.org\/{rel}","templated":true}]}}