{"id":19765,"date":"2026-02-24T13:32:43","date_gmt":"2026-02-24T11:32:43","guid":{"rendered":"https:\/\/dioxvitae.es\/?post_type=product&#038;p=19765"},"modified":"2026-03-17T18:33:25","modified_gmt":"2026-03-17T16:33:25","slug":"melisse-en-sachet-30g-2u","status":"publish","type":"product","link":"https:\/\/dioxvitae.es\/fr\/melisa-bolsa-30g-2u\/","title":{"rendered":"M\u00e9lisse en sachet 30g (2u)"},"content":{"rendered":"<div class=\"main-column\" role=\"tablist\">\n<div class=\"active\" role=\"tab\" data-role=\"collapsible\" data-collapsible=\"true\" aria-selected=\"false\" aria-expanded=\"true\">\n<div tabindex=\"0\" data-role=\"trigger\">\n<h2 class=\"attribute-title que-es\">Qu'est-ce que la m\u00e9lisse ?<\/h2>\n<\/div>\n<\/div>\n<div class=\"value que-es expanded\" role=\"tabpanel\" data-role=\"content\" aria-hidden=\"false\">\n<p>Le\u00a0<strong>M\u00e9lisse en sachet 30g by Soria Natural<\/strong>\u00a0est le compl\u00e9ment id\u00e9al pour appr\u00e9cier les infusions qui prennent soin du bien-\u00eatre physique et \u00e9motionnel. Avec des propri\u00e9t\u00e9s\u00a0<strong>s\u00e9datifs<\/strong>, Cette plante aide \u00e0 soulager les\u00a0<strong>stress<\/strong>\u00a0et le\u00a0<strong>l'anxi\u00e9t\u00e9<\/strong>, favorisant un sentiment de tranquillit\u00e9 et d'\u00e9quilibre. En outre, son action\u00a0<strong>digestif<\/strong>\u00a0y\u00a0<strong>carminatif<\/strong>\u00a0facilite la digestion et r\u00e9duit les gaz et les ballonnements.<\/p>\n<p>Le\u00a0<strong>m\u00e9lisse<\/strong>\u00a0poss\u00e8de \u00e9galement des propri\u00e9t\u00e9s\u00a0<strong>expectorants<\/strong>\u00a0y\u00a0<strong>antispasmodique<\/strong>, \u00eatre un alli\u00e9 naturel du syst\u00e8me\u00a0<strong>respiratoire\u00a0<\/strong>y\u00a0<strong>digestif<\/strong>. Son utilisation r\u00e9guli\u00e8re en infusion n'apporte pas seulement des bienfaits physiques, mais contribue \u00e9galement \u00e0 l'am\u00e9lioration de la qualit\u00e9 de vie.<strong>\u00a0le bien-\u00eatre g\u00e9n\u00e9ral et la relaxation<\/strong>, id\u00e9al pour les moments de d\u00e9tente et les soins personnels.<\/p>\n<\/div>\n<div class=\"active\" role=\"tab\" data-role=\"collapsible\" data-collapsible=\"true\" aria-selected=\"false\" aria-expanded=\"true\">\n<div tabindex=\"0\" data-role=\"trigger\">\n<h2><\/h2>\n<h2 class=\"attribute-title composicion\">Composition<\/h2>\n<\/div>\n<\/div>\n<div class=\"value composicion\" role=\"tabpanel\" data-role=\"content\" aria-hidden=\"false\">Melissa officinalis L.<\/div>\n<div role=\"tabpanel\" data-role=\"content\" aria-hidden=\"false\"><\/div>\n<\/div>\n<div class=\"second-column\" role=\"tablist\">\n<div class=\"active\" role=\"tab\" data-role=\"collapsible\" data-collapsible=\"true\" aria-selected=\"false\" aria-expanded=\"true\">\n<div tabindex=\"0\" data-role=\"trigger\">\n<h2><\/h2>\n<h2 class=\"attribute-title uso\">Comment est-il utilis\u00e9 ?<\/h2>\n<\/div>\n<\/div>\n<div class=\"value uso expanded\" role=\"tabpanel\" data-role=\"content\" aria-hidden=\"false\">\n<p>- Infusion : Mettre 1 cuill\u00e8re \u00e0 caf\u00e9 de plante par tasse. Ajouter de l'eau bouillante, laisser infuser 5 \u00e0 10 minutes et filtrer. - D\u00e9coction (racines, tiges) : Verser la plante dans l'eau bouillante, laisser bouillir 2 \u00e0 5 minutes, laisser infuser 5 \u00e0 10 minutes et filtrer, \u00e0 raison d'une cuill\u00e8re \u00e0 caf\u00e9 par tasse.<\/p>\n<\/div>\n<\/div>","protected":false},"excerpt":{"rendered":"<p>S\u00e9datif et digestif<\/p>","protected":false},"featured_media":19760,"comment_status":"closed","ping_status":"closed","template":"","meta":{"site-sidebar-layout":"default","site-content-layout":"","ast-site-content-layout":"default","site-content-style":"default","site-sidebar-style":"default","ast-global-header-display":"","ast-banner-title-visibility":"","ast-main-header-display":"","ast-hfb-above-header-display":"","ast-hfb-below-header-display":"","ast-hfb-mobile-header-display":"","site-post-title":"","ast-breadcrumbs-content":"","ast-featured-img":"","footer-sml-layout":"","ast-disable-related-posts":"","theme-transparent-header-meta":"default","adv-header-id-meta":"","stick-header-meta":"default","header-above-stick-meta":"","header-main-stick-meta":"","header-below-stick-meta":"","astra-migrate-meta-layouts":"set","ast-page-background-enabled":"default","ast-page-background-meta":{"desktop":{"background-color":"","background-image":"","background-repeat":"repeat","background-position":"center center","background-size":"auto","background-attachment":"scroll","background-type":"","background-media":"","overlay-type":"","overlay-color":"","overlay-opacity":"","overlay-gradient":""},"tablet":{"background-color":"","background-image":"","background-repeat":"repeat","background-position":"center center","background-size":"auto","background-attachment":"scroll","background-type":"","background-media":"","overlay-type":"","overlay-color":"","overlay-opacity":"","overlay-gradient":""},"mobile":{"background-color":"","background-image":"","background-repeat":"repeat","background-position":"center center","background-size":"auto","background-attachment":"scroll","background-type":"","background-media":"","overlay-type":"","overlay-color":"","overlay-opacity":"","overlay-gradient":""}},"ast-content-background-meta":{"desktop":{"background-color":"var(--ast-global-color-5)","background-image":"","background-repeat":"repeat","background-position":"center center","background-size":"auto","background-attachment":"scroll","background-type":"","background-media":"","overlay-type":"","overlay-color":"","overlay-opacity":"","overlay-gradient":""},"tablet":{"background-color":"var(--ast-global-color-5)","background-image":"","background-repeat":"repeat","background-position":"center center","background-size":"auto","background-attachment":"scroll","background-type":"","background-media":"","overlay-type":"","overlay-color":"","overlay-opacity":"","overlay-gradient":""},"mobile":{"background-color":"var(--ast-global-color-5)","background-image":"","background-repeat":"repeat","background-position":"center center","background-size":"auto","background-attachment":"scroll","background-type":"","background-media":"","overlay-type":"","overlay-color":"","overlay-opacity":"","overlay-gradient":""}},"_glsr_average":0,"_glsr_ranking":0,"_glsr_reviews":0},"product_brand":[],"product_cat":[331,370,350,336,338],"product_tag":[],"class_list":{"0":"post-19765","1":"product","2":"type-product","3":"status-publish","4":"has-post-thumbnail","6":"product_cat-herboristeria","7":"product_cat-infusiones-y-tes-bebidas-saludables","8":"product_cat-relajacion-y-descanso","9":"product_cat-sistema-digestivo","10":"product_cat-sistema-respiratorio","11":"desktop-align-center","12":"tablet-align-center","13":"mobile-align-center","14":"ast-product-gallery-layout-horizontal","15":"ast-product-gallery-with-no-image","16":"ast-product-tabs-layout-horizontal","18":"first","19":"instock","20":"taxable","21":"shipping-taxable","22":"purchasable","23":"product-type-simple"},"_links":{"self":[{"href":"https:\/\/dioxvitae.es\/fr\/wp-json\/wp\/v2\/product\/19765","targetHints":{"allow":["GET"]}}],"collection":[{"href":"https:\/\/dioxvitae.es\/fr\/wp-json\/wp\/v2\/product"}],"about":[{"href":"https:\/\/dioxvitae.es\/fr\/wp-json\/wp\/v2\/types\/product"}],"replies":[{"embeddable":true,"href":"https:\/\/dioxvitae.es\/fr\/wp-json\/wp\/v2\/comments?post=19765"}],"version-history":[{"count":2,"href":"https:\/\/dioxvitae.es\/fr\/wp-json\/wp\/v2\/product\/19765\/revisions"}],"predecessor-version":[{"id":19767,"href":"https:\/\/dioxvitae.es\/fr\/wp-json\/wp\/v2\/product\/19765\/revisions\/19767"}],"wp:featuredmedia":[{"embeddable":true,"href":"https:\/\/dioxvitae.es\/fr\/wp-json\/wp\/v2\/media\/19760"}],"wp:attachment":[{"href":"https:\/\/dioxvitae.es\/fr\/wp-json\/wp\/v2\/media?parent=19765"}],"wp:term":[{"taxonomy":"product_brand","embeddable":true,"href":"https:\/\/dioxvitae.es\/fr\/wp-json\/wp\/v2\/product_brand?post=19765"},{"taxonomy":"product_cat","embeddable":true,"href":"https:\/\/dioxvitae.es\/fr\/wp-json\/wp\/v2\/product_cat?post=19765"},{"taxonomy":"product_tag","embeddable":true,"href":"https:\/\/dioxvitae.es\/fr\/wp-json\/wp\/v2\/product_tag?post=19765"}],"curies":[{"name":"wp","href":"https:\/\/api.w.org\/{rel}","templated":true}]}}