{"id":19754,"date":"2026-02-24T12:57:19","date_gmt":"2026-02-24T10:57:19","guid":{"rendered":"https:\/\/dioxvitae.es\/?post_type=product&#038;p=19754"},"modified":"2026-03-18T14:00:02","modified_gmt":"2026-03-18T12:00:02","slug":"lupulo-flower-10g-2u","status":"publish","type":"product","link":"https:\/\/dioxvitae.es\/fr\/lupulo-flor-10g-2u\/","title":{"rendered":"Fleur de lupulo 10g (2u)"},"content":{"rendered":"<div class=\"active\" role=\"tab\" data-role=\"collapsible\" data-collapsible=\"true\" aria-selected=\"false\" aria-expanded=\"true\">\n<div tabindex=\"0\" data-role=\"trigger\">\n<h2 class=\"attribute-title que-es\">Qu'est-ce que la fleur de houblon ?<\/h2>\n<\/div>\n<\/div>\n<div class=\"value que-es expanded\" role=\"tabpanel\" data-role=\"content\" aria-hidden=\"false\">\n<p><strong>Fleurs de houblon Herbes del Moli<\/strong>\u00a0est un produit naturel ayant une longue tradition d'utilisation m\u00e9dicinale, reconnu pour ses nombreux bienfaits pour la sant\u00e9. Ces fleurs se distinguent par leurs propri\u00e9t\u00e9s\u00a0<strong>anti-inflammatoire<\/strong>,\u00a0<strong>diur\u00e9tiques<\/strong>\u00a0y\u00a0<strong>antibact\u00e9rien<\/strong>, C'est un alli\u00e9 naturel du bien-\u00eatre g\u00e9n\u00e9ral. De plus, sa capacit\u00e9 \u00e0\u00a0<strong>relaxant<\/strong>\u00a0les rend id\u00e9ales pour le traitement des\u00a0<strong>l'anxi\u00e9t\u00e9<\/strong>\u00a0y\u00a0<strong>nervosit\u00e9<\/strong>, aider \u00e0\u00a0<strong>apaiser\u00a0<\/strong>les\u00a0<strong>esprit\u00a0<\/strong>et favoriser la tranquillit\u00e9 de mani\u00e8re naturelle.<\/p>\n<p>Les fleurs de houblon sont \u00e9galement connues pour leurs propri\u00e9t\u00e9s <strong>antioxydants<\/strong>, qui aident \u00e0 lutter contre les dommages cellulaires, \u00e0 am\u00e9liorer la fonction cellulaire, \u00e0\u00a0<strong>circulation<\/strong>\u00a0et promouvoir une\u00a0<strong>un m\u00e9tabolisme sain<\/strong>. Ces avantages font de ce produit un excellent choix pour ceux qui recherchent des alternatives naturelles et efficaces pour le traitement des maladies infectieuses.\u00a0<strong>les soins personnels.<\/strong><\/p>\n<p>Le pr\u00e9sent\u00a0<strong>produit polyvalent\u00a0<\/strong>Les fleurs de houblon peuvent \u00eatre utilis\u00e9es en infusion, pour profiter de leurs effets relaxants, ou comme compl\u00e9ment dans des pr\u00e9parations maison visant \u00e0 am\u00e9liorer l'\u00e9tat de sant\u00e9 g\u00e9n\u00e9ral. Les fleurs de houblon Herbes del Moli sont parfaites pour ceux qui appr\u00e9cient les rem\u00e8des naturels et recherchent des produits d'origine fiable pour le bien-\u00eatre physique et mental.<\/p>\n<p>&nbsp;<\/p>\n<\/div>\n<div class=\"active\" role=\"tab\" data-role=\"collapsible\" data-collapsible=\"true\" aria-selected=\"false\" aria-expanded=\"true\">\n<div tabindex=\"0\" data-role=\"trigger\">\n<h2 class=\"attribute-title composicion\">Composition<\/h2>\n<\/div>\n<\/div>\n<div class=\"value composicion\" role=\"tabpanel\" data-role=\"content\" aria-hidden=\"false\">Fleurs de houblon<\/div>\n<div role=\"tabpanel\" data-role=\"content\" aria-hidden=\"false\"><\/div>\n<div role=\"tabpanel\" data-role=\"content\" aria-hidden=\"false\">\n<div class=\"allow active\" role=\"tab\" data-role=\"collapsible\" data-collapsible=\"true\" aria-selected=\"true\" aria-expanded=\"true\">\n<div tabindex=\"0\" data-role=\"trigger\">\n<h2><\/h2>\n<h2 class=\"attribute-title uso\">Comment est-il utilis\u00e9 ?<\/h2>\n<\/div>\n<\/div>\n<\/div>\n<div role=\"tabpanel\" data-role=\"content\" aria-hidden=\"false\">Infuser <b data-path-to-node=\"3\" data-index-in-node=\"11\">1-2 g<\/b> de fleurs s\u00e9ch\u00e9es (strobili) en <b data-path-to-node=\"3\" data-index-in-node=\"49\">200 ml<\/b> de l'eau \u00e0 <b data-path-to-node=\"3\" data-index-in-node=\"66\">90\u00b0C<\/b>. Laisser le conteneur en place <b data-path-to-node=\"3\" data-index-in-node=\"100\">\u00e0 couvert pendant 5 \u00e0 10 minutes<\/b> pour pr\u00e9server les huiles essentielles. Il peut \u00eatre sucr\u00e9 pour compenser son go\u00fbt amer caract\u00e9ristique.<\/div>","protected":false},"excerpt":{"rendered":"<p>Ces fleurs se distinguent par leurs propri\u00e9t\u00e9s <strong>relaxant , <\/strong><strong>anti-inflammatoire<\/strong>,\u00a0<strong>diur\u00e9tiques<\/strong>\u00a0y\u00a0<strong>antibact\u00e9rien.<\/strong><\/p>","protected":false},"featured_media":19755,"comment_status":"closed","ping_status":"closed","template":"","meta":{"site-sidebar-layout":"default","site-content-layout":"","ast-site-content-layout":"default","site-content-style":"default","site-sidebar-style":"default","ast-global-header-display":"","ast-banner-title-visibility":"","ast-main-header-display":"","ast-hfb-above-header-display":"","ast-hfb-below-header-display":"","ast-hfb-mobile-header-display":"","site-post-title":"","ast-breadcrumbs-content":"","ast-featured-img":"","footer-sml-layout":"","ast-disable-related-posts":"","theme-transparent-header-meta":"default","adv-header-id-meta":"","stick-header-meta":"default","header-above-stick-meta":"","header-main-stick-meta":"","header-below-stick-meta":"","astra-migrate-meta-layouts":"set","ast-page-background-enabled":"default","ast-page-background-meta":{"desktop":{"background-color":"","background-image":"","background-repeat":"repeat","background-position":"center center","background-size":"auto","background-attachment":"scroll","background-type":"","background-media":"","overlay-type":"","overlay-color":"","overlay-opacity":"","overlay-gradient":""},"tablet":{"background-color":"","background-image":"","background-repeat":"repeat","background-position":"center center","background-size":"auto","background-attachment":"scroll","background-type":"","background-media":"","overlay-type":"","overlay-color":"","overlay-opacity":"","overlay-gradient":""},"mobile":{"background-color":"","background-image":"","background-repeat":"repeat","background-position":"center center","background-size":"auto","background-attachment":"scroll","background-type":"","background-media":"","overlay-type":"","overlay-color":"","overlay-opacity":"","overlay-gradient":""}},"ast-content-background-meta":{"desktop":{"background-color":"var(--ast-global-color-5)","background-image":"","background-repeat":"repeat","background-position":"center center","background-size":"auto","background-attachment":"scroll","background-type":"","background-media":"","overlay-type":"","overlay-color":"","overlay-opacity":"","overlay-gradient":""},"tablet":{"background-color":"var(--ast-global-color-5)","background-image":"","background-repeat":"repeat","background-position":"center center","background-size":"auto","background-attachment":"scroll","background-type":"","background-media":"","overlay-type":"","overlay-color":"","overlay-opacity":"","overlay-gradient":""},"mobile":{"background-color":"var(--ast-global-color-5)","background-image":"","background-repeat":"repeat","background-position":"center center","background-size":"auto","background-attachment":"scroll","background-type":"","background-media":"","overlay-type":"","overlay-color":"","overlay-opacity":"","overlay-gradient":""}},"_glsr_average":0,"_glsr_ranking":0,"_glsr_reviews":0},"product_brand":[],"product_cat":[331,370,350,340,356,341],"product_tag":[],"class_list":{"0":"post-19754","1":"product","2":"type-product","3":"status-publish","4":"has-post-thumbnail","6":"product_cat-herboristeria","7":"product_cat-infusiones-y-tes-bebidas-saludables","8":"product_cat-relajacion-y-descanso","9":"product_cat-sistema-circulatorio","10":"product_cat-sistema-metabolico","11":"product_cat-sistema-nervioso","12":"desktop-align-center","13":"tablet-align-center","14":"mobile-align-center","15":"ast-product-gallery-layout-horizontal","16":"ast-product-gallery-with-no-image","17":"ast-product-tabs-layout-horizontal","19":"first","20":"instock","21":"taxable","22":"shipping-taxable","23":"purchasable","24":"product-type-simple"},"_links":{"self":[{"href":"https:\/\/dioxvitae.es\/fr\/wp-json\/wp\/v2\/product\/19754","targetHints":{"allow":["GET"]}}],"collection":[{"href":"https:\/\/dioxvitae.es\/fr\/wp-json\/wp\/v2\/product"}],"about":[{"href":"https:\/\/dioxvitae.es\/fr\/wp-json\/wp\/v2\/types\/product"}],"replies":[{"embeddable":true,"href":"https:\/\/dioxvitae.es\/fr\/wp-json\/wp\/v2\/comments?post=19754"}],"version-history":[{"count":3,"href":"https:\/\/dioxvitae.es\/fr\/wp-json\/wp\/v2\/product\/19754\/revisions"}],"predecessor-version":[{"id":19758,"href":"https:\/\/dioxvitae.es\/fr\/wp-json\/wp\/v2\/product\/19754\/revisions\/19758"}],"wp:featuredmedia":[{"embeddable":true,"href":"https:\/\/dioxvitae.es\/fr\/wp-json\/wp\/v2\/media\/19755"}],"wp:attachment":[{"href":"https:\/\/dioxvitae.es\/fr\/wp-json\/wp\/v2\/media?parent=19754"}],"wp:term":[{"taxonomy":"product_brand","embeddable":true,"href":"https:\/\/dioxvitae.es\/fr\/wp-json\/wp\/v2\/product_brand?post=19754"},{"taxonomy":"product_cat","embeddable":true,"href":"https:\/\/dioxvitae.es\/fr\/wp-json\/wp\/v2\/product_cat?post=19754"},{"taxonomy":"product_tag","embeddable":true,"href":"https:\/\/dioxvitae.es\/fr\/wp-json\/wp\/v2\/product_tag?post=19754"}],"curies":[{"name":"wp","href":"https:\/\/api.w.org\/{rel}","templated":true}]}}