{"id":19678,"date":"2026-02-17T12:36:28","date_gmt":"2026-02-17T10:36:28","guid":{"rendered":"https:\/\/dioxvitae.es\/?post_type=product&#038;p=19678"},"modified":"2026-03-18T14:45:20","modified_gmt":"2026-03-18T12:45:20","slug":"stigmates-de-mais-herbe-eco-20g","status":"publish","type":"product","link":"https:\/\/dioxvitae.es\/fr\/estigmas-maiz-hierba-eco-20g\/","title":{"rendered":"Stigmas Herbe de ma\u00efs Eco 20g (2u)"},"content":{"rendered":"<div class=\"main-column\" role=\"tablist\">\n<div class=\"active\" role=\"tab\" data-role=\"collapsible\" data-collapsible=\"true\" aria-selected=\"false\" aria-expanded=\"true\">\n<div tabindex=\"0\" data-role=\"trigger\">\n<h2 class=\"attribute-title que-es\">Quels sont les stigmates du ma\u00efs ?<\/h2>\n<\/div>\n<\/div>\n<div class=\"value que-es expanded\" role=\"tabpanel\" data-role=\"content\" aria-hidden=\"false\">\n<p>Les\u00a0<strong>Herbes del Moli's Herbs del Moli Eco Herb Corn Stigmas\u00a0<\/strong>sont un compl\u00e9ment naturel qui se distingue par ses\u00a0<strong>propri\u00e9t\u00e9s diur\u00e9tiques<\/strong>\u00a0y\u00a0<strong>nettoyage.<\/strong> Issus de cultures biologiques, ces stigmates, \u00e9galement connus sous le nom de \u00abpoils de ma\u00efs\u00bb, \u00abbarbe de ma\u00efs\u00bb, \u00abcrini\u00e8re de ma\u00efs\u00bb, sont traditionnellement utilis\u00e9s en m\u00e9decine naturelle pour favoriser l'\u00e9limination des liquides et la sant\u00e9 des reins. Leur action douce mais efficace aide \u00e0 r\u00e9duire la r\u00e9tention d'eau, favorisant l'\u00e9quilibre de l'organisme de mani\u00e8re naturelle.<\/p>\n<p>En outre, le\u00a0<strong>Stigmates du ma\u00efs <\/strong>\u00a0avoir\u00a0<strong>propri\u00e9t\u00e9s antioxydantes<\/strong>\u00a0qui soutiennent la\u00a0<strong>syst\u00e8me immunitaire,<\/strong>\u00a0aider l'organisme \u00e0 se d\u00e9fendre contre les radicaux libres. Elles sont une source de compos\u00e9s bioactifs qui peuvent contribuer \u00e0 am\u00e9liorer les fonctions urinaires et digestives, ce qui en fait un choix id\u00e9al pour ceux qui recherchent un produit naturel pour la sant\u00e9 des reins et le bien-\u00eatre g\u00e9n\u00e9ral.<\/p>\n<p>Gr\u00e2ce \u00e0 son origine biologique et \u00e0 ses bienfaits naturels, ce compl\u00e9ment est id\u00e9al pour ceux qui souhaitent am\u00e9liorer leur bien-\u00eatre de mani\u00e8re naturelle et douce, et constitue un excellent choix dans toute gamme de produits de sant\u00e9 et de bien-\u00eatre.<\/p>\n<\/div>\n<div class=\"active\" role=\"tab\" data-role=\"collapsible\" data-collapsible=\"true\" aria-selected=\"false\" aria-expanded=\"true\">\n<div tabindex=\"0\" data-role=\"trigger\">\n<h2 class=\"attribute-title composicion\">Quelle est sa composition ?<\/h2>\n<\/div>\n<\/div>\n<div class=\"value composicion\" role=\"tabpanel\" data-role=\"content\" aria-hidden=\"false\">Stigmates de ma\u00efs (Zea mays L.) issus de l'agriculture biologique.<\/div>\n<\/div>\n<div class=\"second-column\" role=\"tablist\">\n<div class=\"active\" role=\"tab\" data-role=\"collapsible\" data-collapsible=\"true\" aria-selected=\"false\" aria-expanded=\"true\">\n<div tabindex=\"0\" data-role=\"trigger\">\n<h2><\/h2>\n<h2 class=\"attribute-title uso\">Comment sont utilis\u00e9s les stigmates du ma\u00efs ?<\/h2>\n<\/div>\n<\/div>\n<div class=\"value uso\" role=\"tabpanel\" data-role=\"content\" aria-hidden=\"false\">Infuser pendant 5 minutes avec de l'eau \u00e0 100 degr\u00e9s.<\/div>\n<\/div>","protected":false},"excerpt":{"rendered":"<p>Diur\u00e9tique et d\u00e9puratif<\/p>","protected":false},"featured_media":19776,"comment_status":"closed","ping_status":"closed","template":"","meta":{"site-sidebar-layout":"default","site-content-layout":"","ast-site-content-layout":"default","site-content-style":"default","site-sidebar-style":"default","ast-global-header-display":"","ast-banner-title-visibility":"","ast-main-header-display":"","ast-hfb-above-header-display":"","ast-hfb-below-header-display":"","ast-hfb-mobile-header-display":"","site-post-title":"","ast-breadcrumbs-content":"","ast-featured-img":"","footer-sml-layout":"","ast-disable-related-posts":"","theme-transparent-header-meta":"default","adv-header-id-meta":"","stick-header-meta":"default","header-above-stick-meta":"","header-main-stick-meta":"","header-below-stick-meta":"","astra-migrate-meta-layouts":"set","ast-page-background-enabled":"default","ast-page-background-meta":{"desktop":{"background-color":"","background-image":"","background-repeat":"repeat","background-position":"center center","background-size":"auto","background-attachment":"scroll","background-type":"","background-media":"","overlay-type":"","overlay-color":"","overlay-opacity":"","overlay-gradient":""},"tablet":{"background-color":"","background-image":"","background-repeat":"repeat","background-position":"center center","background-size":"auto","background-attachment":"scroll","background-type":"","background-media":"","overlay-type":"","overlay-color":"","overlay-opacity":"","overlay-gradient":""},"mobile":{"background-color":"","background-image":"","background-repeat":"repeat","background-position":"center center","background-size":"auto","background-attachment":"scroll","background-type":"","background-media":"","overlay-type":"","overlay-color":"","overlay-opacity":"","overlay-gradient":""}},"ast-content-background-meta":{"desktop":{"background-color":"var(--ast-global-color-5)","background-image":"","background-repeat":"repeat","background-position":"center center","background-size":"auto","background-attachment":"scroll","background-type":"","background-media":"","overlay-type":"","overlay-color":"","overlay-opacity":"","overlay-gradient":""},"tablet":{"background-color":"var(--ast-global-color-5)","background-image":"","background-repeat":"repeat","background-position":"center center","background-size":"auto","background-attachment":"scroll","background-type":"","background-media":"","overlay-type":"","overlay-color":"","overlay-opacity":"","overlay-gradient":""},"mobile":{"background-color":"var(--ast-global-color-5)","background-image":"","background-repeat":"repeat","background-position":"center center","background-size":"auto","background-attachment":"scroll","background-type":"","background-media":"","overlay-type":"","overlay-color":"","overlay-opacity":"","overlay-gradient":""}},"_glsr_average":0,"_glsr_ranking":0,"_glsr_reviews":0},"product_brand":[],"product_cat":[331,332,370,368,339],"product_tag":[],"class_list":{"0":"post-19678","1":"product","2":"type-product","3":"status-publish","4":"has-post-thumbnail","6":"product_cat-herboristeria","7":"product_cat-detox","8":"product_cat-infusiones-y-tes-bebidas-saludables","9":"product_cat-salud-renal","10":"product_cat-sistema-urinario-herboristeria","11":"desktop-align-center","12":"tablet-align-center","13":"mobile-align-center","14":"ast-product-gallery-layout-horizontal","15":"ast-product-gallery-with-no-image","16":"ast-product-tabs-layout-horizontal","18":"first","19":"instock","20":"taxable","21":"shipping-taxable","22":"purchasable","23":"product-type-simple"},"_links":{"self":[{"href":"https:\/\/dioxvitae.es\/fr\/wp-json\/wp\/v2\/product\/19678","targetHints":{"allow":["GET"]}}],"collection":[{"href":"https:\/\/dioxvitae.es\/fr\/wp-json\/wp\/v2\/product"}],"about":[{"href":"https:\/\/dioxvitae.es\/fr\/wp-json\/wp\/v2\/types\/product"}],"replies":[{"embeddable":true,"href":"https:\/\/dioxvitae.es\/fr\/wp-json\/wp\/v2\/comments?post=19678"}],"version-history":[{"count":3,"href":"https:\/\/dioxvitae.es\/fr\/wp-json\/wp\/v2\/product\/19678\/revisions"}],"predecessor-version":[{"id":19777,"href":"https:\/\/dioxvitae.es\/fr\/wp-json\/wp\/v2\/product\/19678\/revisions\/19777"}],"wp:featuredmedia":[{"embeddable":true,"href":"https:\/\/dioxvitae.es\/fr\/wp-json\/wp\/v2\/media\/19776"}],"wp:attachment":[{"href":"https:\/\/dioxvitae.es\/fr\/wp-json\/wp\/v2\/media?parent=19678"}],"wp:term":[{"taxonomy":"product_brand","embeddable":true,"href":"https:\/\/dioxvitae.es\/fr\/wp-json\/wp\/v2\/product_brand?post=19678"},{"taxonomy":"product_cat","embeddable":true,"href":"https:\/\/dioxvitae.es\/fr\/wp-json\/wp\/v2\/product_cat?post=19678"},{"taxonomy":"product_tag","embeddable":true,"href":"https:\/\/dioxvitae.es\/fr\/wp-json\/wp\/v2\/product_tag?post=19678"}],"curies":[{"name":"wp","href":"https:\/\/api.w.org\/{rel}","templated":true}]}}