{"id":19652,"date":"2026-02-16T15:55:47","date_gmt":"2026-02-16T13:55:47","guid":{"rendered":"https:\/\/dioxvitae.es\/?post_type=product&#038;p=19652"},"modified":"2026-03-18T13:07:12","modified_gmt":"2026-03-18T11:07:12","slug":"neem-ayurveda-60caps","status":"publish","type":"product","link":"https:\/\/dioxvitae.es\/fr\/neem-ayurveda-60caps\/","title":{"rendered":"Neem Ayurveda 60caps"},"content":{"rendered":"<div class=\"main-column\" role=\"tablist\">\n<div class=\"active\" role=\"tab\" data-role=\"collapsible\" data-collapsible=\"true\" aria-selected=\"false\" aria-expanded=\"true\">\n<div tabindex=\"0\" data-role=\"trigger\">\n<h2 class=\"attribute-title que-es\">Qu'est-ce que Neem Ayurveda 60caps par Alfa Herbal ?<\/h2>\n<\/div>\n<\/div>\n<div class=\"value que-es expanded\" role=\"tabpanel\" data-role=\"content\" aria-hidden=\"false\">\n<p>Les<strong> Neem <\/strong>\u00a0est un\u00a0<strong>compl\u00e9ment alimentaire<\/strong> connu sous le nom d\u00ab\u00bbarbre miracle\". Ce suppl\u00e9ment peut aider \u00e0\u00a0<strong>purifier le sang<\/strong>,\u00a0<strong>\u00e9liminer les toxines<\/strong>\u00a0y\u00a0<strong>pr\u00e9venir la d\u00e9t\u00e9rioration caus\u00e9e par les radicaux libres<\/strong>, Il prot\u00e8ge l'organisme des dommages cellulaires. C'est un puissant\u00a0<strong>anti-inflammatoire<\/strong>\u00a0qui est utilis\u00e9 pour traiter une vari\u00e9t\u00e9 de conditions li\u00e9es \u00e0 la\u00a0<strong>circulation sanguine<\/strong>, comme\u00a0<strong>fi\u00e8vre<\/strong>,\u00a0<strong>sensation de br\u00fblure<\/strong>,\u00a0<strong>blessures<\/strong>,\u00a0<strong>\u00e9ruptions cutan\u00e9es<\/strong>\u00a0et probl\u00e8mes\u00a0<strong>dermatologique<\/strong>.<\/p>\n<p>Sa capacit\u00e9 \u00e0 <strong>\u00e9liminer les toxines<\/strong>\u00a0y\u00a0<strong>am\u00e9liorer la sant\u00e9 de la peau<\/strong> en fait un compl\u00e9ment tr\u00e8s appr\u00e9ci\u00e9 dans les traitements naturels.<\/p>\n<p><strong>Action antioxydante :<\/strong>\u00a0Aide \u00e0 lutter contre les radicaux libres et r\u00e9duit le stress oxydatif.<br \/>\n<strong>Propri\u00e9t\u00e9s antimicrobiennes :<\/strong>\u00a0Il apporte un soutien naturel contre diverses infections bact\u00e9riennes et fongiques.<br \/>\n<strong>Am\u00e9liore la sant\u00e9 de la peau :<\/strong>\u00a0Contribue \u00e0 une peau claire et saine, en traitant des affections telles que l'acn\u00e9 et le psoriasis.<br \/>\n<strong>Soutien \u00e0 la sant\u00e9 digestive :<\/strong>\u00a0Contribue au maintien d'un syst\u00e8me digestif sain et \u00e0 la d\u00e9sintoxication de l'organisme.<\/p>\n<p>&nbsp;<\/p>\n<\/div>\n<h2 class=\"attribute-title composicion\">\u00c0 qui s'adresse-t-il ?<\/h2>\n<p>Id\u00e9al pour les personnes \u00e0 la recherche d'une solution naturelle pour am\u00e9liorer leur sant\u00e9 globale, en particulier celles qui s'int\u00e9ressent aux principes de la m\u00e9decine ayurv\u00e9dique. Il est particuli\u00e8rement b\u00e9n\u00e9fique pour les personnes qui souhaitent am\u00e9liorer la sant\u00e9 de leur peau, renforcer leur syst\u00e8me immunitaire et digestif, et pour celles qui recherchent une protection antioxydante naturelle.<\/p>\n<div class=\"value que-es expanded\" role=\"tabpanel\" data-role=\"content\" aria-hidden=\"false\">\n<p>&nbsp;<\/p>\n<\/div>\n<div class=\"active\" role=\"tab\" data-role=\"collapsible\" data-collapsible=\"true\" aria-selected=\"false\" aria-expanded=\"true\">\n<div tabindex=\"0\" data-role=\"trigger\">\n<h2 class=\"attribute-title composicion\">Quelle est sa composition ?<\/h2>\n<\/div>\n<\/div>\n<div class=\"value composicion\" role=\"tabpanel\" data-role=\"content\" aria-hidden=\"false\">Pour 1 g\u00e9lule : Extrait sec de neem (margousier) - 500 mg<\/div>\n<\/div>\n<div role=\"tabpanel\" data-role=\"content\" aria-hidden=\"false\"><\/div>\n<div role=\"tabpanel\" data-role=\"content\" aria-hidden=\"false\"><\/div>\n<div role=\"tabpanel\" data-role=\"content\" aria-hidden=\"false\"><\/div>\n<div class=\"second-column\" role=\"tablist\">\n<div class=\"active\" role=\"tab\" data-role=\"collapsible\" data-collapsible=\"true\" aria-selected=\"false\" aria-expanded=\"true\">\n<div tabindex=\"0\" data-role=\"trigger\">\n<h2><\/h2>\n<h2 class=\"attribute-title uso\">Comment boire ?<\/h2>\n<\/div>\n<\/div>\n<div class=\"value uso\" role=\"tabpanel\" data-role=\"content\" aria-hidden=\"false\">Prendre 1 \u00e0 2 g\u00e9lules par jour pendant les repas ou selon la prescription.  Pour maximiser les b\u00e9n\u00e9fices, maintenir une prise r\u00e9guli\u00e8re et associer ce compl\u00e9ment \u00e0 un mode de vie sain, comprenant une alimentation \u00e9quilibr\u00e9e et une activit\u00e9 physique r\u00e9guli\u00e8re. Consultez un professionnel de la sant\u00e9 pour ajuster la posologie en fonction de vos besoins sp\u00e9cifiques. Ne pas prendre pendant la grossesse et l'allaitement.<\/div>\n<\/div>\n<div role=\"tabpanel\" data-role=\"content\" aria-hidden=\"false\">\n<div id=\"product-info-tabs\" class=\"product-info-tabs\">\n<div><\/div>\n<div class=\"tab-content-info\">Int\u00e9grez les bienfaits s\u00e9culaires du margousier \u00e0 votre routine quotidienne avec Alfa Herbal Neem Ayurveda et am\u00e9liorez votre bien-\u00eatre et la sant\u00e9 de votre peau de mani\u00e8re naturelle.<\/div>\n<\/div>\n<section id=\"product-customer-reviews\" class=\"product--reviews-section\">\n<div class=\"container-title-reviews\">\n<div class=\"product-title\"><\/div>\n<\/div>\n<div class=\"product-reviews--all\">\n<h3><\/h3>\n<div class=\"reviews--actions\"><\/div>\n<\/div>\n<\/section>\n<section class=\"product--up-selling-section swiper-product-box\">\n<div class=\"product-title\"><\/div>\n<\/section>\n<\/div>","protected":false},"excerpt":{"rendered":"<p>Compl\u00e9ment purifiant et antioxydant con\u00e7u pour d\u00e9toxifier le sang, renforcer le syst\u00e8me immunitaire et am\u00e9liorer la sant\u00e9 de la peau gr\u00e2ce au Neem.<\/p>","protected":false},"featured_media":19653,"comment_status":"closed","ping_status":"closed","template":"","meta":{"site-sidebar-layout":"default","site-content-layout":"","ast-site-content-layout":"default","site-content-style":"default","site-sidebar-style":"default","ast-global-header-display":"","ast-banner-title-visibility":"","ast-main-header-display":"","ast-hfb-above-header-display":"","ast-hfb-below-header-display":"","ast-hfb-mobile-header-display":"","site-post-title":"","ast-breadcrumbs-content":"","ast-featured-img":"","footer-sml-layout":"","ast-disable-related-posts":"","theme-transparent-header-meta":"default","adv-header-id-meta":"","stick-header-meta":"default","header-above-stick-meta":"","header-main-stick-meta":"","header-below-stick-meta":"","astra-migrate-meta-layouts":"set","ast-page-background-enabled":"default","ast-page-background-meta":{"desktop":{"background-color":"","background-image":"","background-repeat":"repeat","background-position":"center center","background-size":"auto","background-attachment":"scroll","background-type":"","background-media":"","overlay-type":"","overlay-color":"","overlay-opacity":"","overlay-gradient":""},"tablet":{"background-color":"","background-image":"","background-repeat":"repeat","background-position":"center center","background-size":"auto","background-attachment":"scroll","background-type":"","background-media":"","overlay-type":"","overlay-color":"","overlay-opacity":"","overlay-gradient":""},"mobile":{"background-color":"","background-image":"","background-repeat":"repeat","background-position":"center center","background-size":"auto","background-attachment":"scroll","background-type":"","background-media":"","overlay-type":"","overlay-color":"","overlay-opacity":"","overlay-gradient":""}},"ast-content-background-meta":{"desktop":{"background-color":"var(--ast-global-color-5)","background-image":"","background-repeat":"repeat","background-position":"center center","background-size":"auto","background-attachment":"scroll","background-type":"","background-media":"","overlay-type":"","overlay-color":"","overlay-opacity":"","overlay-gradient":""},"tablet":{"background-color":"var(--ast-global-color-5)","background-image":"","background-repeat":"repeat","background-position":"center center","background-size":"auto","background-attachment":"scroll","background-type":"","background-media":"","overlay-type":"","overlay-color":"","overlay-opacity":"","overlay-gradient":""},"mobile":{"background-color":"var(--ast-global-color-5)","background-image":"","background-repeat":"repeat","background-position":"center center","background-size":"auto","background-attachment":"scroll","background-type":"","background-media":"","overlay-type":"","overlay-color":"","overlay-opacity":"","overlay-gradient":""}},"_glsr_average":0,"_glsr_ranking":0,"_glsr_reviews":0},"product_brand":[],"product_cat":[331,363,332,375,346,336,337],"product_tag":[],"class_list":{"0":"post-19652","1":"product","2":"type-product","3":"status-publish","4":"has-post-thumbnail","6":"product_cat-herboristeria","7":"product_cat-bienestar-general","8":"product_cat-detox","9":"product_cat-salud-capilar-y-cutanea-herboristeria","10":"product_cat-salud-capilar-y-cutanea","11":"product_cat-sistema-digestivo","12":"product_cat-sistema-inmune","13":"desktop-align-center","14":"tablet-align-center","15":"mobile-align-center","16":"ast-product-gallery-layout-horizontal","17":"ast-product-tabs-layout-horizontal","19":"first","20":"instock","21":"taxable","22":"shipping-taxable","23":"purchasable","24":"product-type-simple"},"_links":{"self":[{"href":"https:\/\/dioxvitae.es\/fr\/wp-json\/wp\/v2\/product\/19652","targetHints":{"allow":["GET"]}}],"collection":[{"href":"https:\/\/dioxvitae.es\/fr\/wp-json\/wp\/v2\/product"}],"about":[{"href":"https:\/\/dioxvitae.es\/fr\/wp-json\/wp\/v2\/types\/product"}],"replies":[{"embeddable":true,"href":"https:\/\/dioxvitae.es\/fr\/wp-json\/wp\/v2\/comments?post=19652"}],"version-history":[{"count":8,"href":"https:\/\/dioxvitae.es\/fr\/wp-json\/wp\/v2\/product\/19652\/revisions"}],"predecessor-version":[{"id":19662,"href":"https:\/\/dioxvitae.es\/fr\/wp-json\/wp\/v2\/product\/19652\/revisions\/19662"}],"wp:featuredmedia":[{"embeddable":true,"href":"https:\/\/dioxvitae.es\/fr\/wp-json\/wp\/v2\/media\/19653"}],"wp:attachment":[{"href":"https:\/\/dioxvitae.es\/fr\/wp-json\/wp\/v2\/media?parent=19652"}],"wp:term":[{"taxonomy":"product_brand","embeddable":true,"href":"https:\/\/dioxvitae.es\/fr\/wp-json\/wp\/v2\/product_brand?post=19652"},{"taxonomy":"product_cat","embeddable":true,"href":"https:\/\/dioxvitae.es\/fr\/wp-json\/wp\/v2\/product_cat?post=19652"},{"taxonomy":"product_tag","embeddable":true,"href":"https:\/\/dioxvitae.es\/fr\/wp-json\/wp\/v2\/product_tag?post=19652"}],"curies":[{"name":"wp","href":"https:\/\/api.w.org\/{rel}","templated":true}]}}