{"id":19381,"date":"2026-01-26T18:35:14","date_gmt":"2026-01-26T16:35:14","guid":{"rendered":"https:\/\/www.dioxvitae.es\/?post_type=product&#038;p=19381"},"modified":"2026-01-26T19:03:25","modified_gmt":"2026-01-26T17:03:25","slug":"extrait-de-calendula-50ml","status":"publish","type":"product","link":"https:\/\/dioxvitae.es\/fr\/calendula-extracto-50ml\/","title":{"rendered":"Extrait de Calendula 50ml"},"content":{"rendered":"<div class=\"active\" role=\"tab\" data-role=\"collapsible\" data-collapsible=\"true\" aria-selected=\"false\" aria-expanded=\"true\">\n<div tabindex=\"0\" data-role=\"trigger\">\n<h2 class=\"attribute-title que-es\">Qu'est-ce que l'extrait de calendula ?<\/h2>\n<\/div>\n<\/div>\n<div class=\"value que-es expanded\" role=\"tabpanel\" data-role=\"content\" aria-hidden=\"false\">\n<p>Le\u00a0<b>Souci\u00a0<\/b><i>(<\/i><b><i>Calendula officinalis\u00a0<\/i>L.<i>)<\/i><\/b><b>\u00a0<\/b>poss\u00e8de de multiples propri\u00e9t\u00e9s nutritionnelles, qui peuvent contribuer \u00e0 la protection du syst\u00e8me digestif et aux processus li\u00e9s au cycle menstruel.<\/p>\n<p>La gamme d'extraits de Soria Natural maintient toutes les traditions de la phytoth\u00e9rapie, en appliquant les derni\u00e8res avanc\u00e9es scientifiques :<\/p>\n<ul>\n<li class=\"ms-hover\">Avec cyclodextrines.<\/li>\n<li class=\"ms-hover\">Extrait lyophilis\u00e9 dans de la glyc\u00e9rine v\u00e9g\u00e9tale.<\/li>\n<li class=\"ms-hover\">Augmentation de l'absorption.<\/li>\n<li class=\"ms-hover\">Biodisponibilit\u00e9 accrue.<\/li>\n<li class=\"ms-hover\">Une stabilit\u00e9 et une protection accrues.<\/li>\n<li class=\"ms-hover\">Combinaison de plusieurs ingr\u00e9dients actifs.<\/li>\n<li class=\"ms-hover\">Ils r\u00e9duisent l'irritation en cas d'ingestion.<\/li>\n<li class=\"ms-hover\">Sans alcool.<\/li>\n<\/ul>\n<p>&nbsp;<\/p>\n<div class=\"active\" role=\"tab\" data-role=\"collapsible\" data-collapsible=\"true\" aria-selected=\"false\" aria-expanded=\"true\">\n<div tabindex=\"0\" data-role=\"trigger\">\n<h2 class=\"attribute-title composicion\">Quelle est sa composition ?<\/h2>\n<\/div>\n<\/div>\n<div class=\"value composicion\" role=\"tabpanel\" data-role=\"content\" aria-hidden=\"false\">\n<div>\n<p><b>Par 3 ml<\/b>Hydratant : glyc\u00e9rine, eau, extrait lyophilis\u00e9 de souci (<em>Calendula officinalis<\/em>\u00a0L, fleur) (420 mg), gamma-cyclodextrines (105 mg) et alpha-cyclodextrines (105 mg).<\/p>\n<\/div>\n<h3>Compos\u00e9s actifs<\/h3>\n<div>\n<table class=\"uk-table uk-table-striped uk-table-small\">\n<tbody>\n<tr>\n<td colspan=\"2\">Par 3 ml<\/td>\n<\/tr>\n<tr>\n<td>Flavono\u00efdes<\/td>\n<td>6 mg<\/td>\n<\/tr>\n<\/tbody>\n<\/table>\n<\/div>\n<\/div>\n<div role=\"tabpanel\" data-role=\"content\" aria-hidden=\"false\"><\/div>\n<div role=\"tabpanel\" data-role=\"content\" aria-hidden=\"false\"><\/div>\n<\/div>\n<div role=\"tabpanel\" data-role=\"content\" aria-hidden=\"false\"><\/div>\n<div class=\"value que-es expanded\" role=\"tabpanel\" data-role=\"content\" aria-hidden=\"false\">\n<div role=\"tabpanel\" data-role=\"content\" aria-hidden=\"false\">\n<div class=\"active\" role=\"tab\" data-role=\"collapsible\" data-collapsible=\"true\" aria-selected=\"false\" aria-expanded=\"true\">\n<div tabindex=\"0\" data-role=\"trigger\">\n<h2 class=\"attribute-title uso\">Comment est-il utilis\u00e9 ?<\/h2>\n<\/div>\n<\/div>\n<div class=\"value uso\" role=\"tabpanel\" data-role=\"content\" aria-hidden=\"false\">\n<p>Adultes : il est recommand\u00e9 de prendre 1 ml, 3 fois par jour, dilu\u00e9 dans de l'eau.<\/p>\n<p>Agiter avant utilisation. Pour le dosage, presser la t\u00e9tine et attendre quelques secondes.<\/p>\n<p>Conserver dans un endroit frais et sec, \u00e0 l'abri de la lumi\u00e8re.<\/p>\n<\/div>\n<\/div>\n<\/div>","protected":false},"excerpt":{"rendered":"<p>Protection gastrique et cycle menstruel<\/p>","protected":false},"featured_media":19382,"comment_status":"closed","ping_status":"closed","template":"","meta":{"site-sidebar-layout":"default","site-content-layout":"","ast-site-content-layout":"default","site-content-style":"default","site-sidebar-style":"default","ast-global-header-display":"","ast-banner-title-visibility":"","ast-main-header-display":"","ast-hfb-above-header-display":"","ast-hfb-below-header-display":"","ast-hfb-mobile-header-display":"","site-post-title":"","ast-breadcrumbs-content":"","ast-featured-img":"","footer-sml-layout":"","ast-disable-related-posts":"","theme-transparent-header-meta":"default","adv-header-id-meta":"","stick-header-meta":"default","header-above-stick-meta":"","header-main-stick-meta":"","header-below-stick-meta":"","astra-migrate-meta-layouts":"set","ast-page-background-enabled":"default","ast-page-background-meta":{"desktop":{"background-color":"","background-image":"","background-repeat":"repeat","background-position":"center center","background-size":"auto","background-attachment":"scroll","background-type":"","background-media":"","overlay-type":"","overlay-color":"","overlay-opacity":"","overlay-gradient":""},"tablet":{"background-color":"","background-image":"","background-repeat":"repeat","background-position":"center center","background-size":"auto","background-attachment":"scroll","background-type":"","background-media":"","overlay-type":"","overlay-color":"","overlay-opacity":"","overlay-gradient":""},"mobile":{"background-color":"","background-image":"","background-repeat":"repeat","background-position":"center center","background-size":"auto","background-attachment":"scroll","background-type":"","background-media":"","overlay-type":"","overlay-color":"","overlay-opacity":"","overlay-gradient":""}},"ast-content-background-meta":{"desktop":{"background-color":"var(--ast-global-color-5)","background-image":"","background-repeat":"repeat","background-position":"center center","background-size":"auto","background-attachment":"scroll","background-type":"","background-media":"","overlay-type":"","overlay-color":"","overlay-opacity":"","overlay-gradient":""},"tablet":{"background-color":"var(--ast-global-color-5)","background-image":"","background-repeat":"repeat","background-position":"center center","background-size":"auto","background-attachment":"scroll","background-type":"","background-media":"","overlay-type":"","overlay-color":"","overlay-opacity":"","overlay-gradient":""},"mobile":{"background-color":"var(--ast-global-color-5)","background-image":"","background-repeat":"repeat","background-position":"center center","background-size":"auto","background-attachment":"scroll","background-type":"","background-media":"","overlay-type":"","overlay-color":"","overlay-opacity":"","overlay-gradient":""}},"_glsr_average":0,"_glsr_ranking":0,"_glsr_reviews":0},"product_brand":[],"product_cat":[331,346,349,336],"product_tag":[],"class_list":{"0":"post-19381","1":"product","2":"type-product","3":"status-publish","4":"has-post-thumbnail","6":"product_cat-herboristeria","7":"product_cat-salud-capilar-y-cutanea","8":"product_cat-salud-hormonal","9":"product_cat-sistema-digestivo","10":"desktop-align-center","11":"tablet-align-center","12":"mobile-align-center","13":"ast-product-gallery-layout-horizontal","14":"ast-product-tabs-layout-horizontal","16":"first","17":"instock","18":"taxable","19":"shipping-taxable","20":"purchasable","21":"product-type-simple"},"_links":{"self":[{"href":"https:\/\/dioxvitae.es\/fr\/wp-json\/wp\/v2\/product\/19381","targetHints":{"allow":["GET"]}}],"collection":[{"href":"https:\/\/dioxvitae.es\/fr\/wp-json\/wp\/v2\/product"}],"about":[{"href":"https:\/\/dioxvitae.es\/fr\/wp-json\/wp\/v2\/types\/product"}],"replies":[{"embeddable":true,"href":"https:\/\/dioxvitae.es\/fr\/wp-json\/wp\/v2\/comments?post=19381"}],"version-history":[{"count":5,"href":"https:\/\/dioxvitae.es\/fr\/wp-json\/wp\/v2\/product\/19381\/revisions"}],"predecessor-version":[{"id":19389,"href":"https:\/\/dioxvitae.es\/fr\/wp-json\/wp\/v2\/product\/19381\/revisions\/19389"}],"wp:featuredmedia":[{"embeddable":true,"href":"https:\/\/dioxvitae.es\/fr\/wp-json\/wp\/v2\/media\/19382"}],"wp:attachment":[{"href":"https:\/\/dioxvitae.es\/fr\/wp-json\/wp\/v2\/media?parent=19381"}],"wp:term":[{"taxonomy":"product_brand","embeddable":true,"href":"https:\/\/dioxvitae.es\/fr\/wp-json\/wp\/v2\/product_brand?post=19381"},{"taxonomy":"product_cat","embeddable":true,"href":"https:\/\/dioxvitae.es\/fr\/wp-json\/wp\/v2\/product_cat?post=19381"},{"taxonomy":"product_tag","embeddable":true,"href":"https:\/\/dioxvitae.es\/fr\/wp-json\/wp\/v2\/product_tag?post=19381"}],"curies":[{"name":"wp","href":"https:\/\/api.w.org\/{rel}","templated":true}]}}