{"id":19325,"date":"2026-01-20T20:14:04","date_gmt":"2026-01-20T18:14:04","guid":{"rendered":"https:\/\/www.dioxvitae.es\/?post_type=product&#038;p=19325"},"modified":"2026-03-26T12:13:48","modified_gmt":"2026-03-26T10:13:48","slug":"huile-de-coco-extra-vierge-biologique","status":"publish","type":"product","link":"https:\/\/dioxvitae.es\/fr\/aceite-de-coco-virgen-extra-bio\/","title":{"rendered":"Huile de noix de coco extra vierge biologique 580ml"},"content":{"rendered":"<div class=\"active\" role=\"tab\" data-role=\"collapsible\" data-collapsible=\"true\" aria-selected=\"false\" aria-expanded=\"true\">\n<div tabindex=\"0\" data-role=\"trigger\">\n<h2 class=\"attribute-title que-es\">Description :<\/h2>\n<\/div>\n<\/div>\n<div class=\"value que-es expanded\" role=\"tabpanel\" data-role=\"content\" aria-hidden=\"false\">\n<p><strong>Huile de noix de coco extra vierge de Solnatural, premi\u00e8re pression \u00e0 froid<\/strong>, est un\u00a0<strong>alternative saine<\/strong>\u00a0et d\u00e9licieuse \u00e0 l'huile d'olive, obtenue \u00e0 partir de noix de coco fra\u00eeches gr\u00e2ce \u00e0 un processus de fermentation.\u00a0<strong>premi\u00e8re pression \u00e0 froid<\/strong>\u00a0qui conserve toutes ses propri\u00e9t\u00e9s naturelles. Cette huile se caract\u00e9rise par une saveur douce et une texture l\u00e9g\u00e8re, ce qui en fait un choix id\u00e9al pour la cuisson et l'assaisonnement des plats, ainsi que pour les soins de la peau et des cheveux.<\/p>\n<p>Gr\u00e2ce \u00e0 son\u00a0<strong>teneur \u00e9lev\u00e9e en acides gras \u00e0 cha\u00eene moyenne<\/strong>\u00a0(MCT), le\u00a0<strong>Huile de noix de coco<\/strong>\u00a0favorise le m\u00e9tabolisme et peut contribuer \u00e0 am\u00e9liorer la digestion et la sant\u00e9 cardiovasculaire. Il est \u00e9galement connu pour ses propri\u00e9t\u00e9s antioxydantes et sa capacit\u00e9 \u00e0 maintenir la peau hydrat\u00e9e, ce qui en fait un produit tr\u00e8s polyvalent dans le cadre d'un r\u00e9gime alimentaire \u00e9quilibr\u00e9 et d'une routine de soins personnels.<\/p>\n<p>&nbsp;<\/p>\n<\/div>\n<div class=\"active\" role=\"tab\" data-role=\"collapsible\" data-collapsible=\"true\" aria-selected=\"false\" aria-expanded=\"true\">\n<div tabindex=\"0\" data-role=\"trigger\">\n<h2 class=\"attribute-title composicion\">Composition :<\/h2>\n<\/div>\n<\/div>\n<div class=\"value composicion\" role=\"tabpanel\" data-role=\"content\" aria-hidden=\"false\">\n<p>580ml d'huile de coco extra vierge* (premi\u00e8re pression \u00e0 froid) (*) Issue de l'agriculture biologique.<\/p>\n<\/div>\n<p>&nbsp;<\/p>\n<div class=\"active\" role=\"tab\" data-role=\"collapsible\" data-collapsible=\"true\" aria-selected=\"false\" aria-expanded=\"true\">\n<div tabindex=\"0\" data-role=\"trigger\">\n<h2 class=\"attribute-title text-4\">Valeur \u00e9nerg\u00e9tique :<\/h2>\n<\/div>\n<\/div>\n<div class=\"value text-4\" role=\"tabpanel\" data-role=\"content\" aria-hidden=\"false\">Valeur \u00e9nerg\u00e9tique 3760 kJ\/900 kcal Glucides 0 g Sucres : 0 g Graisses 100 g Satur\u00e9es : 91 g Prot\u00e9ines 0 g Sel 0 g<\/div>\n<div role=\"tabpanel\" data-role=\"content\" aria-hidden=\"false\"><\/div>\n<div role=\"tabpanel\" data-role=\"content\" aria-hidden=\"false\"><\/div>\n<div role=\"tabpanel\" data-role=\"content\" aria-hidden=\"false\"><\/div>\n<div role=\"tabpanel\" data-role=\"content\" aria-hidden=\"false\"><\/div>\n<div role=\"tabpanel\" data-role=\"content\" aria-hidden=\"false\">A consommer selon son go\u00fbt<\/div>\n<div role=\"tabpanel\" data-role=\"content\" aria-hidden=\"false\">V\u00e9g\u00e9talien<\/div>\n<div role=\"tabpanel\" data-role=\"content\" aria-hidden=\"false\">Sans gluten<\/div>","protected":false},"excerpt":{"rendered":"<p>Descripci\u00f3n: El Aceite de Coco Virgen Extra, Primera Presi\u00f3n en Fr\u00edo de Solnatural, es una\u00a0alternativa saludable\u00a0y deliciosa al aceite de oliva, obtenido a partir de cocos frescos mediante un proceso de\u00a0primera presi\u00f3n en fr\u00edo\u00a0que conserva todas sus propiedades naturales. Este aceite se caracteriza por su sabor suave y su textura ligera, convirti\u00e9ndolo en una opci\u00f3n [&hellip;]<\/p>\n","protected":false},"featured_media":19326,"comment_status":"closed","ping_status":"closed","template":"","meta":{"site-sidebar-layout":"default","site-content-layout":"","ast-site-content-layout":"default","site-content-style":"default","site-sidebar-style":"default","ast-global-header-display":"","ast-banner-title-visibility":"","ast-main-header-display":"","ast-hfb-above-header-display":"","ast-hfb-below-header-display":"","ast-hfb-mobile-header-display":"","site-post-title":"","ast-breadcrumbs-content":"","ast-featured-img":"","footer-sml-layout":"","ast-disable-related-posts":"","theme-transparent-header-meta":"default","adv-header-id-meta":"","stick-header-meta":"default","header-above-stick-meta":"","header-main-stick-meta":"","header-below-stick-meta":"","astra-migrate-meta-layouts":"set","ast-page-background-enabled":"default","ast-page-background-meta":{"desktop":{"background-color":"","background-image":"","background-repeat":"repeat","background-position":"center center","background-size":"auto","background-attachment":"scroll","background-type":"","background-media":"","overlay-type":"","overlay-color":"","overlay-opacity":"","overlay-gradient":""},"tablet":{"background-color":"","background-image":"","background-repeat":"repeat","background-position":"center center","background-size":"auto","background-attachment":"scroll","background-type":"","background-media":"","overlay-type":"","overlay-color":"","overlay-opacity":"","overlay-gradient":""},"mobile":{"background-color":"","background-image":"","background-repeat":"repeat","background-position":"center center","background-size":"auto","background-attachment":"scroll","background-type":"","background-media":"","overlay-type":"","overlay-color":"","overlay-opacity":"","overlay-gradient":""}},"ast-content-background-meta":{"desktop":{"background-color":"var(--ast-global-color-5)","background-image":"","background-repeat":"repeat","background-position":"center center","background-size":"auto","background-attachment":"scroll","background-type":"","background-media":"","overlay-type":"","overlay-color":"","overlay-opacity":"","overlay-gradient":""},"tablet":{"background-color":"var(--ast-global-color-5)","background-image":"","background-repeat":"repeat","background-position":"center center","background-size":"auto","background-attachment":"scroll","background-type":"","background-media":"","overlay-type":"","overlay-color":"","overlay-opacity":"","overlay-gradient":""},"mobile":{"background-color":"var(--ast-global-color-5)","background-image":"","background-repeat":"repeat","background-position":"center center","background-size":"auto","background-attachment":"scroll","background-type":"","background-media":"","overlay-type":"","overlay-color":"","overlay-opacity":"","overlay-gradient":""}},"_glsr_average":0,"_glsr_ranking":0,"_glsr_reviews":0},"product_brand":[],"product_cat":[331,362,334,370,346,375,369,374,356],"product_tag":[],"class_list":{"0":"post-19325","1":"product","2":"type-product","3":"status-publish","4":"has-post-thumbnail","6":"product_cat-herboristeria","7":"product_cat-bebidas-saludables","8":"product_cat-cuidado-personal","9":"product_cat-infusiones-y-tes-bebidas-saludables","10":"product_cat-salud-capilar-y-cutanea","11":"product_cat-salud-capilar-y-cutanea-herboristeria","12":"product_cat-salud-dental","13":"product_cat-salud-intima-femenina","14":"product_cat-sistema-metabolico","15":"desktop-align-center","16":"tablet-align-center","17":"mobile-align-center","18":"ast-product-gallery-layout-horizontal","19":"ast-product-gallery-with-no-image","20":"ast-product-tabs-layout-horizontal","22":"first","23":"instock","24":"taxable","25":"shipping-taxable","26":"purchasable","27":"product-type-simple"},"_links":{"self":[{"href":"https:\/\/dioxvitae.es\/fr\/wp-json\/wp\/v2\/product\/19325","targetHints":{"allow":["GET"]}}],"collection":[{"href":"https:\/\/dioxvitae.es\/fr\/wp-json\/wp\/v2\/product"}],"about":[{"href":"https:\/\/dioxvitae.es\/fr\/wp-json\/wp\/v2\/types\/product"}],"replies":[{"embeddable":true,"href":"https:\/\/dioxvitae.es\/fr\/wp-json\/wp\/v2\/comments?post=19325"}],"version-history":[{"count":6,"href":"https:\/\/dioxvitae.es\/fr\/wp-json\/wp\/v2\/product\/19325\/revisions"}],"predecessor-version":[{"id":19333,"href":"https:\/\/dioxvitae.es\/fr\/wp-json\/wp\/v2\/product\/19325\/revisions\/19333"}],"wp:featuredmedia":[{"embeddable":true,"href":"https:\/\/dioxvitae.es\/fr\/wp-json\/wp\/v2\/media\/19326"}],"wp:attachment":[{"href":"https:\/\/dioxvitae.es\/fr\/wp-json\/wp\/v2\/media?parent=19325"}],"wp:term":[{"taxonomy":"product_brand","embeddable":true,"href":"https:\/\/dioxvitae.es\/fr\/wp-json\/wp\/v2\/product_brand?post=19325"},{"taxonomy":"product_cat","embeddable":true,"href":"https:\/\/dioxvitae.es\/fr\/wp-json\/wp\/v2\/product_cat?post=19325"},{"taxonomy":"product_tag","embeddable":true,"href":"https:\/\/dioxvitae.es\/fr\/wp-json\/wp\/v2\/product_tag?post=19325"}],"curies":[{"name":"wp","href":"https:\/\/api.w.org\/{rel}","templated":true}]}}