{"id":19282,"date":"2026-01-16T13:51:54","date_gmt":"2026-01-16T11:51:54","guid":{"rendered":"https:\/\/www.dioxvitae.es\/?post_type=product&#038;p=19282"},"modified":"2026-03-26T18:24:58","modified_gmt":"2026-03-26T16:24:58","slug":"vitawoman-menopause","status":"publish","type":"product","link":"https:\/\/dioxvitae.es\/fr\/vitawoman-menopausia\/","title":{"rendered":"Vitawoman M\u00e9nopause"},"content":{"rendered":"<h2><span style=\"color: #3366ff;\">Description :<\/span><\/h2>\n<p>Ce compl\u00e9ment alimentaire est disponible en deux comprim\u00e9s de couleurs diff\u00e9rentes. Le comprim\u00e9 jaune de jour contient de la gattilier, qui contribue \u00e0 l'\u00e9quilibre hormonal f\u00e9minin pendant la p\u00e9riode climat\u00e9rique et aide \u00e0 att\u00e9nuer les sympt\u00f4mes de la m\u00e9nopause. Le comprim\u00e9 bleu de nuit contient de l'aub\u00e9pine, qui aide les femmes \u00e0 mieux dormir, assurant ainsi un effet 24 heures sur 24 pour am\u00e9liorer leur bien-\u00eatre pendant la m\u00e9nopause.<\/p>\n<p>&nbsp;<\/p>\n<h2><span style=\"color: #3366ff;\">Mode d'emploi :<\/span><\/h2>\n<p>Prendre 1 comprim\u00e9 jaune le matin au petit d\u00e9jeuner et 1 comprim\u00e9 bleu le soir, une demi-heure avant le coucher.<\/p>\n<p>&nbsp;<\/p>\n<h2><span style=\"color: #3366ff;\">Ingr\u00e9dients :<\/span><\/h2>\n<p>Extrait sec de houblon 2,5% flavono\u00efdes pr\u00e9nyl\u00e9s (50 mg) ; extrait sec de sauge 2% acide rosmarinique (50 mg) ; EN Yam 20% diosg\u00e9nine (50 mg) ; extrait sec d'\u00e9leuth\u00e9rocoque 0,8% \u00e9leuth\u00e9roside (50 mg) ; extrait sec d'act\u00e9e \u00e0 grappes noires 2,5% triterp\u00e8nes (35 mg) ; Extrait sec de Vitex agnus-castus (gattilier) 0,5% vitexine (30 mg) ; Extrait sec de Passiflore 3,5% vitexine (90 mg) ; Extrait sec de Verveine 1,5% verbascoside (50 mg) ; Extrait sec de Houblon 0,1% rutine (50 mg) ; Extrait sec d'Aub\u00e9pine 1,8% vitexine (50 mg) ; L-th\u00e9anine (10 mg).<\/p>\n<p>&nbsp;<\/p>\n<p>Sans gluten<\/p>\n<p>Sans lactose<\/p>\n<p>Sans sucres ajout\u00e9s<\/p>\n<p>&nbsp;<\/p>\n<p>&nbsp;<\/p>","protected":false},"excerpt":{"rendered":"<p>Descripci\u00f3n: Este complemento alimenticio est\u00e1 compuesto por comprimidos de dos colores distintos. El comprimido amarillo, con efecto d\u00eda, est\u00e1 compuesto por sauzgatillo, que contribuye al equilibrio hormonal femenino durante el climaterio y contribuye a aliviar los s\u00edntomas de la menopausia. El comprimido azul, con efecto noche, est\u00e1 compuesto por espino blanco, que ayuda a encontrar [&hellip;]<\/p>\n","protected":false},"featured_media":19283,"comment_status":"closed","ping_status":"closed","template":"","meta":{"site-sidebar-layout":"default","site-content-layout":"","ast-site-content-layout":"default","site-content-style":"default","site-sidebar-style":"default","ast-global-header-display":"","ast-banner-title-visibility":"","ast-main-header-display":"","ast-hfb-above-header-display":"","ast-hfb-below-header-display":"","ast-hfb-mobile-header-display":"","site-post-title":"","ast-breadcrumbs-content":"","ast-featured-img":"","footer-sml-layout":"","ast-disable-related-posts":"","theme-transparent-header-meta":"default","adv-header-id-meta":"","stick-header-meta":"default","header-above-stick-meta":"","header-main-stick-meta":"","header-below-stick-meta":"","astra-migrate-meta-layouts":"set","ast-page-background-enabled":"default","ast-page-background-meta":{"desktop":{"background-color":"","background-image":"","background-repeat":"repeat","background-position":"center center","background-size":"auto","background-attachment":"scroll","background-type":"","background-media":"","overlay-type":"","overlay-color":"","overlay-opacity":"","overlay-gradient":""},"tablet":{"background-color":"","background-image":"","background-repeat":"repeat","background-position":"center center","background-size":"auto","background-attachment":"scroll","background-type":"","background-media":"","overlay-type":"","overlay-color":"","overlay-opacity":"","overlay-gradient":""},"mobile":{"background-color":"","background-image":"","background-repeat":"repeat","background-position":"center center","background-size":"auto","background-attachment":"scroll","background-type":"","background-media":"","overlay-type":"","overlay-color":"","overlay-opacity":"","overlay-gradient":""}},"ast-content-background-meta":{"desktop":{"background-color":"var(--ast-global-color-5)","background-image":"","background-repeat":"repeat","background-position":"center center","background-size":"auto","background-attachment":"scroll","background-type":"","background-media":"","overlay-type":"","overlay-color":"","overlay-opacity":"","overlay-gradient":""},"tablet":{"background-color":"var(--ast-global-color-5)","background-image":"","background-repeat":"repeat","background-position":"center center","background-size":"auto","background-attachment":"scroll","background-type":"","background-media":"","overlay-type":"","overlay-color":"","overlay-opacity":"","overlay-gradient":""},"mobile":{"background-color":"var(--ast-global-color-5)","background-image":"","background-repeat":"repeat","background-position":"center center","background-size":"auto","background-attachment":"scroll","background-type":"","background-media":"","overlay-type":"","overlay-color":"","overlay-opacity":"","overlay-gradient":""}},"_glsr_average":0,"_glsr_ranking":0,"_glsr_reviews":0},"product_brand":[],"product_cat":[331,349,374],"product_tag":[],"class_list":{"0":"post-19282","1":"product","2":"type-product","3":"status-publish","4":"has-post-thumbnail","6":"product_cat-herboristeria","7":"product_cat-salud-hormonal","8":"product_cat-salud-intima-femenina","9":"desktop-align-center","10":"tablet-align-center","11":"mobile-align-center","12":"ast-product-gallery-layout-horizontal","13":"ast-product-tabs-layout-horizontal","15":"first","16":"instock","17":"taxable","18":"shipping-taxable","19":"purchasable","20":"product-type-simple"},"_links":{"self":[{"href":"https:\/\/dioxvitae.es\/fr\/wp-json\/wp\/v2\/product\/19282","targetHints":{"allow":["GET"]}}],"collection":[{"href":"https:\/\/dioxvitae.es\/fr\/wp-json\/wp\/v2\/product"}],"about":[{"href":"https:\/\/dioxvitae.es\/fr\/wp-json\/wp\/v2\/types\/product"}],"replies":[{"embeddable":true,"href":"https:\/\/dioxvitae.es\/fr\/wp-json\/wp\/v2\/comments?post=19282"}],"version-history":[{"count":4,"href":"https:\/\/dioxvitae.es\/fr\/wp-json\/wp\/v2\/product\/19282\/revisions"}],"predecessor-version":[{"id":19339,"href":"https:\/\/dioxvitae.es\/fr\/wp-json\/wp\/v2\/product\/19282\/revisions\/19339"}],"wp:featuredmedia":[{"embeddable":true,"href":"https:\/\/dioxvitae.es\/fr\/wp-json\/wp\/v2\/media\/19283"}],"wp:attachment":[{"href":"https:\/\/dioxvitae.es\/fr\/wp-json\/wp\/v2\/media?parent=19282"}],"wp:term":[{"taxonomy":"product_brand","embeddable":true,"href":"https:\/\/dioxvitae.es\/fr\/wp-json\/wp\/v2\/product_brand?post=19282"},{"taxonomy":"product_cat","embeddable":true,"href":"https:\/\/dioxvitae.es\/fr\/wp-json\/wp\/v2\/product_cat?post=19282"},{"taxonomy":"product_tag","embeddable":true,"href":"https:\/\/dioxvitae.es\/fr\/wp-json\/wp\/v2\/product_tag?post=19282"}],"curies":[{"name":"wp","href":"https:\/\/api.w.org\/{rel}","templated":true}]}}