{"id":18289,"date":"2025-10-20T18:20:08","date_gmt":"2025-10-20T16:20:08","guid":{"rendered":"https:\/\/www.dioxvitae.es\/?post_type=product&#038;p=18289"},"modified":"2026-01-22T13:56:33","modified_gmt":"2026-01-22T11:56:33","slug":"moringa-biologique","status":"publish","type":"product","link":"https:\/\/dioxvitae.es\/fr\/moringa-bio\/","title":{"rendered":"Moringa Bio"},"content":{"rendered":"<div class=\"active\" role=\"tab\" data-role=\"collapsible\" data-collapsible=\"true\" aria-selected=\"false\" aria-expanded=\"true\">\n<div tabindex=\"0\" data-role=\"trigger\">\n<h2 class=\"attribute-title que-es\">\u00bfQue es la Moringa?<\/h2>\n<\/div>\n<\/div>\n<div class=\"value que-es expanded\" role=\"tabpanel\" data-role=\"content\" aria-hidden=\"false\">\n<div class=\"flex max-w-full flex-col flex-grow\">\n<div class=\"min-h-8 text-message relative flex w-full flex-col items-end gap-2 whitespace-normal break-words text-start [.text-message+&amp;]:mt-5\" dir=\"auto\" data-message-author-role=\"assistant\" data-message-id=\"6da1288e-7b29-40aa-a4c5-5cdb6e40135f\" data-message-model-slug=\"gpt-4o-mini\">\n<div class=\"flex w-full flex-col gap-1 empty:hidden first:pt-[3px]\">\n<div class=\"markdown prose w-full break-words dark:prose-invert light\">\n<p data-start=\"71\" data-end=\"546\">La\u00a0<strong data-start=\"74\" data-end=\"98\">Moringa BIO de Robis<\/strong>\u00a0es un complemento alimenticio natural que se destaca por su alto valor nutricional y sus m\u00faltiples beneficios para la salud. Proveniente de cultivos org\u00e1nicos, la moringa es conocida por ser una fuente excepcional de prote\u00ednas, vitaminas, minerales, antioxidantes y fibra. Estos nutrientes trabajan en conjunto para mejorar el bienestar general, ofreciendo una opci\u00f3n completa y equilibrada para quienes buscan apoyar su salud de manera natural.<\/p>\n<p data-start=\"548\" data-end=\"994\">Este superalimento es especialmente apreciado por su capacidad para prevenir enfermedades cardiovasculares, gracias a su contenido en antioxidantes y\u00a0<strong>propiedades antiinflamatorias<\/strong>\u00a0que contribuyen a la\u00a0<strong>salud cardiovascular.<\/strong>\u00a0Adem\u00e1s, la moringa favorece el equilibrio de los niveles de az\u00facar en sangre, mejora la digesti\u00f3n y proporciona un impulso de energ\u00eda natural, lo que la convierte en un aliado ideal para mantener una vida activa y saludable.<\/p>\n<p data-start=\"996\" data-end=\"1493\" data-is-last-node=\"\" data-is-only-node=\"\">\n<\/div>\n<div class=\"active\" role=\"tab\" data-role=\"collapsible\" data-collapsible=\"true\" aria-selected=\"false\" aria-expanded=\"true\">\n<div tabindex=\"0\" data-role=\"trigger\">\n<h2 class=\"attribute-title composicion\">\u00bfQue composici\u00f3n tiene Moringa Bio Vegan 90comp Robis?<\/h2>\n<\/div>\n<\/div>\n<div class=\"value composicion\" role=\"tabpanel\" data-role=\"content\" aria-hidden=\"false\">Moringa ecol\u00f3gica en polvo (Moringa oleifera Lam. hoja), Inulina de \u00c1gave ecol\u00f3gico en polvo (Agave fructans hoja), antiaglomerante (dioxido de silicio) Por dosis diaria (3 comprimidos): Moringa ecol\u00f3gica en polvo 1.285,7 mg Inlunia de \u00c1gave ecol\u00f3gica en polvo 47mg<\/div>\n<div role=\"tabpanel\" data-role=\"content\" aria-hidden=\"false\"><\/div>\n<\/div>\n<div role=\"tabpanel\" data-role=\"content\" aria-hidden=\"false\"><\/div>\n<\/div>\n<div role=\"tabpanel\" data-role=\"content\" aria-hidden=\"false\">\n<div class=\"active\" role=\"tab\" data-role=\"collapsible\" data-collapsible=\"true\" aria-selected=\"false\" aria-expanded=\"true\">\n<div tabindex=\"0\" data-role=\"trigger\">\n<h2 class=\"attribute-title uso\">\u00bfComo se usa Moringa Bio Vegan 90comp Robis?<\/h2>\n<\/div>\n<\/div>\n<div class=\"value uso\" role=\"tabpanel\" data-role=\"content\" aria-hidden=\"false\">Tome 3 comprimidos al d\u00eda con suficiente agua en la comida.<\/div>\n<\/div>\n<\/div>\n<\/div>\n","protected":false},"excerpt":{"rendered":"<p>\u00bfQue es la Moringa? La\u00a0Moringa BIO de Robis\u00a0es un complemento alimenticio natural que se destaca por su alto valor nutricional y sus m\u00faltiples beneficios para la salud. Proveniente de cultivos org\u00e1nicos, la moringa es conocida por ser una fuente excepcional de prote\u00ednas, vitaminas, minerales, antioxidantes y fibra. Estos nutrientes trabajan en conjunto para mejorar el [&hellip;]<\/p>\n","protected":false},"featured_media":18291,"comment_status":"closed","ping_status":"closed","template":"","meta":{"site-sidebar-layout":"default","site-content-layout":"","ast-site-content-layout":"default","site-content-style":"default","site-sidebar-style":"default","ast-global-header-display":"","ast-banner-title-visibility":"","ast-main-header-display":"","ast-hfb-above-header-display":"","ast-hfb-below-header-display":"","ast-hfb-mobile-header-display":"","site-post-title":"","ast-breadcrumbs-content":"","ast-featured-img":"","footer-sml-layout":"","ast-disable-related-posts":"","theme-transparent-header-meta":"default","adv-header-id-meta":"","stick-header-meta":"default","header-above-stick-meta":"","header-main-stick-meta":"","header-below-stick-meta":"","astra-migrate-meta-layouts":"set","ast-page-background-enabled":"default","ast-page-background-meta":{"desktop":{"background-color":"","background-image":"","background-repeat":"repeat","background-position":"center center","background-size":"auto","background-attachment":"scroll","background-type":"","background-media":"","overlay-type":"","overlay-color":"","overlay-opacity":"","overlay-gradient":""},"tablet":{"background-color":"","background-image":"","background-repeat":"repeat","background-position":"center center","background-size":"auto","background-attachment":"scroll","background-type":"","background-media":"","overlay-type":"","overlay-color":"","overlay-opacity":"","overlay-gradient":""},"mobile":{"background-color":"","background-image":"","background-repeat":"repeat","background-position":"center center","background-size":"auto","background-attachment":"scroll","background-type":"","background-media":"","overlay-type":"","overlay-color":"","overlay-opacity":"","overlay-gradient":""}},"ast-content-background-meta":{"desktop":{"background-color":"var(--ast-global-color-5)","background-image":"","background-repeat":"repeat","background-position":"center center","background-size":"auto","background-attachment":"scroll","background-type":"","background-media":"","overlay-type":"","overlay-color":"","overlay-opacity":"","overlay-gradient":""},"tablet":{"background-color":"var(--ast-global-color-5)","background-image":"","background-repeat":"repeat","background-position":"center center","background-size":"auto","background-attachment":"scroll","background-type":"","background-media":"","overlay-type":"","overlay-color":"","overlay-opacity":"","overlay-gradient":""},"mobile":{"background-color":"var(--ast-global-color-5)","background-image":"","background-repeat":"repeat","background-position":"center center","background-size":"auto","background-attachment":"scroll","background-type":"","background-media":"","overlay-type":"","overlay-color":"","overlay-opacity":"","overlay-gradient":""}},"_glsr_average":0,"_glsr_ranking":0,"_glsr_reviews":0},"product_brand":[],"product_cat":[331,363,352,337,356,351],"product_tag":[],"class_list":{"0":"post-18289","1":"product","2":"type-product","3":"status-publish","4":"has-post-thumbnail","6":"product_cat-herboristeria","7":"product_cat-bienestar-general","8":"product_cat-sistema-cardiovascular","9":"product_cat-sistema-inmune","10":"product_cat-sistema-metabolico","11":"product_cat-vitaminas-y-minerales","12":"desktop-align-center","13":"tablet-align-center","14":"mobile-align-center","15":"ast-product-gallery-layout-horizontal","16":"ast-product-gallery-with-no-image","17":"ast-product-tabs-layout-horizontal","19":"first","20":"instock","21":"taxable","22":"shipping-taxable","23":"purchasable","24":"product-type-simple"},"_links":{"self":[{"href":"https:\/\/dioxvitae.es\/fr\/wp-json\/wp\/v2\/product\/18289","targetHints":{"allow":["GET"]}}],"collection":[{"href":"https:\/\/dioxvitae.es\/fr\/wp-json\/wp\/v2\/product"}],"about":[{"href":"https:\/\/dioxvitae.es\/fr\/wp-json\/wp\/v2\/types\/product"}],"replies":[{"embeddable":true,"href":"https:\/\/dioxvitae.es\/fr\/wp-json\/wp\/v2\/comments?post=18289"}],"version-history":[{"count":1,"href":"https:\/\/dioxvitae.es\/fr\/wp-json\/wp\/v2\/product\/18289\/revisions"}],"predecessor-version":[{"id":18292,"href":"https:\/\/dioxvitae.es\/fr\/wp-json\/wp\/v2\/product\/18289\/revisions\/18292"}],"wp:featuredmedia":[{"embeddable":true,"href":"https:\/\/dioxvitae.es\/fr\/wp-json\/wp\/v2\/media\/18291"}],"wp:attachment":[{"href":"https:\/\/dioxvitae.es\/fr\/wp-json\/wp\/v2\/media?parent=18289"}],"wp:term":[{"taxonomy":"product_brand","embeddable":true,"href":"https:\/\/dioxvitae.es\/fr\/wp-json\/wp\/v2\/product_brand?post=18289"},{"taxonomy":"product_cat","embeddable":true,"href":"https:\/\/dioxvitae.es\/fr\/wp-json\/wp\/v2\/product_cat?post=18289"},{"taxonomy":"product_tag","embeddable":true,"href":"https:\/\/dioxvitae.es\/fr\/wp-json\/wp\/v2\/product_tag?post=18289"}],"curies":[{"name":"wp","href":"https:\/\/api.w.org\/{rel}","templated":true}]}}