{"id":18281,"date":"2025-10-20T17:48:36","date_gmt":"2025-10-20T15:48:36","guid":{"rendered":"https:\/\/www.dioxvitae.es\/?post_type=product&#038;p=18281"},"modified":"2026-03-17T18:27:31","modified_gmt":"2026-03-17T16:27:31","slug":"sucre-panela-bio-1kg","status":"publish","type":"product","link":"https:\/\/dioxvitae.es\/fr\/azucar-panela-bio-1kg\/","title":{"rendered":"Sucre Panela bio 1kg"},"content":{"rendered":"<h2 class=\"attribute-title que-es\">Qu'est-ce que Panela ?<\/h2>\n<p data-start=\"0\" data-end=\"544\">Les<strong data-start=\"0\" data-end=\"32\">\u00a0Sucre naturel Sol Panela<\/strong>\u00a0est une alternative saine au sucre blanc raffin\u00e9.\u00a0<strong data-start=\"122\" data-end=\"151\">jus de canne d\u00e9shydrat\u00e9<\/strong>, sans subir de traitement chimique ni de raffinage. Issu de l'agriculture biologique en Colombie, cet \u00e9dulcorant conserve tous les nutriments naturels de la canne \u00e0 sucre, y compris les vitamines B, les min\u00e9raux (tels que le fer, le calcium, le potassium et le magn\u00e9sium) et les antioxydants, ce qui en fait un choix id\u00e9al pour ceux qui recherchent un r\u00e9gime alimentaire plus naturel et plus conscient.<\/p>\n<p data-start=\"546\" data-end=\"1008\">Contrairement au sucre conventionnel, le\u00a0<strong data-start=\"587\" data-end=\"607\">pain bio<\/strong>\u00a0conserve toute sa richesse nutritionnelle, car elle ne se s\u00e9pare pas de la m\u00e9lasse au cours de la transformation. Son go\u00fbt intense, avec des notes de caramel et de r\u00e9glisse, lui permet d'adoucir les tisanes, les caf\u00e9s, les milk-shakes, les p\u00e2tisseries et les recettes traditionnelles, tout en apportant une touche distinctive et authentique. Gr\u00e2ce \u00e0 sa texture granul\u00e9e et \u00e0 sa facilit\u00e9 de dissolution, il constitue \u00e9galement une option pratique dans la cuisine de tous les jours.<\/p>\n<div class=\"active\" role=\"tab\" data-role=\"collapsible\" data-collapsible=\"true\" aria-selected=\"false\" aria-expanded=\"true\">\n<div tabindex=\"0\" data-role=\"trigger\">\n<h2 class=\"attribute-title composicion\">Quelle est la composition du sucre de Panela Sol Natural Organic ?<\/h2>\n<\/div>\n<\/div>\n<div class=\"value composicion\" role=\"tabpanel\" data-role=\"content\" aria-hidden=\"false\">\n<p>Panela* 100% (Jus de canne d\u00e9shydrat\u00e9)<\/p>\n<p>(*) Issus de l'agriculture biologique.<\/p>\n<p>&nbsp;<\/p>\n<\/div>\n<div class=\"active\" role=\"tab\" data-role=\"collapsible\" data-collapsible=\"true\" aria-selected=\"false\" aria-expanded=\"true\">\n<div tabindex=\"0\" data-role=\"trigger\">\n<h2 class=\"attribute-title text-4\">Quelle est la valeur \u00e9nerg\u00e9tique du sucre Panela Sol Natural Organic ?<\/h2>\n<\/div>\n<\/div>\n<div class=\"value text-4\" role=\"tabpanel\" data-role=\"content\" aria-hidden=\"false\">Valeur \u00e9nerg\u00e9tique 1531kJ\/366kcal Glucides 90 g Sucres : 77 g Graisses 0 g Satur\u00e9es : 0 g Prot\u00e9ines 0 g Fibres 0 g Sel 0 g<\/div>","protected":false},"excerpt":{"rendered":"<p>Jus de canne d\u00e9shydrat\u00e9<\/p>","protected":false},"featured_media":18283,"comment_status":"closed","ping_status":"closed","template":"","meta":{"site-sidebar-layout":"default","site-content-layout":"","ast-site-content-layout":"default","site-content-style":"default","site-sidebar-style":"default","ast-global-header-display":"","ast-banner-title-visibility":"","ast-main-header-display":"","ast-hfb-above-header-display":"","ast-hfb-below-header-display":"","ast-hfb-mobile-header-display":"","site-post-title":"","ast-breadcrumbs-content":"","ast-featured-img":"","footer-sml-layout":"","ast-disable-related-posts":"","theme-transparent-header-meta":"default","adv-header-id-meta":"","stick-header-meta":"default","header-above-stick-meta":"","header-main-stick-meta":"","header-below-stick-meta":"","astra-migrate-meta-layouts":"set","ast-page-background-enabled":"default","ast-page-background-meta":{"desktop":{"background-color":"","background-image":"","background-repeat":"repeat","background-position":"center center","background-size":"auto","background-attachment":"scroll","background-type":"","background-media":"","overlay-type":"","overlay-color":"","overlay-opacity":"","overlay-gradient":""},"tablet":{"background-color":"","background-image":"","background-repeat":"repeat","background-position":"center center","background-size":"auto","background-attachment":"scroll","background-type":"","background-media":"","overlay-type":"","overlay-color":"","overlay-opacity":"","overlay-gradient":""},"mobile":{"background-color":"","background-image":"","background-repeat":"repeat","background-position":"center center","background-size":"auto","background-attachment":"scroll","background-type":"","background-media":"","overlay-type":"","overlay-color":"","overlay-opacity":"","overlay-gradient":""}},"ast-content-background-meta":{"desktop":{"background-color":"var(--ast-global-color-5)","background-image":"","background-repeat":"repeat","background-position":"center center","background-size":"auto","background-attachment":"scroll","background-type":"","background-media":"","overlay-type":"","overlay-color":"","overlay-opacity":"","overlay-gradient":""},"tablet":{"background-color":"var(--ast-global-color-5)","background-image":"","background-repeat":"repeat","background-position":"center center","background-size":"auto","background-attachment":"scroll","background-type":"","background-media":"","overlay-type":"","overlay-color":"","overlay-opacity":"","overlay-gradient":""},"mobile":{"background-color":"var(--ast-global-color-5)","background-image":"","background-repeat":"repeat","background-position":"center center","background-size":"auto","background-attachment":"scroll","background-type":"","background-media":"","overlay-type":"","overlay-color":"","overlay-opacity":"","overlay-gradient":""}},"_glsr_average":0,"_glsr_ranking":0,"_glsr_reviews":0},"product_brand":[],"product_cat":[331,362,370,121],"product_tag":[],"class_list":{"0":"post-18281","1":"product","2":"type-product","3":"status-publish","4":"has-post-thumbnail","6":"product_cat-herboristeria","7":"product_cat-bebidas-saludables","8":"product_cat-infusiones-y-tes-bebidas-saludables","9":"product_cat-otros-productos","10":"desktop-align-center","11":"tablet-align-center","12":"mobile-align-center","13":"ast-product-gallery-layout-horizontal","14":"ast-product-gallery-with-no-image","15":"ast-product-tabs-layout-horizontal","17":"first","18":"instock","19":"taxable","20":"shipping-taxable","21":"purchasable","22":"product-type-simple"},"_links":{"self":[{"href":"https:\/\/dioxvitae.es\/fr\/wp-json\/wp\/v2\/product\/18281","targetHints":{"allow":["GET"]}}],"collection":[{"href":"https:\/\/dioxvitae.es\/fr\/wp-json\/wp\/v2\/product"}],"about":[{"href":"https:\/\/dioxvitae.es\/fr\/wp-json\/wp\/v2\/types\/product"}],"replies":[{"embeddable":true,"href":"https:\/\/dioxvitae.es\/fr\/wp-json\/wp\/v2\/comments?post=18281"}],"version-history":[{"count":5,"href":"https:\/\/dioxvitae.es\/fr\/wp-json\/wp\/v2\/product\/18281\/revisions"}],"predecessor-version":[{"id":19342,"href":"https:\/\/dioxvitae.es\/fr\/wp-json\/wp\/v2\/product\/18281\/revisions\/19342"}],"wp:featuredmedia":[{"embeddable":true,"href":"https:\/\/dioxvitae.es\/fr\/wp-json\/wp\/v2\/media\/18283"}],"wp:attachment":[{"href":"https:\/\/dioxvitae.es\/fr\/wp-json\/wp\/v2\/media?parent=18281"}],"wp:term":[{"taxonomy":"product_brand","embeddable":true,"href":"https:\/\/dioxvitae.es\/fr\/wp-json\/wp\/v2\/product_brand?post=18281"},{"taxonomy":"product_cat","embeddable":true,"href":"https:\/\/dioxvitae.es\/fr\/wp-json\/wp\/v2\/product_cat?post=18281"},{"taxonomy":"product_tag","embeddable":true,"href":"https:\/\/dioxvitae.es\/fr\/wp-json\/wp\/v2\/product_tag?post=18281"}],"curies":[{"name":"wp","href":"https:\/\/api.w.org\/{rel}","templated":true}]}}