{"id":18249,"date":"2025-10-17T13:34:51","date_gmt":"2025-10-17T11:34:51","guid":{"rendered":"https:\/\/www.dioxvitae.es\/?post_type=product&#038;p=18249"},"modified":"2026-03-26T18:27:53","modified_gmt":"2026-03-26T16:27:53","slug":"onazime","status":"publish","type":"product","link":"https:\/\/dioxvitae.es\/fr\/onazime\/","title":{"rendered":"Onazime"},"content":{"rendered":"<p>Onazime sont des perles de <strong>ONAGRA<\/strong> avec d'excellents avantages en <strong>gyn\u00e9cologie<\/strong> et est utilis\u00e9 \u00e0 la fois dans la <strong>m\u00e9nopause<\/strong> ainsi que dans la r\u00e9glementation des <strong>menstruation<\/strong> (dysm\u00e9norrh\u00e9e, r\u00e8gles douloureuses) ou \u00e0 cause de <strong>changements hormonaux<\/strong> forte (par exemple apr\u00e8s une hyst\u00e9rectomie avec ovariectomie, c'est-\u00e0-dire lorsque les ovaires ont \u00e9t\u00e9 enlev\u00e9s).<br \/>\nElle fournit des om\u00e9ga-3 et des om\u00e9ga-6 qui sont essentiels \u00e0 toutes les cellules de l'organisme et offrent de nombreux avantages. Il am\u00e9liore \u00e9galement les bouff\u00e9es de chaleur, la s\u00e9cheresse vaginale, les douleurs mammaires, l'irritabilit\u00e9, la peau s\u00e8che, l'acn\u00e9, l'ecz\u00e9ma et abaisse la tension art\u00e9rielle.<\/p>\n<p>&nbsp;<\/p>\n<p><b>Composition :<\/b><br \/>\nPour 1 perle :<\/p>\n<p>Huile de graines d'onagre (Oenothera biennis, graines).......500 mg<\/p>\n<p>Avec 76% \u00e0 66% d'acide linol\u00e9nique, plus de 10% d'acide gamma-linol\u00e9nique (AGL) impliqu\u00e9 dans la r\u00e9gulation hormonale et les processus anti-inflammatoires, 8% \u00e0 4% d'acide palmitique, 3% \u00e0 0,5% d'acide st\u00e9arique.<\/p>\n<p>Vitamine E (d-alpha tocoph\u00e9rol)................................5 mg<\/p>\n<p>G\u00e9latine et glyc\u00e9rine.<\/p>\n<p>&nbsp;<\/p>\n<p><b>Mode d'emploi<br \/>\n<\/b>Prendre 2 \u00e0 6 g\u00e9lules par jour.<br \/>\n<b><strong><br \/>\n<\/strong><\/b><\/p>\n<p><b><strong>Pr\u00e9sentation<br \/>\n<\/strong><\/b>Pot de 180 perles de g\u00e9latine molle.<\/p>","protected":false},"excerpt":{"rendered":"<p>Perles d'onagre<\/p>","protected":false},"featured_media":18250,"comment_status":"closed","ping_status":"closed","template":"","meta":{"site-sidebar-layout":"default","site-content-layout":"","ast-site-content-layout":"default","site-content-style":"default","site-sidebar-style":"default","ast-global-header-display":"","ast-banner-title-visibility":"","ast-main-header-display":"","ast-hfb-above-header-display":"","ast-hfb-below-header-display":"","ast-hfb-mobile-header-display":"","site-post-title":"","ast-breadcrumbs-content":"","ast-featured-img":"","footer-sml-layout":"","ast-disable-related-posts":"","theme-transparent-header-meta":"default","adv-header-id-meta":"","stick-header-meta":"default","header-above-stick-meta":"","header-main-stick-meta":"","header-below-stick-meta":"","astra-migrate-meta-layouts":"set","ast-page-background-enabled":"default","ast-page-background-meta":{"desktop":{"background-color":"","background-image":"","background-repeat":"repeat","background-position":"center center","background-size":"auto","background-attachment":"scroll","background-type":"","background-media":"","overlay-type":"","overlay-color":"","overlay-opacity":"","overlay-gradient":""},"tablet":{"background-color":"","background-image":"","background-repeat":"repeat","background-position":"center center","background-size":"auto","background-attachment":"scroll","background-type":"","background-media":"","overlay-type":"","overlay-color":"","overlay-opacity":"","overlay-gradient":""},"mobile":{"background-color":"","background-image":"","background-repeat":"repeat","background-position":"center center","background-size":"auto","background-attachment":"scroll","background-type":"","background-media":"","overlay-type":"","overlay-color":"","overlay-opacity":"","overlay-gradient":""}},"ast-content-background-meta":{"desktop":{"background-color":"var(--ast-global-color-5)","background-image":"","background-repeat":"repeat","background-position":"center center","background-size":"auto","background-attachment":"scroll","background-type":"","background-media":"","overlay-type":"","overlay-color":"","overlay-opacity":"","overlay-gradient":""},"tablet":{"background-color":"var(--ast-global-color-5)","background-image":"","background-repeat":"repeat","background-position":"center center","background-size":"auto","background-attachment":"scroll","background-type":"","background-media":"","overlay-type":"","overlay-color":"","overlay-opacity":"","overlay-gradient":""},"mobile":{"background-color":"var(--ast-global-color-5)","background-image":"","background-repeat":"repeat","background-position":"center center","background-size":"auto","background-attachment":"scroll","background-type":"","background-media":"","overlay-type":"","overlay-color":"","overlay-opacity":"","overlay-gradient":""}},"_glsr_average":0,"_glsr_ranking":0,"_glsr_reviews":0},"product_brand":[],"product_cat":[331,334,349,374],"product_tag":[],"class_list":{"0":"post-18249","1":"product","2":"type-product","3":"status-publish","4":"has-post-thumbnail","6":"product_cat-herboristeria","7":"product_cat-cuidado-personal","8":"product_cat-salud-hormonal","9":"product_cat-salud-intima-femenina","10":"desktop-align-center","11":"tablet-align-center","12":"mobile-align-center","13":"ast-product-gallery-layout-horizontal","14":"ast-product-gallery-with-no-image","15":"ast-product-tabs-layout-horizontal","17":"first","18":"instock","19":"taxable","20":"shipping-taxable","21":"purchasable","22":"product-type-simple"},"_links":{"self":[{"href":"https:\/\/dioxvitae.es\/fr\/wp-json\/wp\/v2\/product\/18249","targetHints":{"allow":["GET"]}}],"collection":[{"href":"https:\/\/dioxvitae.es\/fr\/wp-json\/wp\/v2\/product"}],"about":[{"href":"https:\/\/dioxvitae.es\/fr\/wp-json\/wp\/v2\/types\/product"}],"replies":[{"embeddable":true,"href":"https:\/\/dioxvitae.es\/fr\/wp-json\/wp\/v2\/comments?post=18249"}],"version-history":[{"count":6,"href":"https:\/\/dioxvitae.es\/fr\/wp-json\/wp\/v2\/product\/18249\/revisions"}],"predecessor-version":[{"id":19343,"href":"https:\/\/dioxvitae.es\/fr\/wp-json\/wp\/v2\/product\/18249\/revisions\/19343"}],"wp:featuredmedia":[{"embeddable":true,"href":"https:\/\/dioxvitae.es\/fr\/wp-json\/wp\/v2\/media\/18250"}],"wp:attachment":[{"href":"https:\/\/dioxvitae.es\/fr\/wp-json\/wp\/v2\/media?parent=18249"}],"wp:term":[{"taxonomy":"product_brand","embeddable":true,"href":"https:\/\/dioxvitae.es\/fr\/wp-json\/wp\/v2\/product_brand?post=18249"},{"taxonomy":"product_cat","embeddable":true,"href":"https:\/\/dioxvitae.es\/fr\/wp-json\/wp\/v2\/product_cat?post=18249"},{"taxonomy":"product_tag","embeddable":true,"href":"https:\/\/dioxvitae.es\/fr\/wp-json\/wp\/v2\/product_tag?post=18249"}],"curies":[{"name":"wp","href":"https:\/\/api.w.org\/{rel}","templated":true}]}}