{"id":17576,"date":"2025-08-21T13:53:59","date_gmt":"2025-08-21T11:53:59","guid":{"rendered":"https:\/\/www.dioxvitae.es\/?post_type=product&#038;p=17576"},"modified":"2026-03-25T11:09:22","modified_gmt":"2026-03-25T09:09:22","slug":"artichaut-et-prele-60caps","status":"publish","type":"product","link":"https:\/\/dioxvitae.es\/fr\/alcachofa-y-cola-de-caballo-60caps\/","title":{"rendered":"Artichaut et Pr\u00eale 60caps"},"content":{"rendered":"<div class=\"active\" role=\"tab\" data-role=\"collapsible\" data-collapsible=\"true\" aria-selected=\"false\" aria-expanded=\"true\">\n<div tabindex=\"0\" data-role=\"trigger\">\n<h2 class=\"attribute-title\">Description :<\/h2>\n<\/div>\n<\/div>\n<div class=\"value\" role=\"tabpanel\" data-role=\"content\" aria-hidden=\"false\">\n<p class=\"\" data-start=\"131\" data-end=\"560\"><strong data-start=\"131\" data-end=\"168\">Artichaut et pr\u00eale<\/strong>\u00a0de\u00a0<strong data-start=\"172\" data-end=\"181\">Obire<\/strong>\u00a0est un compl\u00e9ment id\u00e9al pour soutenir\u00a0<strong data-start=\"218\" data-end=\"247\">r\u00e9gimes de contr\u00f4le du poids<\/strong>, Il facilite le drainage et la purification des graisses, contribuant ainsi au traitement de la maladie d'Alzheimer.\u00a0<strong data-start=\"342\" data-end=\"355\">cellulite<\/strong>\u00a0et l'am\u00e9lioration de la\u00a0<strong data-start=\"371\" data-end=\"384\">digestion<\/strong>. La combinaison de\u00a0<strong data-start=\"404\" data-end=\"417\">artichaut<\/strong>\u00a0y\u00a0<strong data-start=\"420\" data-end=\"439\" data-is-only-node=\"\">pr\u00eale<\/strong>\u00a0agit en synergie pour favoriser un syst\u00e8me digestif sain et encourager l'\u00e9limination des toxines de l'organisme.<\/p>\n<p class=\"\" data-start=\"562\" data-end=\"923\">Le\u00a0<strong data-start=\"565\" data-end=\"584\">pr\u00eale<\/strong>\u00a0est \u00e9galement tr\u00e8s appr\u00e9ci\u00e9e pour ses bienfaits dans les soins de la peau.\u00a0<strong data-start=\"647\" data-end=\"658\">cheveux<\/strong>\u00a0et le\u00a0<strong data-start=\"665\" data-end=\"673\">clous<\/strong>, Il contribue \u00e0 les renforcer naturellement. De plus, il est efficace pour r\u00e9duire\u00a0<strong data-start=\"754\" data-end=\"779\">r\u00e9tention d'eau<\/strong>\u00a0et le\u00a0<strong data-start=\"785\" data-end=\"798\">gonflement<\/strong>, Cela en fait un excellent alli\u00e9 pour ceux qui cherchent \u00e0 am\u00e9liorer leur bien-\u00eatre g\u00e9n\u00e9ral et \u00e0 maintenir un corps sain.<\/p>\n<div class=\"active\" role=\"tab\" data-role=\"collapsible\" data-collapsible=\"true\" aria-selected=\"false\" aria-expanded=\"true\">\n<div tabindex=\"0\" data-role=\"trigger\">\n<h2 class=\"attribute-title\">Quelle est sa composition ?<\/h2>\n<\/div>\n<\/div>\n<div class=\"value\" role=\"tabpanel\" data-role=\"content\" aria-hidden=\"false\"><strong style=\"font-size: 16px;\">Nutriments actifs :<\/strong><span style=\"font-size: 16px;\">\u00a0Extrait sec de feuilles d'artichaut (<\/span><em style=\"font-size: 16px;\">Cynara scolymus<\/em><span style=\"font-size: 16px;\">), extrait sec de pr\u00eale (<\/span><em style=\"font-size: 16px;\">Equisetum arvense<\/em><span style=\"font-size: 16px;\"> L).<\/span><\/div>\n<div role=\"tabpanel\" data-role=\"content\" aria-hidden=\"false\">\n<table>\n<tbody>\n<tr>\n<td width=\"192\"><strong>NUTRIENTS<\/strong><\/td>\n<td width=\"192\"><strong>PAR 2 CAPSULES<\/strong><\/td>\n<td width=\"192\"><strong>EQUIVALENT<\/strong><\/td>\n<\/tr>\n<tr>\n<td width=\"192\">Extrait sec d'artichaut<\/td>\n<td width=\"192\">300 mg<\/td>\n<td width=\"192\">1 500 mg de poudre de plantes<\/td>\n<\/tr>\n<tr>\n<td width=\"192\">Extrait sec de pr\u00eale<\/td>\n<td width=\"192\">300 mg<\/td>\n<td width=\"192\">1 500 mg de poudre de plantes<\/td>\n<\/tr>\n<\/tbody>\n<\/table>\n<\/div>\n<div class=\"active\" role=\"tab\" data-role=\"collapsible\" data-collapsible=\"true\" aria-selected=\"false\" aria-expanded=\"true\">\n<div tabindex=\"0\" data-role=\"trigger\">\n<h2 class=\"attribute-title\">Comment est-il utilis\u00e9 ?<\/h2>\n<p>Comme compl\u00e9ment alimentaire, prendre deux (2) g\u00e9lules par jour apr\u00e8s les repas. En cas de traitement prolong\u00e9, il est recommand\u00e9 de faire des pauses afin d'obtenir l'effet d\u00e9sir\u00e9.<\/p>\n<p>Principales caract\u00e9ristiques de Artichaut + Pr\u00eale (ext. s\u00e8che) 300 mg g\u00e9lules :<\/p>\n<div class=\"et-custom-list etlist-check\">\n<ul>\n<li>Produit sans allerg\u00e8nes conform\u00e9ment au r\u00e8glement (UE) n\u00b0 1169\/2011.<\/li>\n<li>Sans gluten ni lactose.<\/li>\n<li>Compl\u00e9ment alimentaire \u00e0 base d'extraits de plantes.<\/li>\n<li>Paquet de 30 jours.<\/li>\n<\/ul>\n<\/div>\n<\/div>\n<\/div>\n<\/div>","protected":false},"excerpt":{"rendered":"<p>Il favorise la sant\u00e9 du syst\u00e8me digestif et l'\u00e9limination des toxines de l'organisme.<\/p>","protected":false},"featured_media":17577,"comment_status":"closed","ping_status":"closed","template":"","meta":{"site-sidebar-layout":"default","site-content-layout":"","ast-site-content-layout":"default","site-content-style":"default","site-sidebar-style":"default","ast-global-header-display":"","ast-banner-title-visibility":"","ast-main-header-display":"","ast-hfb-above-header-display":"","ast-hfb-below-header-display":"","ast-hfb-mobile-header-display":"","site-post-title":"","ast-breadcrumbs-content":"","ast-featured-img":"","footer-sml-layout":"","ast-disable-related-posts":"","theme-transparent-header-meta":"default","adv-header-id-meta":"","stick-header-meta":"default","header-above-stick-meta":"","header-main-stick-meta":"","header-below-stick-meta":"","astra-migrate-meta-layouts":"set","ast-page-background-enabled":"default","ast-page-background-meta":{"desktop":{"background-color":"","background-image":"","background-repeat":"repeat","background-position":"center center","background-size":"auto","background-attachment":"scroll","background-type":"","background-media":"","overlay-type":"","overlay-color":"","overlay-opacity":"","overlay-gradient":""},"tablet":{"background-color":"","background-image":"","background-repeat":"repeat","background-position":"center center","background-size":"auto","background-attachment":"scroll","background-type":"","background-media":"","overlay-type":"","overlay-color":"","overlay-opacity":"","overlay-gradient":""},"mobile":{"background-color":"","background-image":"","background-repeat":"repeat","background-position":"center center","background-size":"auto","background-attachment":"scroll","background-type":"","background-media":"","overlay-type":"","overlay-color":"","overlay-opacity":"","overlay-gradient":""}},"ast-content-background-meta":{"desktop":{"background-color":"var(--ast-global-color-5)","background-image":"","background-repeat":"repeat","background-position":"center center","background-size":"auto","background-attachment":"scroll","background-type":"","background-media":"","overlay-type":"","overlay-color":"","overlay-opacity":"","overlay-gradient":""},"tablet":{"background-color":"var(--ast-global-color-5)","background-image":"","background-repeat":"repeat","background-position":"center center","background-size":"auto","background-attachment":"scroll","background-type":"","background-media":"","overlay-type":"","overlay-color":"","overlay-opacity":"","overlay-gradient":""},"mobile":{"background-color":"var(--ast-global-color-5)","background-image":"","background-repeat":"repeat","background-position":"center center","background-size":"auto","background-attachment":"scroll","background-type":"","background-media":"","overlay-type":"","overlay-color":"","overlay-opacity":"","overlay-gradient":""}},"_glsr_average":0,"_glsr_ranking":0,"_glsr_reviews":0},"product_brand":[],"product_cat":[336,332,331,340,354,356],"product_tag":[],"class_list":{"0":"post-17576","1":"product","2":"type-product","3":"status-publish","4":"has-post-thumbnail","6":"product_cat-sistema-digestivo","7":"product_cat-detox","8":"product_cat-herboristeria","9":"product_cat-sistema-circulatorio","10":"product_cat-sistema-hepatico","11":"product_cat-sistema-metabolico","12":"desktop-align-center","13":"tablet-align-center","14":"mobile-align-center","15":"ast-product-gallery-layout-horizontal","16":"ast-product-gallery-with-no-image","17":"ast-product-tabs-layout-horizontal","19":"first","20":"instock","21":"taxable","22":"shipping-taxable","23":"purchasable","24":"product-type-simple"},"_links":{"self":[{"href":"https:\/\/dioxvitae.es\/fr\/wp-json\/wp\/v2\/product\/17576","targetHints":{"allow":["GET"]}}],"collection":[{"href":"https:\/\/dioxvitae.es\/fr\/wp-json\/wp\/v2\/product"}],"about":[{"href":"https:\/\/dioxvitae.es\/fr\/wp-json\/wp\/v2\/types\/product"}],"replies":[{"embeddable":true,"href":"https:\/\/dioxvitae.es\/fr\/wp-json\/wp\/v2\/comments?post=17576"}],"version-history":[{"count":2,"href":"https:\/\/dioxvitae.es\/fr\/wp-json\/wp\/v2\/product\/17576\/revisions"}],"predecessor-version":[{"id":17579,"href":"https:\/\/dioxvitae.es\/fr\/wp-json\/wp\/v2\/product\/17576\/revisions\/17579"}],"wp:featuredmedia":[{"embeddable":true,"href":"https:\/\/dioxvitae.es\/fr\/wp-json\/wp\/v2\/media\/17577"}],"wp:attachment":[{"href":"https:\/\/dioxvitae.es\/fr\/wp-json\/wp\/v2\/media?parent=17576"}],"wp:term":[{"taxonomy":"product_brand","embeddable":true,"href":"https:\/\/dioxvitae.es\/fr\/wp-json\/wp\/v2\/product_brand?post=17576"},{"taxonomy":"product_cat","embeddable":true,"href":"https:\/\/dioxvitae.es\/fr\/wp-json\/wp\/v2\/product_cat?post=17576"},{"taxonomy":"product_tag","embeddable":true,"href":"https:\/\/dioxvitae.es\/fr\/wp-json\/wp\/v2\/product_tag?post=17576"}],"curies":[{"name":"wp","href":"https:\/\/api.w.org\/{rel}","templated":true}]}}