{"id":17572,"date":"2025-08-21T13:31:41","date_gmt":"2025-08-21T11:31:41","guid":{"rendered":"https:\/\/www.dioxvitae.es\/?post_type=product&#038;p=17572"},"modified":"2026-01-22T14:29:30","modified_gmt":"2026-01-22T12:29:30","slug":"collagene-avec-magnesium-180comp","status":"publish","type":"product","link":"https:\/\/dioxvitae.es\/fr\/colageno-con-magnesio-180comp\/","title":{"rendered":"Collag\u00e8ne avec magn\u00e9sium 180comp"},"content":{"rendered":"<p>R\u00e9g\u00e9n\u00e9rateur tissulaire \u00e0 base de collag\u00e8ne hydrolys\u00e9 de type I et II et de magn\u00e9sium.<\/p>\n<ul id=\"product-infos-tabs\" class=\"nav nav-tabs\">\n<li class=\"nav-item\"><a class=\"nav-link active\" href=\"https:\/\/anamarialajusticia.com\/productos-anamarialajusticia-articulaciones\/colageno-con-magnesio-180-comp.html#description\" data-toggle=\"tab\" target=\"_blank\" rel=\"noopener\">DESCRIPTION<\/a><\/li>\n<\/ul>\n<div id=\"product-infos-tabs-content\" class=\"tab-content\">\n<div id=\"description\" class=\"tab-pane in active\">\n<div class=\"product-description\">\n<div class=\"rte-content\">\n<p>Le collag\u00e8ne est la prot\u00e9ine la plus abondante dans le corps humain, \u00e9tant le constituant essentiel du cartilage, des tendons et des os, c'est pourquoi nous en avons besoin quotidiennement.<\/p>\n<p>Tous les tissus conjonctifs de notre corps et de nos articulations sont constitu\u00e9s de collag\u00e8ne, dont l'apport nous aide donc \u00e0 r\u00e9g\u00e9n\u00e9rer l'usure et le vieillissement, et \u00e0 conserver nos articulations, nos os, notre peau et \u00e0 nous maintenir en bonne forme. Nous avons ajout\u00e9 \u00e0 ce compos\u00e9 du magn\u00e9sium, un \u00e9l\u00e9ment qui joue un r\u00f4le tr\u00e8s actif dans la formation de toutes les prot\u00e9ines de l'organisme.<\/p>\n<p>Son apport suppl\u00e9mentaire contribue \u00e9galement au fonctionnement normal des muscles. La peau a besoin de collag\u00e8ne pour son entretien et pour retarder l'apparition des rides. Les cheveux ont besoin d'un bon apport de collag\u00e8ne pour \u00eatre en bonne sant\u00e9. Les ongles ont besoin de collag\u00e8ne pour \u00eatre forts et sains.<\/p>\n<ul id=\"product-infos-tabs\" class=\"nav nav-tabs\">\n<li class=\"nav-item\"><a class=\"nav-link iqitadditionaltab iqitadditionaltab-11\" href=\"https:\/\/anamarialajusticia.com\/productos-anamarialajusticia-articulaciones\/colageno-con-magnesio-180-comp.html#extra-0\" data-toggle=\"tab\" target=\"_blank\" rel=\"noopener\">MODE D'EMPLOI<\/a><\/li>\n<\/ul>\n<p>Prendre 6 \u00e0 9 comprim\u00e9s par jour, r\u00e9partis entre le petit-d\u00e9jeuner et le d\u00eener.<\/p>\n<p>Teneur moyenne par dose journali\u00e8re de :<\/p>\n<ul>\n<li>6 comprim\u00e9s (4,3 g) : collag\u00e8ne hydrolys\u00e9 3,6 g, magn\u00e9sium 169 mg (45% NRV*).<\/li>\n<li>9 comprim\u00e9s (6,5 g) : collag\u00e8ne hydrolys\u00e9 5,4 g, magn\u00e9sium 254 mg (68% NRV*).<\/li>\n<\/ul>\n<p>Il est recommand\u00e9 de prendre les comprim\u00e9s avec des aliments riches en vitamine C.<\/p>\n<ul id=\"product-infos-tabs\" class=\"nav nav-tabs\">\n<li class=\"nav-item\"><a class=\"nav-link iqitadditionaltab iqitadditionaltab-12\" href=\"https:\/\/anamarialajusticia.com\/productos-anamarialajusticia-articulaciones\/colageno-con-magnesio-180-comp.html#extra-1\" data-toggle=\"tab\" target=\"_blank\" rel=\"noopener\">INGREDIENTS<\/a><\/li>\n<\/ul>\n<p>Collag\u00e8ne hydrolys\u00e9 de type I et II, carbonate de magn\u00e9sium, hydroxyde de magn\u00e9sium, anti-agglom\u00e9rants (talc, sels de magn\u00e9sium d'acides gras).<\/p>\n<\/div>\n<\/div>\n<\/div>\n<\/div>","protected":false},"excerpt":{"rendered":"<p>Regenerador de tejidos a base de col\u00e1geno hidrolizado de tipo I y II y magnesio. DESCRIPCI\u00d3N El cola\u0301geno es la protei\u0301na ma\u0301s abundante en el cuerpo humano, siendo el constituyente esencial de los carti\u0301lagos, tendones y huesos, por lo cual sus necesidades las tenemos a diario. Todo el tejido conectivo de nuestro cuerpo y articulaciones [&hellip;]<\/p>\n","protected":false},"featured_media":17575,"comment_status":"closed","ping_status":"closed","template":"","meta":{"site-sidebar-layout":"default","site-content-layout":"","ast-site-content-layout":"default","site-content-style":"default","site-sidebar-style":"default","ast-global-header-display":"","ast-banner-title-visibility":"","ast-main-header-display":"","ast-hfb-above-header-display":"","ast-hfb-below-header-display":"","ast-hfb-mobile-header-display":"","site-post-title":"","ast-breadcrumbs-content":"","ast-featured-img":"","footer-sml-layout":"","ast-disable-related-posts":"","theme-transparent-header-meta":"default","adv-header-id-meta":"","stick-header-meta":"default","header-above-stick-meta":"","header-main-stick-meta":"","header-below-stick-meta":"","astra-migrate-meta-layouts":"set","ast-page-background-enabled":"default","ast-page-background-meta":{"desktop":{"background-color":"","background-image":"","background-repeat":"repeat","background-position":"center center","background-size":"auto","background-attachment":"scroll","background-type":"","background-media":"","overlay-type":"","overlay-color":"","overlay-opacity":"","overlay-gradient":""},"tablet":{"background-color":"","background-image":"","background-repeat":"repeat","background-position":"center center","background-size":"auto","background-attachment":"scroll","background-type":"","background-media":"","overlay-type":"","overlay-color":"","overlay-opacity":"","overlay-gradient":""},"mobile":{"background-color":"","background-image":"","background-repeat":"repeat","background-position":"center center","background-size":"auto","background-attachment":"scroll","background-type":"","background-media":"","overlay-type":"","overlay-color":"","overlay-opacity":"","overlay-gradient":""}},"ast-content-background-meta":{"desktop":{"background-color":"var(--ast-global-color-5)","background-image":"","background-repeat":"repeat","background-position":"center center","background-size":"auto","background-attachment":"scroll","background-type":"","background-media":"","overlay-type":"","overlay-color":"","overlay-opacity":"","overlay-gradient":""},"tablet":{"background-color":"var(--ast-global-color-5)","background-image":"","background-repeat":"repeat","background-position":"center center","background-size":"auto","background-attachment":"scroll","background-type":"","background-media":"","overlay-type":"","overlay-color":"","overlay-opacity":"","overlay-gradient":""},"mobile":{"background-color":"var(--ast-global-color-5)","background-image":"","background-repeat":"repeat","background-position":"center center","background-size":"auto","background-attachment":"scroll","background-type":"","background-media":"","overlay-type":"","overlay-color":"","overlay-opacity":"","overlay-gradient":""}},"_glsr_average":0,"_glsr_ranking":0,"_glsr_reviews":0},"product_brand":[],"product_cat":[331,343,346],"product_tag":[],"class_list":{"0":"post-17572","1":"product","2":"type-product","3":"status-publish","4":"has-post-thumbnail","6":"product_cat-herboristeria","7":"product_cat-huesos-y-articulaciones","8":"product_cat-salud-capilar-y-cutanea","9":"desktop-align-center","10":"tablet-align-center","11":"mobile-align-center","12":"ast-product-gallery-layout-horizontal","13":"ast-product-gallery-with-no-image","14":"ast-product-tabs-layout-horizontal","16":"first","17":"instock","18":"taxable","19":"shipping-taxable","20":"purchasable","21":"product-type-simple"},"_links":{"self":[{"href":"https:\/\/dioxvitae.es\/fr\/wp-json\/wp\/v2\/product\/17572","targetHints":{"allow":["GET"]}}],"collection":[{"href":"https:\/\/dioxvitae.es\/fr\/wp-json\/wp\/v2\/product"}],"about":[{"href":"https:\/\/dioxvitae.es\/fr\/wp-json\/wp\/v2\/types\/product"}],"replies":[{"embeddable":true,"href":"https:\/\/dioxvitae.es\/fr\/wp-json\/wp\/v2\/comments?post=17572"}],"version-history":[{"count":2,"href":"https:\/\/dioxvitae.es\/fr\/wp-json\/wp\/v2\/product\/17572\/revisions"}],"predecessor-version":[{"id":19354,"href":"https:\/\/dioxvitae.es\/fr\/wp-json\/wp\/v2\/product\/17572\/revisions\/19354"}],"wp:featuredmedia":[{"embeddable":true,"href":"https:\/\/dioxvitae.es\/fr\/wp-json\/wp\/v2\/media\/17575"}],"wp:attachment":[{"href":"https:\/\/dioxvitae.es\/fr\/wp-json\/wp\/v2\/media?parent=17572"}],"wp:term":[{"taxonomy":"product_brand","embeddable":true,"href":"https:\/\/dioxvitae.es\/fr\/wp-json\/wp\/v2\/product_brand?post=17572"},{"taxonomy":"product_cat","embeddable":true,"href":"https:\/\/dioxvitae.es\/fr\/wp-json\/wp\/v2\/product_cat?post=17572"},{"taxonomy":"product_tag","embeddable":true,"href":"https:\/\/dioxvitae.es\/fr\/wp-json\/wp\/v2\/product_tag?post=17572"}],"curies":[{"name":"wp","href":"https:\/\/api.w.org\/{rel}","templated":true}]}}