{"id":16791,"date":"2025-07-03T10:40:21","date_gmt":"2025-07-03T08:40:21","guid":{"rendered":"https:\/\/www.dioxvitae.es\/?post_type=product&#038;p=16791"},"modified":"2025-07-04T18:13:56","modified_gmt":"2025-07-04T16:13:56","slug":"charbon-actif-500mg","status":"publish","type":"product","link":"https:\/\/dioxvitae.es\/fr\/carbon-activo-500mg\/","title":{"rendered":"Charbon de coco activ\u00e9, poudre de charbon de coco activ\u00e9 Vegan150g Solaray"},"content":{"rendered":"<div class=\"main-column\" role=\"tablist\">\n<div class=\"active\" role=\"tab\" data-role=\"collapsible\" data-collapsible=\"true\" aria-selected=\"false\" aria-expanded=\"true\">\n<div tabindex=\"0\" data-role=\"trigger\">\n<h2 class=\"attribute-title\">Qu'est-ce que le Charbon de Coco Activ\u00e9, Charbon de Coco Activ\u00e9 Vegan Powder 150g Solaray ?<\/h2>\n<\/div>\n<\/div>\n<div class=\"value\" role=\"tabpanel\" data-role=\"content\" aria-hidden=\"false\">\n<p>Charbon de noix de coco activ\u00e9 par Solaray \u00c9galement appel\u00e9\u00a0<strong>Charbon actif<\/strong>, est une poudre ultrafine d\u00e9riv\u00e9e de l'\u00e9corce de noix de coco, sans OGM et de qualit\u00e9 alimentaire. Elle a une longue tradition d'utilisation dans le monde entier et son utilisation est \u00e9tablie d\u00e8s 400 avant J.-C., o\u00f9 elle \u00e9tait utilis\u00e9e par les Ph\u00e9niciens.\u00a0<strong>pour purifier l'eau<\/strong>. Des \u00e9tudes indiquent que le charbon actif peut soutenir le processus de nettoyage de l'organisme gr\u00e2ce \u00e0 sa grande capacit\u00e9 d'absorption.<\/p>\n<\/div>\n<\/div>\n<div class=\"active\" role=\"tab\" data-role=\"collapsible\" data-collapsible=\"true\" aria-selected=\"false\" aria-expanded=\"true\">\n<div tabindex=\"0\" data-role=\"trigger\">\n<h2 class=\"attribute-title\">Composition<\/h2>\n<\/div>\n<\/div>\n<div class=\"value\" role=\"tabpanel\" data-role=\"content\" aria-hidden=\"false\">Par 500 mg : charbon actif (de noix de coco) 500 mg<\/div>\n<div role=\"tabpanel\" data-role=\"content\" aria-hidden=\"false\"><\/div>\n<div class=\"active\" role=\"tab\" data-role=\"collapsible\" data-collapsible=\"true\" aria-selected=\"false\" aria-expanded=\"true\">\n<div tabindex=\"0\" data-role=\"trigger\">\n<h2 class=\"attribute-title\">Dose<\/h2>\n<\/div>\n<\/div>\n<div class=\"value\" role=\"tabpanel\" data-role=\"content\" aria-hidden=\"false\">Prendre 1\/2 cuill\u00e8re \u00e0 caf\u00e9 (500 mg), avec de la nourriture ou un verre d'eau.<\/div>","protected":false},"excerpt":{"rendered":"<p>Charbon actif Solaray 150g<\/p>","protected":false},"featured_media":16793,"comment_status":"closed","ping_status":"closed","template":"","meta":{"site-sidebar-layout":"default","site-content-layout":"","ast-site-content-layout":"default","site-content-style":"default","site-sidebar-style":"default","ast-global-header-display":"","ast-banner-title-visibility":"","ast-main-header-display":"","ast-hfb-above-header-display":"","ast-hfb-below-header-display":"","ast-hfb-mobile-header-display":"","site-post-title":"","ast-breadcrumbs-content":"","ast-featured-img":"","footer-sml-layout":"","ast-disable-related-posts":"","theme-transparent-header-meta":"default","adv-header-id-meta":"","stick-header-meta":"default","header-above-stick-meta":"","header-main-stick-meta":"","header-below-stick-meta":"","astra-migrate-meta-layouts":"set","ast-page-background-enabled":"default","ast-page-background-meta":{"desktop":{"background-color":"","background-image":"","background-repeat":"repeat","background-position":"center center","background-size":"auto","background-attachment":"scroll","background-type":"","background-media":"","overlay-type":"","overlay-color":"","overlay-opacity":"","overlay-gradient":""},"tablet":{"background-color":"","background-image":"","background-repeat":"repeat","background-position":"center center","background-size":"auto","background-attachment":"scroll","background-type":"","background-media":"","overlay-type":"","overlay-color":"","overlay-opacity":"","overlay-gradient":""},"mobile":{"background-color":"","background-image":"","background-repeat":"repeat","background-position":"center center","background-size":"auto","background-attachment":"scroll","background-type":"","background-media":"","overlay-type":"","overlay-color":"","overlay-opacity":"","overlay-gradient":""}},"ast-content-background-meta":{"desktop":{"background-color":"var(--ast-global-color-5)","background-image":"","background-repeat":"repeat","background-position":"center center","background-size":"auto","background-attachment":"scroll","background-type":"","background-media":"","overlay-type":"","overlay-color":"","overlay-opacity":"","overlay-gradient":""},"tablet":{"background-color":"var(--ast-global-color-5)","background-image":"","background-repeat":"repeat","background-position":"center center","background-size":"auto","background-attachment":"scroll","background-type":"","background-media":"","overlay-type":"","overlay-color":"","overlay-opacity":"","overlay-gradient":""},"mobile":{"background-color":"var(--ast-global-color-5)","background-image":"","background-repeat":"repeat","background-position":"center center","background-size":"auto","background-attachment":"scroll","background-type":"","background-media":"","overlay-type":"","overlay-color":"","overlay-opacity":"","overlay-gradient":""}},"_glsr_average":0,"_glsr_ranking":0,"_glsr_reviews":0},"product_brand":[],"product_cat":[331,332],"product_tag":[378],"class_list":{"0":"post-16791","1":"product","2":"type-product","3":"status-publish","4":"has-post-thumbnail","6":"product_cat-herboristeria","7":"product_cat-detox","8":"product_tag-vegano","9":"desktop-align-center","10":"tablet-align-center","11":"mobile-align-center","12":"ast-product-gallery-layout-horizontal","13":"ast-product-tabs-layout-horizontal","15":"first","16":"instock","17":"taxable","18":"shipping-taxable","19":"purchasable","20":"product-type-simple"},"_links":{"self":[{"href":"https:\/\/dioxvitae.es\/fr\/wp-json\/wp\/v2\/product\/16791","targetHints":{"allow":["GET"]}}],"collection":[{"href":"https:\/\/dioxvitae.es\/fr\/wp-json\/wp\/v2\/product"}],"about":[{"href":"https:\/\/dioxvitae.es\/fr\/wp-json\/wp\/v2\/types\/product"}],"replies":[{"embeddable":true,"href":"https:\/\/dioxvitae.es\/fr\/wp-json\/wp\/v2\/comments?post=16791"}],"version-history":[{"count":6,"href":"https:\/\/dioxvitae.es\/fr\/wp-json\/wp\/v2\/product\/16791\/revisions"}],"predecessor-version":[{"id":16871,"href":"https:\/\/dioxvitae.es\/fr\/wp-json\/wp\/v2\/product\/16791\/revisions\/16871"}],"wp:featuredmedia":[{"embeddable":true,"href":"https:\/\/dioxvitae.es\/fr\/wp-json\/wp\/v2\/media\/16793"}],"wp:attachment":[{"href":"https:\/\/dioxvitae.es\/fr\/wp-json\/wp\/v2\/media?parent=16791"}],"wp:term":[{"taxonomy":"product_brand","embeddable":true,"href":"https:\/\/dioxvitae.es\/fr\/wp-json\/wp\/v2\/product_brand?post=16791"},{"taxonomy":"product_cat","embeddable":true,"href":"https:\/\/dioxvitae.es\/fr\/wp-json\/wp\/v2\/product_cat?post=16791"},{"taxonomy":"product_tag","embeddable":true,"href":"https:\/\/dioxvitae.es\/fr\/wp-json\/wp\/v2\/product_tag?post=16791"}],"curies":[{"name":"wp","href":"https:\/\/api.w.org\/{rel}","templated":true}]}}