{"id":16787,"date":"2025-07-03T10:16:38","date_gmt":"2025-07-03T08:16:38","guid":{"rendered":"https:\/\/www.dioxvitae.es\/?post_type=product&#038;p=16787"},"modified":"2026-04-02T12:01:20","modified_gmt":"2026-04-02T10:01:20","slug":"tulsi","status":"publish","type":"product","link":"https:\/\/dioxvitae.es\/fr\/tulsi\/","title":{"rendered":"Tulsi"},"content":{"rendered":"<p>Il s'agit d'un compl\u00e9ment alimentaire produit par les Laboratoires Equisalud, \u00e0 base de plantes traditionnellement utilis\u00e9es dans la m\u00e9decine ayurv\u00e9dique, qui\u00a0<strong>aide \u00e0 r\u00e9soudre les probl\u00e8mes respiratoires tels que l'asthme ou les allergies. <\/strong>Il est \u00e9galement utilis\u00e9 comme<strong> la d\u00e9sintoxication des m\u00e9taux lourds, en particulier du mercure.<\/strong>. Ce produit est conditionn\u00e9 dans un emballage contenant\u00a0<strong>50 g\u00e9lules<\/strong>.<\/p>\n<p><strong>Ayurveda Le tulsi aide dans les conditions respiratoires, en particulier en cas d'allergie.<\/strong><\/p>\n<p>Ce produit peut \u00e9galement aider en cas d'arthrite, de pathologies affectant le syst\u00e8me immunitaire et le syst\u00e8me digestif, ainsi qu'en cas de stress, d'infections, de diab\u00e8te, de troubles cognitifs et de syndrome m\u00e9tabolique.<\/p>","protected":false},"excerpt":{"rendered":"<p>Es un complemento alimenticio elaborado por Laboratorios Equisalud, a base de plantas tradicionalmente utilizadas en la medicina ayurv\u00e9dica, que\u00a0ayuda ante problemas en las v\u00edas respiratorias, como asma o alergias. Tambi\u00e9n es utilizado como detox de metales pesados en especial el Mercurio. Este producto viene presentado en un envase que contiene\u00a050 c\u00e1psulas. Ayurveda Tulsi ayuda en [&hellip;]<\/p>\n","protected":false},"featured_media":16825,"comment_status":"closed","ping_status":"closed","template":"","meta":{"site-sidebar-layout":"default","site-content-layout":"","ast-site-content-layout":"default","site-content-style":"default","site-sidebar-style":"default","ast-global-header-display":"","ast-banner-title-visibility":"","ast-main-header-display":"","ast-hfb-above-header-display":"","ast-hfb-below-header-display":"","ast-hfb-mobile-header-display":"","site-post-title":"","ast-breadcrumbs-content":"","ast-featured-img":"","footer-sml-layout":"","ast-disable-related-posts":"","theme-transparent-header-meta":"default","adv-header-id-meta":"","stick-header-meta":"default","header-above-stick-meta":"","header-main-stick-meta":"","header-below-stick-meta":"","astra-migrate-meta-layouts":"set","ast-page-background-enabled":"default","ast-page-background-meta":{"desktop":{"background-color":"","background-image":"","background-repeat":"repeat","background-position":"center center","background-size":"auto","background-attachment":"scroll","background-type":"","background-media":"","overlay-type":"","overlay-color":"","overlay-opacity":"","overlay-gradient":""},"tablet":{"background-color":"","background-image":"","background-repeat":"repeat","background-position":"center center","background-size":"auto","background-attachment":"scroll","background-type":"","background-media":"","overlay-type":"","overlay-color":"","overlay-opacity":"","overlay-gradient":""},"mobile":{"background-color":"","background-image":"","background-repeat":"repeat","background-position":"center center","background-size":"auto","background-attachment":"scroll","background-type":"","background-media":"","overlay-type":"","overlay-color":"","overlay-opacity":"","overlay-gradient":""}},"ast-content-background-meta":{"desktop":{"background-color":"var(--ast-global-color-5)","background-image":"","background-repeat":"repeat","background-position":"center center","background-size":"auto","background-attachment":"scroll","background-type":"","background-media":"","overlay-type":"","overlay-color":"","overlay-opacity":"","overlay-gradient":""},"tablet":{"background-color":"var(--ast-global-color-5)","background-image":"","background-repeat":"repeat","background-position":"center center","background-size":"auto","background-attachment":"scroll","background-type":"","background-media":"","overlay-type":"","overlay-color":"","overlay-opacity":"","overlay-gradient":""},"mobile":{"background-color":"var(--ast-global-color-5)","background-image":"","background-repeat":"repeat","background-position":"center center","background-size":"auto","background-attachment":"scroll","background-type":"","background-media":"","overlay-type":"","overlay-color":"","overlay-opacity":"","overlay-gradient":""}},"_glsr_average":0,"_glsr_ranking":0,"_glsr_reviews":0},"product_brand":[],"product_cat":[331,343,332,336,342,337,356,338],"product_tag":[],"class_list":{"0":"post-16787","1":"product","2":"type-product","3":"status-publish","4":"has-post-thumbnail","6":"product_cat-herboristeria","7":"product_cat-huesos-y-articulaciones","8":"product_cat-detox","9":"product_cat-sistema-digestivo","10":"product_cat-sistema-emocional","11":"product_cat-sistema-inmune","12":"product_cat-sistema-metabolico","13":"product_cat-sistema-respiratorio","14":"desktop-align-center","15":"tablet-align-center","16":"mobile-align-center","17":"ast-product-gallery-layout-horizontal","18":"ast-product-gallery-with-no-image","19":"ast-product-tabs-layout-horizontal","21":"first","22":"instock","23":"taxable","24":"shipping-taxable","25":"purchasable","26":"product-type-simple"},"_links":{"self":[{"href":"https:\/\/dioxvitae.es\/fr\/wp-json\/wp\/v2\/product\/16787","targetHints":{"allow":["GET"]}}],"collection":[{"href":"https:\/\/dioxvitae.es\/fr\/wp-json\/wp\/v2\/product"}],"about":[{"href":"https:\/\/dioxvitae.es\/fr\/wp-json\/wp\/v2\/types\/product"}],"replies":[{"embeddable":true,"href":"https:\/\/dioxvitae.es\/fr\/wp-json\/wp\/v2\/comments?post=16787"}],"version-history":[{"count":3,"href":"https:\/\/dioxvitae.es\/fr\/wp-json\/wp\/v2\/product\/16787\/revisions"}],"predecessor-version":[{"id":18610,"href":"https:\/\/dioxvitae.es\/fr\/wp-json\/wp\/v2\/product\/16787\/revisions\/18610"}],"wp:featuredmedia":[{"embeddable":true,"href":"https:\/\/dioxvitae.es\/fr\/wp-json\/wp\/v2\/media\/16825"}],"wp:attachment":[{"href":"https:\/\/dioxvitae.es\/fr\/wp-json\/wp\/v2\/media?parent=16787"}],"wp:term":[{"taxonomy":"product_brand","embeddable":true,"href":"https:\/\/dioxvitae.es\/fr\/wp-json\/wp\/v2\/product_brand?post=16787"},{"taxonomy":"product_cat","embeddable":true,"href":"https:\/\/dioxvitae.es\/fr\/wp-json\/wp\/v2\/product_cat?post=16787"},{"taxonomy":"product_tag","embeddable":true,"href":"https:\/\/dioxvitae.es\/fr\/wp-json\/wp\/v2\/product_tag?post=16787"}],"curies":[{"name":"wp","href":"https:\/\/api.w.org\/{rel}","templated":true}]}}