{"id":16763,"date":"2025-07-02T12:16:04","date_gmt":"2025-07-02T10:16:04","guid":{"rendered":"https:\/\/www.dioxvitae.es\/?post_type=product&#038;p=16763"},"modified":"2026-04-13T00:21:02","modified_gmt":"2026-04-12T22:21:02","slug":"terre-de-diatomee-1kg-la-droguerie-ecologique","status":"publish","type":"product","link":"https:\/\/dioxvitae.es\/fr\/tierra-de-diatomeas-1kg-la-droguerie-ecologique\/","title":{"rendered":"Terre de Diatom\u00e9e 1Kg La Droguerie Ecologique"},"content":{"rendered":"<div data-elementor-type=\"wp-post\" data-elementor-id=\"16763\" class=\"elementor elementor-16763\" data-elementor-post-type=\"product\">\n\t\t\t\t\t\t<section class=\"elementor-section elementor-top-section elementor-element elementor-element-7a2aeda0 elementor-section-boxed elementor-section-height-default elementor-section-height-default\" data-id=\"7a2aeda0\" data-element_type=\"section\" data-e-type=\"section\">\n\t\t\t\t\t\t<div class=\"elementor-container elementor-column-gap-default\">\n\t\t\t\t\t<div class=\"elementor-column elementor-col-100 elementor-top-column elementor-element elementor-element-1d1d19e1\" data-id=\"1d1d19e1\" data-element_type=\"column\" data-e-type=\"column\">\n\t\t\t<div class=\"elementor-widget-wrap elementor-element-populated\">\n\t\t\t\t\t\t<div class=\"elementor-element elementor-element-2239343c elementor-widget elementor-widget-text-editor\" data-id=\"2239343c\" data-element_type=\"widget\" data-e-type=\"widget\" data-widget_type=\"text-editor.default\">\n\t\t\t\t<div class=\"elementor-widget-container\">\n\t\t\t\t\t\t\t\t\t<div class=\"main-column\" role=\"tablist\"><div class=\"active\" role=\"tab\" data-role=\"collapsible\" data-collapsible=\"true\" aria-selected=\"false\" aria-expanded=\"true\"><div tabindex=\"0\" data-role=\"trigger\"><h2 class=\"attribute-title\">Qu'est-ce que la Terre de Diatom\u00e9e 1Kg La Droguerie Ecologique ?<\/h2><\/div><\/div><div class=\"value\" role=\"tabpanel\" data-role=\"content\" aria-hidden=\"false\"><p>La terre de diatom\u00e9e de La Droguerie Ecologique est une poudre min\u00e9rale naturelle compos\u00e9e de restes fossilis\u00e9s de diatom\u00e9es, micro-organismes marins \u00e0 squelette siliceux. R\u00e9put\u00e9 pour sa polyvalence, ce produit trouve des applications dans de nombreux domaines, de la lutte contre les parasites dans le jardin \u00e0 la d\u00e9sodorisation dans la maison. Son efficacit\u00e9 dans la lutte contre les insectes est combin\u00e9e \u00e0 la caract\u00e9ristique d'\u00eatre non toxique pour les humains et les animaux domestiques, ce qui en fait une option respectueuse de l'environnement. La texture fine et abrasive de la terre de diatom\u00e9e la rend \u00e9galement pr\u00e9cieuse pour la fabrication de produits de soins personnels et de produits m\u00e9nagers, car elle lui conf\u00e8re des propri\u00e9t\u00e9s exfoliantes et absorbantes. Gr\u00e2ce \u00e0 son origine naturelle et \u00e0 son large \u00e9ventail d'applications, la terre de diatom\u00e9e s'av\u00e8re \u00eatre un choix polyvalent et respectueux de l'environnement.<\/p><p><span style=\"font-size: 1.7em; font-weight: bold;\">Composition<\/span><\/p><div class=\"value\" role=\"tabpanel\" data-role=\"content\" aria-hidden=\"false\">Terre de diatom\u00e9e naturelle. Extraction, production et conditionnement en Europe occidentale \u00e0 partir de carri\u00e8res naturelles.<\/div><div class=\"value\" role=\"tabpanel\" data-role=\"content\" aria-hidden=\"false\"><span style=\"font-size: 1.7em; font-weight: bold;\">Comment l'utiliser pour lutter contre les parasites domestiques<\/span><\/div><div class=\"value\" role=\"tabpanel\" data-role=\"content\" aria-hidden=\"false\">Saupoudrez la poudre de terre de diatom\u00e9e dans les endroits o\u00f9 passent les insectes. Pour tuer les parasites chez les animaux domestiques : traitez les aires de repos de l'animal avec la poudre ou saupoudrez-la en petites quantit\u00e9s avant le brossage. En plus de lutter contre les parasites, la terre de diatom\u00e9e \u00e9limine les odeurs et absorbe efficacement l'humidit\u00e9.<\/div><\/div><p>\u00a0<\/p><\/div><div role=\"tabpanel\" data-role=\"content\" aria-hidden=\"false\"><p>\u00a0<\/p><\/div>\t\t\t\t\t\t\t\t<\/div>\n\t\t\t\t<\/div>\n\t\t\t\t\t<\/div>\n\t\t<\/div>\n\t\t\t\t\t<\/div>\n\t\t<\/section>\n\t\t\t\t<\/div>","protected":false},"excerpt":{"rendered":"<p>Terre de diatom\u00e9es 1 kg<\/p>","protected":false},"featured_media":16764,"comment_status":"closed","ping_status":"closed","template":"","meta":{"site-sidebar-layout":"default","site-content-layout":"","ast-site-content-layout":"default","site-content-style":"default","site-sidebar-style":"default","ast-global-header-display":"","ast-banner-title-visibility":"","ast-main-header-display":"","ast-hfb-above-header-display":"","ast-hfb-below-header-display":"","ast-hfb-mobile-header-display":"","site-post-title":"","ast-breadcrumbs-content":"","ast-featured-img":"","footer-sml-layout":"","ast-disable-related-posts":"","theme-transparent-header-meta":"default","adv-header-id-meta":"","stick-header-meta":"default","header-above-stick-meta":"","header-main-stick-meta":"","header-below-stick-meta":"","astra-migrate-meta-layouts":"set","ast-page-background-enabled":"default","ast-page-background-meta":{"desktop":{"background-color":"","background-image":"","background-repeat":"repeat","background-position":"center center","background-size":"auto","background-attachment":"scroll","background-type":"","background-media":"","overlay-type":"","overlay-color":"","overlay-opacity":"","overlay-gradient":""},"tablet":{"background-color":"","background-image":"","background-repeat":"repeat","background-position":"center center","background-size":"auto","background-attachment":"scroll","background-type":"","background-media":"","overlay-type":"","overlay-color":"","overlay-opacity":"","overlay-gradient":""},"mobile":{"background-color":"","background-image":"","background-repeat":"repeat","background-position":"center center","background-size":"auto","background-attachment":"scroll","background-type":"","background-media":"","overlay-type":"","overlay-color":"","overlay-opacity":"","overlay-gradient":""}},"ast-content-background-meta":{"desktop":{"background-color":"var(--ast-global-color-5)","background-image":"","background-repeat":"repeat","background-position":"center center","background-size":"auto","background-attachment":"scroll","background-type":"","background-media":"","overlay-type":"","overlay-color":"","overlay-opacity":"","overlay-gradient":""},"tablet":{"background-color":"var(--ast-global-color-5)","background-image":"","background-repeat":"repeat","background-position":"center center","background-size":"auto","background-attachment":"scroll","background-type":"","background-media":"","overlay-type":"","overlay-color":"","overlay-opacity":"","overlay-gradient":""},"mobile":{"background-color":"var(--ast-global-color-5)","background-image":"","background-repeat":"repeat","background-position":"center center","background-size":"auto","background-attachment":"scroll","background-type":"","background-media":"","overlay-type":"","overlay-color":"","overlay-opacity":"","overlay-gradient":""}},"_glsr_average":0,"_glsr_ranking":0,"_glsr_reviews":0},"product_brand":[],"product_cat":[121,331],"product_tag":[],"class_list":{"0":"post-16763","1":"product","2":"type-product","3":"status-publish","4":"has-post-thumbnail","6":"product_cat-otros-productos","7":"product_cat-herboristeria","8":"desktop-align-center","9":"tablet-align-center","10":"mobile-align-center","11":"ast-product-gallery-layout-horizontal","12":"ast-product-gallery-with-no-image","13":"ast-product-tabs-layout-horizontal","15":"first","16":"instock","17":"taxable","18":"shipping-taxable","19":"purchasable","20":"product-type-simple"},"_links":{"self":[{"href":"https:\/\/dioxvitae.es\/fr\/wp-json\/wp\/v2\/product\/16763","targetHints":{"allow":["GET"]}}],"collection":[{"href":"https:\/\/dioxvitae.es\/fr\/wp-json\/wp\/v2\/product"}],"about":[{"href":"https:\/\/dioxvitae.es\/fr\/wp-json\/wp\/v2\/types\/product"}],"replies":[{"embeddable":true,"href":"https:\/\/dioxvitae.es\/fr\/wp-json\/wp\/v2\/comments?post=16763"}],"version-history":[{"count":13,"href":"https:\/\/dioxvitae.es\/fr\/wp-json\/wp\/v2\/product\/16763\/revisions"}],"predecessor-version":[{"id":17571,"href":"https:\/\/dioxvitae.es\/fr\/wp-json\/wp\/v2\/product\/16763\/revisions\/17571"}],"wp:featuredmedia":[{"embeddable":true,"href":"https:\/\/dioxvitae.es\/fr\/wp-json\/wp\/v2\/media\/16764"}],"wp:attachment":[{"href":"https:\/\/dioxvitae.es\/fr\/wp-json\/wp\/v2\/media?parent=16763"}],"wp:term":[{"taxonomy":"product_brand","embeddable":true,"href":"https:\/\/dioxvitae.es\/fr\/wp-json\/wp\/v2\/product_brand?post=16763"},{"taxonomy":"product_cat","embeddable":true,"href":"https:\/\/dioxvitae.es\/fr\/wp-json\/wp\/v2\/product_cat?post=16763"},{"taxonomy":"product_tag","embeddable":true,"href":"https:\/\/dioxvitae.es\/fr\/wp-json\/wp\/v2\/product_tag?post=16763"}],"curies":[{"name":"wp","href":"https:\/\/api.w.org\/{rel}","templated":true}]}}